{"id":14422,"date":"2020-02-12T16:15:28","date_gmt":"2020-02-12T13:15:28","guid":{"rendered":"https:\/\/www.netbilisim-tr.com\/home-page\/"},"modified":"2025-09-07T15:30:39","modified_gmt":"2025-09-07T12:30:39","slug":"home-page","status":"publish","type":"page","link":"https:\/\/www.netbilisim-tr.com\/en\/","title":{"rendered":"Home page"},"content":{"rendered":"<div class=\"wpb-content-wrapper\"><p>[vc_row][vc_column offset=&#8221;vc_hidden-sm vc_hidden-xs&#8221;][stm_spacing lg_spacing=&#8221;95px&#8221; md_spacing=&#8221;95px&#8221; sm_spacing=&#8221;95px&#8221;][\/vc_column][\/vc_row][vc_row][vc_column offset=&#8221;vc_hidden-lg vc_hidden-md&#8221;][vc_empty_space height=&#8221;95px&#8221;][vc_empty_space height=&#8221;10px&#8221;][\/vc_column][\/vc_row][vc_row][vc_column offset=&#8221;vc_hidden-lg vc_hidden-md&#8221;][vc_btn title=&#8221;NET B\u0130L\u0130\u015e\u0130M STORE&#8221; color=&#8221;warning&#8221; size=&#8221;lg&#8221; align=&#8221;center&#8221; css_animation=&#8221;bounceInLeft&#8221; button_block=&#8221;true&#8221; link=&#8221;url:https%3A%2F%2Fwww.netstore.com.tr%2F|target:_blank|&#8221;][\/vc_column][\/vc_row][vc_row css=&#8221;.vc_custom_1667987564753{padding-bottom: 38px !important;background-color: #ffffff !important;}&#8221;][vc_column][vc_raw_html css=&#8221;&#8221;]JTNDJTIxLS0lMjAlM0QlM0QlM0QlM0QlM0QlM0QlMjBNQVJLQSUyMExPR09MQVJJJTIwJTNEJTNEJTNEJTNEJTNEJTNEJTIwLS0lM0UlMEQlMEElM0NzZWN0aW9uJTIwY2xhc3MlM0QlMjJicmFuZC1sb2dvcyUyMiUzRSUwRCUwQSUyMCUyMCUzQ2RpdiUyMGNsYXNzJTNEJTIybG9nb3MtY29udGFpbmVyJTIyJTNFJTBEJTBBJTIwJTIwJTIwJTIwJTNDYSUyMGNsYXNzJTNEJTIybG9nby1pdGVtJTIyJTIwaHJlZiUzRCUyMmh0dHBzJTNBJTJGJTJGd3d3Lm5ldGJpbGlzaW0tdHIuY29tJTJGbWFya2FsYXJpbWl6JTJGc2Ftc29uaXRlJTIyJTNFJTBEJTBBJTIwJTIwJTIwJTIwJTIwJTIwJTNDaW1nJTIwc3JjJTNEJTIyaHR0cHMlM0ElMkYlMkZ3d3cubmV0YmlsaXNpbS10ci5jb20lMkZ3cC1jb250ZW50JTJGdXBsb2FkcyUyRjIwMjAlMkYwMiUyRnNhbXNvbml0ZS5wbmclMjIlMjBhbHQlM0QlMjJTYW1zb25pdGUlMjIlM0UlMEQlMEElMjAlMjAlMjAlMjAlM0MlMkZhJTNFJTBEJTBBJTIwJTIwJTIwJTIwJTNDYSUyMGNsYXNzJTNEJTIybG9nby1pdGVtJTIyJTIwaHJlZiUzRCUyMmh0dHBzJTNBJTJGJTJGd3d3Lm5ldGJpbGlzaW0tdHIuY29tJTJGbWFya2FsYXJpbWl6JTJGbWFjayUyMiUzRSUwRCUwQSUyMCUyMCUyMCUyMCUyMCUyMCUzQ2ltZyUyMHNyYyUzRCUyMmh0dHBzJTNBJTJGJTJGd3d3Lm5ldGJpbGlzaW0tdHIuY29tJTJGd3AtY29udGVudCUyRnVwbG9hZHMlMkYyMDE5JTJGMDElMkZNYWNrLnBuZyUyMiUyMGFsdCUzRCUyMk1hY2slMjIlM0UlMEQlMEElMjAlMjAlMjAlMjAlM0MlMkZhJTNFJTBEJTBBJTIwJTIwJTIwJTIwJTNDYSUyMGNsYXNzJTNEJTIybG9nby1pdGVtJTIyJTIwaHJlZiUzRCUyMmh0dHBzJTNBJTJGJTJGd3d3Lm5ldGJpbGlzaW0tdHIuY29tJTJGbWFya2FsYXJpbWl6JTJGaW9uJTJGJTIyJTNFJTBEJTBBJTIwJTIwJTIwJTIwJTIwJTIwJTNDaW1nJTIwc3JjJTNEJTIyaHR0cHMlM0ElMkYlMkZ3d3cubmV0YmlsaXNpbS10ci5jb20lMkZ3cC1jb250ZW50JTJGdXBsb2FkcyUyRjIwMTklMkYwMiUyRklvbi5wbmclMjIlMjBhbHQlM0QlMjJJT04lMjIlM0UlMEQlMEElMjAlMjAlMjAlMjAlM0MlMkZhJTNFJTBEJTBBJTIwJTIwJTIwJTIwJTNDYSUyMGNsYXNzJTNEJTIybG9nby1pdGVtJTIyJTIwaHJlZiUzRCUyMmh0dHBzJTNBJTJGJTJGd3d3Lm5ldGJpbGlzaW0tdHIuY29tJTJGbWFya2FsYXJpbWl6JTJGY2Fub24lMjIlM0UlMEQlMEElMjAlMjAlMjAlMjAlMjAlMjAlM0NpbWclMjBzcmMlM0QlMjJodHRwcyUzQSUyRiUyRnd3dy5uZXRiaWxpc2ltLXRyLmNvbSUyRndwLWNvbnRlbnQlMkZ1cGxvYWRzJTJGMjAxOSUyRjAyJTJGQ2Fub24ucG5nJTIyJTIwYWx0JTNEJTIyQ2Fub24lMjIlM0UlMEQlMEElMjAlMjAlMjAlMjAlM0MlMkZhJTNFJTBEJTBBJTIwJTIwJTIwJTIwJTNDYSUyMGNsYXNzJTNEJTIybG9nby1pdGVtJTIyJTIwaHJlZiUzRCUyMmh0dHBzJTNBJTJGJTJGd3d3Lm5ldGJpbGlzaW0tdHIuY29tJTJGbWFya2FsYXJpbWl6JTJGdGV4YXMtaW5zJTJGJTIyJTNFJTBEJTBBJTIwJTIwJTIwJTIwJTIwJTIwJTNDaW1nJTIwc3JjJTNEJTIyaHR0cHMlM0ElMkYlMkZ3d3cubmV0YmlsaXNpbS10ci5jb20lMkZ3cC1jb250ZW50JTJGdXBsb2FkcyUyRjIwMjAlMkYwMiUyRnRleGFzLnBuZyUyMiUyMGFsdCUzRCUyMlRleGFzJTIwSW5zdHJ1bWVudHMlMjIlM0UlMEQlMEElMjAlMjAlMjAlMjAlM0MlMkZhJTNFJTBEJTBBJTIwJTIwJTNDJTJGZGl2JTNFJTBEJTBBJTNDJTJGc2VjdGlvbiUzRSUwRCUwQQ==[\/vc_raw_html][\/vc_column][\/vc_row][vc_row][vc_column][vc_custom_heading stripe_pos=&#8221;hide&#8221; text=&#8221;COMPANY NEWS&#8221; font_container=&#8221;tag:h3|text_align:center|color:%231c6876&#8243; use_theme_fonts=&#8221;yes&#8221; css=&#8221;.vc_custom_1657018774531{margin-bottom: 49px !important;}&#8221;][stm_news loop=&#8221;size:4|order_by:date|order:DESC|post_type:post|categories:112&#8243; posts_per_row=&#8221;4&#8243; img_size=&#8221;full&#8221;][\/vc_column][\/vc_row][vc_row full_width=&#8221;stretch_row&#8221; el_class=&#8221;third_bg_color&#8221; css=&#8221;.vc_custom_1540478431978{margin-top: 50px !important;margin-bottom: -60px !important;}&#8221;][vc_column][vc_cta h2=&#8221;\u201cNitelikli Elektronik ve Teknoloji\u201d&#8221; h2_font_container=&#8221;tag:h2|font_size:20px|text_align:left|color:%23000000|line_height:24px&#8221; h2_use_theme_fonts=&#8221;yes&#8221; shape=&#8221;square&#8221; style=&#8221;flat&#8221; color=&#8221;grey&#8221; add_button=&#8221;right&#8221; btn_title=&#8221;Product Catalogue&#8221; btn_style=&#8221;flat&#8221; btn_color=&#8221;theme_style_2&#8243; btn_align=&#8221;right&#8221; btn_i_align=&#8221;right&#8221; btn_i_icon_fontawesome=&#8221;fas fa-chevron-right&#8221; css=&#8221;.vc_custom_1665486120701{margin-bottom: 0px !important;}&#8221; use_custom_fonts_h2=&#8221;true&#8221; btn_button_block=&#8221;true&#8221; btn_add_icon=&#8221;true&#8221; el_class=&#8221;third_bg_color&#8221; btn_link=&#8221;url:https%3A%2F%2Fwww.netbilisim-tr.com%2Fwp-content%2Fuploads%2Fkatalog%2FNet-Bilisim-Dijital-Katalog.pdf|target:_blank|&#8221;][\/vc_cta][\/vc_column][\/vc_row]<\/p>\n<\/div>","protected":false},"excerpt":{"rendered":"<p>[vc_row][vc_column offset=&#8221;vc_hidden-sm vc_hidden-xs&#8221;][stm_spacing lg_spacing=&#8221;95px&#8221; md_spacing=&#8221;95px&#8221; sm_spacing=&#8221;95px&#8221;][\/vc_column][\/vc_row][vc_row][vc_column offset=&#8221;vc_hidden-lg vc_hidden-md&#8221;][vc_empty_space height=&#8221;95px&#8221;][vc_empty_space height=&#8221;10px&#8221;][\/vc_column][\/vc_row][vc_row][vc_column offset=&#8221;vc_hidden-lg vc_hidden-md&#8221;][vc_btn title=&#8221;NET B\u0130L\u0130\u015e\u0130M STORE&#8221; color=&#8221;warning&#8221; size=&#8221;lg&#8221; align=&#8221;center&#8221; css_animation=&#8221;bounceInLeft&#8221; button_block=&#8221;true&#8221; link=&#8221;url:https%3A%2F%2Fwww.netstore.com.tr%2F|target:_blank|&#8221;][\/vc_column][\/vc_row][vc_row css=&#8221;.vc_custom_1667987564753{padding-bottom: 38px !important;background-color: #ffffff !important;}&#8221;][vc_column][vc_raw_html css=&#8221;&#8221;]JTNDJTIxLS0lMjAlM0QlM0QlM0QlM0QlM0QlM0QlMjBNQVJLQSUyMExPR09MQVJJJTIwJTNEJTNEJTNEJTNEJTNEJTNEJTIwLS0lM0UlMEQlMEElM0NzZWN0aW9uJTIwY2xhc3MlM0QlMjJicmFuZC1sb2dvcyUyMiUzRSUwRCUwQSUyMCUyMCUzQ2RpdiUyMGNsYXNzJTNEJTIybG9nb3MtY29udGFpbmVyJTIyJTNFJTBEJTBBJTIwJTIwJTIwJTIwJTNDYSUyMGNsYXNzJTNEJTIybG9nby1pdGVtJTIyJTIwaHJlZiUzRCUyMmh0dHBzJTNBJTJGJTJGd3d3Lm5ldGJpbGlzaW0tdHIuY29tJTJGbWFya2FsYXJpbWl6JTJGc2Ftc29uaXRlJTIyJTNFJTBEJTBBJTIwJTIwJTIwJTIwJTIwJTIwJTNDaW1nJTIwc3JjJTNEJTIyaHR0cHMlM0ElMkYlMkZ3d3cubmV0YmlsaXNpbS10ci5jb20lMkZ3cC1jb250ZW50JTJGdXBsb2FkcyUyRjIwMjAlMkYwMiUyRnNhbXNvbml0ZS5wbmclMjIlMjBhbHQlM0QlMjJTYW1zb25pdGUlMjIlM0UlMEQlMEElMjAlMjAlMjAlMjAlM0MlMkZhJTNFJTBEJTBBJTIwJTIwJTIwJTIwJTNDYSUyMGNsYXNzJTNEJTIybG9nby1pdGVtJTIyJTIwaHJlZiUzRCUyMmh0dHBzJTNBJTJGJTJGd3d3Lm5ldGJpbGlzaW0tdHIuY29tJTJGbWFya2FsYXJpbWl6JTJGbWFjayUyMiUzRSUwRCUwQSUyMCUyMCUyMCUyMCUyMCUyMCUzQ2ltZyUyMHNyYyUzRCUyMmh0dHBzJTNBJTJGJTJGd3d3Lm5ldGJpbGlzaW0tdHIuY29tJTJGd3AtY29udGVudCUyRnVwbG9hZHMlMkYyMDE5JTJGMDElMkZNYWNrLnBuZyUyMiUyMGFsdCUzRCUyMk1hY2slMjIlM0UlMEQlMEElMjAlMjAlMjAlMjAlM0MlMkZhJTNFJTBEJTBBJTIwJTIwJTIwJTIwJTNDYSUyMGNsYXNzJTNEJTIybG9nby1pdGVtJTIyJTIwaHJlZiUzRCUyMmh0dHBzJTNBJTJGJTJGd3d3Lm5ldGJpbGlzaW0tdHIuY29tJTJGbWFya2FsYXJpbWl6JTJGaW9uJTJGJTIyJTNFJTBEJTBBJTIwJTIwJTIwJTIwJTIwJTIwJTNDaW1nJTIwc3JjJTNEJTIyaHR0cHMlM0ElMkYlMkZ3d3cubmV0YmlsaXNpbS10ci5jb20lMkZ3cC1jb250ZW50JTJGdXBsb2FkcyUyRjIwMTklMkYwMiUyRklvbi5wbmclMjIlMjBhbHQlM0QlMjJJT04lMjIlM0UlMEQlMEElMjAlMjAlMjAlMjAlM0MlMkZhJTNFJTBEJTBBJTIwJTIwJTIwJTIwJTNDYSUyMGNsYXNzJTNEJTIybG9nby1pdGVtJTIyJTIwaHJlZiUzRCUyMmh0dHBzJTNBJTJGJTJGd3d3Lm5ldGJpbGlzaW0tdHIuY29tJTJGbWFya2FsYXJpbWl6JTJGY2Fub24lMjIlM0UlMEQlMEElMjAlMjAlMjAlMjAlMjAlMjAlM0NpbWclMjBzcmMlM0QlMjJodHRwcyUzQSUyRiUyRnd3dy5uZXRiaWxpc2ltLXRyLmNvbSUyRndwLWNvbnRlbnQlMkZ1cGxvYWRzJTJGMjAxOSUyRjAyJTJGQ2Fub24ucG5nJTIyJTIwYWx0JTNEJTIyQ2Fub24lMjIlM0UlMEQlMEElMjAlMjAlMjAlMjAlM0MlMkZhJTNFJTBEJTBBJTIwJTIwJTIwJTIwJTNDYSUyMGNsYXNzJTNEJTIybG9nby1pdGVtJTIyJTIwaHJlZiUzRCUyMmh0dHBzJTNBJTJGJTJGd3d3Lm5ldGJpbGlzaW0tdHIuY29tJTJGbWFya2FsYXJpbWl6JTJGdGV4YXMtaW5zJTJGJTIyJTNFJTBEJTBBJTIwJTIwJTIwJTIwJTIwJTIwJTNDaW1nJTIwc3JjJTNEJTIyaHR0cHMlM0ElMkYlMkZ3d3cubmV0YmlsaXNpbS10ci5jb20lMkZ3cC1jb250ZW50JTJGdXBsb2FkcyUyRjIwMjAlMkYwMiUyRnRleGFzLnBuZyUyMiUyMGFsdCUzRCUyMlRleGFzJTIwSW5zdHJ1bWVudHMlMjIlM0UlMEQlMEElMjAlMjAlMjAlMjAlM0MlMkZhJTNFJTBEJTBBJTIwJTIwJTNDJTJGZGl2JTNFJTBEJTBBJTNDJTJGc2VjdGlvbiUzRSUwRCUwQQ==[\/vc_raw_html][\/vc_column][\/vc_row][vc_row][vc_column][vc_custom_heading stripe_pos=&#8221;hide&#8221; text=&#8221;COMPANY NEWS&#8221; font_container=&#8221;tag:h3|text_align:center|color:%231c6876&#8243; use_theme_fonts=&#8221;yes&#8221; css=&#8221;.vc_custom_1657018774531{margin-bottom: 49px !important;}&#8221;][stm_news loop=&#8221;size:4|order_by:date|order:DESC|post_type:post|categories:112&#8243; posts_per_row=&#8221;4&#8243; img_size=&#8221;full&#8221;][\/vc_column][\/vc_row][vc_row full_width=&#8221;stretch_row&#8221; el_class=&#8221;third_bg_color&#8221; css=&#8221;.vc_custom_1540478431978{margin-top: 50px !important;margin-bottom: -60px !important;}&#8221;][vc_column][vc_cta h2=&#8221;\u201cNitelikli Elektronik ve Teknoloji\u201d&#8221; h2_font_container=&#8221;tag:h2|font_size:20px|text_align:left|color:%23000000|line_height:24px&#8221; h2_use_theme_fonts=&#8221;yes&#8221; shape=&#8221;square&#8221; style=&#8221;flat&#8221; color=&#8221;grey&#8221; add_button=&#8221;right&#8221;<\/p>\n","protected":false},"author":2,"featured_media":0,"parent":0,"menu_order":0,"comment_status":"closed","ping_status":"closed","template":"","meta":{"footnotes":""},"class_list":["post-14422","page","type-page","status-publish","hentry"],"_links":{"self":[{"href":"https:\/\/www.netbilisim-tr.com\/en\/wp-json\/wp\/v2\/pages\/14422","targetHints":{"allow":["GET"]}}],"collection":[{"href":"https:\/\/www.netbilisim-tr.com\/en\/wp-json\/wp\/v2\/pages"}],"about":[{"href":"https:\/\/www.netbilisim-tr.com\/en\/wp-json\/wp\/v2\/types\/page"}],"author":[{"embeddable":true,"href":"https:\/\/www.netbilisim-tr.com\/en\/wp-json\/wp\/v2\/users\/2"}],"replies":[{"embeddable":true,"href":"https:\/\/www.netbilisim-tr.com\/en\/wp-json\/wp\/v2\/comments?post=14422"}],"version-history":[{"count":0,"href":"https:\/\/www.netbilisim-tr.com\/en\/wp-json\/wp\/v2\/pages\/14422\/revisions"}],"wp:attachment":[{"href":"https:\/\/www.netbilisim-tr.com\/en\/wp-json\/wp\/v2\/media?parent=14422"}],"curies":[{"name":"wp","href":"https:\/\/api.w.org\/{rel}","templated":true}]}}