{"id":14515,"date":"2020-02-12T16:45:50","date_gmt":"2020-02-12T13:45:50","guid":{"rendered":"https:\/\/www.netbilisim-tr.com\/support\/"},"modified":"2025-09-13T12:45:26","modified_gmt":"2025-09-13T09:45:26","slug":"support","status":"publish","type":"page","link":"https:\/\/www.netbilisim-tr.com\/en\/support\/","title":{"rendered":"Support"},"content":{"rendered":"<div class=\"wpb-content-wrapper\"><p>[vc_row][vc_column width=&#8221;1\/4&#8243;][stm_sidebar sidebar=&#8221;5146&#8243;][\/vc_column][vc_column width=&#8221;3\/4&#8243; css=&#8221;.vc_custom_1541801538518{margin-top: 15px !important;}&#8221;][vc_column_text css=&#8221;.vc_custom_1720676212251{padding-top: 15px !important;padding-bottom: 15px !important;}&#8221;]<\/p>\n<h3>Product Acceptance and Delivery Terms:<\/h3>\n<p>Product acceptance and delivery are carried out on weekdays between 08:00 &#8211; 17:00. The decision to accept or reject products will be finalized after inspection by our service. Products that have been completed and personally picked up are delivered against the &#8220;Fault Tracking Form.&#8221; Products must be delivered with the purchase invoice and warranty certificate.<\/p>\n<h3>For Defective Products Sent by Cargo:<\/h3>\n<p>After notifying the defective product through the contact form below or by emailing <a rel=\"noreferrer\">teknik@netbilisim-tr.com<\/a>, you can send it to us with the MNG cargo approval code that will be provided to you if deemed appropriate.<\/p>\n<h3>Our Technical Service Address:<\/h3>\n<p>Net Aksesuar Bili\u015fim \u00dcr\u00fcnleri \u0130\u00e7 ve D\u0131\u015f Tic. A\u015e.<br \/>Huzur Mahallesi Tomurcuk 1 Sokak No:5\/A Sar\u0131yer &#8211; Istanbul<br \/>MNG Cargo Agreement Code: 288 897 521<\/p>\n<p><a href=\"https:\/\/www.netbilisim-tr.com\/en\/technical-service-application-form\/\"><strong><span style=\"color: #000000;\">Click HERE<\/span><\/strong><\/a> for the Technical Service Application Form<\/p>\n<h3>User Errors That Will Void the Product Warranty:<\/h3>\n<p><\/p>\n<ul>\n<li>Inadequate packaging<\/li>\n<li>Cracks and breaks in the product<\/li>\n<li>Tampering with or missing screws on the product<\/li>\n<li>Dents, impacts, and scratches on any part of the product<\/li>\n<li>Damage occurring during unhealthy transportation<\/li>\n<li>Tampering with or replacing electronic parts<\/li>\n<li>Damage to any part of the product<\/li>\n<li>Changing or rendering the serial number unreadable<\/li>\n<li>Sticking non-removable labels or remnants of removed labels on the product<\/li>\n<li>Extreme heat, extreme cold, humidity, dust accumulation<\/li>\n<li>All faults arising from electrical networks<\/li>\n<li>Intervention by an unauthorized service<\/li>\n<\/ul>\n<p>In these cases, the product will be serviced outside of warranty coverage.[\/vc_column_text][\/vc_column][\/vc_row][vc_row full_width=&#8221;stretch_row&#8221; el_class=&#8221;third_bg_color&#8221; css=&#8221;.vc_custom_1543498040583{margin-top: 30px !important;margin-bottom: -60px !important;}&#8221;][vc_column][vc_cta h2=&#8221;\u201cNitelikli Elektronik ve Teknoloji\u201d&#8221; h2_font_container=&#8221;tag:h2|font_size:20px|text_align:left|color:%23000000|line_height:24px&#8221; h2_use_theme_fonts=&#8221;yes&#8221; shape=&#8221;square&#8221; style=&#8221;flat&#8221; add_button=&#8221;right&#8221; btn_title=&#8221;Product Catalogue&#8221; btn_style=&#8221;flat&#8221; btn_color=&#8221;theme_style_2&#8243; btn_align=&#8221;right&#8221; btn_i_align=&#8221;right&#8221; btn_i_icon_fontawesome=&#8221;fas fa-chevron-right&#8221; css=&#8221;.vc_custom_1665486070549{margin-bottom: 0px !important;}&#8221; particles=&#8221;yes&#8221; use_custom_fonts_h2=&#8221;true&#8221; btn_button_block=&#8221;true&#8221; btn_add_icon=&#8221;true&#8221; el_class=&#8221;third_bg_color&#8221; btn_link=&#8221;url:https%3A%2F%2Fwww.netbilisim-tr.com%2Fwp-content%2Fuploads%2Fkatalog%2FNet-Bilisim-Dijital-Katalog.pdf|target:_blank|&#8221;][\/vc_cta][\/vc_column][\/vc_row]<\/p>\n<\/div>","protected":false},"excerpt":{"rendered":"<p>[vc_row][vc_column width=&#8221;1\/4&#8243;][stm_sidebar sidebar=&#8221;5146&#8243;][\/vc_column][vc_column width=&#8221;3\/4&#8243; css=&#8221;.vc_custom_1541801538518{margin-top: 15px !important;}&#8221;][vc_column_text css=&#8221;.vc_custom_1720676212251{padding-top: 15px !important;padding-bottom: 15px !important;}&#8221;] Product Acceptance and Delivery Terms: Product acceptance and delivery are carried out on weekdays between 08:00 &#8211; 17:00. The decision to accept or reject products will be finalized after inspection by our service. Products that have been completed and personally picked up are<\/p>\n","protected":false},"author":2,"featured_media":0,"parent":0,"menu_order":0,"comment_status":"closed","ping_status":"closed","template":"","meta":{"footnotes":""},"class_list":["post-14515","page","type-page","status-publish","hentry"],"_links":{"self":[{"href":"https:\/\/www.netbilisim-tr.com\/en\/wp-json\/wp\/v2\/pages\/14515","targetHints":{"allow":["GET"]}}],"collection":[{"href":"https:\/\/www.netbilisim-tr.com\/en\/wp-json\/wp\/v2\/pages"}],"about":[{"href":"https:\/\/www.netbilisim-tr.com\/en\/wp-json\/wp\/v2\/types\/page"}],"author":[{"embeddable":true,"href":"https:\/\/www.netbilisim-tr.com\/en\/wp-json\/wp\/v2\/users\/2"}],"replies":[{"embeddable":true,"href":"https:\/\/www.netbilisim-tr.com\/en\/wp-json\/wp\/v2\/comments?post=14515"}],"version-history":[{"count":0,"href":"https:\/\/www.netbilisim-tr.com\/en\/wp-json\/wp\/v2\/pages\/14515\/revisions"}],"wp:attachment":[{"href":"https:\/\/www.netbilisim-tr.com\/en\/wp-json\/wp\/v2\/media?parent=14515"}],"curies":[{"name":"wp","href":"https:\/\/api.w.org\/{rel}","templated":true}]}}