{"id":14580,"date":"2020-02-13T10:25:42","date_gmt":"2020-02-13T07:25:42","guid":{"rendered":"https:\/\/www.netbilisim-tr.com\/support\/authorized-services\/"},"modified":"2025-09-06T23:36:02","modified_gmt":"2025-09-06T20:36:02","slug":"authorized-services","status":"publish","type":"page","link":"https:\/\/www.netbilisim-tr.com\/en\/support\/authorized-services\/","title":{"rendered":"Authorized Services"},"content":{"rendered":"<div class=\"wpb-content-wrapper\"><p>[vc_row][vc_column width=&#8221;1\/4&#8243;][stm_sidebar sidebar=&#8221;5146&#8243;][\/vc_column][vc_column width=&#8221;3\/4&#8243; css=&#8221;.vc_custom_1541801490061{margin-top: 15px !important;}&#8221;][vc_tta_accordion style=&#8221;modern&#8221; active_section=&#8221;&#8221; collapsible_all=&#8221;true&#8221;][vc_tta_section title=&#8221;Samson\u0131te&#8221; tab_id=&#8221;samsonite&#8221;][vc_column_text css=&#8221;.vc_custom_1739165300790{padding-top: 15px !important;padding-bottom: 15px !important;}&#8221;]You can report the defective product by filling out the contact form below or by sending an email to <a href=\"mailto:teknik@netbilisim-tr.com\">teknik@netbilisim-tr.com<\/a>. After the necessary inspections, you can send the product to our Authorized Service free of charge with the MNG Cargo approval code provided to you.<\/p>\n<p>Once the product reaches us, it will be registered and directed to the <strong><a href=\"https:\/\/www.netbilisim-tr.com\/en\/brands-en\/samsonite-en\/\">Samsonite<\/a><\/strong> company. Issues such as repair processes or return approvals will be evaluated and approved by Samsonite.<\/p>\n<p>**Technical Service Address:**<\/p>\n<p>Net Accessory Informatics Products Industry and Trade Inc.<br \/>Huzur Mahallesi Tomurcuk 1 Sokak No:5\/A Sar\u0131yer &#8211; Istanbul<br \/>MNG Cargo Agreement Code: 288 897 521<\/p>\n<p>To access the Technical Service Application Form, <a href=\"https:\/\/www.netbilisim-tr.com\/en\/technical-service-application-form\/\"><strong><span style=\"color: #000000;\">CLICK HERE<\/span><\/strong><\/a>.[\/vc_column_text][\/vc_tta_section][vc_tta_section title=&#8221;Ion Audio&#8221; tab_id=&#8221;ion&#8221;][vc_column_text css=&#8221;.vc_custom_1727849166530{padding-top: 15px !important;padding-bottom: 15px !important;}&#8221;]<strong><a href=\"https:\/\/www.netbilisim-tr.com\/en\/brands-en\/ion-en\/\">ION Audio<\/a><\/strong> brand products will now be serviced by DES Elektronik, whose contact information is provided below.<\/p>\n<p>We kindly ask you to pay attention to the following points for service procedures:<\/p>\n<p>Problematic products should be sent directly to DES Elektronik.<br \/>It is mandatory to include an approved warranty certificate and a photocopy of the invoice with the products.<br \/>Agreed Courier Company: ARAS KARGO<br \/>Courier Agreement Code: 221 865 455 1460<br \/>Fee: Pay-on-delivery (to be covered by DES Elektronik)<br \/>Des Elektronik Sanayi ve Ticaret A.\u015e.<\/p>\n<p>Tel: +90 212 274 89 64<br \/>Web: www.deselektronik.com.tr<br \/>Email: info@deselektronik.com.tr<br \/>Address: Halil R\u0131fat Pa\u015fa Mahallesi, Y\u00fczer Havuz Sokak, Perpa Trade Center B Block, Floor: 8, No: 996, \u015ei\u015fli\/Istanbul<\/p>\n<p>NOTE: Products sent to the Net Aksesuar Bili\u015fim warehouse or office will not be accepted.<\/p>\n<p>Please adhere to the above procedure to ensure the problem is resolved as quickly as possible.[\/vc_column_text][\/vc_tta_section][vc_tta_section title=&#8221;Texas Instruments&#8221; tab_id=&#8221;texas-instruments&#8221;][vc_column_text css=&#8221;.vc_custom_1727849775691{padding-top: 15px !important;padding-bottom: 15px !important;}&#8221;]You can report the faulty <a href=\"https:\/\/www.netbilisim-tr.com\/en\/brands-en\/texas-ins-en\/\"><strong>Texas Instruments<\/strong><\/a> product via the contact form below or by emailing teknik@netbilisim-tr.com. If deemed appropriate, you will be provided with an Mng Cargo approval code to send the product to us free of charge.<\/p>\n<p>Our Technical Service Address:<\/p>\n<p>Net Aksesuar Bili\u015fim \u00dcr\u00fcnleri Sanayi ve Ticaret Anonim \u015eirketi<br \/>Huzur Mahallesi Tomurcuk 1 Sokak No:5\/A Sar\u0131yer &#8211; Istanbul<br \/>Mng Cargo Agreement Code: 288 897 521<\/p>\n<p>For the Technical Service Application Form, please <a href=\"https:\/\/www.netbilisim-tr.com\/en\/technical-service-application-form\/\"><strong><span style=\"color: #000000;\">CLICK HERE<\/span><\/strong><\/a>.[\/vc_column_text][\/vc_tta_section][vc_tta_section title=&#8221;Canon&#8221; tab_id=&#8221;Canon&#8221;][vc_column_text css=&#8221;&#8221;]You can report the faulty <strong><a href=\"https:\/\/www.netbilisim-tr.com\/en\/brands-en\/canon-en\/\">Canon<\/a><\/strong> product via the contact form below or by emailing teknik@netbilisim-tr.com. If deemed appropriate, you will be provided with an Mng Cargo approval code to send the product to us free of charge.<\/p>\n<p>Our Technical Service Address:<\/p>\n<p>Net Aksesuar Bili\u015fim \u00dcr\u00fcnleri Sanayi ve Ticaret Anonim \u015eirketi<br \/>Huzur Mahallesi Tomurcuk 1 Sokak No:5\/A Sar\u0131yer &#8211; Istanbul<br \/>Mng Cargo Agreement Code: 288 897 521<\/p>\n<p>For the Technical Service Application Form, please <a href=\"https:\/\/www.netbilisim-tr.com\/en\/technical-service-application-form\/\"><strong><span style=\"color: #000000;\">CLICK HERE<\/span><\/strong><\/a>.[\/vc_column_text][\/vc_tta_section][vc_tta_section title=&#8221;Mack&#8221; tab_id=&#8221;mack&#8221;][vc_column_text css=&#8221;.vc_custom_1727849017737{padding-top: 15px !important;padding-bottom: 15px !important;}&#8221;]You can report the faulty <strong><a href=\"https:\/\/www.netbilisim-tr.com\/en\/brands-en\/mack-en\/\">Mack<\/a><\/strong> product via the contact form below or by emailing teknik@netbilisim-tr.com. If deemed appropriate, you will be provided with an MNG Cargo approval code to send the product to us free of charge.<\/p>\n<p>Our Technical Service Address:<\/p>\n<p>Net Aksesuar Bili\u015fim \u00dcr\u00fcnleri Sanayi ve Ticaret Anonim \u015eirketi<br \/>Huzur Mahallesi Tomurcuk 1 Sokak No:5\/A Sar\u0131yer &#8211; Istanbul<br \/>Mng Cargo Agreement Code: 288 897 521<\/p>\n<p>For the Technical Service Application Form, please <a href=\"https:\/\/www.netbilisim-tr.com\/en\/technical-service-application-form\/\"><strong><span style=\"color: #000000;\">CLICK HERE<\/span><\/strong><\/a>.[\/vc_column_text][\/vc_tta_section][\/vc_tta_accordion][\/vc_column][\/vc_row][vc_row full_width=&#8221;stretch_row&#8221; el_class=&#8221;third_bg_color&#8221; css=&#8221;.vc_custom_1543497959343{margin-top: 30px !important;margin-bottom: -60px !important;}&#8221;][vc_column][vc_cta h2=&#8221;\u201cNitelikli Elektronik ve Teknoloji\u201d&#8221; h2_font_container=&#8221;tag:h2|font_size:20px|text_align:left|color:%23000000|line_height:24px&#8221; h2_use_theme_fonts=&#8221;yes&#8221; shape=&#8221;square&#8221; style=&#8221;flat&#8221; add_button=&#8221;right&#8221; btn_title=&#8221;Product Catalog&#8221; btn_style=&#8221;flat&#8221; btn_color=&#8221;theme_style_2&#8243; btn_align=&#8221;right&#8221; btn_i_align=&#8221;right&#8221; btn_i_icon_fontawesome=&#8221;fas fa-chevron-right&#8221; css=&#8221;.vc_custom_1665485976168{margin-bottom: 0px !important;}&#8221; particles=&#8221;yes&#8221; use_custom_fonts_h2=&#8221;true&#8221; btn_button_block=&#8221;true&#8221; btn_add_icon=&#8221;true&#8221; el_class=&#8221;third_bg_color&#8221; btn_link=&#8221;url:https%3A%2F%2Fwww.netbilisim-tr.com%2Fwp-content%2Fuploads%2Fkatalog%2FNet-Bilisim-Dijital-Katalog.pdf|target:_blank|&#8221;][\/vc_cta][\/vc_column][\/vc_row]<\/p>\n<\/div>","protected":false},"excerpt":{"rendered":"<p>[vc_row][vc_column width=&#8221;1\/4&#8243;][stm_sidebar sidebar=&#8221;5146&#8243;][\/vc_column][vc_column width=&#8221;3\/4&#8243; css=&#8221;.vc_custom_1541801490061{margin-top: 15px !important;}&#8221;][vc_tta_accordion style=&#8221;modern&#8221; active_section=&#8221;&#8221; collapsible_all=&#8221;true&#8221;][vc_tta_section title=&#8221;Samson\u0131te&#8221; tab_id=&#8221;samsonite&#8221;][vc_column_text css=&#8221;.vc_custom_1739165300790{padding-top: 15px !important;padding-bottom: 15px !important;}&#8221;]You can report the defective product by filling out the contact form below or by sending an email to teknik@netbilisim-tr.com. After the necessary inspections, you can send the product to our Authorized Service free of charge with the MNG<\/p>\n","protected":false},"author":2,"featured_media":0,"parent":14515,"menu_order":0,"comment_status":"closed","ping_status":"closed","template":"","meta":{"footnotes":""},"class_list":["post-14580","page","type-page","status-publish","hentry"],"_links":{"self":[{"href":"https:\/\/www.netbilisim-tr.com\/en\/wp-json\/wp\/v2\/pages\/14580","targetHints":{"allow":["GET"]}}],"collection":[{"href":"https:\/\/www.netbilisim-tr.com\/en\/wp-json\/wp\/v2\/pages"}],"about":[{"href":"https:\/\/www.netbilisim-tr.com\/en\/wp-json\/wp\/v2\/types\/page"}],"author":[{"embeddable":true,"href":"https:\/\/www.netbilisim-tr.com\/en\/wp-json\/wp\/v2\/users\/2"}],"replies":[{"embeddable":true,"href":"https:\/\/www.netbilisim-tr.com\/en\/wp-json\/wp\/v2\/comments?post=14580"}],"version-history":[{"count":0,"href":"https:\/\/www.netbilisim-tr.com\/en\/wp-json\/wp\/v2\/pages\/14580\/revisions"}],"up":[{"embeddable":true,"href":"https:\/\/www.netbilisim-tr.com\/en\/wp-json\/wp\/v2\/pages\/14515"}],"wp:attachment":[{"href":"https:\/\/www.netbilisim-tr.com\/en\/wp-json\/wp\/v2\/media?parent=14580"}],"curies":[{"name":"wp","href":"https:\/\/api.w.org\/{rel}","templated":true}]}}