{"id":14865,"date":"2020-02-25T09:32:21","date_gmt":"2020-02-25T06:32:21","guid":{"rendered":"https:\/\/www.netbilisim-tr.com\/protection-of-personal-data-disclosure-statement\/"},"modified":"2025-09-06T23:10:43","modified_gmt":"2025-09-06T20:10:43","slug":"protection-of-personal-data-disclosure-statement","status":"publish","type":"page","link":"https:\/\/www.netbilisim-tr.com\/en\/protection-of-personal-data-disclosure-statement\/","title":{"rendered":"KVKK Information"},"content":{"rendered":"<div class=\"wpb-content-wrapper\"><p>[vc_row][vc_column width=&#8221;1\/4&#8243;][stm_sidebar sidebar=&#8221;18086&#8243;][\/vc_column][vc_column width=&#8221;3\/4&#8243; css=&#8221;.vc_custom_1649411658345{margin-top: 15px !important;}&#8221;][vc_column_text css=&#8221;&#8221;]<\/p>\n<h1 style=\"text-align: center;\"><span style=\"font-family: georgia, palatino, serif; font-size: 14pt;\"><strong>K\u0130\u015e\u0130SEL VER\u0130LER\u0130N \u0130\u015eLENMES\u0130NE \u0130L\u0130\u015eK\u0130N <\/strong><\/span><span style=\"font-family: georgia, palatino, serif; font-size: 14pt;\"><strong>KURUMSAL GENEL AYDINLATMA METN\u0130<\/strong><\/span><\/h1>\n<p><\/p>\n<p style=\"text-align: left;\"><span style=\"font-family: georgia; font-size: 12pt;\">Net Aksesuar Bili\u015fim \u00dcr\u00fcnleri San. ve Tic. A.\u015e. (\u201cNet Bili\u015fim\u201d) olarak; 6698 say\u0131l\u0131 Ki\u015fisel Verilerin Korunmas\u0131 Kanunu (\u201cKVKK\u201d) ve ilgili mevzuat ve yasal d\u00fczenlemelerden kaynaklanan faaliyetleri \u00e7er\u00e7evesinde ki\u015fisel verilerinizin i\u015flenmesi, saklanmas\u0131 ve aktar\u0131lmas\u0131na ili\u015fkin siz Ziyaret\u00e7ilerimizi, \u00c7evrimi\u00e7i Ziyaret\u00e7ilerimizi, M\u00fc\u015fterilerimizi, Potansiyel M\u00fc\u015fterilerimizi, Tedarik\u00e7i \u00c7al\u0131\u015fanlar\u0131m\u0131z\u0131, Tedarik\u00e7i Yetkililerimizi bilgilendirmek amac\u0131yla i\u015fbu ayd\u0131nlatma metnini haz\u0131rlad\u0131k.<\/span><\/p>\n<ol>\n<li>\n<h2><span style=\"font-family: georgia; font-size: 12pt;\"><strong>\u0130\u015fledi\u011fimiz Ki\u015fisel Veri Kategorileriniz Nelerdir ve Bunlar\u0131 Hangi Ama\u00e7larla \u0130\u015fliyoruz?<\/strong><\/span><\/h2>\n<\/li>\n<\/ol>\n<p><span style=\"font-family: georgia; font-size: 12pt;\">Ki\u015fisel bilgileriniz Net Bili\u015fim taraf\u0131ndan KVKK\u2019n\u0131n 4.2. maddesinde \u00f6ng\u00f6r\u00fclen;<\/span><\/p>\n<ul>\n<li><span style=\"font-family: georgia; font-size: 12pt;\">Hukuka ve d\u00fcr\u00fcstl\u00fck kurallar\u0131na uygun olma,<\/span><\/li>\n<li><span style=\"font-family: georgia; font-size: 12pt;\">Do\u011fru ve gerekti\u011finde g\u00fcncel olma,<\/span><\/li>\n<li><span style=\"font-family: georgia; font-size: 12pt;\">Belirli, a\u00e7\u0131k ve me\u015fru ama\u00e7lar i\u00e7in i\u015flenme,<\/span><\/li>\n<li><span style=\"font-family: georgia; font-size: 12pt;\">\u0130\u015flendikleri ama\u00e7la ba\u011flant\u0131l\u0131, s\u0131n\u0131rl\u0131 ve \u00f6l\u00e7\u00fcl\u00fc olma,<\/span><\/li>\n<li><span style=\"font-family: georgia; font-size: 12pt;\">\u0130lgili mevzuatta \u00f6ng\u00f6r\u00fclen veya i\u015flendikleri ama\u00e7 i\u00e7in gerekli olan s\u00fcre kadar muhafaza edilme,<\/span><\/li>\n<\/ul>\n<p><span style=\"font-family: georgia; font-size: 12pt;\">ilkelerine uygun olarak, i\u015f ortaklar\u0131m\u0131zla kurdu\u011fumuz ve devam eden i\u015f ili\u015fkilerimiz kapsam\u0131nda <em>(bir ki\u015finin birden \u00e7ok kategoriye girmesi m\u00fcmk\u00fcnd\u00fcr)<\/em> a\u015fa\u011f\u0131da belirtilen ama\u00e7lar do\u011frultusunda i\u015flenebilecektir.<\/span><\/p>\n<ol style=\"list-style-type: upper-alpha;\">\n<li style=\"text-align: justify;\">\n<h3><span style=\"font-family: georgia; font-size: 12pt;\"><strong>Ziyaret\u00e7ilerimiz<\/strong><\/span><\/h3>\n<\/li>\n<\/ol>\n<p><span style=\"font-family: georgia; font-size: 12pt;\">Ziyaret\u00e7ilerimizin <u>fiziksel mekan g\u00fcvenli\u011fi bilgileri<\/u> (<strong><em>\u00f6r.<\/em><\/strong><em> kamera kay\u0131tlar\u0131<\/em>)<strong>; <\/strong><\/span><\/p>\n<ol>\n<li><span style=\"font-family: georgia; font-size: 12pt;\">fiziksel mekan g\u00fcvenli\u011finin temini ama\u00e7lar\u0131 ile i\u015flenecektir.<\/span><\/li>\n<\/ol>\n<p><\/p>\n<ol style=\"list-style-type: upper-alpha;\" start=\"2\">\n<li style=\"text-align: justify;\">\n<h3><span style=\"font-size: 12pt; font-family: georgia;\"><strong>\u00c7evrimi\u00e7i Ziyaret\u00e7ilerimiz<\/strong><\/span><\/h3>\n<\/li>\n<\/ol>\n<p><span style=\"font-family: georgia; font-size: 12pt;\">Web sitemizi kullanan \u00e7evrimi\u00e7i ziyaret\u00e7ilerimizin <u>i\u015flem g\u00fcvenli\u011fi bilgileri<\/u> <em>(<\/em><strong><em>\u00f6r.<\/em><\/strong><em> IP adresi bilginiz),<\/em><u>pazarlama bilgileri<\/u> <em>(<strong>\u00f6r.<\/strong> al\u0131\u015fveri\u015f ge\u00e7mi\u015fi bilgileri, \u00e7erez kay\u0131tlar\u0131)<\/em> ve <em>(bizlere bunlar\u0131 bildirdi\u011finiz takdirde*)<\/em> <u>kimlik bilgileri<\/u>, <u>ileti\u015fim bilgileri<\/u> <em>(<\/em><strong><em>\u00f6r.<\/em><\/strong><em> e-posta adresiniz)<\/em><strong>;<\/strong><\/span><\/p>\n<ul>\n<li><span style=\"font-family: georgia; font-size: 12pt;\">Faaliyetlerin mevzuata uygun y\u00fcr\u00fct\u00fclmesi,<\/span><\/li>\n<li><span style=\"font-family: georgia; font-size: 12pt;\">Bilgi g\u00fcvenli\u011fi s\u00fcre\u00e7lerinin y\u00fcr\u00fct\u00fclmesi,<\/span><\/li>\n<li><span style=\"font-family: georgia; font-size: 12pt;\">Talep\/\u015fikayetlerin takibi,<\/span><\/li>\n<li><span style=\"font-family: georgia; font-size: 12pt;\">\u0130leti\u015fim faaliyetlerinin y\u00fcr\u00fct\u00fclmesi,<\/span><\/li>\n<li><span style=\"font-family: georgia; font-size: 12pt;\">Yetkili ki\u015fi, kurum ve kurulu\u015flara bilgi verilmesi,<\/span><\/li>\n<li><span style=\"font-family: georgia; font-size: 12pt;\">\u0130nternet arac\u0131l\u0131\u011f\u0131yla web sitemize eri\u015fiminizi sa\u011flayabilmek amac\u0131yla i\u015flenecektir.<\/span><\/li>\n<\/ul>\n<p><\/p>\n<h3><span style=\"font-family: georgia; font-size: 12pt;\"><strong>M\u00fc\u015fterilerimiz<\/strong><\/span><\/h3>\n<p><span style=\"font-family: georgia; font-size: 12pt;\">Ger\u00e7ek ki\u015fi m\u00fc\u015fterilerimizin veya t\u00fczel ki\u015fi m\u00fc\u015fterilerimizin yetkililerinin ve\/veya \u00e7al\u0131\u015fanlar\u0131n\u0131n <u>kimlik bilgileri<\/u>, <u>ileti\u015fim bilgileri<\/u>, <u>m\u00fc\u015fteri i\u015flemi bilgileri<\/u> <em>(<strong>\u00f6r.<\/strong> sipari\u015f bilgisi)<\/em>, <u>fiziksel mekan g\u00fcvenli\u011fi bilgileri<\/u>, <u>hukuki i\u015flem bilgileri<\/u>, <u>pazarlama bilgileri<\/u> <em>(<strong>\u00f6r.<\/strong> al\u0131\u015fveri\u015f ge\u00e7mi\u015fi bilgileri)<\/em><strong>; <\/strong><\/span><\/p>\n<ul>\n<li><span style=\"font-family: georgia; font-size: 12pt;\">Faaliyetlerin mevzuata uygun y\u00fcr\u00fct\u00fclmesi,<\/span><\/li>\n<li><span style=\"font-family: georgia; font-size: 12pt;\">Finans ve muhasebe i\u015flerinin y\u00fcr\u00fct\u00fclmesi,<\/span><\/li>\n<li><span style=\"font-family: georgia; font-size: 12pt;\">\u0130\u015f faaliyetlerinin y\u00fcr\u00fct\u00fclmesi\/denetimi,<\/span><\/li>\n<li><span style=\"font-family: georgia; font-size: 12pt;\">Lojistik faaliyetlerinin y\u00fcr\u00fct\u00fclmesi,<\/span><\/li>\n<li><span style=\"font-family: georgia; font-size: 12pt;\">Mal\/hizmet sat\u0131\u015f sonras\u0131 destek hizmetlerinin y\u00fcr\u00fct\u00fclmesi,<\/span><\/li>\n<li><span style=\"font-family: georgia; font-size: 12pt;\">Mal\/hizmet sat\u0131\u015f s\u00fcre\u00e7lerinin y\u00fcr\u00fct\u00fclmesi,<\/span><\/li>\n<li><span style=\"font-family: georgia; font-size: 12pt;\">Pazarlama analiz \u00e7al\u0131\u015fmalar\u0131n\u0131n y\u00fcr\u00fct\u00fclmesi,<\/span><\/li>\n<li><span style=\"font-family: georgia; font-size: 12pt;\">S\u00f6zle\u015fme s\u00fcre\u00e7lerinin y\u00fcr\u00fct\u00fclmesi,<\/span><\/li>\n<li><span style=\"font-family: georgia; font-size: 12pt;\">Yetkili ki\u015fi, kurum ve kurulu\u015flara bilgi verilmesi,<\/span><\/li>\n<li><span style=\"font-family: georgia; font-size: 12pt;\">Fiziksel mekan g\u00fcvenli\u011finin temini,<\/span><\/li>\n<li><span style=\"font-family: georgia; font-size: 12pt;\">Hukuki uyu\u015fmazl\u0131klar\u0131n giderilmesi,<\/span><\/li>\n<li><span style=\"font-family: georgia; font-size: 12pt;\">Saklama ve ar\u015fiv faaliyetlerinin y\u00fcr\u00fct\u00fclmesi,<\/span><\/li>\n<li><span style=\"font-family: georgia; font-size: 12pt;\">Reklam\/kampanya\/promosyon s\u00fcre\u00e7lerinin y\u00fcr\u00fct\u00fclmesi, ticari elektronik ileti g\u00f6nderebilmesi,<\/span><\/li>\n<li><span style=\"font-family: georgia; font-size: 12pt;\">Firma\/\u00fcr\u00fcn\/hizmetlere ba\u011fl\u0131l\u0131k s\u00fcre\u00e7lerinin y\u00fcr\u00fct\u00fclmesi,<\/span><\/li>\n<li><span style=\"font-family: georgia; font-size: 12pt;\">\u0130leti\u015fim faaliyetlerinin y\u00fcr\u00fct\u00fclmesi ama\u00e7lar\u0131 ile i\u015flenecektir.<\/span><\/li>\n<\/ul>\n<p><\/p>\n<h3><span style=\"font-family: georgia; font-size: 12pt;\"><strong>Potansiyel M\u00fc\u015fterilerimiz <\/strong><\/span><\/h3>\n<p><span style=\"font-family: georgia; font-size: 12pt;\">Ger\u00e7ek ki\u015fi m\u00fc\u015fterilerimizin veya t\u00fczel ki\u015fi m\u00fc\u015fterilerimizin yetkililerinin ve\/veya \u00e7al\u0131\u015fanlar\u0131n\u0131n <u>kimlik bilgileri<\/u>, <u>ileti\u015fim bilgileri<\/u>, <u>m\u00fc\u015fteri i\u015flemi bilgileri<\/u>, <u>fiziksel mekan g\u00fcvenli\u011fi bilgileri<\/u><strong>, <\/strong><u>pazarlama bilgileri<\/u><strong>;<\/strong><\/span><\/p>\n<ul>\n<li><span style=\"font-family: georgia; font-size: 12pt;\">Mal\/hizmet sat\u0131\u015f s\u00fcre\u00e7lerinin y\u00f6netilmesi,<\/span><\/li>\n<li><span style=\"font-family: georgia; font-size: 12pt;\">S\u00f6zle\u015fme s\u00fcre\u00e7lerinin y\u00fcr\u00fct\u00fclmesi,<\/span><\/li>\n<li><span style=\"font-family: georgia; font-size: 12pt;\">Fiziksel mekan g\u00fcvenli\u011finin temini,<\/span><\/li>\n<li><span style=\"font-family: georgia; font-size: 12pt;\">Reklam\/kampanya\/promosyon s\u00fcre\u00e7lerinin y\u00fcr\u00fct\u00fclmesi, ticari elektronik ileti g\u00f6nderebilmesi,<\/span><\/li>\n<li><span style=\"font-family: georgia; font-size: 12pt;\">Pazarlama analiz \u00e7al\u0131\u015fmalar\u0131n\u0131n y\u00fcr\u00fct\u00fclmesi ama\u00e7lar\u0131 ile i\u015flenecektir<\/span><\/li>\n<\/ul>\n<p><\/p>\n<h3><span style=\"font-family: georgia; font-size: 12pt;\"><strong>Tedarik\u00e7i \u00c7al\u0131\u015fan\u0131m\u0131z<\/strong><\/span><\/h3>\n<p><span style=\"font-family: georgia; font-size: 12pt;\">Tedarik\u00e7i \u00e7al\u0131\u015fan\u0131m\u0131z\u0131n <u>kimlik bilgileri<\/u>, <u>ileti\u015fim bilgileri<\/u>, <u>fiziksel mekan g\u00fcvenli\u011fi bilgileri;<\/u><\/span><\/p>\n<ul>\n<li><span style=\"font-family: georgia; font-size: 12pt;\">\u0130leti\u015fim faaliyetlerinin y\u00fcr\u00fct\u00fclmesi,<\/span><\/li>\n<li><span style=\"font-family: georgia; font-size: 12pt;\">\u0130\u015f faaliyetlerinin y\u00fcr\u00fct\u00fclmesi\/denetimi,<\/span><\/li>\n<li><span style=\"font-family: georgia; font-size: 12pt;\">Fiziksel mekan g\u00fcvenli\u011finin temini,<\/span><\/li>\n<li><span style=\"font-family: georgia; font-size: 12pt;\">Tedarik zinciri y\u00f6netimi s\u00fcre\u00e7lerinin y\u00fcr\u00fct\u00fclmesi,<\/span><\/li>\n<li><span style=\"font-family: georgia; font-size: 12pt;\">Lojistik faaliyetlerinin y\u00fcr\u00fct\u00fclmesi,<\/span><\/li>\n<li><span style=\"font-family: georgia; font-size: 12pt;\">Faaliyetlerin mevzuata uygun y\u00fcr\u00fct\u00fclmesi,<\/span><\/li>\n<li><span style=\"font-family: georgia; font-size: 12pt;\">\u0130\u015f sa\u011fl\u0131\u011f\u0131\/g\u00fcvenli\u011fi faaliyetlerinin y\u00fcr\u00fct\u00fclmesi ama\u00e7lar\u0131 ile i\u015flenecektir.<\/span><\/li>\n<\/ul>\n<p><\/p>\n<h3><span style=\"font-family: georgia; font-size: 12pt;\"><strong>Tedarik\u00e7i Yetkilimiz <\/strong><\/span><\/h3>\n<p><span style=\"font-family: georgia; font-size: 12pt;\">Ger\u00e7ek ki\u015fi tedarik\u00e7ilerimizin veya t\u00fczel ki\u015fi tedarik\u00e7i yetkililerimizin <u>kimlik bilgileri<\/u>, <u>ileti\u015fim bilgileri<\/u>, <u>fiziksel mekan g\u00fcvenli\u011fi bilgileri<\/u>, <u>m\u00fc\u015fteri i\u015flemi bilgileri<\/u>, <u>pazarlama bilgileri, hukuki i\u015flem bilgileri<strong>;<\/strong><\/u><\/span><\/p>\n<ul>\n<li><span style=\"font-family: georgia; font-size: 12pt;\">\u0130\u015f faaliyetlerinin y\u00fcr\u00fct\u00fclmesi\/denetimi,<\/span><\/li>\n<li><span style=\"font-family: georgia; font-size: 12pt;\">Mal\/hizmet sat\u0131n al\u0131m s\u00fcre\u00e7lerinin y\u00fcr\u00fct\u00fclmesi,<\/span><\/li>\n<li><span style=\"font-family: georgia; font-size: 12pt;\">Finans ve muhasebe i\u015flerinin y\u00fcr\u00fct\u00fclmesi,<\/span><\/li>\n<li><span style=\"font-family: georgia; font-size: 12pt;\">S\u00f6zle\u015fme s\u00fcre\u00e7lerinin y\u00fcr\u00fct\u00fclmesi,<\/span><\/li>\n<li><span style=\"font-family: georgia; font-size: 12pt;\">Yat\u0131r\u0131m s\u00fcre\u00e7lerinin y\u00fcr\u00fct\u00fclmesi,<\/span><\/li>\n<li><span style=\"font-family: georgia; font-size: 12pt;\">Fiziksel mekan g\u00fcvenli\u011finin temini,<\/span><\/li>\n<li><span style=\"font-family: georgia; font-size: 12pt;\">Hukuk i\u015flerinin takibi ve y\u00fcr\u00fct\u00fclmesi ama\u00e7lar\u0131 ile i\u015flenecektir.<\/span><\/li>\n<\/ul>\n<p><\/p>\n<h3><span style=\"font-family: georgia; font-size: 12pt;\"><strong>Ki\u015fisel Verilerinizin Toplanma Y\u00f6ntemleri Nelerdir?<\/strong><\/span><\/h3>\n<p><span style=\"font-family: georgia; font-size: 12pt;\">Yukar\u0131da kategoriler halinde belirtilen ki\u015fisel verileriniz; sipari\u015f formlar\u0131, s\u00f6zle\u015fmeler, ziyaret\u00e7i formlar\u0131 gibi fiziki yollarla veya bilgi sistemleri ve elektronik cihazlar <em>(\u00f6r. telekom\u00fcnikasyon altyap\u0131s\u0131, bilgisayar ve telefonlar)<\/em>, \u00fc\u00e7\u00fcnc\u00fc taraflar <em>(\u00f6r. KKB ve Findeks)<\/em>, web sitemiz ve ilgili ki\u015fi taraf\u0131ndan beyan edilen di\u011fer belgeler vas\u0131tas\u0131yla otomatik olan veya otomatik olmayan yollarla toplanmaktad\u0131r.<\/span><\/p>\n<h3><span style=\"font-family: georgia; font-size: 12pt;\"><strong>Ki\u015fisel Verilerinizin Toplanmas\u0131n\u0131n Hukuki Sebebi Nedir?<\/strong><\/span><\/h3>\n<p><span style=\"font-family: georgia; font-size: 12pt;\">Ki\u015fisel verileriniz, Net Bili\u015fim taraf\u0131ndan; yukar\u0131da a\u00e7\u0131klanan ama\u00e7lar\u0131n ger\u00e7ekle\u015ftirilmesi do\u011frultusunda KVKK\u2019n\u0131n 5. maddesinde belirtilmi\u015f olan;<\/span><\/p>\n<ul>\n<li><span style=\"font-family: georgia; font-size: 12pt;\">Kanunlarda a\u00e7\u0131k\u00e7a \u00f6ng\u00f6r\u00fclmesi,<\/span><\/li>\n<li><span style=\"font-family: georgia; font-size: 12pt;\">Bir s\u00f6zle\u015fmenin kurulmas\u0131 veya ifas\u0131yla do\u011frudan do\u011fruya ilgili olmas\u0131 kayd\u0131yla; s\u00f6zle\u015fmenin taraflar\u0131na ait ki\u015fisel verilerin i\u015flenmesinin gerekli olmas\u0131,<\/span><\/li>\n<li><span style=\"font-family: georgia; font-size: 12pt;\">Veri sorumlusunun hukuki y\u00fck\u00fcml\u00fcl\u00fc\u011f\u00fcn\u00fc yerine getirebilmesi i\u00e7in zorunlu olmas\u0131,<\/span><\/li>\n<li><span style=\"font-family: georgia; font-size: 12pt;\">Bir hakk\u0131n tesisi, kullan\u0131lmas\u0131 veya korunmas\u0131 i\u00e7in veri i\u015flemenin zorunlu olmas\u0131,<\/span><\/li>\n<li><span style=\"font-family: georgia; font-size: 12pt;\">\u0130lgili ki\u015finin temel hak ve \u00f6zg\u00fcrl\u00fcklerine zarar vermemek kayd\u0131yla, veri sorumlusunun me\u015fru menfaatleri i\u00e7in veri i\u015flenmesinin zorunlu olmas\u0131 hukuki sebeplerine dayan\u0131larak i\u015flenmektedir.<\/span><\/li>\n<li><span style=\"font-family: georgia; font-size: 12pt;\">M\u00fc\u015fterilerimizin ve Potansiyel M\u00fc\u015fterilerimizin Kimlik ve ileti\u015fim verileri, <strong><u>a\u00e7\u0131k r\u0131zalar\u0131na dayan\u0131lanarak<\/u><\/strong> reklam, kampanya, tan\u0131t\u0131m yap\u0131lmas\u0131 ve ticari elektronik ileti g\u00f6nderilebilmesi ama\u00e7lar\u0131yla i\u015flenecektir.<\/span><\/li>\n<\/ul>\n<p><\/p>\n<h3><span style=\"font-family: georgia; font-size: 12pt;\"><strong>Ki\u015fisel Verilerinizi \u00dc\u00e7\u00fcnc\u00fc Bir Ki\u015fiye Aktar\u0131yor muyuz?<\/strong><\/span><\/h3>\n<p><span style=\"font-family: georgia; font-size: 12pt;\"><strong>a) Ziyaret\u00e7ilerimize ait ki\u015fisel veriler, <\/strong>hukuki uyu\u015fmazl\u0131klar\u0131n giderilmesi amac\u0131yla ve ilgili mevzuat gere\u011fi talep edilmesi halinde kolluk kuvvetleri ve adli makamlarla payla\u015f\u0131labilecektir.<\/span><\/p>\n<p><span style=\"font-family: georgia; font-size: 12pt;\"><strong>b) \u00c7evrimi\u00e7i ziyaret\u00e7ilerimize ait ki\u015fisel veriler, <\/strong>hukuki uyu\u015fmazl\u0131klar\u0131n giderilmesi amac\u0131yla ve ilgili mevzuat gere\u011fi talep edilmesi halinde adli makamlar ve yetkili kamu kurum ve kurulu\u015flar\u0131 ile payla\u015f\u0131labilecektir.<\/span><\/p>\n<p><span style=\"font-family: georgia; font-size: 12pt;\"><strong>c) M\u00fc\u015fterilerimize ait ki\u015fisel veriler, <\/strong>yasal d\u00fczenlemelerin \u00f6ng\u00f6rd\u00fc\u011f\u00fc kapsamda, faaliyetlerin mevzuata uygun y\u00fcr\u00fct\u00fclmesi, hukuk i\u015flerinin takibi ve y\u00fcr\u00fct\u00fclmesi, yetkili ki\u015fi, kurum ve kurulu\u015flara bilgi verilmesi amac\u0131yla yetkili kamu kurum ve kurulu\u015flar\u0131na; i\u015f faaliyetlerinin y\u00fcr\u00fct\u00fclmesi\/denetimi, risk y\u00f6netimi s\u00fcre\u00e7lerinin y\u00fcr\u00fct\u00fclmesi, hizmetlerimizin gere\u011fi gibi ifa edilebilmesi amac\u0131yla gerekli oldu\u011fu \u00f6l\u00e7\u00fcde topluluk \u015firketlerimize, bili\u015fim \u015firketine, tedarik\u00e7ilere, kargo \u015firketlerine, sigorta \u015firketlerine, bankalara ve mali m\u00fc\u015favirimize aktar\u0131lmaktad\u0131r. Ayr\u0131ca s\u00f6z konusu ki\u015fisel veriler, ileride \u00e7\u0131kabilecek hukuki uyu\u015fmazl\u0131klarda delil olarak kullan\u0131labilmesi amac\u0131yla hizmet ald\u0131\u011f\u0131m\u0131z hukuk b\u00fcrosuna ve adli makamlara aktar\u0131labilecektir.<\/span><\/p>\n<p><span style=\"font-family: georgia; font-size: 12pt;\"><strong>d) Potansiyel m\u00fc\u015fterilerimize ait ki\u015fisel veriler, <\/strong>ileride \u00e7\u0131kabilecek hukuki uyu\u015fmazl\u0131klarda delil olarak kullan\u0131labilmesi amac\u0131yla hizmet ald\u0131\u011f\u0131m\u0131z hukuk b\u00fcrosuna ve adli makamlara aktar\u0131labilecektir.<\/span><\/p>\n<p><span style=\"font-family: georgia; font-size: 12pt;\"><strong>e) Tedarik\u00e7i \u00e7al\u0131\u015fan\u0131m\u0131za ait ki\u015fisel veriler, <\/strong>yasal d\u00fczenlemenin \u00f6ng\u00f6rd\u00fc\u011f\u00fc kapsamda, faaliyetlerin mevzuata uygun y\u00fcr\u00fct\u00fclmesi, hukuk i\u015flerinin takibi ve y\u00fcr\u00fct\u00fclmesi, yetkili ki\u015fi, kurum ve kurulu\u015flara bilgi verilmesi, i\u015f faaliyetlerinin y\u00fcr\u00fct\u00fclmesi\/denetimi ama\u00e7lar\u0131yla yetkili kamu kurum ve kurulu\u015flar\u0131na; hizmetin gere\u011fi gibi ifa edilebilmesi amac\u0131yla gerekli oldu\u011fu \u00f6l\u00e7\u00fcde topluluk \u015firketlerine, bili\u015fim \u015firketine, tedarik\u00e7ilere, kargo \u015firketlerine, bankalara ve mali m\u00fc\u015favirimize aktar\u0131lmaktad\u0131r. Ayr\u0131ca s\u00f6z konusu ki\u015fisel veriler, ileride \u00e7\u0131kabilecek hukuki uyu\u015fmazl\u0131klarda delil olarak kullan\u0131labilmesi amac\u0131yla hizmet ald\u0131\u011f\u0131m\u0131z hukuk b\u00fcrosuna ve adli makamlara aktar\u0131labilecektir.<\/span><\/p>\n<p>&nbsp;<\/p>\n<p><span style=\"font-family: georgia; font-size: 12pt;\"><strong>Tedarik\u00e7i yetkilimize ait ki\u015fisel veriler, <\/strong>yasal d\u00fczenlemelerin \u00f6ng\u00f6rd\u00fc\u011f\u00fc kapsamda, faaliyetlerin mevzuata uygun y\u00fcr\u00fct\u00fclmesi, hukuk i\u015flerinin takibi ve y\u00fcr\u00fct\u00fclmesi, yetkili ki\u015fi, kurum ve kurulu\u015flara bilgi verilmesi, i\u015f faaliyetlerinin y\u00fcr\u00fct\u00fclmesi\/denetimi amac\u0131yla yetkili kamu kurum ve kurulu\u015flar\u0131na; hizmetin gere\u011fi gibi ifa edilebilmesi amac\u0131yla gerekli oldu\u011fu \u00f6l\u00e7\u00fcde topluluk \u015firketlerine, bili\u015fim \u015firketine, tedarik\u00e7ilere, kargo \u015firketlerine, bankalara ve mali m\u00fc\u015favirimize aktar\u0131lmaktad\u0131r. Ayr\u0131ca s\u00f6z konusu ki\u015fisel veriler, ileride \u00e7\u0131kabilecek hukuki uyu\u015fmazl\u0131klarda delil olarak kullan\u0131labilmesi amac\u0131yla hizmet ald\u0131\u011f\u0131m\u0131z hukuk b\u00fcrosuna ve adli makamlara aktar\u0131labilecektir.<\/span><\/p>\n<p><span style=\"font-family: georgia; font-size: 12pt;\"><strong>Ki\u015fisel Verilerinizi Yurt D\u0131\u015f\u0131na Aktar\u0131yor Muyuz?<\/strong><\/span><\/p>\n<p><span style=\"font-family: georgia; font-size: 12pt;\">Net Bili\u015fim olarak, ki\u015fisel verilerinizi yurt d\u0131\u015f\u0131na aktarmamaktay\u0131z.<\/span><\/p>\n<p><span style=\"font-family: georgia; font-size: 12pt;\"><strong>Ki\u015fisel Verileriniz ile \u0130lgili Haklar\u0131n\u0131z\u0131 Nas\u0131l Kullanabilirsiniz?<\/strong><\/span><\/p>\n<p><span style=\"font-family: georgia; font-size: 12pt;\">KVKK\u2019n\u0131n ilgili ki\u015filerin haklar\u0131n\u0131 d\u00fczenleyen 11. maddesi kapsam\u0131ndaki taleplerinizi Net Bili\u015fim\u2019e ait \u201cwww.netbilisim-tr.com\u201d adresinde yer alan \u201cVeri Sorumlusuna Ba\u015fvuru Usul ve Esaslar\u0131 Hakk\u0131nda Tebli\u011f\u201d uyar\u0131nca sizlere kolayl\u0131k sa\u011flamas\u0131 ad\u0131na haz\u0131rlanan \u201c<a href=\"\/kvkk\/Veri-Sorumlusuna-Basvuru-Formu.pdf\"><strong>Veri Sorumlusuna Ba\u015fvuru Formu<\/strong><\/a>\u201d arac\u0131l\u0131\u011f\u0131yla bizlere iletebilirsiniz.<\/span><\/p>\n<p><span style=\"font-family: georgia; font-size: 12pt;\"><strong>Veri Sorumlusu: <\/strong>Net Aksesuar Bili\u015fim \u00dcr\u00fcnleri San. Ve Tic. A.\u015e.<\/span><\/p>\n<p><span style=\"font-family: georgia; font-size: 12pt;\"><strong>Adres:<\/strong> Sultan Selim Mah. Turan Sokak No:21\/3 Pk:34415 Ka\u011f\u0131thane \/ \u0130stanbul<\/span><\/p>\n<p><span style=\"font-family: georgia; font-size: 12pt;\"><strong>Mail:<\/strong> <a href=\"mailto:info@netbilisim-tr.com\">info@netbilisim-tr.com<\/a><\/span>[\/vc_column_text][\/vc_column][\/vc_row][vc_row full_width=&#8221;stretch_row&#8221; el_class=&#8221;third_bg_color&#8221; css=&#8221;.vc_custom_1543498040583{margin-top: 30px !important;margin-bottom: -60px !important;}&#8221;][vc_column][vc_cta h2=&#8221;\u201cNitelikli Elektronik ve Teknoloji\u201d&#8221; h2_font_container=&#8221;tag:h2|font_size:20px|text_align:left|color:%23000000|line_height:24px&#8221; h2_use_theme_fonts=&#8221;yes&#8221; shape=&#8221;square&#8221; style=&#8221;flat&#8221; add_button=&#8221;right&#8221; btn_title=&#8221;Product Catalogue&#8221; btn_style=&#8221;flat&#8221; btn_color=&#8221;theme_style_2&#8243; btn_align=&#8221;right&#8221; btn_i_align=&#8221;right&#8221; btn_i_icon_fontawesome=&#8221;fas fa-chevron-right&#8221; css=&#8221;.vc_custom_1665485889418{margin-bottom: 0px !important;}&#8221; particles=&#8221;yes&#8221; use_custom_fonts_h2=&#8221;true&#8221; btn_button_block=&#8221;true&#8221; btn_add_icon=&#8221;true&#8221; el_class=&#8221;third_bg_color&#8221; btn_link=&#8221;url:https%3A%2F%2Fwww.netbilisim-tr.com%2Fwp-content%2Fuploads%2Fkatalog%2FNet-Bilisim-Dijital-Katalog.pdf|target:_blank|&#8221;][\/vc_cta][\/vc_column][\/vc_row]<\/p>\n<\/div>","protected":false},"excerpt":{"rendered":"<p>[vc_row][vc_column width=&#8221;1\/4&#8243;][stm_sidebar sidebar=&#8221;18086&#8243;][\/vc_column][vc_column width=&#8221;3\/4&#8243; css=&#8221;.vc_custom_1649411658345{margin-top: 15px !important;}&#8221;][vc_column_text css=&#8221;&#8221;] K\u0130\u015e\u0130SEL VER\u0130LER\u0130N \u0130\u015eLENMES\u0130NE \u0130L\u0130\u015eK\u0130N KURUMSAL GENEL AYDINLATMA METN\u0130 Net Aksesuar Bili\u015fim \u00dcr\u00fcnleri San. ve Tic. A.\u015e. (\u201cNet Bili\u015fim\u201d) olarak; 6698 say\u0131l\u0131 Ki\u015fisel Verilerin Korunmas\u0131 Kanunu (\u201cKVKK\u201d) ve ilgili mevzuat ve yasal d\u00fczenlemelerden kaynaklanan faaliyetleri \u00e7er\u00e7evesinde ki\u015fisel verilerinizin i\u015flenmesi, saklanmas\u0131 ve aktar\u0131lmas\u0131na ili\u015fkin siz Ziyaret\u00e7ilerimizi, \u00c7evrimi\u00e7i Ziyaret\u00e7ilerimizi, M\u00fc\u015fterilerimizi,<\/p>\n","protected":false},"author":2,"featured_media":0,"parent":0,"menu_order":0,"comment_status":"closed","ping_status":"closed","template":"","meta":{"footnotes":""},"class_list":["post-14865","page","type-page","status-publish","hentry"],"_links":{"self":[{"href":"https:\/\/www.netbilisim-tr.com\/en\/wp-json\/wp\/v2\/pages\/14865","targetHints":{"allow":["GET"]}}],"collection":[{"href":"https:\/\/www.netbilisim-tr.com\/en\/wp-json\/wp\/v2\/pages"}],"about":[{"href":"https:\/\/www.netbilisim-tr.com\/en\/wp-json\/wp\/v2\/types\/page"}],"author":[{"embeddable":true,"href":"https:\/\/www.netbilisim-tr.com\/en\/wp-json\/wp\/v2\/users\/2"}],"replies":[{"embeddable":true,"href":"https:\/\/www.netbilisim-tr.com\/en\/wp-json\/wp\/v2\/comments?post=14865"}],"version-history":[{"count":0,"href":"https:\/\/www.netbilisim-tr.com\/en\/wp-json\/wp\/v2\/pages\/14865\/revisions"}],"wp:attachment":[{"href":"https:\/\/www.netbilisim-tr.com\/en\/wp-json\/wp\/v2\/media?parent=14865"}],"curies":[{"name":"wp","href":"https:\/\/api.w.org\/{rel}","templated":true}]}}