{"id":15170,"date":"2020-03-19T15:03:59","date_gmt":"2020-03-19T12:03:59","guid":{"rendered":"https:\/\/www.netbilisim-tr.com\/contact-2\/"},"modified":"2025-02-10T11:21:35","modified_gmt":"2025-02-10T08:21:35","slug":"contact","status":"publish","type":"page","link":"https:\/\/www.netbilisim-tr.com\/en\/contact\/","title":{"rendered":"Contact Us"},"content":{"rendered":"<div class=\"wpb-content-wrapper\"><p>[vc_row full_width=&#8221;stretch_row&#8221; el_class=&#8221;third_bg_color&#8221; css=&#8221;.vc_custom_1543498131984{margin-top: 30px !important;margin-bottom: -60px !important;}&#8221;][vc_column offset=&#8221;vc_hidden-lg vc_hidden-md vc_hidden-sm vc_hidden-xs&#8221;][vc_custom_heading text=&#8221;Contact&#8221; font_container=&#8221;tag:h1|text_align:left&#8221;][\/vc_column][\/vc_row][vc_row css=&#8221;.vc_custom_1657095568460{margin-top: 15px !important;}&#8221;][vc_column width=&#8221;1\/2&#8243; css=&#8221;.vc_custom_1584614262567{margin-top: 15px !important;}&#8221;][vc_column_text css=&#8221;.vc_custom_1738911369851{margin-bottom: 50px !important;}&#8221;]<\/p>\n<h4>Net Accessory Informatics Call Center<\/h4>\n<h3 style=\"color: #5e9ca0; text-align: left;\">\n  <span style=\"display: inline-flex; align-items: center;\"><br \/>\n    <img loading=\"lazy\" decoding=\"async\" style=\"margin-right: 10px;\" src=\"https:\/\/www.netbilisim-tr.com\/wp-content\/uploads\/2019\/01\/icon-phone.png\" alt=\"0850 259 4101\" width=\"35\" height=\"35\" \/><br \/>\n    <strong><a style=\"text-decoration: none; color: inherit;\" href=\"tel:08502594101\">0850 259 4101<\/a><\/strong><br \/>\n  <\/span><br \/>\n<\/h3>\n<p><strong>Service Hours<\/strong><br \/>\nMonday &#8211; Friday (08:00 AM &#8211; 05:00 PM) &#8211; Saturday &#8211; Sunday (Closed)[\/vc_column_text][vc_column_text css=&#8221;.vc_custom_1738674941248{margin-top: -25px !important;}&#8221;]<\/p>\n<h5>Head Office<\/h5>\n<p>[\/vc_column_text][stm_contacts_widget style=&#8221;style_4&#8243; address=&#8221;Sultan Selim Mah. Turan Sokak No:21\/3 Pk:34415 Ka\u011f\u0131thane \/ \u0130stanbul&#8221; email=&#8221;info@netbilisim-tr.com&#8221;][vc_column_text css=&#8221;&#8221;]<\/p>\n<div class=\"address-bar\">\n<address>\n    <img loading=\"lazy\" decoding=\"async\" src=\"https:\/\/www.netbilisim-tr.com\/wp-content\/uploads\/2025\/02\/location-icon-v4-s.png\" width=\"25\" height=\"37\" \/> <a href=\"https:\/\/maps.app.goo.gl\/U6H3EvNnKpQV5ffb7\" target=\"_blank\" rel=\"noopener\">Click for directions and map<\/a><br \/>\n  <\/address>\n<\/div>\n<p>[\/vc_column_text][vc_column_text css=&#8221;.vc_custom_1738675834128{margin-top: -25px !important;}&#8221;]<\/p>\n<h5>Central Warehouse &#038; Technical Service<\/h5>\n<p>[\/vc_column_text][stm_contacts_widget style=&#8221;style_4&#8243; address=&#8221;Tomurcuk 1 Sokak No:5\/A Pk:34485 Huzur Mahallesi \u2013 Sar\u0131yer \u2013 \u0130stanbul&#8221; email=&#8221;depo@netbilisim-tr.com&#8221;][vc_column_text css=&#8221;&#8221;]<\/p>\n<div style=\"display: flex; align-items: center; font-size: 16px;\">\n  <img loading=\"lazy\" decoding=\"async\" style=\"margin-right: 8px;\" src=\"https:\/\/www.netbilisim-tr.com\/wp-content\/uploads\/2025\/02\/location-icon-v4-s.png\" alt=\"Authorized Services\" width=\"17\" height=\"23\" \/><br \/>\n  <strong><a style=\"text-decoration: none; color: #5e9ca0;\" href=\"https:\/\/www.netbilisim-tr.com\/en\/support\/authorized-services\/\">Authorized Services<\/a><\/strong>\n<\/div>\n<p>[\/vc_column_text][vc_column_text css=&#8221;&#8221;]<\/p>\n<div class=\"address-bar\">\n<address>\n    <img loading=\"lazy\" decoding=\"async\" src=\"https:\/\/www.netbilisim-tr.com\/wp-content\/uploads\/2025\/02\/location-icon-v4-s.png\" width=\"25\" height=\"37\" \/> <a href=\"https:\/\/maps.app.goo.gl\/xHuWq89DEEyzZckg9\" target=\"_blank\" rel=\"noopener\">Click for directions and map<\/a><br \/>\n  <\/address>\n<address>\u00a0<\/address>\n<\/div>\n<p>[\/vc_column_text][\/vc_column][vc_column width=&#8221;1\/2&#8243; css=&#8221;.vc_custom_1584599308443{margin-top: 15px !important;}&#8221;][vc_column_text css=&#8221;.vc_custom_1738693610676{margin-bottom: 10px !important;}&#8221;]<\/p>\n<h3>Contact Form<\/h3>\n<div class=\"vc_row wpb_row vc_row-fluid\">\n<div class=\"wpb_column vc_column_container vc_col-sm-12\">\n<div class=\"vc_column-inner \">\n<div class=\"wpb_wrapper\">\n<div class=\"vc_message_box vc_message_box-standard vc_message_box-rounded vc_color-info\">\n<p>          <span style=\"font-size: 10pt;\">Net Accessory Informatics is a company that has been operating in the industry for many years, committed to providing high-quality products and reliable services. With its expert team, it offers innovative and effective solutions to its customers.<\/span><\/p>\n<p>          <span style=\"font-size: 10pt;\">If you would like to discover the high-quality services and extensive product range offered by Net Accessory Informatics, feel free to contact us.<\/span><\/p><\/div><\/div><\/div><\/div>\n<\/div>\n<p>[\/vc_column_text][vc_column_text css=&#8221;.vc_custom_1738698672223{margin-top: 20px !important;margin-bottom: 20px !important;}&#8221;]<span style=\"font-family: 'Book Antiqua', Palatino, serif; font-size: 10pt; color: #003366;\">When you fill out and submit the form below, it will be received by the authorized person and evaluated.<\/span>[\/vc_column_text]<style id=\"wpforms-css-vars-23330\">\n\t\t\t\t#wpforms-23330 {\n\t\t\t\t\n\t\t\t}\n\t\t\t<\/style><div class=\"wpforms-container wpforms-container-full wpforms-render-modern\" id=\"wpforms-23330\"><form id=\"wpforms-form-23330\" class=\"wpforms-validate wpforms-form wpforms-ajax-form\" data-formid=\"23330\" method=\"post\" enctype=\"multipart\/form-data\" action=\"\/en\/wp-json\/wp\/v2\/pages\/15170\" data-token=\"3fa30ca020d02efc7a13df9976a3d14a\" data-token-time=\"1775473962\"><noscript class=\"wpforms-error-noscript\">Please enable JavaScript in your browser to complete this form.<\/noscript><div id=\"wpforms-error-noscript\" style=\"display: none;\">Please enable JavaScript in your browser to complete this form.<\/div><div class=\"wpforms-field-container\"><div id=\"wpforms-23330-field_0-container\" class=\"wpforms-field wpforms-field-name\" data-field-id=\"0\"><fieldset><legend class=\"wpforms-field-label wpforms-label-hide\" aria-hidden=\"false\">Ad ve Soyad <span class=\"wpforms-required-label\" aria-hidden=\"true\">*<\/span><\/legend><div class=\"wpforms-field-row wpforms-field-large\"><div class=\"wpforms-field-row-block wpforms-first wpforms-one-half\"><input type=\"text\" id=\"wpforms-23330-field_0\" class=\"wpforms-field-name-first wpforms-field-required\" name=\"wpforms[fields][0][first]\" placeholder=\"Ad \" aria-errormessage=\"wpforms-23330-field_0-error\" required><label for=\"wpforms-23330-field_0\" class=\"wpforms-field-sublabel after wpforms-sublabel-hide\">First<\/label><\/div><div class=\"wpforms-field-row-block wpforms-one-half\"><input type=\"text\" id=\"wpforms-23330-field_0-last\" class=\"wpforms-field-name-last wpforms-field-required\" name=\"wpforms[fields][0][last]\" placeholder=\"Soyad\" aria-errormessage=\"wpforms-23330-field_0-last-error\" required><label for=\"wpforms-23330-field_0-last\" class=\"wpforms-field-sublabel after wpforms-sublabel-hide\">Last<\/label><\/div><\/div><\/fieldset><\/div><div id=\"wpforms-23330-field_5-container\" class=\"wpforms-field wpforms-field-email\" data-field-id=\"5\"><label class=\"wpforms-field-label wpforms-label-hide\" for=\"wpforms-23330-field_5\" aria-hidden=\"false\">E-posta Adresi <span class=\"wpforms-required-label\" aria-hidden=\"true\">*<\/span><\/label><input type=\"email\" id=\"wpforms-23330-field_5\" class=\"wpforms-field-large wpforms-field-required\" name=\"wpforms[fields][5]\" placeholder=\"E-posta Adresi\" spellcheck=\"false\" aria-errormessage=\"wpforms-23330-field_5-error\" required><\/div><div id=\"wpforms-23330-field_2-container\" class=\"wpforms-field wpforms-field-textarea\" data-field-id=\"2\"><label class=\"wpforms-field-label wpforms-label-hide\" for=\"wpforms-23330-field_2\" aria-hidden=\"false\">Comment or Message <span class=\"wpforms-required-label\" aria-hidden=\"true\">*<\/span><\/label><textarea id=\"wpforms-23330-field_2\" class=\"wpforms-field-medium wpforms-field-required\" name=\"wpforms[fields][2]\" placeholder=\"Mesaj\u0131n\u0131z\" aria-errormessage=\"wpforms-23330-field_2-error\" required><\/textarea><\/div><div id=\"wpforms-23330-field_4-container\" class=\"wpforms-field wpforms-field-checkbox\" data-field-id=\"4\"><fieldset><legend class=\"wpforms-field-label wpforms-label-hide\" aria-hidden=\"false\">Onay kutular\u0131 <span class=\"wpforms-required-label\" aria-hidden=\"true\">*<\/span><\/legend><ul id=\"wpforms-23330-field_4\" class=\"wpforms-field-required\"><li class=\"choice-1 depth-1\"><input type=\"checkbox\" id=\"wpforms-23330-field_4_1\" name=\"wpforms[fields][4][]\" value=\"&lt;a target=&quot;_blank&quot; href=&quot;\/iletisim-formu-aydinlatma-metni\/&quot;&gt;\u0130leti\u015fim Formu Ayd\u0131nlatma Metnini okudum, onayl\u0131yorum.&lt;\/a&gt;\" aria-errormessage=\"wpforms-23330-field_4_1-error\" required ><label class=\"wpforms-field-label-inline\" for=\"wpforms-23330-field_4_1\"><a target=\"_blank\" href=\"\/iletisim-formu-aydinlatma-metni\/\">\u0130leti\u015fim Formu Ayd\u0131nlatma Metnini okudum, onayl\u0131yorum.<\/a><\/label><\/li><\/ul><\/fieldset><\/div><\/div><!-- .wpforms-field-container --><div class=\"wpforms-recaptcha-container wpforms-is-recaptcha wpforms-is-recaptcha-type-v3\" ><input type=\"hidden\" name=\"wpforms[recaptcha]\" value=\"\"><\/div><div class=\"wpforms-submit-container\" ><input type=\"hidden\" name=\"wpforms[id]\" value=\"23330\"><input type=\"hidden\" name=\"page_title\" value=\"\"><input type=\"hidden\" name=\"page_url\" value=\"https:\/\/www.netbilisim-tr.com\/en\/wp-json\/wp\/v2\/pages\/15170\"><input type=\"hidden\" name=\"url_referer\" value=\"\"><button type=\"submit\" name=\"wpforms[submit]\" id=\"wpforms-submit-23330\" class=\"wpforms-submit\" data-alt-text=\"Form g\u00f6nderiliyor...\" data-submit-text=\"G\u00f6nder\" aria-live=\"assertive\" value=\"wpforms-submit\">G\u00f6nder<\/button><img loading=\"lazy\" decoding=\"async\" src=\"https:\/\/www.netbilisim-tr.com\/wp-content\/plugins\/wpforms\/assets\/images\/submit-spin.svg\" class=\"wpforms-submit-spinner\" style=\"display: none;\" width=\"26\" height=\"26\" alt=\"Loading\"><\/div><\/form><\/div>  <!-- .wpforms-container -->[\/vc_column][\/vc_row][vc_row full_width=&#8221;stretch_row&#8221; el_class=&#8221;third_bg_color&#8221; css=&#8221;.vc_custom_1543498131984{margin-top: 30px !important;margin-bottom: -60px !important;}&#8221;][vc_column][vc_cta h2=&#8221;\u201cNitelikli Elektronik ve Teknoloji\u201d&#8221; h2_font_container=&#8221;tag:h2|font_size:20px|text_align:left|color:%23000000|line_height:24px&#8221; h2_use_theme_fonts=&#8221;yes&#8221; shape=&#8221;square&#8221; style=&#8221;flat&#8221; add_button=&#8221;right&#8221; btn_title=&#8221;Product Catalogue&#8221; btn_style=&#8221;flat&#8221; btn_color=&#8221;theme_style_2&#8243; btn_align=&#8221;right&#8221; btn_i_align=&#8221;right&#8221; btn_i_icon_fontawesome=&#8221;fas fa-chevron-right&#8221; css=&#8221;.vc_custom_1667898454825{margin-bottom: 0px !important;}&#8221; use_custom_fonts_h2=&#8221;true&#8221; btn_button_block=&#8221;true&#8221; btn_add_icon=&#8221;true&#8221; el_class=&#8221;third_bg_color&#8221; btn_link=&#8221;url:https%3A%2F%2Fwww.netbilisim-tr.com%2Fwp-content%2Fuploads%2Fkatalog%2FNet-Bilisim-Dijital-Katalog.pdf|target:_blank|&#8221;][\/vc_cta][\/vc_column][\/vc_row]<\/p>\n<\/div>","protected":false},"excerpt":{"rendered":"<p>[vc_row full_width=&#8221;stretch_row&#8221; el_class=&#8221;third_bg_color&#8221; css=&#8221;.vc_custom_1543498131984{margin-top: 30px !important;margin-bottom: -60px !important;}&#8221;][vc_column offset=&#8221;vc_hidden-lg vc_hidden-md vc_hidden-sm vc_hidden-xs&#8221;][vc_custom_heading text=&#8221;Contact&#8221; font_container=&#8221;tag:h1|text_align:left&#8221;][\/vc_column][\/vc_row][vc_row css=&#8221;.vc_custom_1657095568460{margin-top: 15px !important;}&#8221;][vc_column width=&#8221;1\/2&#8243; css=&#8221;.vc_custom_1584614262567{margin-top: 15px !important;}&#8221;][vc_column_text css=&#8221;.vc_custom_1738911369851{margin-bottom: 50px !important;}&#8221;] Net Accessory Informatics Call Center 0850 259 4101 Service Hours Monday &#8211; Friday (08:00 AM &#8211; 05:00 PM) &#8211; Saturday &#8211; Sunday (Closed)[\/vc_column_text][vc_column_text css=&#8221;.vc_custom_1738674941248{margin-top: -25px !important;}&#8221;] Head Office [\/vc_column_text][stm_contacts_widget style=&#8221;style_4&#8243; address=&#8221;Sultan<\/p>\n","protected":false},"author":2,"featured_media":19349,"parent":0,"menu_order":0,"comment_status":"closed","ping_status":"closed","template":"","meta":{"footnotes":""},"class_list":["post-15170","page","type-page","status-publish","has-post-thumbnail","hentry"],"_links":{"self":[{"href":"https:\/\/www.netbilisim-tr.com\/en\/wp-json\/wp\/v2\/pages\/15170","targetHints":{"allow":["GET"]}}],"collection":[{"href":"https:\/\/www.netbilisim-tr.com\/en\/wp-json\/wp\/v2\/pages"}],"about":[{"href":"https:\/\/www.netbilisim-tr.com\/en\/wp-json\/wp\/v2\/types\/page"}],"author":[{"embeddable":true,"href":"https:\/\/www.netbilisim-tr.com\/en\/wp-json\/wp\/v2\/users\/2"}],"replies":[{"embeddable":true,"href":"https:\/\/www.netbilisim-tr.com\/en\/wp-json\/wp\/v2\/comments?post=15170"}],"version-history":[{"count":0,"href":"https:\/\/www.netbilisim-tr.com\/en\/wp-json\/wp\/v2\/pages\/15170\/revisions"}],"wp:featuredmedia":[{"embeddable":true,"href":"https:\/\/www.netbilisim-tr.com\/en\/wp-json\/wp\/v2\/media\/19349"}],"wp:attachment":[{"href":"https:\/\/www.netbilisim-tr.com\/en\/wp-json\/wp\/v2\/media?parent=15170"}],"curies":[{"name":"wp","href":"https:\/\/api.w.org\/{rel}","templated":true}]}}