{"id":16345,"date":"2021-06-21T14:33:26","date_gmt":"2021-06-21T11:33:26","guid":{"rendered":"https:\/\/www.netbilisim-tr.com\/clarification-text-about-security-cameras\/"},"modified":"2023-01-25T09:22:17","modified_gmt":"2023-01-25T06:22:17","slug":"clarification-text-about-security-cameras","status":"publish","type":"page","link":"https:\/\/www.netbilisim-tr.com\/en\/clarification-text-about-security-cameras\/","title":{"rendered":"Clarification Text About Security Cameras"},"content":{"rendered":"<div class=\"wpb-content-wrapper\"><p>[vc_row][vc_column][vc_column_text]This clarification text has been prepared by Net Aksesuar Bili\u015fim \u00dcr\u00fcnleri as the data controller within the scope of Article 10 of the Personal Data Protection Law. Our companies enterances and depot are recording with 11 cameras in total for security and and the registration process is supervised by the IT unit.<\/p>\n<p>The personal data in question is processed automatically, based on the legal reason &#8220;it is mandatory for the data controller to fulfill its legal obligation&#8221; in Article 5 of the Law and &#8220;the data processing is mandatory for the legitimate interests of the data controller, provided that it does not harm the fundamental rights and freedoms of the data subject&#8221;.The personal data in question may be transferred to the judicial authorities or the relevant law enforcement authorities upon request to resolve legal disputes or in accordance with the relevant legislation.<\/p>\n<p>Your requests within the scope of Article 11 of the Law, which regulates the rights of the person concerned, are sent to Net Aksesuar Bili\u015fim \u00dcr\u00fcnleri San. and Tic. Inc. Sultan Selim Mah. Turan Sk. No:21\/3 Ka\u011f\u0131thane \/ ISTANBUL in writing or via e-mail confirming your membership to <a href=\"mailto:kvkk@netbilisim-tr.com\">kvkk@netbilisim-tr.com<\/a> .<\/p>\n<p>\u00a0<\/p>\n<p>For the application form : <a href=\"http:\/\/www.netbilisim-tr.com\/veri_sahibi_basvuru.pdf\" target=\"_blank\" rel=\"noopener\">www.netbilisim-tr.com\/veri_sahibi_basvuru.pdf<\/a><\/p>\n<p>[vc_row full_width=&#8221;stretch_row&#8221; el_class=&#8221;third_bg_color&#8221; css=&#8221;.vc_custom_1543498040583{margin-top: 30px !important;margin-bottom: -60px !important;}&#8221;][\/vc_column_text][\/vc_column][\/vc_row][vc_row full_width=&#8221;stretch_row&#8221; el_class=&#8221;third_bg_color&#8221; css=&#8221;.vc_custom_1543498040583{margin-top: 30px !important;margin-bottom: -60px !important;}&#8221;][vc_column][vc_cta h2=&#8221;\u201cNitelikli Elektronik ve Teknoloji\u201d&#8221; h2_font_container=&#8221;tag:h2|font_size:20px|text_align:left|color:%23000000|line_height:24px&#8221; h2_use_theme_fonts=&#8221;yes&#8221; shape=&#8221;square&#8221; style=&#8221;flat&#8221; add_button=&#8221;right&#8221; btn_title=&#8221;Product Catalogue&#8221; btn_style=&#8221;flat&#8221; btn_color=&#8221;theme_style_2&#8243; btn_align=&#8221;right&#8221; btn_i_align=&#8221;right&#8221; btn_i_icon_fontawesome=&#8221;fas fa-chevron-right&#8221; particles=&#8221;yes&#8221; use_custom_fonts_h2=&#8221;true&#8221; btn_button_block=&#8221;true&#8221; btn_add_icon=&#8221;true&#8221; el_class=&#8221;third_bg_color&#8221; css=&#8221;.vc_custom_1665485944045{margin-bottom: 0px !important;}&#8221; btn_link=&#8221;url:https%3A%2F%2Fwww.netbilisim-tr.com%2Fwp-content%2Fuploads%2Fkatalog%2FNet-Bilisim-Dijital-Katalog.pdf|target:_blank|&#8221;][\/vc_cta][\/vc_column][\/vc_row]<\/p>\n<\/div>","protected":false},"excerpt":{"rendered":"<p>[vc_row][vc_column][vc_column_text]This clarification text has been prepared by Net Aksesuar Bili\u015fim \u00dcr\u00fcnleri as the data controller within the scope of Article 10 of the Personal Data Protection Law. Our companies enterances and depot are recording with 11 cameras in total for security and and the registration process is supervised by the IT unit. The personal data<\/p>\n","protected":false},"author":2,"featured_media":0,"parent":0,"menu_order":0,"comment_status":"closed","ping_status":"closed","template":"","meta":{"footnotes":""},"class_list":["post-16345","page","type-page","status-publish","hentry"],"_links":{"self":[{"href":"https:\/\/www.netbilisim-tr.com\/en\/wp-json\/wp\/v2\/pages\/16345","targetHints":{"allow":["GET"]}}],"collection":[{"href":"https:\/\/www.netbilisim-tr.com\/en\/wp-json\/wp\/v2\/pages"}],"about":[{"href":"https:\/\/www.netbilisim-tr.com\/en\/wp-json\/wp\/v2\/types\/page"}],"author":[{"embeddable":true,"href":"https:\/\/www.netbilisim-tr.com\/en\/wp-json\/wp\/v2\/users\/2"}],"replies":[{"embeddable":true,"href":"https:\/\/www.netbilisim-tr.com\/en\/wp-json\/wp\/v2\/comments?post=16345"}],"version-history":[{"count":0,"href":"https:\/\/www.netbilisim-tr.com\/en\/wp-json\/wp\/v2\/pages\/16345\/revisions"}],"wp:attachment":[{"href":"https:\/\/www.netbilisim-tr.com\/en\/wp-json\/wp\/v2\/media?parent=16345"}],"curies":[{"name":"wp","href":"https:\/\/api.w.org\/{rel}","templated":true}]}}