{"id":16360,"date":"2021-06-21T14:35:43","date_gmt":"2021-06-21T11:35:43","guid":{"rendered":"https:\/\/www.netbilisim-tr.com\/current-card-notification-form\/"},"modified":"2024-02-25T22:45:17","modified_gmt":"2024-02-25T19:45:17","slug":"current-card-notification-form","status":"publish","type":"page","link":"https:\/\/www.netbilisim-tr.com\/en\/current-card-notification-form\/","title":{"rendered":"Current Card Notification Form"},"content":{"rendered":"<style id=\"wpforms-css-vars-24986\">\n\t\t\t\t#wpforms-24986 {\n\t\t\t\t\n\t\t\t}\n\t\t\t<\/style><div class=\"wpforms-container wpforms-container-full wpforms-render-modern\" id=\"wpforms-24986\"><form id=\"wpforms-form-24986\" class=\"wpforms-validate wpforms-form\" data-formid=\"24986\" method=\"post\" enctype=\"multipart\/form-data\" action=\"\/en\/wp-json\/wp\/v2\/pages\/16360?wpforms_form_id=24986\" data-token=\"2b98959a9a276883c30acf4c80f4bb7e\" data-token-time=\"1777583900\"><noscript class=\"wpforms-error-noscript\">Please enable JavaScript in your browser to complete this form.<\/noscript><div id=\"wpforms-error-noscript\" style=\"display: none;\">Please enable JavaScript in your browser to complete this form.<\/div><div class=\"wpforms-field-container\"><div id=\"wpforms-24986-field_1-container\" class=\"wpforms-field wpforms-field-text cariform\" data-field-id=\"1\"><label class=\"wpforms-field-label wpforms-label-hide\" for=\"wpforms-24986-field_1\" aria-hidden=\"false\">Firma Ad\u0131 \/ \u00dcnvan <span class=\"wpforms-required-label\" aria-hidden=\"true\">*<\/span><\/label><input type=\"text\" id=\"wpforms-24986-field_1\" class=\"wpforms-field-large wpforms-field-required\" name=\"wpforms[fields][1]\" placeholder=\"Firma Ad\u0131 \/ \u00dcnvan\" aria-errormessage=\"wpforms-24986-field_1-error\" required><\/div><div id=\"wpforms-24986-field_74-container\" class=\"wpforms-field wpforms-field-text cariform\" data-field-id=\"74\"><label class=\"wpforms-field-label wpforms-label-hide\" for=\"wpforms-24986-field_74\" aria-hidden=\"false\">Firma Adres <span class=\"wpforms-required-label\" aria-hidden=\"true\">*<\/span><\/label><input type=\"text\" id=\"wpforms-24986-field_74\" class=\"wpforms-field-large wpforms-field-required\" name=\"wpforms[fields][74]\" placeholder=\"Mahalle, Semt, Cadde, Sokak, Kap\u0131 No\" aria-errormessage=\"wpforms-24986-field_74-error\" required><\/div><div id=\"wpforms-24986-field_30-container\" class=\"wpforms-field wpforms-field-layout\" data-field-id=\"30\"><div class=\"wpforms-field-layout-columns wpforms-field-layout-preset-33-33-33\"><div class=\"wpforms-layout-column wpforms-layout-column-33\" ><div id=\"wpforms-24986-field_2-container\" class=\"wpforms-field wpforms-field-text cariform\" data-field-id=\"2\"><label class=\"wpforms-field-label wpforms-label-hide\" for=\"wpforms-24986-field_2\" aria-hidden=\"false\">Vergi Dairesi <span class=\"wpforms-required-label\" aria-hidden=\"true\">*<\/span><\/label><input type=\"text\" id=\"wpforms-24986-field_2\" class=\"wpforms-field-medium wpforms-field-required\" name=\"wpforms[fields][2]\" placeholder=\"Vergi Dairesi\" aria-errormessage=\"wpforms-24986-field_2-error\" required><\/div><\/div><div class=\"wpforms-layout-column wpforms-layout-column-33\" ><div id=\"wpforms-24986-field_3-container\" class=\"wpforms-field wpforms-field-text\" data-field-id=\"3\"><label class=\"wpforms-field-label wpforms-label-hide\" for=\"wpforms-24986-field_3\" aria-hidden=\"false\">Vergi No <span class=\"wpforms-required-label\" aria-hidden=\"true\">*<\/span><\/label><input type=\"text\" id=\"wpforms-24986-field_3\" class=\"wpforms-field-medium wpforms-field-required\" name=\"wpforms[fields][3]\" placeholder=\"Vergi No\" aria-errormessage=\"wpforms-24986-field_3-error\" required><\/div><\/div><div class=\"wpforms-layout-column wpforms-layout-column-33\" ><div id=\"wpforms-24986-field_92-container\" class=\"wpforms-field wpforms-field-select wpforms-field-select-style-modern\" data-field-id=\"92\"><label class=\"wpforms-field-label wpforms-label-hide\" for=\"wpforms-24986-field_92\" aria-hidden=\"false\">E-Fatura M\u00fckellefi <span class=\"wpforms-required-label\" aria-hidden=\"true\">*<\/span><\/label><select id=\"wpforms-24986-field_92\" class=\"wpforms-field-medium wpforms-field-required choicesjs-select\" data-size-class=\"wpforms-field-row wpforms-field-medium\" data-search-enabled=\"\" name=\"wpforms[fields][92]\" required=\"required\"><option value=\"\" class=\"placeholder\" disabled  selected='selected'>E-Fatura M\u00fckellefi?<\/option><option value=\"E-Fatura M\u00fckellefiyim\"  class=\"choice-1 depth-1\"  >E-Fatura M\u00fckellefiyim<\/option><option value=\"E-Fatura M\u00fckellefi De\u011filim\"  class=\"choice-2 depth-1\"  >E-Fatura M\u00fckellefi De\u011filim<\/option><\/select><\/div><\/div><\/div><\/div><div id=\"wpforms-24986-field_70-container\" class=\"wpforms-field wpforms-field-layout\" data-field-id=\"70\"><div class=\"wpforms-field-layout-columns wpforms-field-layout-preset-50-50\"><div class=\"wpforms-layout-column wpforms-layout-column-50\" ><div id=\"wpforms-24986-field_73-container\" class=\"wpforms-field wpforms-field-text cariform\" data-field-id=\"73\"><label class=\"wpforms-field-label wpforms-label-hide\" for=\"wpforms-24986-field_73\" aria-hidden=\"false\">Firma \u0130l <span class=\"wpforms-required-label\" aria-hidden=\"true\">*<\/span><\/label><input type=\"text\" id=\"wpforms-24986-field_73\" class=\"wpforms-field-medium wpforms-field-required\" name=\"wpforms[fields][73]\" placeholder=\"\u0130l\" aria-errormessage=\"wpforms-24986-field_73-error\" required><\/div><div id=\"wpforms-24986-field_72-container\" class=\"wpforms-field wpforms-field-text\" data-field-id=\"72\"><label class=\"wpforms-field-label wpforms-label-hide\" for=\"wpforms-24986-field_72\" aria-hidden=\"false\">Firma Posta Kodu<\/label><input type=\"text\" id=\"wpforms-24986-field_72\" class=\"wpforms-field-medium\" name=\"wpforms[fields][72]\" placeholder=\"Posta Kodu\" aria-errormessage=\"wpforms-24986-field_72-error\" ><\/div><\/div><div class=\"wpforms-layout-column wpforms-layout-column-50\" ><div id=\"wpforms-24986-field_71-container\" class=\"wpforms-field wpforms-field-text cariform\" data-field-id=\"71\"><label class=\"wpforms-field-label wpforms-label-hide\" for=\"wpforms-24986-field_71\" aria-hidden=\"false\">Firma \u0130l\u00e7e <span class=\"wpforms-required-label\" aria-hidden=\"true\">*<\/span><\/label><input type=\"text\" id=\"wpforms-24986-field_71\" class=\"wpforms-field-medium wpforms-field-required\" name=\"wpforms[fields][71]\" placeholder=\"\u0130l\u00e7e\" aria-errormessage=\"wpforms-24986-field_71-error\" required><\/div><\/div><\/div><\/div><div id=\"wpforms-24986-field_40-container\" class=\"wpforms-field wpforms-field-layout\" data-field-id=\"40\"><div class=\"wpforms-field-layout-columns wpforms-field-layout-preset-33-33-33\"><div class=\"wpforms-layout-column wpforms-layout-column-33\" ><div id=\"wpforms-24986-field_16-container\" class=\"wpforms-field wpforms-field-text cariform\" data-field-id=\"16\"><label class=\"wpforms-field-label wpforms-label-hide\" for=\"wpforms-24986-field_16\" aria-hidden=\"false\">Firma Yetkili Ki\u015fi <span class=\"wpforms-required-label\" aria-hidden=\"true\">*<\/span><\/label><input type=\"text\" id=\"wpforms-24986-field_16\" class=\"wpforms-field-medium wpforms-field-required\" name=\"wpforms[fields][16]\" placeholder=\"Firma Yetkili Ki\u015fi\" aria-errormessage=\"wpforms-24986-field_16-error\" required><\/div><\/div><div class=\"wpforms-layout-column wpforms-layout-column-33\" ><div id=\"wpforms-24986-field_41-container\" class=\"wpforms-field wpforms-field-email\" data-field-id=\"41\"><label class=\"wpforms-field-label wpforms-label-hide\" for=\"wpforms-24986-field_41\" aria-hidden=\"false\">Firma E-Posta <span class=\"wpforms-required-label\" aria-hidden=\"true\">*<\/span><\/label><input type=\"email\" id=\"wpforms-24986-field_41\" class=\"wpforms-field-medium wpforms-field-required\" name=\"wpforms[fields][41]\" placeholder=\"Firma E-Posta\" spellcheck=\"false\" aria-errormessage=\"wpforms-24986-field_41-error\" required><\/div><\/div><div class=\"wpforms-layout-column wpforms-layout-column-33\" ><div id=\"wpforms-24986-field_38-container\" class=\"wpforms-field wpforms-field-phone\" data-field-id=\"38\"><label class=\"wpforms-field-label wpforms-label-hide\" for=\"wpforms-24986-field_38\" aria-hidden=\"false\">Firma Telefon <span class=\"wpforms-required-label\" aria-hidden=\"true\">*<\/span><\/label><input type=\"tel\" id=\"wpforms-24986-field_38\" class=\"wpforms-field-medium wpforms-field-required wpforms-smart-phone-field\" data-rule-smart-phone-field=\"true\" name=\"wpforms[fields][38]\" placeholder=\"Firma Telefon\" aria-label=\"Firma Telefon\" aria-errormessage=\"wpforms-24986-field_38-error\" required><\/div><\/div><\/div><\/div><div id=\"wpforms-24986-field_97-container\" class=\"wpforms-field wpforms-field-layout\" data-field-id=\"97\"><div class=\"wpforms-field-layout-columns wpforms-field-layout-preset-33-33-33\"><div class=\"wpforms-layout-column wpforms-layout-column-33\" ><div id=\"wpforms-24986-field_98-container\" class=\"wpforms-field wpforms-field-text cariform\" data-field-id=\"98\"><label class=\"wpforms-field-label wpforms-label-hide\" for=\"wpforms-24986-field_98\" aria-hidden=\"false\">Muhasebe Yetkili Ki\u015fi<\/label><input type=\"text\" id=\"wpforms-24986-field_98\" class=\"wpforms-field-medium\" name=\"wpforms[fields][98]\" placeholder=\"Muhasebe Yetkili Ki\u015fi\" aria-errormessage=\"wpforms-24986-field_98-error\" ><\/div><\/div><div class=\"wpforms-layout-column wpforms-layout-column-33\" ><div id=\"wpforms-24986-field_99-container\" class=\"wpforms-field wpforms-field-email\" data-field-id=\"99\"><label class=\"wpforms-field-label wpforms-label-hide\" for=\"wpforms-24986-field_99\" aria-hidden=\"false\">Muhasebe E-Posta<\/label><input type=\"email\" id=\"wpforms-24986-field_99\" class=\"wpforms-field-medium\" name=\"wpforms[fields][99]\" placeholder=\"Muhasebe E-Posta\" spellcheck=\"false\" aria-errormessage=\"wpforms-24986-field_99-error\" ><\/div><\/div><div class=\"wpforms-layout-column wpforms-layout-column-33\" ><div id=\"wpforms-24986-field_100-container\" class=\"wpforms-field wpforms-field-phone\" data-field-id=\"100\"><label class=\"wpforms-field-label wpforms-label-hide\" for=\"wpforms-24986-field_100\" aria-hidden=\"false\">Muhasebe Telefon<\/label><input type=\"tel\" id=\"wpforms-24986-field_100\" class=\"wpforms-field-medium wpforms-smart-phone-field\" data-rule-smart-phone-field=\"true\" name=\"wpforms[fields][100]\" placeholder=\"Muhasebe Telefon\" aria-label=\"Muhasebe Telefon\" aria-errormessage=\"wpforms-24986-field_100-error\" ><\/div><\/div><\/div><\/div><div id=\"wpforms-24986-field_34-container\" class=\"wpforms-field wpforms-field-layout\" data-field-id=\"34\"><div class=\"wpforms-field-layout-columns wpforms-field-layout-preset-50-50\"><div class=\"wpforms-layout-column wpforms-layout-column-50\" ><\/div><div class=\"wpforms-layout-column wpforms-layout-column-50\" ><\/div><\/div><\/div><div id=\"wpforms-24986-field_95-container\" class=\"wpforms-field wpforms-field-checkbox wpforms-conditional-trigger\" data-field-id=\"95\"><fieldset><legend class=\"wpforms-field-label\">Farkl\u0131 adrese teslimat<\/legend><ul id=\"wpforms-24986-field_95\"><li class=\"choice-1 depth-1\"><input type=\"checkbox\" id=\"wpforms-24986-field_95_1\" name=\"wpforms[fields][95][]\" value=\"Teslimat adresiniz farkl\u0131 ise se\u00e7iniz.\" aria-errormessage=\"wpforms-24986-field_95_1-error\"  ><label class=\"wpforms-field-label-inline\" for=\"wpforms-24986-field_95_1\">Teslimat adresiniz farkl\u0131 ise se\u00e7iniz.<\/label><\/li><\/ul><\/fieldset><\/div><div id=\"wpforms-24986-field_52-container\" class=\"wpforms-field wpforms-field-divider wpforms-conditional-field wpforms-conditional-show\" data-field-id=\"52\" style=\"display:none;\"><h3 id=\"wpforms-24986-field_52\" aria-errormessage=\"wpforms-24986-field_52-error\" aria-describedby=\"wpforms-24986-field_52-description\">Sevk Adresi<\/h3><div id=\"wpforms-24986-field_52-description\" class=\"wpforms-field-description\">Fatura adresi ile ayni olmasi halinde doldurulmayacaktir.<\/div><\/div><div id=\"wpforms-24986-field_22-container\" class=\"wpforms-field wpforms-field-text cariform wpforms-conditional-field wpforms-conditional-show\" data-field-id=\"22\" style=\"display:none;\"><label class=\"wpforms-field-label wpforms-label-hide\" for=\"wpforms-24986-field_22\" aria-hidden=\"false\">Sevk \u00dcnvani<\/label><input type=\"text\" id=\"wpforms-24986-field_22\" class=\"wpforms-field-large\" name=\"wpforms[fields][22]\" placeholder=\"Sevk \u00dcnvani\" aria-errormessage=\"wpforms-24986-field_22-error\" ><\/div><div id=\"wpforms-24986-field_62-container\" class=\"wpforms-field wpforms-field-text cariform wpforms-conditional-field wpforms-conditional-show\" data-field-id=\"62\" style=\"display:none;\"><label class=\"wpforms-field-label wpforms-label-hide\" for=\"wpforms-24986-field_62\" aria-hidden=\"false\">Sevk Adres<\/label><input type=\"text\" id=\"wpforms-24986-field_62\" class=\"wpforms-field-large\" name=\"wpforms[fields][62]\" placeholder=\"Mahalle, Semt, Cadde, Sokak, Kap\u0131 No\" aria-errormessage=\"wpforms-24986-field_62-error\" ><\/div><div id=\"wpforms-24986-field_63-container\" class=\"wpforms-field wpforms-field-layout\" data-field-id=\"63\"><div class=\"wpforms-field-layout-columns wpforms-field-layout-preset-50-50\"><div class=\"wpforms-layout-column wpforms-layout-column-50\" ><div id=\"wpforms-24986-field_64-container\" class=\"wpforms-field wpforms-field-text cariform wpforms-conditional-field wpforms-conditional-show\" data-field-id=\"64\" style=\"display:none;\"><label class=\"wpforms-field-label wpforms-label-hide\" for=\"wpforms-24986-field_64\" aria-hidden=\"false\">Sevk \u0130l\u00e7e<\/label><input type=\"text\" id=\"wpforms-24986-field_64\" class=\"wpforms-field-medium\" name=\"wpforms[fields][64]\" placeholder=\"\u0130l\u00e7e\" aria-errormessage=\"wpforms-24986-field_64-error\" ><\/div><div id=\"wpforms-24986-field_69-container\" class=\"wpforms-field wpforms-field-text wpforms-conditional-field wpforms-conditional-show\" data-field-id=\"69\" style=\"display:none;\"><label class=\"wpforms-field-label wpforms-label-hide\" for=\"wpforms-24986-field_69\" aria-hidden=\"false\">Sevk Posta Kodu<\/label><input type=\"text\" id=\"wpforms-24986-field_69\" class=\"wpforms-field-medium\" name=\"wpforms[fields][69]\" placeholder=\"Posta Kodu\" aria-errormessage=\"wpforms-24986-field_69-error\" ><\/div><\/div><div class=\"wpforms-layout-column wpforms-layout-column-50\" ><div id=\"wpforms-24986-field_65-container\" class=\"wpforms-field wpforms-field-text cariform wpforms-conditional-field wpforms-conditional-show\" data-field-id=\"65\" style=\"display:none;\"><label class=\"wpforms-field-label wpforms-label-hide\" for=\"wpforms-24986-field_65\" aria-hidden=\"false\">Sevk \u0130l<\/label><input type=\"text\" id=\"wpforms-24986-field_65\" class=\"wpforms-field-medium\" name=\"wpforms[fields][65]\" placeholder=\"\u0130l\" aria-errormessage=\"wpforms-24986-field_65-error\" ><\/div><\/div><\/div><\/div><div id=\"wpforms-24986-field_54-container\" class=\"wpforms-field wpforms-field-layout\" data-field-id=\"54\"><div class=\"wpforms-field-layout-columns wpforms-field-layout-preset-33-33-33\"><div class=\"wpforms-layout-column wpforms-layout-column-33\" ><div id=\"wpforms-24986-field_55-container\" class=\"wpforms-field wpforms-field-text cariform wpforms-conditional-field wpforms-conditional-show\" data-field-id=\"55\" style=\"display:none;\"><label class=\"wpforms-field-label wpforms-label-hide\" for=\"wpforms-24986-field_55\" aria-hidden=\"false\">Sevk \u0130lgili Ki\u015fi<\/label><input type=\"text\" id=\"wpforms-24986-field_55\" class=\"wpforms-field-medium\" name=\"wpforms[fields][55]\" placeholder=\"Sevkiyat \u0130lgili Ki\u015fi\" aria-errormessage=\"wpforms-24986-field_55-error\" ><\/div><\/div><div class=\"wpforms-layout-column wpforms-layout-column-33\" ><div id=\"wpforms-24986-field_56-container\" class=\"wpforms-field wpforms-field-email wpforms-conditional-field wpforms-conditional-show\" data-field-id=\"56\" style=\"display:none;\"><label class=\"wpforms-field-label wpforms-label-hide\" for=\"wpforms-24986-field_56\" aria-hidden=\"false\">Sevk E-Posta<\/label><input type=\"email\" id=\"wpforms-24986-field_56\" class=\"wpforms-field-medium\" name=\"wpforms[fields][56]\" placeholder=\"Sevkiyat E-Posta\" spellcheck=\"false\" aria-errormessage=\"wpforms-24986-field_56-error\" ><\/div><\/div><div class=\"wpforms-layout-column wpforms-layout-column-33\" ><div id=\"wpforms-24986-field_57-container\" class=\"wpforms-field wpforms-field-phone wpforms-conditional-field wpforms-conditional-show\" data-field-id=\"57\" style=\"display:none;\"><label class=\"wpforms-field-label wpforms-label-hide\" for=\"wpforms-24986-field_57\" aria-hidden=\"false\">Sevk Telefon<\/label><input type=\"tel\" id=\"wpforms-24986-field_57\" class=\"wpforms-field-medium wpforms-smart-phone-field\" data-rule-smart-phone-field=\"true\" name=\"wpforms[fields][57]\" placeholder=\"Sevkiyat Telefon\" aria-label=\"Sevk Telefon\" aria-errormessage=\"wpforms-24986-field_57-error\" ><\/div><\/div><\/div><\/div><div id=\"wpforms-24986-field_84-container\" class=\"wpforms-field wpforms-field-file-upload\" data-field-id=\"84\"><label class=\"wpforms-field-label\" for=\"wpforms-24986-field_84\">Vergi Levhas\u0131 <span class=\"wpforms-required-label\" aria-hidden=\"true\">*<\/span><\/label><div\n\t\tclass=\"wpforms-uploader wpforms-field-required\"\n\t\tdata-field-id=\"84\"\n\t\tdata-form-id=\"24986\"\n\t\tdata-input-name=\"wpforms_24986_84\"\n\t\tdata-extensions=\"pdf,jpg,png,gif\"\n\t\tdata-max-size=\"6442450944\"\n\t\tdata-max-file-number=\"3\"\n\t\tdata-post-max-size=\"6442450944\"\n\t\tdata-max-parallel-uploads=\"4\"\n\t\tdata-parallel-uploads=\"true\"\n\t\tdata-file-chunk-size=\"2097152\">\n\t<div class=\"dz-message\">\n\t\t<svg  viewBox=\"0 0 640 640\" focusable=\"false\" data-icon=\"inbox\" width=\"50px\" height=\"50px\" fill=\"currentColor\" aria-hidden=\"true\">\n\t\t\t<path d=\"M352 173.3L352 384C352 401.7 337.7 416 320 416C302.3 416 288 401.7 288 384L288 173.3L246.6 214.7C234.1 227.2 213.8 227.2 201.3 214.7C188.8 202.2 188.8 181.9 201.3 169.4L297.3 73.4C309.8 60.9 330.1 60.9 342.6 73.4L438.6 169.4C451.1 181.9 451.1 202.2 438.6 214.7C426.1 227.2 405.8 227.2 393.3 214.7L352 173.3zM320 464C364.2 464 400 428.2 400 384L480 384C515.3 384 544 412.7 544 448L544 480C544 515.3 515.3 544 480 544L160 544C124.7 544 96 515.3 96 480L96 448C96 412.7 124.7 384 160 384L240 384C240 428.2 275.8 464 320 464zM464 488C477.3 488 488 477.3 488 464C488 450.7 477.3 440 464 440C450.7 440 440 450.7 440 464C440 477.3 450.7 488 464 488z\"\/>\n\t\t<\/svg>\n\n\t\t<span class=\"modern-title\">\n\t\t\t\t\t\t\tDrag &amp; Drop Files, \t\t\t\t<span>Choose Files to Upload<\/span>\n\t\t\t\t\t<\/span>\n\n\t\t\t\t\t<span class=\"modern-hint\">You can upload up to 3 files.<\/span>\n\t\t\t<\/div>\n<\/div>\n\n<input\n\t\ttype=\"text\"\n\t\tautocomplete=\"off\"\n\t\treadonly\n\t\tclass=\"dropzone-input\"\n\t\tstyle=\"position:absolute!important;clip:rect(0,0,0,0)!important;height:1px!important;width:1px!important;border:0!important;overflow:hidden!important;padding:0!important;margin:0!important;\"\n\t\tid=\"wpforms-24986-field_84\"\n\t\tname=\"wpforms_24986_84\" required\t\tvalue=\"\">\n<div id=\"wpforms-24986-field_84-description\" class=\"wpforms-field-description\">Vergi levhan\u0131z\u0131 ekleyiniz<\/div><\/div><div id=\"wpforms-24986-field_58-container\" class=\"wpforms-field wpforms-field-divider\" data-field-id=\"58\"><h3 id=\"wpforms-24986-field_58\" aria-errormessage=\"wpforms-24986-field_58-error\" aria-describedby=\"wpforms-24986-field_58-description\">\u0130\u015flemlerinizin tamamlanabilmesi i\u00e7in yukar\u0131daki bilgilerin doldurulmas\u0131 zorunludur.<\/h3><div id=\"wpforms-24986-field_58-description\" class=\"wpforms-field-description\">1-) M\u00fc\u015fteri, kendisi taraf\u0131ndan doldurulan bilgilerin do\u011frulu\u011funu ve bu bilgilerin yanl\u0131\u015f olmas\u0131ndan kaynaklanabilecek herhangi bir problemin sorumlulu\u011funu kabul eder.\n<br \/>\n 2-) M\u00fc\u015fteri kendisinden kaynaklanan bir sebeple, kaybolan\/eksik al\u0131nan yada yanl\u0131\u015f adrese iletilecek \u00fcr\u00fcnlerden Net Aksesuar Bili\u015fim'i sorumlu tutamaz.\n<br \/>\n 3-) Net Aksesuar Bili\u015fim, sipari\u015flerin sevk i\u015flemlerinde M\u00fc\u015fteri taraf\u0131ndan \u00f6zel bir bildirim yap\u0131lmad\u0131\u011f\u0131 takdirde anla\u015fmal\u0131 oldu\u011fu kargo firmas\u0131n\u0131 kullanacakt\u0131r.\n<br \/>\n 4-) Net Aksesuar Bili\u015fim ve bu formda M\u00fc\u015fteri olarak an\u0131lan firma aras\u0131nda \u00e7\u0131kabilecek ihtilaflarda \u0130stanbul Mahkemeleri ve \u0130cra Daireleri sorumludur.\n<br \/><\/div><\/div><div id=\"wpforms-24986-field_96-container\" class=\"wpforms-field wpforms-field-signature\" data-field-id=\"96\"><label class=\"wpforms-field-label\" for=\"wpforms-24986-field_96\">\u0130mza<\/label><input type=\"text\" id=\"wpforms-24986-field_96\" class=\"wpforms-signature-input wpforms-screen-reader-element\" data-is-wrapped-field=\"1\" name=\"wpforms[fields][96]\" autocomplete=\"off\" inputmode=\"none\" aria-errormessage=\"wpforms-24986-field_96-error\" ><div class=\"wpforms-signature-wrap wpforms-field-row wpforms-field-large\"><canvas class=\"wpforms-signature-canvas\" id=\"wpforms-24986-field_96-signature\" data-color=\"#000000\"><\/canvas><div class=\"wpforms-signature-clear\" title=\"Clear Signature\" tabindex=\"0\">\n\t\t\t\t<svg xmlns=\"http:\/\/www.w3.org\/2000\/svg\" width=\"1em\" height=\"1em\" preserveAspectRatio=\"xMidYMid meet\" viewBox=\"0 0 1536 1536\">\n\t\t\t\t\t<path fill=\"var( --wpforms-field-text-color, rgba(0, 0, 0, 0.25) )\" d=\"M1149 994q0-26-19-45L949 768l181-181q19-19 19-45q0-27-19-46l-90-90q-19-19-46-19q-26 0-45 19L768 587L587 406q-19-19-45-19q-27 0-46 19l-90 90q-19 19-19 46q0 26 19 45l181 181l-181 181q-19 19-19 45q0 27 19 46l90 90q19 19 46 19q26 0 45-19l181-181l181 181q19 19 45 19q27 0 46-19l90-90q19-19 19-46zm387-226q0 209-103 385.5T1153.5 1433T768 1536t-385.5-103T103 1153.5T0 768t103-385.5T382.5 103T768 0t385.5 103T1433 382.5T1536 768z\"\/>\n\t\t\t\t<\/svg>\n\t\t\t\t<div class=\"wpforms-signature-clear-caption\">Clear Signature<\/div>\n\t\t\t<\/div><\/div><\/div><div id=\"wpforms-24986-field_101-container\" class=\"wpforms-field wpforms-field-checkbox wpforms-list-inline\" data-field-id=\"101\"><fieldset><legend class=\"wpforms-field-label wpforms-label-hide\" aria-hidden=\"false\">Cari Kart Talep Formu Ayd\u0131nlatma Metni Onay <span class=\"wpforms-required-label\" aria-hidden=\"true\">*<\/span><\/legend><ul id=\"wpforms-24986-field_101\" class=\"wpforms-field-required\"><li class=\"choice-1 depth-1\"><input type=\"checkbox\" id=\"wpforms-24986-field_101_1\" name=\"wpforms[fields][101][]\" value=\"&lt;a rel=&quot;noopener noreferrer&quot; target=&quot;_blank&quot; href=&quot;\/cari-kart-talep-formu-aydinlatma-metni\/&quot;&gt;Cari Kart Talep Formu Ayd\u0131nlatma Metnini okudum, onayl\u0131yorum.&lt;\/a&gt;\" aria-errormessage=\"wpforms-24986-field_101_1-error\" required ><label class=\"wpforms-field-label-inline\" for=\"wpforms-24986-field_101_1\"><a rel=\"noopener noreferrer\" target=\"_blank\" href=\"\/cari-kart-talep-formu-aydinlatma-metni\/\">Cari Kart Talep Formu Ayd\u0131nlatma Metnini okudum, onayl\u0131yorum.<\/a><\/label><\/li><\/ul><\/fieldset><\/div><\/div><!-- .wpforms-field-container --><div class=\"wpforms-recaptcha-container wpforms-is-recaptcha wpforms-is-recaptcha-type-v3\" ><input type=\"hidden\" name=\"wpforms[recaptcha]\" value=\"\"><\/div><div class=\"wpforms-submit-container\" ><input type=\"hidden\" name=\"wpforms[id]\" value=\"24986\"><input type=\"hidden\" name=\"page_title\" value=\"\"><input type=\"hidden\" name=\"page_url\" value=\"https:\/\/www.netbilisim-tr.com\/en\/wp-json\/wp\/v2\/pages\/16360\"><input type=\"hidden\" name=\"url_referer\" value=\"\"><button type=\"submit\" name=\"wpforms[submit]\" id=\"wpforms-submit-24986\" class=\"wpforms-submit\" data-alt-text=\"Form g\u00f6nderiliyor...\" data-submit-text=\"Formu G\u00f6nder\" aria-live=\"assertive\" value=\"wpforms-submit\">Formu G\u00f6nder<\/button><\/div><\/form><\/div>  <!-- .wpforms-container -->\n","protected":false},"excerpt":{"rendered":"Please enable JavaScript in your browser to complete this form.Please enable JavaScript in your browser to complete this form.Firma Ad\u0131 \/ \u00dcnvan *Firma Adres *Vergi Dairesi *Vergi No *E-Fatura M\u00fckellefi *E-Fatura M\u00fckellefi?E-Fatura M\u00fckellefiyimE-Fatura M\u00fckellefi De\u011filimFirma \u0130l *Firma Posta KoduFirma \u0130l\u00e7e *Firma Yetkili Ki\u015fi *Firma E-Posta *Firma Telefon *Muhasebe Yetkili Ki\u015fiMuhasebe E-PostaMuhasebe TelefonFarkl\u0131 adrese teslimatTeslimat adresiniz","protected":false},"author":2,"featured_media":0,"parent":0,"menu_order":0,"comment_status":"closed","ping_status":"closed","template":"","meta":{"footnotes":""},"class_list":["post-16360","page","type-page","status-publish","hentry"],"_links":{"self":[{"href":"https:\/\/www.netbilisim-tr.com\/en\/wp-json\/wp\/v2\/pages\/16360","targetHints":{"allow":["GET"]}}],"collection":[{"href":"https:\/\/www.netbilisim-tr.com\/en\/wp-json\/wp\/v2\/pages"}],"about":[{"href":"https:\/\/www.netbilisim-tr.com\/en\/wp-json\/wp\/v2\/types\/page"}],"author":[{"embeddable":true,"href":"https:\/\/www.netbilisim-tr.com\/en\/wp-json\/wp\/v2\/users\/2"}],"replies":[{"embeddable":true,"href":"https:\/\/www.netbilisim-tr.com\/en\/wp-json\/wp\/v2\/comments?post=16360"}],"version-history":[{"count":0,"href":"https:\/\/www.netbilisim-tr.com\/en\/wp-json\/wp\/v2\/pages\/16360\/revisions"}],"wp:attachment":[{"href":"https:\/\/www.netbilisim-tr.com\/en\/wp-json\/wp\/v2\/media?parent=16360"}],"curies":[{"name":"wp","href":"https:\/\/api.w.org\/{rel}","templated":true}]}}