{"id":18117,"date":"2022-04-08T14:00:45","date_gmt":"2022-04-08T11:00:45","guid":{"rendered":"https:\/\/www.netbilisim-tr.com\/data-owner-application-form\/"},"modified":"2025-09-06T23:11:45","modified_gmt":"2025-09-06T20:11:45","slug":"data-owner-application-form","status":"publish","type":"page","link":"https:\/\/www.netbilisim-tr.com\/en\/data-owner-application-form\/","title":{"rendered":"Data Owner Application Form"},"content":{"rendered":"<div class=\"wpb-content-wrapper\"><p>[vc_row][vc_column width=&#8221;1\/4&#8243;][stm_sidebar sidebar=&#8221;18086&#8243;][\/vc_column][vc_column width=&#8221;3\/4&#8243; css=&#8221;.vc_custom_1649411658345{margin-top: 15px !important;}&#8221;][vc_column_text css=&#8221;&#8221;]<\/p>\n<h1 style=\"text-align: center;\">Veri Sahibi Ba\u015fvuru Formu<\/h1>\n<p><\/p>\n<ul style=\"font-size: 14pt;\">\n<li style=\"margin-bottom: 12px;\">Veri sahipleri, yukar\u0131da say\u0131lan haklar\u0131na ili\u015fkin taleplerini <a style=\"color: #0066cc; text-decoration: none;\" href=\"http:\/\/www.resmigazete.gov.tr\/eskiler\/2018\/03\/20180310-6.htm\" target=\"_blank\" rel=\"noopener\">Veri Sorumlusuna Ba\u015fvuru Usul ve Esaslar\u0131 Hakk\u0131nda Tebli\u011f<\/a> \u2019de \u00f6ng\u00f6r\u00fclen ba\u015fvuru usullerine uygun olarak NET AKSESUAR B\u0130L\u0130\u015e\u0130M\u2019a ba\u015fvurabilir. Bu kapsamda a\u015fa\u011f\u0131da linkini payla\u015ft\u0131\u011f\u0131m\u0131z \u201c<strong>Ki\u015fisel Verilerin Korunmas\u0131 Ba\u015fvuru Formu<\/strong>\u201dnu doldurarak; \u015fahsen kimlik teyidi yapmak, iadeli taahh\u00fctl\u00fc olarak veya noter vas\u0131tas\u0131yla ba\u015fvuru formunu \u201cSultan Selim Mah. Turan Sokak No:21\/3 Pk:34415 Ka\u011f\u0131thane \/ \u0130stanbul\u201d adresine postalamak veya <strong>netaksesuarbilisim@hs01.kep.tr<\/strong> adresinden kimlik teyitli bir \u015fekilde e-posta g\u00f6ndermek suretiyle taleplerinizi iletebilir.<\/li>\n<li style=\"margin-bottom: 12px;\">Bu durumda NET AKSESUAR B\u0130L\u0130\u015e\u0130M talebi niteli\u011fine g\u00f6re en k\u0131sa s\u00fcrede ve en ge\u00e7 30 (otuz) g\u00fcn i\u00e7inde \u00fccretsiz olarak sonu\u00e7land\u0131racakt\u0131r. Ancak, i\u015flemin ayr\u0131ca bir maliyeti gerektirmesi h\u00e2linde, NET AKSESUAR B\u0130L\u0130\u015e\u0130M Ki\u015fisel Verileri Koruma Kurulunca belirlenen tarifedeki \u00fccreti talep edebilecektir. Taleplerin al\u0131nmas\u0131, iletilmesi ve sonu\u00e7land\u0131r\u0131lmas\u0131na ili\u015fkin s\u00fcre\u00e7ler \u0130lgili Ki\u015fi Ba\u015fvuru S\u00fcreci uyar\u0131nca ger\u00e7ekle\u015ftirilir.<\/li>\n<li style=\"margin-bottom: 12px;\">NET AKSESUAR B\u0130L\u0130\u015e\u0130M\u2019in t\u00fcm personeli, g\u00f6rev tan\u0131m\u0131 ne olursa olsun kendisine y\u00f6nelmi\u015f veri sahibi eri\u015fim taleplerine y\u00f6nelik olarak do\u011fru ba\u015fvuru y\u00f6ntemi konusunda veri sahiplerini y\u00f6nlendirmekle y\u00fck\u00fcml\u00fcd\u00fcr. NET AKSESUAR B\u0130L\u0130\u015e\u0130M personeli, veri sahiplerinden gelecek talepler konusunda nas\u0131l hareket etmeleri gerekti\u011fi hususunda Veri \u0130leti\u015fim Sorumlusu ile irtibat kuracakt\u0131r.<\/li>\n<\/ul>\n<p><\/p>\n<div style=\"text-align: center; margin-top: 20px;\"><a style=\"font-size: 14pt;\" href=\"\/kvkk\/Veri-Sorumlusuna-Basvuru-Formu.pdf\" target=\"_blank\" rel=\"noopener\"><br \/>\nKi\u015fisel Verilerin Korunmas\u0131 Ba\u015fvuru Formu<br \/>\n<\/a><\/div>\n<p>\n[\/vc_column_text][\/vc_column][\/vc_row][vc_row full_width=&#8221;stretch_row&#8221; el_class=&#8221;third_bg_color&#8221; css=&#8221;.vc_custom_1543498040583{margin-top: 30px !important;margin-bottom: -60px !important;}&#8221;][vc_column][vc_cta h2=&#8221;\u201cNitelikli Elektronik ve Teknoloji\u201d&#8221; h2_font_container=&#8221;tag:h2|font_size:20px|text_align:left|color:%23000000|line_height:24px&#8221; h2_use_theme_fonts=&#8221;yes&#8221; shape=&#8221;square&#8221; style=&#8221;flat&#8221; add_button=&#8221;right&#8221; btn_title=&#8221;Product Catalogue&#8221; btn_style=&#8221;flat&#8221; btn_color=&#8221;theme_style_2&#8243; btn_align=&#8221;right&#8221; btn_i_align=&#8221;right&#8221; btn_i_icon_fontawesome=&#8221;fas fa-angle-right&#8221; css=&#8221;.vc_custom_1665486136650{margin-bottom: 0px !important;}&#8221; particles=&#8221;yes&#8221; use_custom_fonts_h2=&#8221;true&#8221; btn_button_block=&#8221;true&#8221; btn_add_icon=&#8221;true&#8221; el_class=&#8221;third_bg_color&#8221; btn_link=&#8221;url:https%3A%2F%2Fwww.netbilisim-tr.com%2Fwp-content%2Fuploads%2Fkatalog%2FNet-Bilisim-Dijital-Katalog.pdf|target:_blank|&#8221;][\/vc_cta][\/vc_column][\/vc_row]<\/p>\n<\/div>","protected":false},"excerpt":{"rendered":"<p>[vc_row][vc_column width=&#8221;1\/4&#8243;][stm_sidebar sidebar=&#8221;18086&#8243;][\/vc_column][vc_column width=&#8221;3\/4&#8243; css=&#8221;.vc_custom_1649411658345{margin-top: 15px !important;}&#8221;][vc_column_text css=&#8221;&#8221;] Veri Sahibi Ba\u015fvuru Formu Veri sahipleri, yukar\u0131da say\u0131lan haklar\u0131na ili\u015fkin taleplerini Veri Sorumlusuna Ba\u015fvuru Usul ve Esaslar\u0131 Hakk\u0131nda Tebli\u011f \u2019de \u00f6ng\u00f6r\u00fclen ba\u015fvuru usullerine uygun olarak NET AKSESUAR B\u0130L\u0130\u015e\u0130M\u2019a ba\u015fvurabilir. Bu kapsamda a\u015fa\u011f\u0131da linkini payla\u015ft\u0131\u011f\u0131m\u0131z \u201cKi\u015fisel Verilerin Korunmas\u0131 Ba\u015fvuru Formu\u201dnu doldurarak; \u015fahsen kimlik teyidi yapmak, iadeli taahh\u00fctl\u00fc olarak<\/p>\n","protected":false},"author":2,"featured_media":0,"parent":0,"menu_order":0,"comment_status":"closed","ping_status":"closed","template":"","meta":{"footnotes":""},"class_list":["post-18117","page","type-page","status-publish","hentry"],"_links":{"self":[{"href":"https:\/\/www.netbilisim-tr.com\/en\/wp-json\/wp\/v2\/pages\/18117","targetHints":{"allow":["GET"]}}],"collection":[{"href":"https:\/\/www.netbilisim-tr.com\/en\/wp-json\/wp\/v2\/pages"}],"about":[{"href":"https:\/\/www.netbilisim-tr.com\/en\/wp-json\/wp\/v2\/types\/page"}],"author":[{"embeddable":true,"href":"https:\/\/www.netbilisim-tr.com\/en\/wp-json\/wp\/v2\/users\/2"}],"replies":[{"embeddable":true,"href":"https:\/\/www.netbilisim-tr.com\/en\/wp-json\/wp\/v2\/comments?post=18117"}],"version-history":[{"count":0,"href":"https:\/\/www.netbilisim-tr.com\/en\/wp-json\/wp\/v2\/pages\/18117\/revisions"}],"wp:attachment":[{"href":"https:\/\/www.netbilisim-tr.com\/en\/wp-json\/wp\/v2\/media?parent=18117"}],"curies":[{"name":"wp","href":"https:\/\/api.w.org\/{rel}","templated":true}]}}