{"id":18189,"date":"2022-04-14T12:58:32","date_gmt":"2022-04-14T09:58:32","guid":{"rendered":"https:\/\/www.netbilisim-tr.com\/cookie-policy\/"},"modified":"2023-10-17T22:47:19","modified_gmt":"2023-10-17T19:47:19","slug":"cookie-policy","status":"publish","type":"page","link":"https:\/\/www.netbilisim-tr.com\/en\/cookie-policy\/","title":{"rendered":"Cookie Policy"},"content":{"rendered":"<div class=\"wpb-content-wrapper\"><p>[vc_row][vc_column width=&#8221;1\/4&#8243;][stm_sidebar sidebar=&#8221;18086&#8243;][\/vc_column][vc_column width=&#8221;3\/4&#8243; css=&#8221;.vc_custom_1649411658345{margin-top: 15px !important;}&#8221;][vc_column_text]<\/p>\n<h1 style=\"text-align: center;\"><span style=\"font-family: georgia, palatino, serif; font-size: 18pt;\"><strong>\u00c7EREZ POL\u0130T\u0130KASI<\/strong><\/span><\/h1>\n<p style=\"text-align: justify;\"><span style=\"font-size: 11pt; font-family: georgia, palatino, serif;\"><span style=\"font-size: 12.0pt;\">Net Aksesuar Bili\u015fim \u00dcr\u00fcnleri San. Ve Tic. A.\u015e.<\/span><span style=\"font-size: 12.0pt;\"> (\u201c<strong>Net Bili\u015fim<\/strong>\u201d) olarak internet sitelerimizden en verimli \u015fekilde faydalanabilmeniz ve kullan\u0131c\u0131 deneyiminizi geli\u015ftirebilmek i\u00e7in \u00e7erezler kullanmaktay\u0131z. \u00c7erez kullan\u0131lmas\u0131n\u0131 tercih etmezseniz taray\u0131c\u0131n\u0131z\u0131n ayarlar\u0131ndan veya a\u015fa\u011f\u0131daki detayl\u0131 \u00e7erez kald\u0131r\u0131m a\u00e7\u0131klamas\u0131ndan \u00e7erezleri silebilir ya da engelleyebilirsiniz. Ancak bunun internet sitelerimizin kullan\u0131m\u0131n\u0131z\u0131 etkileyebilece\u011fini hat\u0131rlatmak isteriz. Taray\u0131c\u0131n\u0131zdan \u00e7erez ayarlar\u0131n\u0131z\u0131 de\u011fi\u015ftirmedi\u011finiz s\u00fcrece internet sitelerimizde \u00e7erez kullan\u0131m\u0131n\u0131 kabul etti\u011finizi varsayaca\u011f\u0131z. Toplanan verilerle ilgili d\u00fczenlemelere internet sitelerimizde yer alan Ayd\u0131nlatma Metninden ula\u015fabilirsiniz.<\/span><\/span><\/p>\n<p style=\"text-align: justify;\"><span style=\"font-size: 12pt; font-family: georgia, palatino, serif;\">\u00c7erezlerimiz, internet sitelerimizi kullanman\u0131z s\u0131ras\u0131nda size ki\u015fiselle\u015ftirilmi\u015f bir deneyim sunmak, hizmetlerimizi geli\u015ftirmek ve deneyiminizi iyile\u015ftirmek i\u00e7in kullan\u0131l\u0131r.<\/span><\/p>\n<p style=\"text-align: justify;\"><span style=\"font-size: 12pt; font-family: georgia, palatino, serif;\">\u00c7erezler kullan\u0131m ama\u00e7 ve \u015fekillerine g\u00f6re farkl\u0131 ba\u015fl\u0131klarda de\u011ferlendirilebilirler. Bu ba\u015fl\u0131klardan baz\u0131lar\u0131 a\u015fa\u011f\u0131da a\u00e7\u0131klanm\u0131\u015ft\u0131r;<\/span><\/p>\n<p style=\"text-align: justify;\"><span style=\"font-size: 12pt; font-family: georgia, palatino, serif;\"><strong>\u00a0<\/strong><\/span><\/p>\n<p style=\"text-align: justify;\"><span style=\"font-size: 12pt; font-family: georgia, palatino, serif;\"><strong>Oturum \u00e7erezleri: <\/strong>Ge\u00e7ici \u00e7erezlerdir, taray\u0131c\u0131n\u0131z\u0131 kapatt\u0131\u011f\u0131n\u0131zda silinirler, yani kal\u0131c\u0131 de\u011fillerdir. Sitelerimizin ve sizin, ziyaretinizde g\u00fcvenli\u011fini, s\u00fcreklili\u011fini sa\u011flamak gibi ama\u00e7larla kullan\u0131l\u0131rlar.<\/span><\/p>\n<p style=\"text-align: justify;\"><span style=\"font-size: 12pt; font-family: georgia, palatino, serif;\"><strong>\u00a0<\/strong><\/span><\/p>\n<p style=\"text-align: justify;\"><span style=\"font-size: 12pt; font-family: georgia, palatino, serif;\"><strong>Kal\u0131c\u0131 \u00e7erezler:<\/strong> Sizin bir hareketinizle ya da \u00e7erezin i\u00e7erisindeki s\u00fcre aral\u0131\u011f\u0131 sona erene kadar taray\u0131c\u0131n\u0131z\u0131n alt klas\u00f6rlerinde tutulurlar. Bu \u00e7erezler sizin bilgilerinizi ve se\u00e7imlerinizi bir sonraki ziyaretinizde internet sitemizin hat\u0131rlamas\u0131na yard\u0131mc\u0131 olurlar.<\/span><\/p>\n<p style=\"text-align: justify;\"><span style=\"font-size: 12pt; font-family: georgia, palatino, serif;\"><strong>\u00a0<\/strong><\/span><\/p>\n<p style=\"text-align: justify;\"><span style=\"font-size: 12pt; font-family: georgia, palatino, serif;\"><strong>Birinci ve \u00fc\u00e7\u00fcnc\u00fc ki\u015fi \u00e7erezler:<\/strong> Birinci ki\u015fi \u00e7erezler sitemiz taraf\u0131ndan kullan\u0131lan \u00e7erezlerdir. \u00dc\u00e7\u00fcnc\u00fc ki\u015fi \u00e7erezler ise sitemiz haricinde bilgisayar\u0131n\u0131za kurulan \u00e7erezlerdir.<\/span><\/p>\n<p style=\"text-align: justify;\"><span style=\"font-size: 12pt; font-family: georgia, palatino, serif;\"><strong>\u00a0<\/strong><\/span><\/p>\n<p style=\"text-align: justify;\"><span style=\"font-size: 12pt; font-family: georgia, palatino, serif;\"><strong>Zorunlu \u00e7erezler:<\/strong> <a style=\"color: blue; text-decoration: underline;\" href=\"http:\/\/www.netbilisim-tr.com\">www.netbilisim-tr.com<\/a> internet sitesinin d\u00fczg\u00fcn \u015fekilde \u00e7al\u0131\u015fabilmesi i\u00e7in, \u00f6zelliklerinin d\u00fczg\u00fcn \u015fekilde sunulabilmesi amac\u0131yla kurulan anonim nitelikte \u00e7erezlerdir.\u00a0\u00a0\u00a0\u00a0\u00a0\u00a0\u00a0\u00a0\u00a0\u00a0\u00a0\u00a0\u00a0\u00a0\u00a0\u00a0\u00a0\u00a0\u00a0\u00a0\u00a0 <\/span><\/p>\n<p style=\"text-align: justify;\"><span style=\"font-size: 12pt; font-family: georgia, palatino, serif;\"><strong>\u00a0<\/strong><\/span><\/p>\n<p style=\"text-align: justify;\"><span style=\"font-size: 12pt; font-family: georgia, palatino, serif;\"><strong>\u0130\u015flevsel ve analitik \u00e7erezler:<\/strong> Tercihlerinizin hat\u0131rlanmas\u0131 ve gezinme deneyiminizi geli\u015ftirmemize yarayan i\u015flevsel \u00e7erezler ve hangi sayfalar\u0131m\u0131z\u0131n daha fazla ilgi \u00e7ekti\u011fini, hangi kaynaklar\u0131n daha \u00e7ok g\u00f6r\u00fcnt\u00fclendi\u011fini g\u00f6rmemize yarayan, sitelerimizdeki trafi\u011fi g\u00f6rerek bu trafi\u011fe uygun hizmet sa\u011flamam\u0131z\u0131 sa\u011flayan analitik \u00e7erezler kullan\u0131lmaktad\u0131r. Bu nitelikte \u00e7erezler de anonimdir.\u00a0\u00a0\u00a0\u00a0 \u00a0\u00a0\u00a0<\/span><\/p>\n<p style=\"text-align: justify;\"><span style=\"font-size: 12pt; font-family: georgia, palatino, serif;\"><strong>Net Bili\u015fim<\/strong>\u2019in, internet sitesi ve\/veya sitelerinde veya mobil web de oturum \u00e7erezleri, zorunlu \u00e7erezler, kal\u0131c\u0131 \u00e7erezler ile i\u015flevsel ve analitik \u00e7erezleri kullanmaktad\u0131r. <\/span><\/p>\n<p style=\"text-align: justify;\"><span style=\"font-size: 12pt; font-family: georgia, palatino, serif;\">Web sitemiz WooCommerce taraf\u0131ndan desteklenmektedir ve bu nedenle kullan\u0131lan \u00e7erezler \u00f6ncelikle WooCommerce\u2019in elektronik ticaret platformu taraf\u0131ndan belirlenmektedir. WooCommerce\u2019in kendi web sitesi ile ma\u011faza sahiplerinin sitelerinde \u00e7erezlerin nas\u0131l kullan\u0131ld\u0131\u011f\u0131na ili\u015fkin \u00e7erez politikas\u0131na <a style=\"color: blue; text-decoration: underline;\" href=\"https:\/\/woocommerce.com\/document\/woocommerce-cookies\/\" target=\"_blank\" rel=\"noopener\">https:\/\/woocommerce.com\/document\/woocommerce-cookies\/<\/a> adresinden ula\u015fabilirsiniz.<\/span><\/p>\n<p style=\"text-align: justify;\"><span style=\"font-size: 12pt; font-family: georgia, palatino, serif;\"><strong>Sitelerimizin kulland\u0131\u011f\u0131 zorunlu ve birinci parti olanlar haricinde kullan\u0131lan \u00e7erezler \u015funlard\u0131r:<\/strong><\/span><\/p>\n<p style=\"text-align: justify;\"><span style=\"font-size: 12pt; font-family: georgia, palatino, serif;\"><strong>Google:<\/strong> Google \u00e7erezleri pek \u00e7ok ama\u00e7la kullan\u0131labilir. \u00d6rne\u011fin, g\u00fcvenli arama tercihlerinizi hat\u0131rlamak, size daha alakal\u0131 reklamlar g\u00f6stermek, bir sayfaya ka\u00e7 ziyaret\u00e7i geldi\u011fini belirlemek, Google taraf\u0131ndan sunulan hizmetleri kullanman\u0131za ve bunlara kaydolman\u0131za yard\u0131mc\u0131 olmak, verilerinizi korumak veya reklam ayarlar\u0131n\u0131z\u0131 hat\u0131rlamak i\u00e7in kullan\u0131r.<\/span><\/p>\n<p style=\"text-align: justify;\"><span style=\"font-size: 12pt; font-family: georgia, palatino, serif;\"><strong>\u00a0<\/strong><\/span><\/p>\n<p style=\"text-align: justify;\"><span style=\"font-size: 12pt; font-family: georgia, palatino, serif;\"><strong>Google Analytics:<\/strong> Kullan\u0131c\u0131lar\u0131n internet sitesini nas\u0131l kulland\u0131\u011f\u0131n\u0131 analiz eden bir web analiz arac\u0131d\u0131r. Anonim olan bilgilerin yan\u0131 s\u0131ra internet sitesini kullanman\u0131zla ilgili ki\u015fisel veri niteli\u011findeki bilgiler (\u0130sim, adres, e-mail adresi, IP adresi) taray\u0131c\u0131n\u0131z taraf\u0131ndan Google\u2019a g\u00f6nderilir ve Google taraf\u0131ndan i\u015flenir.<\/span><\/p>\n<p style=\"text-align: justify;\"><span style=\"font-size: 11pt; font-family: georgia, palatino, serif;\"><strong><span style=\"font-size: 12.0pt;\">Google Tag Manager:<\/span><\/strong><span style=\"font-size: 12.0pt;\"> Bu \u00e7erezler bir dahaki ziyaretinizde sizi tan\u0131mam\u0131za izin veren cihaz\u0131n\u0131za \u00f6zg\u00fcn ve rastgele olu\u015fturulmu\u015f bir kimlik (ID) atayarak internet sitesi kullan\u0131m\u0131n\u0131z\u0131 analiz etmemizi sa\u011flayacakt\u0131r. Bilgileriniz taray\u0131c\u0131n\u0131z taraf\u0131ndan Google\u2019a g\u00f6nderilir ve Google taraf\u0131ndan i\u015flenir.<\/span><\/span><\/p>\n<p style=\"text-align: justify;\"><span style=\"font-size: 11pt; font-family: georgia, palatino, serif;\"><strong><span style=\"font-size: 12.0pt;\">DoubleClick:<\/span><\/strong><span style=\"font-size: 12.0pt;\"> Google, kendi m\u00fclklerinde reklamlar\u0131 \u00f6zelle\u015ftirmeye yard\u0131mc\u0131 olmas\u0131 i\u00e7in baz\u0131 \u00e7erezler kullan\u0131r. Web genelinde Google taraf\u0131ndan sunulan reklamlar i\u00e7in de bir veya daha fazla \u00e7erez kullan\u0131l\u0131r. Google d\u0131\u015f\u0131ndaki sitelerde kullan\u0131lan ana reklam \u00e7erezlerinden birine \u201cIDE\u201d denir ve taray\u0131c\u0131larda doubleclick.net alan ad\u0131 alt\u0131nda depolan\u0131r.<\/span><\/span><\/p>\n<p style=\"text-align: justify;\"><span style=\"font-size: 11pt; font-family: georgia, palatino, serif;\"><strong><span style=\"font-size: 12.0pt;\">Jetpack:<\/span><\/strong><span style=\"font-size: 12.0pt;\"> \u00c7erezler Jetpack taraf\u0131ndan \u00e7e\u015fitli \u015fekillerde kullan\u0131l\u0131r. Yerle\u015ftirilen \u00e7erezler, s\u00f6z konusu sitede etkinle\u015ftirilen belirli \u00f6zelliklere ba\u011fl\u0131 olarak de\u011fi\u015fir. \u00c7erezler ancak bir kullan\u0131c\u0131 bu \u00f6zelliklerden biriyle etkile\u015fim kurdu\u011funda veya sitenin panosundan (\/wp-admin) y\u00f6netici i\u015flevlerinin ger\u00e7ekle\u015ftirilmesine izin verdi\u011finde ayarlan\u0131r. Jetpack eklentisinin kurulu oldu\u011fu sitelerdeki kay\u0131tl\u0131 kullan\u0131c\u0131lar i\u00e7in yerle\u015ftirilen \u00e7e\u015fitli tan\u0131mlama bilgilerinin listelendi\u011fi https:\/\/tr.jetpack.com\/support\/tanimlama-bilgileri\/ adresindeki tablolarda daha ayr\u0131nt\u0131l\u0131 bilgi verilmektedir. Jetpack.com taraf\u0131ndan yerle\u015ftirilen \u00e7erezler veya Jetpack eklentisinin kurulu oldu\u011fu sitelerin ziyaret\u00e7ileri hakk\u0131nda bilgi i\u00e7in l\u00fctfen automattic.com\/cookies adresindeki politikaya bak\u0131n.<\/span><\/span><\/p>\n<p style=\"text-align: justify;\"><span style=\"font-size: 12pt; font-family: georgia, palatino, serif;\">Kullan\u0131c\u0131 internet taray\u0131c\u0131lar\u0131n\u0131n &#8220;yard\u0131m&#8221; dosyas\u0131nda verilen talimatlar\u0131 izleyerek veya &#8221;\u00a0<a style=\"color: blue; text-decoration: underline;\" href=\"http:\/\/www.allaboutcookies.org\/\" target=\"_blank\" rel=\"noopener\">www.allaboutcookies.org\u00a0<\/a>&#8221; veya &#8220;<u><a style=\"color: blue; text-decoration: underline;\" href=\"http:\/\/www.youronlinechoices.eu\/\" target=\"_blank\" rel=\"noopener\">www.youronlinechoices.eu\u00a0<\/a><\/u>&#8221; adresini ziyaret ederek kal\u0131c\u0131 \u00e7erezleri kald\u0131rabilir ve hem oturum \u00e7erezlerini hem de kal\u0131c\u0131 \u00e7erezleri reddedebilir. Kullan\u0131c\u0131 kal\u0131c\u0131 \u00e7erezleri veya oturum \u00e7erezlerini reddetmesi halinde, s\u00f6z konusu web sitesini, veya mobil webi kullanmaya devam edebilir, fakat s\u00f6z konusu mecralar\u0131n t\u00fcm i\u015flevlerine eri\u015femeyebilir veya eri\u015fimi s\u0131n\u0131rl\u0131 olabilir.<\/span><\/p>\n<p><span style=\"font-family: georgia, palatino, serif;\"><\/span>[\/vc_column_text][vc_column_text]<\/p>\n<div class=\"cli_pg_page_contaner\">\n<h3>Onay\u0131n\u0131z\u0131 d\u00fczenleme<\/h3>\n<div><span style=\"font-size: 12pt; font-family: georgia, palatino, serif;\">Web sitemizdeki \u00c7erez Beyannamesi&#8217;ndeki onay\u0131n\u0131z\u0131 istedi\u011finiz zaman de\u011fi\u015ftirebilir veya geri \u00e7ekebilirsiniz.<\/span><\/div>\n<div><span style=\"font-size: 12pt; font-family: georgia, palatino, serif;\">\u0130zniniz a\u015fa\u011f\u0131daki alanlar i\u00e7in ge\u00e7erlidir: www.netbilisim-tr.com<\/span><\/div>\n<div><span style=\"font-family: georgia, palatino, serif; font-size: 12pt;\"><div class=\"cli_user_consent_state\">Your current state: No consent given. <a class=\"cli_manage_current_consent\" style=\"cursor:pointer;text-decoration:underline;\">Manage your consent.<\/a> <\/div><\/span><\/div>\n<div><\/div>\n<div><\/div>\n<h3><span style=\"font-family: georgia, palatino, serif; font-size: 14pt;\">\u00c7erez tercihlerini nas\u0131l kontrol edebilirim?<\/span><\/h3>\n<div>\n<p><span style=\"font-family: georgia, palatino, serif; font-size: 12pt;\">Tercihlerinizi daha sonra g\u00f6z atma oturumunuzdan de\u011fi\u015ftirmeye karar verirseniz, <a role='button' tabindex='0' class=\"medium cli-plugin-button cli-plugin-main-button cli_settings_button\">\u00c7erez Ayarlar\u0131<\/a> sekmesine t\u0131klayabilirsiniz. Bu, tercihlerinizi de\u011fi\u015ftirmenize veya onay\u0131n\u0131z\u0131 tamamen geri \u00e7ekmenize olanak tan\u0131yan onay bildirimini tekrar g\u00f6r\u00fcnt\u00fcler.<\/span><\/p>\n<p><span style=\"font-family: georgia, palatino, serif; font-size: 12pt;\">Buna ek olarak, farkl\u0131 taray\u0131c\u0131lar, web siteleri taraf\u0131ndan kullan\u0131lan \u00e7erezleri engellemek ve silmek i\u00e7in farkl\u0131 y\u00f6ntemler sunar. \u00c7erezleri engellemek\/silmek i\u00e7in taray\u0131c\u0131n\u0131z\u0131n ayarlar\u0131n\u0131 de\u011fi\u015ftirebilirsiniz.<\/span><\/p>\n<p><span style=\"font-family: georgia, palatino, serif; font-size: 12pt;\">\u00c7erezlerin nas\u0131l y\u00f6netilece\u011fi ve silinece\u011fi hakk\u0131nda daha fazla bilgi edinmek i\u00e7in a\u015fa\u011f\u0131daki bilgileri okuyun.<\/span><\/p>\n<\/div>\n<\/div>\n<p>&nbsp;<\/p>\n<h2 style=\"text-align: center;\"><span style=\"font-size: 18pt; font-family: georgia, palatino, serif;\"><strong>Taray\u0131c\u0131lardaki \u00e7erezler nas\u0131l silinir?<\/strong><\/span><\/h2>\n<p><span style=\"font-size: 12pt; font-family: georgia, palatino, serif;\">\u00c7erezlerin \u00e7o\u011funun silinmesi kolayd\u0131r.\u00a0Sadece taray\u0131c\u0131n\u0131z\u0131 se\u00e7in ve talimatlar\u0131 izleyin.<\/span><\/p>\n<p>&nbsp;<\/p>\n<h4><span style=\"font-family: georgia, palatino, serif; font-size: 14pt;\"><strong>Chrome<\/strong><\/span><\/h4>\n<ol>\n<li><span style=\"font-size: 12pt; font-family: georgia, palatino, serif;\">Klavyenizde Ctrl + Shift + Delete tu\u015flar\u0131na bas\u0131n.<\/span><\/li>\n<li><span style=\"font-size: 12pt; font-family: georgia, palatino, serif;\">Bir zaman aral\u0131\u011f\u0131 se\u00e7in.\u00a0\u00a0\u00a0\u00a0\u00a0\u00a0\u00a0\u00a0 \u00a0\u00a0\u00a0\u00a0\u00a0\u00a0\u00a0\u00a0\u00a0\u00a0\u00a0\u00a0\u00a0\u00a0\u00a0\u00a0\u00a0\u00a0\u00a0\u00a0\u00a0\u00a0\u00a0\u00a0\u00a0<span style=\"color: white;\">www.akkasgroup.com<\/span><\/span><\/li>\n<li><span style=\"font-size: 12pt; font-family: georgia, palatino, serif;\">&#8216;\u00c7erezler ve di\u011fer site verileri&#8217; onay kutusunu se\u00e7in.<\/span><\/li>\n<li><span style=\"font-size: 12pt; font-family: georgia, palatino, serif;\">&#8220;Verileri temizle&#8221; d\u00fc\u011fmesini t\u0131klay\u0131n.<\/span><\/li>\n<\/ol>\n<p>&nbsp;<\/p>\n<p><span style=\"font-size: 11pt;\"><span style=\"font-family: Calibri,sans-serif;\"><span style=\"font-family: 'Times New Roman',serif;\"><img loading=\"lazy\" decoding=\"async\" id=\"_x0030__x0020_Resim\" class=\"alignnone\" src=\"https:\/\/www.netbilisim-tr.com\/wp-content\/uploads\/chrome.jpg\" alt=\"Chrome\" width=\"521\" height=\"559\" \/> <\/span><\/span><\/span><\/p>\n<h4><\/h4>\n<h4><span style=\"font-family: georgia, palatino, serif; font-size: 14pt;\"><strong>Firefox<\/strong><\/span><\/h4>\n<ol>\n<li><span style=\"font-size: 12pt; font-family: georgia, palatino, serif;\">Klavyenizde Ctrl + Shift + Delete tu\u015flar\u0131na bas\u0131n.<\/span><\/li>\n<li><span style=\"font-size: 12pt; font-family: georgia, palatino, serif;\">Temizlenecek bir zaman aral\u0131\u011f\u0131 se\u00e7in.<\/span><\/li>\n<li><span style=\"font-size: 12pt; font-family: georgia, palatino, serif;\">&#8216;\u00c7erezler&#8217; onay kutusunu se\u00e7in.\u00a0\u00a0\u00a0\u00a0\u00a0\u00a0 \u00a0\u00a0\u00a0\u00a0\u00a0<span style=\"color: white;\">www.akkasgroup.com<\/span><\/span><\/li>\n<li><span style=\"font-size: 12pt; font-family: georgia, palatino, serif;\">&#8220;\u015eimdi temizle&#8221; d\u00fc\u011fmesini t\u0131klay\u0131n.<\/span><\/li>\n<\/ol>\n<p>&nbsp;<\/p>\n<p><span style=\"font-size: 12pt;\"><span style=\"font-family: 'Times New Roman',serif;\"><span style=\"font-family: 'Arial',sans-serif;\"><span style=\"color: #414141;\"><img decoding=\"async\" id=\"_x0031__x0020_Resim\" src=\"https:\/\/www.netbilisim-tr.com\/wp-content\/uploads\/firefox.jpg\" alt=\"Firefox\" \/> <\/span><\/span><\/span><\/span><\/p>\n<p>&nbsp;<\/p>\n<p><span style=\"font-size: 14pt; font-family: georgia, palatino, serif;\"><strong>Safari<\/strong><\/span><\/p>\n<ol>\n<li><span style=\"font-size: 12pt; font-family: georgia, palatino, serif;\">Safari men\u00fcs\u00fcnden Tercihler&#8217; i se\u00e7in.<\/span><\/li>\n<li><span style=\"font-size: 12pt; font-family: georgia, palatino, serif;\">Gizlilik sekmesine gidin.\u00a0\u00a0\u00a0\u00a0\u00a0\u00a0\u00a0\u00a0\u00a0\u00a0\u00a0\u00a0\u00a0\u00a0\u00a0\u00a0\u00a0 \u00a0\u00a0\u00a0\u00a0\u00a0<span style=\"color: white;\">www.akkasgroup.com<\/span><\/span><\/li>\n<li><span style=\"font-size: 12pt; font-family: georgia, palatino, serif;\">&#8216;Web sitesi verilerini y\u00f6net&#8217; i t\u0131klay\u0131n.<\/span><\/li>\n<li><span style=\"font-size: 12pt; font-family: georgia, palatino, serif;\">&#8216;T\u00fcm\u00fcn\u00fc Kald\u0131r&#8217; \u0131 t\u0131klay\u0131n.<\/span><\/li>\n<\/ol>\n<p>&nbsp;<\/p>\n<p><span style=\"font-size: 11pt;\"><span style=\"font-family: Calibri,sans-serif;\"><span style=\"font-family: 'Times New Roman',serif;\"><img decoding=\"async\" id=\"_x0032__x0020_Resim\" src=\"https:\/\/www.netbilisim-tr.com\/wp-content\/uploads\/safari.jpg\" alt=\"Safari\" \/> <\/span><\/span><\/span><\/p>\n<h4><\/h4>\n<h4><span style=\"font-family: georgia, palatino, serif; font-size: 14pt;\"><strong>Edge<\/strong><\/span><\/h4>\n<ol>\n<li><span style=\"font-size: 12pt; font-family: georgia, palatino, serif;\">Klavyenizde Ctrl + Shift + Delete tu\u015flar\u0131na bas\u0131n.<\/span><\/li>\n<li><span style=\"font-size: 12pt; font-family: georgia, palatino, serif;\">&#8216;\u00c7erezler ve kaydedilmi\u015f web sitesi verileri&#8217; onay kutusunu se\u00e7in.<\/span><\/li>\n<li><span style=\"font-size: 12pt;\"><span style=\"font-family: 'Times New Roman',serif;\"><span style=\"font-family: georgia, palatino, serif;\">&#8220;Temizle&#8221; d\u00fc\u011fmesini t\u0131klay\u0131n.\u00a0\u00a0\u00a0\u00a0\u00a0<\/span>\u00a0\u00a0\u00a0\u00a0\u00a0\u00a0\u00a0\u00a0\u00a0\u00a0\u00a0\u00a0\u00a0 \u00a0\u00a0\u00a0\u00a0\u00a0<span style=\"color: white;\">www.akkasgroup.com<\/span><\/span><\/span><\/li>\n<\/ol>\n<p>&nbsp;<\/p>\n<p><span style=\"font-size: 12pt;\"><span style=\"font-family: 'Times New Roman',serif;\"><span style=\"font-family: 'Arial',sans-serif;\"><span style=\"color: #414141;\"><img decoding=\"async\" id=\"_x0033__x0020_Resim\" src=\"https:\/\/www.netbilisim-tr.com\/wp-content\/uploads\/edge.jpg\" alt=\"Edge\" \/> <\/span><\/span><\/span><\/span><\/p>\n<h4><\/h4>\n<h4><span style=\"font-family: georgia, palatino, serif; font-size: 14pt;\"><strong>Internet Explorer<\/strong><\/span><\/h4>\n<ol>\n<li><span style=\"font-size: 12pt; font-family: georgia, palatino, serif;\">Klavyenizde Ctrl + Shift + Delete tu\u015flar\u0131na bas\u0131n.<\/span><\/li>\n<li><span style=\"font-size: 12pt; font-family: georgia, palatino, serif;\">&#8216;\u00c7erezler ve web sitesi verileri&#8217; onay kutusunu se\u00e7in.\u00a0\u00a0\u00a0\u00a0 \u00a0\u00a0\u00a0\u00a0\u00a0<span style=\"color: white;\">www.akkasgroup.com<\/span><\/span><\/li>\n<li><span style=\"font-size: 12pt; font-family: georgia, palatino, serif;\">&#8220;Sil&#8221; d\u00fc\u011fmesini t\u0131klay\u0131n.<\/span><\/li>\n<\/ol>\n<p><span style=\"font-size: 11pt;\"><span style=\"font-family: Calibri,sans-serif;\"><span style=\"font-family: 'Times New Roman',serif;\"><img decoding=\"async\" id=\"_x0034__x0020_Resim\" src=\"https:\/\/www.netbilisim-tr.com\/wp-content\/uploads\/explorer.jpg\" alt=\"\u0130nternet Explorer\" \/><\/span><\/span><\/span>[\/vc_column_text][\/vc_column][\/vc_row][vc_row full_width=&#8221;stretch_row&#8221; el_class=&#8221;third_bg_color&#8221; css=&#8221;.vc_custom_1543498040583{margin-top: 30px !important;margin-bottom: -60px !important;}&#8221;][vc_column][vc_cta h2=&#8221;\u201cNitelikli Elektronik ve Teknoloji\u201d&#8221; h2_font_container=&#8221;tag:h2|font_size:20px|text_align:left|color:%23000000|line_height:24px&#8221; h2_use_theme_fonts=&#8221;yes&#8221; shape=&#8221;square&#8221; style=&#8221;flat&#8221; add_button=&#8221;right&#8221; btn_title=&#8221;Product Catalogue&#8221; btn_style=&#8221;flat&#8221; btn_color=&#8221;theme_style_2&#8243; btn_align=&#8221;right&#8221; btn_i_align=&#8221;right&#8221; btn_i_icon_fontawesome=&#8221;fas fa-chevron-right&#8221; particles=&#8221;yes&#8221; use_custom_fonts_h2=&#8221;true&#8221; btn_button_block=&#8221;true&#8221; btn_add_icon=&#8221;true&#8221; el_class=&#8221;third_bg_color&#8221; css=&#8221;.vc_custom_1665486090964{margin-bottom: 0px !important;}&#8221; btn_link=&#8221;url:https%3A%2F%2Fwww.netbilisim-tr.com%2Fwp-content%2Fuploads%2Fkatalog%2FNet-Bilisim-Dijital-Katalog.pdf|target:_blank|&#8221;][\/vc_cta][\/vc_column][\/vc_row]<\/p>\n<\/div>","protected":false},"excerpt":{"rendered":"<p>[vc_row][vc_column width=&#8221;1\/4&#8243;][stm_sidebar sidebar=&#8221;18086&#8243;][\/vc_column][vc_column width=&#8221;3\/4&#8243; css=&#8221;.vc_custom_1649411658345{margin-top: 15px !important;}&#8221;][vc_column_text] \u00c7EREZ POL\u0130T\u0130KASI Net Aksesuar Bili\u015fim \u00dcr\u00fcnleri San. Ve Tic. A.\u015e. (\u201cNet Bili\u015fim\u201d) olarak internet sitelerimizden en verimli \u015fekilde faydalanabilmeniz ve kullan\u0131c\u0131 deneyiminizi geli\u015ftirebilmek i\u00e7in \u00e7erezler kullanmaktay\u0131z. \u00c7erez kullan\u0131lmas\u0131n\u0131 tercih etmezseniz taray\u0131c\u0131n\u0131z\u0131n ayarlar\u0131ndan veya a\u015fa\u011f\u0131daki detayl\u0131 \u00e7erez kald\u0131r\u0131m a\u00e7\u0131klamas\u0131ndan \u00e7erezleri silebilir ya da engelleyebilirsiniz. Ancak bunun internet sitelerimizin kullan\u0131m\u0131n\u0131z\u0131<\/p>\n","protected":false},"author":2,"featured_media":0,"parent":0,"menu_order":0,"comment_status":"closed","ping_status":"closed","template":"","meta":{"footnotes":""},"class_list":["post-18189","page","type-page","status-publish","hentry"],"_links":{"self":[{"href":"https:\/\/www.netbilisim-tr.com\/en\/wp-json\/wp\/v2\/pages\/18189","targetHints":{"allow":["GET"]}}],"collection":[{"href":"https:\/\/www.netbilisim-tr.com\/en\/wp-json\/wp\/v2\/pages"}],"about":[{"href":"https:\/\/www.netbilisim-tr.com\/en\/wp-json\/wp\/v2\/types\/page"}],"author":[{"embeddable":true,"href":"https:\/\/www.netbilisim-tr.com\/en\/wp-json\/wp\/v2\/users\/2"}],"replies":[{"embeddable":true,"href":"https:\/\/www.netbilisim-tr.com\/en\/wp-json\/wp\/v2\/comments?post=18189"}],"version-history":[{"count":0,"href":"https:\/\/www.netbilisim-tr.com\/en\/wp-json\/wp\/v2\/pages\/18189\/revisions"}],"wp:attachment":[{"href":"https:\/\/www.netbilisim-tr.com\/en\/wp-json\/wp\/v2\/media?parent=18189"}],"curies":[{"name":"wp","href":"https:\/\/api.w.org\/{rel}","templated":true}]}}