{"id":13404,"date":"2019-08-26T18:25:07","date_gmt":"2019-08-26T15:25:07","guid":{"rendered":"https:\/\/www.netbilisim-tr.com\/?post_type=product&#038;p=13404"},"modified":"2025-11-26T11:47:51","modified_gmt":"2025-11-26T08:47:51","slug":"ion-premier-lp-bluetooth-hoparlorlu-ahsap-pikap","status":"publish","type":"product","link":"https:\/\/www.netbilisim-tr.com\/en\/urun\/ion-premier-lp-bluetooth-hoparlorlu-ahsap-pikap\/","title":{"rendered":"ION PREMIER LP Bluetooth &#8211; Hoparl\u00f6rl\u00fc Ah\u015fap Pikap"},"content":{"rendered":"<p>ION PREMIER LP Bluetooth &#8211; Hoparl\u00f6rl\u00fc Ah\u015fap Pikap<\/p>\n<p>&#8221; Zengin g\u00f6r\u00fcn\u00fcml\u00fc \u015f\u0131k ah\u015fap g\u00f6vde tasar\u0131m\u0131<br \/>\n&#8221; M\u00fczik kayd\u0131n\u0131z\u0131 kablosuz olarak herhangi bir Bluetooth hoparl\u00f6rden (dahil de\u011fildir) ya da dahili hoparl\u00f6rlerden dinleyebilirsiniz.<br \/>\n&#8221; Kay\u0131t sonunda m\u00fczik kolu otomatik olarak yerine geri d\u00f6ner ve plak\u00e7alar\u0131 durdurur.<br \/>\n&#8221; Tam boyutlu tabla pla\u011f\u0131n daha stabil olmas\u0131n\u0131 sa\u011flar.<br \/>\n&#8221; USB ile bilgisayar\u0131n\u0131za ba\u011flanabilir ve kay\u0131tlar\u0131 ve di\u011fer sesleri dijital dosyalara d\u00f6n\u00fc\u015ft\u00fcrebilirsiniz.<br \/>\n&#8221; 33 1\/3, 45 ve 78 RPM kay\u0131tlar\u0131n\u0131 oynat\u0131r<br \/>\n&#8221; Kulakl\u0131k i\u00e7in jack giri\u015fi<br \/>\n&#8221; \u00dccretsiz olarak indirilebilir EZ Vinyl \/ Tape Converter yaz\u0131l\u0131m\u0131<br \/>\n&#8221; Bluetooth olmayan cihazlar i\u00e7in 3.5mm aux giri\u015fi<br \/>\n&#8221; Stereo sisteme kolay ba\u011flant\u0131 i\u00e7in RCA \u00e7\u0131k\u0131\u015flar\u0131<\/p>\n","protected":false},"excerpt":{"rendered":"<table id=\"tablepress-1\" class=\"tablepress tablepress-id-1 dataTable no-footer\" role=\"grid\" aria-describedby=\"tablepress-1_info\">\n<tbody class=\"row-hover\">\n<tr class=\"row-2 even\" role=\"row\">\n<td class=\"column-1\">Marka:<\/td>\n<td class=\"column-2\">ION<\/td>\n<\/tr>\n<tr class=\"row-7 odd\" role=\"row\">\n<td class=\"column-1\">\u00dcr\u00fcn Kategorisi:<\/td>\n<td class=\"column-2\">Plak\u00e7alarlar<\/td>\n<\/tr>\n<tr class=\"row-3 odd\" role=\"row\">\n<td class=\"column-1\">Net \u00dcr\u00fcn Kodu:<\/td>\n<td class=\"column-2\">2747<\/td>\n<\/tr>\n<tr class=\"row-4 even\" role=\"row\">\n<td class=\"column-1\">\u00dcr\u00fcn Barkod:<\/td>\n<td class=\"column-2\">842655100243<\/td>\n<\/tr>\n<tr class=\"row-5 odd\" role=\"row\">\n<td class=\"column-1\">Garanti S\u00fcresi:<\/td>\n<td class=\"column-2\">2 Y\u0131l<\/td>\n<\/tr>\n<\/tbody>\n<\/table>\n","protected":false},"featured_media":23966,"template":"","meta":[],"product_brand":[3194],"product_cat":[270,271],"product_tag":[],"class_list":{"0":"post-13404","1":"product","2":"type-product","3":"status-publish","4":"has-post-thumbnail","6":"product_brand-ion","7":"product_cat-ion","8":"product_cat-plakcalarlar","9":"pa_marka-ion","10":"pa_model-premier-lp","11":"pa_tip-ahsap-pikap","13":"first","14":"instock","15":"shipping-taxable","16":"product-type-simple"},"_links":{"self":[{"href":"https:\/\/www.netbilisim-tr.com\/en\/wp-json\/wp\/v2\/product\/13404","targetHints":{"allow":["GET"]}}],"collection":[{"href":"https:\/\/www.netbilisim-tr.com\/en\/wp-json\/wp\/v2\/product"}],"about":[{"href":"https:\/\/www.netbilisim-tr.com\/en\/wp-json\/wp\/v2\/types\/product"}],"wp:featuredmedia":[{"embeddable":true,"href":"https:\/\/www.netbilisim-tr.com\/en\/wp-json\/wp\/v2\/media\/23966"}],"wp:attachment":[{"href":"https:\/\/www.netbilisim-tr.com\/en\/wp-json\/wp\/v2\/media?parent=13404"}],"wp:term":[{"taxonomy":"product_brand","embeddable":true,"href":"https:\/\/www.netbilisim-tr.com\/en\/wp-json\/wp\/v2\/product_brand?post=13404"},{"taxonomy":"product_cat","embeddable":true,"href":"https:\/\/www.netbilisim-tr.com\/en\/wp-json\/wp\/v2\/product_cat?post=13404"},{"taxonomy":"product_tag","embeddable":true,"href":"https:\/\/www.netbilisim-tr.com\/en\/wp-json\/wp\/v2\/product_tag?post=13404"}],"curies":[{"name":"wp","href":"https:\/\/api.w.org\/{rel}","templated":true}]}}