{"id":19429,"date":"2022-11-10T13:34:49","date_gmt":"2022-11-10T10:34:49","guid":{"rendered":"https:\/\/www.netbilisim-tr.com\/urun\/samsonite-ka6-21-001-15-6-securipak-notebook-sirt-cantasi-okyanus-mavisi\/"},"modified":"2023-10-19T14:49:24","modified_gmt":"2023-10-19T11:49:24","slug":"samsonite-ka6-21-001-15-6-securipak-notebook-sirt-cantasi-okyanus-mavisi","status":"publish","type":"product","link":"https:\/\/www.netbilisim-tr.com\/en\/product\/samsonite-ka6-21-001-15-6-securipak-notebook-sirt-cantasi-okyanus-mavisi\/","title":{"rendered":"SAMSONITE KA6-21-001 15.6 Securipak Notebook S\u0131rt \u00c7antas\u0131 Okyanus Mavisi"},"content":{"rendered":"<p>Suya ve \u00e7evresel etkenlere kar\u015f\u0131 dayan\u0131kl\u0131, esnek ve \u00e7evreye duyarl\u0131 kuma\u015f teknolojisi<br \/>\nAna b\u00f6lmenin arkadan eri\u015filebilir yap\u0131s\u0131 ve \u00f6n katmanlar aras\u0131nda kullan\u0131lan kesilmeye kar\u015f\u0131 dayan\u0131kl\u0131 astar sayesinde h\u0131rs\u0131zl\u0131\u011fa kar\u015f\u0131 maksimum koruma<br \/>\nKontrol noktalar\u0131nda bilgisayar\u0131n \u00e7anta d\u0131\u015f\u0131na \u00e7\u0131kar\u0131lmas\u0131na gerek b\u0131rakmayan ergonomik tam a\u00e7\u0131l\u0131r tasar\u0131m<br \/>\n\u00dcst\u00fcn koruma sa\u011flayan g\u00fc\u00e7lendirilmi\u015f laptop ve tablet b\u00f6l\u00fcm\u00fc<br \/>\nOfis malzemeleri i\u00e7in ekstra fermuarl\u0131 cebe sahip i\u00e7 organizasyon b\u00f6l\u00fcm\u00fc<br \/>\nGece kullan\u0131m\u0131nda fark\u0131ndal\u0131\u011f\u0131 artt\u0131rmak i\u00e7in reflekt\u00f6rl\u00fc \u00f6n \u015ferit<br \/>\n\u0130ki yanda kredi kart\u0131, c\u00fczdan gibi e\u015fyalar\u0131n saklanabilece\u011fi g\u00fcvenli ancak kolay eri\u015filebilir cepler<br \/>\n\u00dcstte kolay eri\u015filebilir g\u00f6zl\u00fck ve aksesuar cebi<br \/>\nDahili USB port<br \/>\n\u00c7ek\u00e7ekli \u00e7antalara entegre edilmeye imkan sa\u011flayan arka b\u00f6l\u00fcm<br \/>\nBoyutlar: 30 x 44 x 16 cm<br \/>\nHacim: 17 litre<br \/>\nA\u011f\u0131rl\u0131k: 0,7 kg<\/p>\n","protected":false},"excerpt":{"rendered":"<table id=\"tablepress-1\" class=\"tablepress tablepress-id-1 dataTable no-footer\" role=\"grid\" aria-describedby=\"tablepress-1_info\">\n<tbody class=\"row-hover\">\n<tr class=\"row-2 even\" role=\"row\">\n<td class=\"column-1\">Marka:<\/td>\n<td class=\"column-2\">SAMSONITE<\/td>\n<\/tr>\n<tr class=\"row-7 odd\" role=\"row\">\n<td class=\"column-1\">\u00dcr\u00fcn Kategorisi:<\/td>\n<td class=\"column-2\">Notebook S\u0131rt \u00c7antalar\u0131<\/td>\n<\/tr>\n<tr class=\"row-3 odd\" role=\"row\">\n<td class=\"column-1\">Net \u00dcr\u00fcn Kodu:<\/td>\n<td class=\"column-2\">3024<\/td>\n<\/tr>\n<tr class=\"row-4 even\" role=\"row\">\n<td class=\"column-1\">\u00dcr\u00fcn Barkod:<\/td>\n<td class=\"column-2\">5400520151988<\/td>\n<\/tr>\n<tr class=\"row-5 odd\" role=\"row\">\n<td class=\"column-1\">Garanti S\u00fcresi:<\/td>\n<td class=\"column-2\">2 Y\u0131l<\/td>\n<\/tr>\n<\/tbody>\n<\/table>\n","protected":false},"featured_media":24458,"template":"","meta":[],"product_brand":[],"product_cat":[201,190],"product_tag":[],"class_list":{"0":"post-19429","1":"product","2":"type-product","3":"status-publish","4":"has-post-thumbnail","6":"product_cat-notebook-sirt-cantalari","7":"product_cat-samsonite","8":"pa_marka-samsonite","9":"pa_model-ka6-21-001","10":"pa_seri-securipak","11":"pa_tip-notebook-sirt-cantasi","13":"first","14":"instock","15":"shipping-taxable","16":"product-type-simple"},"_links":{"self":[{"href":"https:\/\/www.netbilisim-tr.com\/en\/wp-json\/wp\/v2\/product\/19429","targetHints":{"allow":["GET"]}}],"collection":[{"href":"https:\/\/www.netbilisim-tr.com\/en\/wp-json\/wp\/v2\/product"}],"about":[{"href":"https:\/\/www.netbilisim-tr.com\/en\/wp-json\/wp\/v2\/types\/product"}],"wp:featuredmedia":[{"embeddable":true,"href":"https:\/\/www.netbilisim-tr.com\/en\/wp-json\/wp\/v2\/media\/24458"}],"wp:attachment":[{"href":"https:\/\/www.netbilisim-tr.com\/en\/wp-json\/wp\/v2\/media?parent=19429"}],"wp:term":[{"taxonomy":"product_brand","embeddable":true,"href":"https:\/\/www.netbilisim-tr.com\/en\/wp-json\/wp\/v2\/product_brand?post=19429"},{"taxonomy":"product_cat","embeddable":true,"href":"https:\/\/www.netbilisim-tr.com\/en\/wp-json\/wp\/v2\/product_cat?post=19429"},{"taxonomy":"product_tag","embeddable":true,"href":"https:\/\/www.netbilisim-tr.com\/en\/wp-json\/wp\/v2\/product_tag?post=19429"}],"curies":[{"name":"wp","href":"https:\/\/api.w.org\/{rel}","templated":true}]}}