{"id":19454,"date":"2022-11-10T13:34:49","date_gmt":"2022-11-10T10:34:49","guid":{"rendered":"https:\/\/www.netbilisim-tr.com\/urun\/samsonite-kf9-01-001-14-1-mysight-notebook-cantasi-mavi\/"},"modified":"2026-03-17T16:47:03","modified_gmt":"2026-03-17T13:47:03","slug":"samsonite-kf9-01-001-14-1-mysight-notebook-cantasi-mavi","status":"publish","type":"product","link":"https:\/\/www.netbilisim-tr.com\/en\/urun\/samsonite-kf9-01-001-14-1-mysight-notebook-cantasi-mavi\/","title":{"rendered":"SAMSONITE KF9-01-001 14.1 Mysight Notebook \u00c7antas\u0131 Mavi"},"content":{"rendered":"<p>Dayan\u0131kl\u0131, esnek ve \u00e7evreye duyarl\u0131 kuma\u015f teknolojisi<br \/>\nModern bir g\u00f6r\u00fcn\u00fcm i\u00e7in k\u00fc\u00e7\u00fck kontrast renk vurgular\u0131.<br \/>\nBelge ve ki\u015fisel e\u015fyalar\u0131n\u0131za uygun i\u00e7 tasar\u0131m.<br \/>\nElektronik cihazlar\u0131n her an \u015farj edilmesini sa\u011flayan USB Portu.<br \/>\n\u00c7ek\u00e7ekli \u00e7antalara entegre edilmeye imkan sa\u011flayan arka b\u00f6l\u00fcm.<br \/>\nYumu\u015fak yap\u0131da, rahat ve dayan\u0131kl\u0131 ta\u015f\u0131ma kolu ve ayarlanabilir omuz ask\u0131s\u0131.<br \/>\nEasy Pass&#x2122;: Kablolar\u0131n \u00e7anta b\u00f6lmelerinden ge\u00e7mesine izin vererek elektronik cihazlar\u0131 \u00e7\u0131karmadan \u015farjda tutan kablo y\u00f6netim sistemi.<br \/>\nMaksimum koruma sa\u011flayan g\u00fc\u00e7lendirilmi\u015f notebook ve tablet b\u00f6lmeleri<br \/>\nT\u00fcm modellerde \u00e7\u0131kar\u0131labilir fermuarl\u0131 \u00e7anta<br \/>\n\u00d6l\u00e7\u00fcler: 38,5 x 10,5 x 28,5 cm<br \/>\nA\u011f\u0131rl\u0131k: 0,7 kg<br \/>\nHacim: 11 Litre<br \/>\nRenk: Mavi<\/p>\n","protected":false},"excerpt":{"rendered":"<table id=\"tablepress-1\" class=\"tablepress tablepress-id-1 dataTable no-footer\" role=\"grid\" aria-describedby=\"tablepress-1_info\">\n<tbody class=\"row-hover\">\n<tr class=\"row-2 even\" role=\"row\">\n<td class=\"column-1\">Marka:<\/td>\n<td class=\"column-2\">SAMSONITE<\/td>\n<\/tr>\n<tr class=\"row-7 odd\" role=\"row\">\n<td class=\"column-1\">\u00dcr\u00fcn Kategorisi:<\/td>\n<td class=\"column-2\">Notebook \u00c7antalar\u0131<\/td>\n<\/tr>\n<tr class=\"row-3 odd\" role=\"row\">\n<td class=\"column-1\">Net \u00dcr\u00fcn Kodu:<\/td>\n<td class=\"column-2\">3025<\/td>\n<\/tr>\n<tr class=\"row-4 even\" role=\"row\">\n<td class=\"column-1\">\u00dcr\u00fcn Barkod:<\/td>\n<td class=\"column-2\">5400520098689<\/td>\n<\/tr>\n<tr class=\"row-5 odd\" role=\"row\">\n<td class=\"column-1\">Garanti S\u00fcresi:<\/td>\n<td class=\"column-2\">2 Y\u0131l<\/td>\n<\/tr>\n<\/tbody>\n<\/table>\n","protected":false},"featured_media":24471,"template":"","meta":[],"product_brand":[3191],"product_cat":[190,191],"product_tag":[],"class_list":{"0":"post-19454","1":"product","2":"type-product","3":"status-publish","4":"has-post-thumbnail","6":"product_brand-samsonite","7":"product_cat-samsonite","8":"product_cat-notebook-cantalari","9":"pa_marka-samsonite","10":"pa_model-kf9-01-001","11":"pa_olcu-14-1","12":"pa_seri-mysight","13":"pa_tip-notebook-cantasi","15":"first","16":"instock","17":"shipping-taxable","18":"product-type-simple"},"_links":{"self":[{"href":"https:\/\/www.netbilisim-tr.com\/en\/wp-json\/wp\/v2\/product\/19454","targetHints":{"allow":["GET"]}}],"collection":[{"href":"https:\/\/www.netbilisim-tr.com\/en\/wp-json\/wp\/v2\/product"}],"about":[{"href":"https:\/\/www.netbilisim-tr.com\/en\/wp-json\/wp\/v2\/types\/product"}],"wp:featuredmedia":[{"embeddable":true,"href":"https:\/\/www.netbilisim-tr.com\/en\/wp-json\/wp\/v2\/media\/24471"}],"wp:attachment":[{"href":"https:\/\/www.netbilisim-tr.com\/en\/wp-json\/wp\/v2\/media?parent=19454"}],"wp:term":[{"taxonomy":"product_brand","embeddable":true,"href":"https:\/\/www.netbilisim-tr.com\/en\/wp-json\/wp\/v2\/product_brand?post=19454"},{"taxonomy":"product_cat","embeddable":true,"href":"https:\/\/www.netbilisim-tr.com\/en\/wp-json\/wp\/v2\/product_cat?post=19454"},{"taxonomy":"product_tag","embeddable":true,"href":"https:\/\/www.netbilisim-tr.com\/en\/wp-json\/wp\/v2\/product_tag?post=19454"}],"curies":[{"name":"wp","href":"https:\/\/api.w.org\/{rel}","templated":true}]}}