{"id":19507,"date":"2022-11-10T13:36:52","date_gmt":"2022-11-10T10:36:52","guid":{"rendered":"https:\/\/www.netbilisim-tr.com\/urun\/samsonite-ki3-11-004-15-6-network-4-notebook-sirt-cantasi-turkuaz\/"},"modified":"2024-10-09T13:52:42","modified_gmt":"2024-10-09T10:52:42","slug":"samsonite-ki3-11-004-15-6-network-4-notebook-sirt-cantasi-turkuaz","status":"publish","type":"product","link":"https:\/\/www.netbilisim-tr.com\/en\/urun\/samsonite-ki3-11-004-15-6-network-4-notebook-sirt-cantasi-turkuaz\/","title":{"rendered":"SAMSONITE KI3-11-004 15.6 Network 4 Notebook S\u0131rt \u00c7antas\u0131 Turkuaz"},"content":{"rendered":"<p>Dayan\u0131kl\u0131, esnek ve \u00e7evreye duyarl\u0131 kuma\u015f teknolojisi<br \/>\nDaha \u00e7a\u011fda\u015f bir g\u00f6r\u00fcn\u00fcm i\u00e7in metal Samsonite logosu<br \/>\nModern bir g\u00f6r\u00fcn\u00fcm i\u00e7in k\u00fc\u00e7\u00fck kontrast renk vurgular\u0131.<br \/>\n\u00c7ek\u00e7ekli \u00e7antalara entegre edilmeye imkan sa\u011flayan arka b\u00f6l\u00fcm.<br \/>\nBelge ve ki\u015fisel e\u015fyalar\u0131n\u0131za uygun i\u00e7 tasar\u0131m.<br \/>\nYumu\u015fak yap\u0131da, rahat ve dayan\u0131kl\u0131 ta\u015f\u0131ma kolu ve ayarlanabilir omuz ask\u0131s\u0131.<br \/>\n\u00dcst\u00fcn koruma sa\u011flayan g\u00fc\u00e7lendirilmi\u015f ve koruma kay\u0131\u015f\u0131 ile desteklenmi\u015f laptop b\u00f6l\u00fcm\u00fc<br \/>\nFermuarl\u0131 \u00f6n b\u00f6l\u00fcm<br \/>\nFile cepli \u015fi\u015fe tutaca\u011f\u0131<br \/>\nBarkod:5400520152022<br \/>\n\u00d6l\u00e7\u00fcler: 30 x 19,5 x 43,5 cm<br \/>\nA\u011f\u0131rl\u0131k: 0,8 kg<br \/>\nHacim: 20,5 Litre<br \/>\nRenk: Turkuaz<\/p>\n","protected":false},"excerpt":{"rendered":"<table id=\"tablepress-1\" class=\"tablepress tablepress-id-1 dataTable no-footer\" role=\"grid\" aria-describedby=\"tablepress-1_info\">\n<tbody class=\"row-hover\">\n<tr class=\"row-2 even\" role=\"row\">\n<td class=\"column-1\">Marka:<\/td>\n<td class=\"column-2\">SAMSONITE<\/td>\n<\/tr>\n<tr class=\"row-7 odd\" role=\"row\">\n<td class=\"column-1\">\u00dcr\u00fcn Kategorisi:<\/td>\n<td class=\"column-2\">Notebook S\u0131rt \u00c7antalar\u0131<\/td>\n<\/tr>\n<tr class=\"row-3 odd\" role=\"row\">\n<td class=\"column-1\">Net \u00dcr\u00fcn Kodu:<\/td>\n<td class=\"column-2\">3028<\/td>\n<\/tr>\n<tr class=\"row-4 even\" role=\"row\">\n<td class=\"column-1\">\u00dcr\u00fcn Barkod:<\/td>\n<td class=\"column-2\">5400520152022<\/td>\n<\/tr>\n<tr class=\"row-5 odd\" role=\"row\">\n<td class=\"column-1\">Garanti S\u00fcresi:<\/td>\n<td class=\"column-2\">2 Y\u0131l<\/td>\n<\/tr>\n<\/tbody>\n<\/table>\n","protected":false},"featured_media":24499,"template":"","meta":[],"product_brand":[],"product_cat":[201,190],"product_tag":[],"class_list":{"0":"post-19507","1":"product","2":"type-product","3":"status-publish","4":"has-post-thumbnail","6":"product_cat-notebook-sirt-cantalari","7":"product_cat-samsonite","8":"pa_marka-samsonite","9":"pa_model-ki3-11-004","10":"pa_seri-network4","11":"pa_tip-notebook-sirt-cantasi","13":"first","14":"instock","15":"shipping-taxable","16":"product-type-simple"},"_links":{"self":[{"href":"https:\/\/www.netbilisim-tr.com\/en\/wp-json\/wp\/v2\/product\/19507","targetHints":{"allow":["GET"]}}],"collection":[{"href":"https:\/\/www.netbilisim-tr.com\/en\/wp-json\/wp\/v2\/product"}],"about":[{"href":"https:\/\/www.netbilisim-tr.com\/en\/wp-json\/wp\/v2\/types\/product"}],"wp:featuredmedia":[{"embeddable":true,"href":"https:\/\/www.netbilisim-tr.com\/en\/wp-json\/wp\/v2\/media\/24499"}],"wp:attachment":[{"href":"https:\/\/www.netbilisim-tr.com\/en\/wp-json\/wp\/v2\/media?parent=19507"}],"wp:term":[{"taxonomy":"product_brand","embeddable":true,"href":"https:\/\/www.netbilisim-tr.com\/en\/wp-json\/wp\/v2\/product_brand?post=19507"},{"taxonomy":"product_cat","embeddable":true,"href":"https:\/\/www.netbilisim-tr.com\/en\/wp-json\/wp\/v2\/product_cat?post=19507"},{"taxonomy":"product_tag","embeddable":true,"href":"https:\/\/www.netbilisim-tr.com\/en\/wp-json\/wp\/v2\/product_tag?post=19507"}],"curies":[{"name":"wp","href":"https:\/\/api.w.org\/{rel}","templated":true}]}}