{"id":19663,"date":"2022-11-10T13:39:21","date_gmt":"2022-11-10T10:39:21","guid":{"rendered":"https:\/\/www.netbilisim-tr.com\/urun\/texas-ins-30x-plus-mathprint-bilimsel-hesap-makinesi\/"},"modified":"2026-03-17T16:46:56","modified_gmt":"2026-03-17T13:46:56","slug":"texas-ins-30x-plus-mathprint-bilimsel-hesap-makinesi","status":"publish","type":"product","link":"https:\/\/www.netbilisim-tr.com\/en\/urun\/texas-ins-30x-plus-mathprint-bilimsel-hesap-makinesi\/","title":{"rendered":"TEXAS INS. 30X PLUS MATHPRINT Bilimsel Hesap Makinesi"},"content":{"rendered":"<p>TI-30X PLUS MATHPRINT<\/p>\n<p>\u0130\u015flevsellik:<br \/>\nD\u00f6n\u00fc\u015f\u00fcmler: Kesir\/Ondal\u0131k kesir; Radyan\/Grad\/Derece<br \/>\nUygun olmayan kesilerleri karma\u015f\u0131k say\u0131larla de\u011fi\u015ftirme<br \/>\nKesirlerin otomatik sadele\u015fmesi<br \/>\nOlumsuzlama Anahtar\u0131<br \/>\nTek Sabit<br \/>\nKombinasyon ve Permutasyon<br \/>\nTrigonometri ve Hiperbolik<br \/>\nLogoritma ve antilogoritma<br \/>\n%, x\u00b2,x3, \u00b9\/x, x\u02c6y, ?, x! tu\u015flar\u0131<br \/>\nSabit Ondal\u0131k \u00d6zelli\u011fi<br \/>\nTek de\u011fi\u015fkenli istatistikler<br \/>\nCebirsel \u0130\u015fletim Sistemi<br \/>\n\u00dc\u00e7 bellek de\u011fi\u015fkeni<br \/>\nBilimsel ve m\u00fchendislik g\u00f6sterimi<\/p>\n<p>Donan\u0131m:<br \/>\nSert plastik, renk kodlu tu\u015flar<br \/>\nTek sat\u0131r 10 hane ekran<br \/>\nPil g\u00fcc\u00fc ile \u00e7al\u0131\u015f\u0131r<br \/>\nDarbeye dayan\u0131kl\u0131 kapak<\/p>\n","protected":false},"excerpt":{"rendered":"<table id=\"tablepress-1\" class=\"tablepress tablepress-id-1 dataTable no-footer\" role=\"grid\" aria-describedby=\"tablepress-1_info\">\n<tbody class=\"row-hover\">\n<tr class=\"row-2 even\" role=\"row\">\n<td class=\"column-1\">Marka:<\/td>\n<td class=\"column-2\">TEXAS INS.<\/td>\n<\/tr>\n<tr class=\"row-7 odd\" role=\"row\">\n<td class=\"column-1\">\u00dcr\u00fcn Kategorisi:<\/td>\n<td class=\"column-2\">Bilimsel Hesap Makineleri<\/td>\n<\/tr>\n<tr class=\"row-3 odd\" role=\"row\">\n<td class=\"column-1\">Net \u00dcr\u00fcn Kodu:<\/td>\n<td class=\"column-2\">2999<\/td>\n<\/tr>\n<tr class=\"row-4 even\" role=\"row\">\n<td class=\"column-1\">\u00dcr\u00fcn Barkod:<\/td>\n<td class=\"column-2\">3243480105972<\/td>\n<\/tr>\n<tr class=\"row-5 odd\" role=\"row\">\n<td class=\"column-1\">Garanti S\u00fcresi:<\/td>\n<td class=\"column-2\">3 Y\u0131l<\/td>\n<\/tr>\n<\/tbody>\n<\/table>\n","protected":false},"featured_media":24404,"template":"","meta":[],"product_brand":[3192],"product_cat":[373,2439],"product_tag":[],"class_list":{"0":"post-19663","1":"product","2":"type-product","3":"status-publish","4":"has-post-thumbnail","6":"product_brand-texas-ins","7":"product_cat-texas-ins","8":"product_cat-bilimsel-hesap-makineleri-texas-ins","9":"pa_marka-texas-ins","10":"pa_model-30x-plus-mathprint","11":"pa_tip-hesap-makinesi","12":"pa_turu-bilimsel","14":"first","15":"instock","16":"shipping-taxable","17":"product-type-simple"},"_links":{"self":[{"href":"https:\/\/www.netbilisim-tr.com\/en\/wp-json\/wp\/v2\/product\/19663","targetHints":{"allow":["GET"]}}],"collection":[{"href":"https:\/\/www.netbilisim-tr.com\/en\/wp-json\/wp\/v2\/product"}],"about":[{"href":"https:\/\/www.netbilisim-tr.com\/en\/wp-json\/wp\/v2\/types\/product"}],"wp:featuredmedia":[{"embeddable":true,"href":"https:\/\/www.netbilisim-tr.com\/en\/wp-json\/wp\/v2\/media\/24404"}],"wp:attachment":[{"href":"https:\/\/www.netbilisim-tr.com\/en\/wp-json\/wp\/v2\/media?parent=19663"}],"wp:term":[{"taxonomy":"product_brand","embeddable":true,"href":"https:\/\/www.netbilisim-tr.com\/en\/wp-json\/wp\/v2\/product_brand?post=19663"},{"taxonomy":"product_cat","embeddable":true,"href":"https:\/\/www.netbilisim-tr.com\/en\/wp-json\/wp\/v2\/product_cat?post=19663"},{"taxonomy":"product_tag","embeddable":true,"href":"https:\/\/www.netbilisim-tr.com\/en\/wp-json\/wp\/v2\/product_tag?post=19663"}],"curies":[{"name":"wp","href":"https:\/\/api.w.org\/{rel}","templated":true}]}}