{"id":19963,"date":"2022-12-12T15:46:00","date_gmt":"2022-12-12T12:46:00","guid":{"rendered":"https:\/\/www.netbilisim-tr.com\/urun\/ion-mustang-lp-arka-mentese\/"},"modified":"2026-03-17T16:44:14","modified_gmt":"2026-03-17T13:44:14","slug":"ion-mustang-lp-arka-mentese","status":"publish","type":"product","link":"https:\/\/www.netbilisim-tr.com\/en\/product\/ion-mustang-lp-arka-mentese\/","title":{"rendered":"ION MUSTANG LP Arka Mente\u015fe"},"content":{"rendered":"<p>Bu yedek par\u00e7a, ION Mustang LP pikap kullan\u0131c\u0131lar\u0131 i\u00e7in \u00f6zel olarak tasarlanm\u0131\u015ft\u0131r. ION Mustang LP&#8217;nin arkas\u0131nda yer alan ve cihaz\u0131n kapa\u011f\u0131n\u0131 destekleyen bu mente\u015fe, olduk\u00e7a dayan\u0131kl\u0131 ve g\u00fc\u00e7l\u00fc bir yap\u0131ya sahiptir. ION Mustang LP&#8217;nin kapa\u011f\u0131n\u0131 rahatl\u0131kla a\u00e7\u0131p kapaman\u0131za olanak sa\u011flar.<\/p>\n<p>Mente\u015fenin materyali, uzun s\u00fcreli kullan\u0131ma dayan\u0131kl\u0131 hale getirecek \u015fekilde se\u00e7ilmi\u015ftir. \u00d6zel tasar\u0131m\u0131, ION Mustang LP&#8217;nin estetik g\u00f6r\u00fcnt\u00fcs\u00fcn\u00fc bozmayacak \u015fekilde olup, pikap\u0131n\u0131z\u0131n \u00f6mr\u00fcn\u00fc uzatan bir yedek par\u00e7ad\u0131r.<\/p>\n<p>Bu \u00fcr\u00fcn, ION Mustang LP&#8217;nin orijinal aksesuarlar\u0131ndan biridir ve uyumluluk konusunda endi\u015felenmenize gerek yoktur. \u00dcr\u00fcn, cihaz\u0131n\u0131zla m\u00fckemmel \u015fekilde uyum sa\u011flar ve montaj\u0131 kolayd\u0131r. Yedek par\u00e7a, pikab\u0131n\u0131z\u0131n kapa\u011f\u0131n\u0131 g\u00fcvenli bir \u015fekilde sabit tutarak cihaz\u0131n i\u00e7 k\u0131sm\u0131n\u0131 toz ve di\u011fer potansiyel zarar verici unsurlardan korur.<\/p>\n<p>\u00d6zellikler:<\/p>\n<p>Dayan\u0131kl\u0131 yap\u0131<br \/>\nION Mustang LP ile tam uyumlu<br \/>\nKolay montaj<br \/>\nPikab\u0131n kapa\u011f\u0131n\u0131 g\u00fcvenli bir \u015fekilde destekleme<br \/>\nEstetik ve zarif tasar\u0131m<\/p>\n","protected":false},"excerpt":{"rendered":"<table id=\"tablepress-1\" class=\"tablepress tablepress-id-1 dataTable no-footer\" role=\"grid\" aria-describedby=\"tablepress-1_info\">\n<tbody class=\"row-hover\">\n<tr class=\"row-2 even\" role=\"row\">\n<td class=\"column-1\">Marka:<\/td>\n<td class=\"column-2\">ION<\/td>\n<\/tr>\n<tr class=\"row-7 odd\" role=\"row\">\n<td class=\"column-1\">\u00dcr\u00fcn Kategorisi:<\/td>\n<td class=\"column-2\">Plak\u00e7alar Yedek Par\u00e7a<\/td>\n<\/tr>\n<tr class=\"row-3 odd\" role=\"row\">\n<td class=\"column-1\">Net \u00dcr\u00fcn Kodu:<\/td>\n<td class=\"column-2\">2605<\/td>\n<\/tr>\n<tr class=\"row-4 even\" role=\"row\">\n<td class=\"column-1\">\u00dcr\u00fcn Barkod:<\/td>\n<td class=\"column-2\">8682998401131<\/td>\n<\/tr>\n<tr class=\"row-5 odd\" role=\"row\">\n<td class=\"column-1\">Garanti S\u00fcresi:<\/td>\n<td class=\"column-2\"><\/td>\n<\/tr>\n<\/tbody>\n<\/table>\n","protected":false},"featured_media":23762,"template":"","meta":[],"product_brand":[3194],"product_cat":[270,2459],"product_tag":[],"class_list":{"0":"post-19963","1":"product","2":"type-product","3":"status-publish","4":"has-post-thumbnail","6":"product_brand-ion","7":"product_cat-ion","8":"product_cat-pikap-yedek-parca","9":"pa_marka-ion","10":"pa_model-mustang-lp","12":"first","13":"instock","14":"shipping-taxable","15":"product-type-simple"},"_links":{"self":[{"href":"https:\/\/www.netbilisim-tr.com\/en\/wp-json\/wp\/v2\/product\/19963","targetHints":{"allow":["GET"]}}],"collection":[{"href":"https:\/\/www.netbilisim-tr.com\/en\/wp-json\/wp\/v2\/product"}],"about":[{"href":"https:\/\/www.netbilisim-tr.com\/en\/wp-json\/wp\/v2\/types\/product"}],"wp:featuredmedia":[{"embeddable":true,"href":"https:\/\/www.netbilisim-tr.com\/en\/wp-json\/wp\/v2\/media\/23762"}],"wp:attachment":[{"href":"https:\/\/www.netbilisim-tr.com\/en\/wp-json\/wp\/v2\/media?parent=19963"}],"wp:term":[{"taxonomy":"product_brand","embeddable":true,"href":"https:\/\/www.netbilisim-tr.com\/en\/wp-json\/wp\/v2\/product_brand?post=19963"},{"taxonomy":"product_cat","embeddable":true,"href":"https:\/\/www.netbilisim-tr.com\/en\/wp-json\/wp\/v2\/product_cat?post=19963"},{"taxonomy":"product_tag","embeddable":true,"href":"https:\/\/www.netbilisim-tr.com\/en\/wp-json\/wp\/v2\/product_tag?post=19963"}],"curies":[{"name":"wp","href":"https:\/\/api.w.org\/{rel}","templated":true}]}}