{"id":21270,"date":"2023-02-06T14:37:18","date_gmt":"2023-02-06T11:37:18","guid":{"rendered":"https:\/\/www.netbilisim-tr.com\/urun\/samsonite-kh8-09-003-17-3-stackd-biz-notebook-sirt-cantasi-siyah\/"},"modified":"2026-03-17T16:47:25","modified_gmt":"2026-03-17T13:47:25","slug":"samsonite-kh8-09-003-17-3-stackd-biz-notebook-sirt-cantasi-siyah","status":"publish","type":"product","link":"https:\/\/www.netbilisim-tr.com\/en\/urun\/samsonite-kh8-09-003-17-3-stackd-biz-notebook-sirt-cantasi-siyah\/","title":{"rendered":"SAMSONITE KH8-09-003 17.3 STACKD BIZ Notebook S\u0131rt \u00c7antas\u0131 Siyah"},"content":{"rendered":"<p>Modern ve Unisex tasar\u0131m<br \/>\n\u00c7ek\u00e7ekli \u00e7antalara entegre imkan\u0131 sa\u011flayan ak\u0131ll\u0131 k\u0131l\u0131f<br \/>\nYumu\u015fak yap\u0131da, rahat ve dayan\u0131kl\u0131 ta\u015f\u0131ma kolu ve ayarlanabilir omuz ask\u0131lar\u0131<br \/>\nEasy Pass&#x2122;: Kablolar\u0131n \u00e7anta b\u00f6lmelerinden ge\u00e7mesine izin vererek elektronik cihazlar\u0131 \u00e7\u0131karmadan \u015farjda tutan kablo y\u00f6netim sistemi<br \/>\nSa\u011flam tutmak i\u00e7in alt k\u0131s\u0131mda PU<br \/>\nBelge ve ki\u015fisel e\u015fyalara uygun i\u00e7 b\u00f6lmeler<br \/>\n17.3 in\u00e7&#8217;e kadar cihazlar\u0131n\u0131za uyumlu<br \/>\nSuya mukavemetli diz\u00fcst\u00fc bilgisayar ve tablet b\u00f6lmesi<br \/>\nCihaz\u0131n\u0131z\u0131 \u015farj etmek i\u00e7in USB ba\u011flant\u0131 noktas\u0131<br \/>\nSu \u015fi\u015fesi tutaca\u011f\u0131<br \/>\n\u00d6l\u00e7\u00fcler:47x34x21 cm<br \/>\nA\u011f\u0131rl\u0131k: 1,4 kg<br \/>\nHacim: 22\/30 Litre<br \/>\nRenk: Siyah<\/p>\n","protected":false},"excerpt":{"rendered":"<table id=\"tablepress-1\" class=\"tablepress tablepress-id-1 dataTable no-footer\" role=\"grid\" aria-describedby=\"tablepress-1_info\">\n<tbody class=\"row-hover\">\n<tr class=\"row-2 even\" role=\"row\">\n<td class=\"column-1\">Marka:<\/td>\n<td class=\"column-2\">SAMSONITE<\/td>\n<\/tr>\n<tr class=\"row-7 odd\" role=\"row\">\n<td class=\"column-1\">\u00dcr\u00fcn Kategorisi:<\/td>\n<td class=\"column-2\">Notebook S\u0131rt \u00c7antalar\u0131<\/td>\n<\/tr>\n<tr class=\"row-3 odd\" role=\"row\">\n<td class=\"column-1\">Net \u00dcr\u00fcn Kodu:<\/td>\n<td class=\"column-2\">3048<\/td>\n<\/tr>\n<tr class=\"row-4 even\" role=\"row\">\n<td class=\"column-1\">\u00dcr\u00fcn Barkod:<\/td>\n<td class=\"column-2\">5400520144904<\/td>\n<\/tr>\n<tr class=\"row-5 odd\" role=\"row\">\n<td class=\"column-1\">Garanti S\u00fcresi:<\/td>\n<td class=\"column-2\">2 Y\u0131l<\/td>\n<\/tr>\n<\/tbody>\n<\/table>\n","protected":false},"featured_media":24619,"template":"","meta":[],"product_brand":[3191],"product_cat":[201,190],"product_tag":[],"class_list":{"0":"post-21270","1":"product","2":"type-product","3":"status-publish","4":"has-post-thumbnail","6":"product_brand-samsonite","7":"product_cat-notebook-sirt-cantalari","8":"product_cat-samsonite","9":"pa_marka-samsonite","10":"pa_model-kh8-09-003","11":"pa_olcu-17-3","12":"pa_seri-stackd-biz","13":"pa_tip-notebook-sirt-cantasi","15":"first","16":"instock","17":"shipping-taxable","18":"product-type-simple"},"_links":{"self":[{"href":"https:\/\/www.netbilisim-tr.com\/en\/wp-json\/wp\/v2\/product\/21270","targetHints":{"allow":["GET"]}}],"collection":[{"href":"https:\/\/www.netbilisim-tr.com\/en\/wp-json\/wp\/v2\/product"}],"about":[{"href":"https:\/\/www.netbilisim-tr.com\/en\/wp-json\/wp\/v2\/types\/product"}],"wp:featuredmedia":[{"embeddable":true,"href":"https:\/\/www.netbilisim-tr.com\/en\/wp-json\/wp\/v2\/media\/24619"}],"wp:attachment":[{"href":"https:\/\/www.netbilisim-tr.com\/en\/wp-json\/wp\/v2\/media?parent=21270"}],"wp:term":[{"taxonomy":"product_brand","embeddable":true,"href":"https:\/\/www.netbilisim-tr.com\/en\/wp-json\/wp\/v2\/product_brand?post=21270"},{"taxonomy":"product_cat","embeddable":true,"href":"https:\/\/www.netbilisim-tr.com\/en\/wp-json\/wp\/v2\/product_cat?post=21270"},{"taxonomy":"product_tag","embeddable":true,"href":"https:\/\/www.netbilisim-tr.com\/en\/wp-json\/wp\/v2\/product_tag?post=21270"}],"curies":[{"name":"wp","href":"https:\/\/api.w.org\/{rel}","templated":true}]}}