{"id":21409,"date":"2023-03-08T11:11:18","date_gmt":"2023-03-08T08:11:18","guid":{"rendered":"https:\/\/www.netbilisim-tr.com\/urun\/mack-mcc-408-14-1-unicity-2-0-notebook-sleeve-gri\/"},"modified":"2026-03-17T16:46:13","modified_gmt":"2026-03-17T13:46:13","slug":"mack-mcc-408-13-14-unicity-2-0-notebook-sleeve-gri","status":"publish","type":"product","link":"https:\/\/www.netbilisim-tr.com\/en\/urun\/mack-mcc-408-13-14-unicity-2-0-notebook-sleeve-gri\/","title":{"rendered":"MACK MCC-408 13&#8243;-14&#8243; UNICITY 2.0 Notebook Sleeve Gri"},"content":{"rendered":"<p>Modern ve  ince tasar\u0131m<br \/>\nSuni deri ile kaplanm\u0131\u015f \u015f\u0131k g\u00f6r\u00fcn\u00fcm<br \/>\nHafif, sa\u011flam malzemeler<br \/>\nMobil aksesuarlar i\u00e7in \u00f6n cep<br \/>\nPad ile desteklenmi\u015f notebook b\u00f6lmesi<br \/>\n\u00d6l\u00e7\u00fcler: 34 x 26 x 3 cm<br \/>\nRenk: Gri<br \/>\nA\u011f\u0131rl\u0131k: 0,23 kg.<\/p>\n","protected":false},"excerpt":{"rendered":"<table id=\"tablepress-1\" class=\"tablepress tablepress-id-1 dataTable no-footer\" role=\"grid\" aria-describedby=\"tablepress-1_info\">\n<tbody class=\"row-hover\">\n<tr class=\"row-2 even\" role=\"row\">\n<td class=\"column-1\">Marka:<\/td>\n<td class=\"column-2\">MACK<\/td>\n<\/tr>\n<tr class=\"row-7 odd\" role=\"row\">\n<td class=\"column-1\">\u00dcr\u00fcn Kategorisi:<\/td>\n<td class=\"column-2\">Notebook K\u0131l\u0131flar\u0131<\/td>\n<\/tr>\n<tr class=\"row-3 odd\" role=\"row\">\n<td class=\"column-1\">Net \u00dcr\u00fcn Kodu:<\/td>\n<td class=\"column-2\">2889<\/td>\n<\/tr>\n<tr class=\"row-4 even\" role=\"row\">\n<td class=\"column-1\">\u00dcr\u00fcn Barkod:<\/td>\n<td class=\"column-2\">8682998400202<\/td>\n<\/tr>\n<tr class=\"row-5 odd\" role=\"row\">\n<td class=\"column-1\">Garanti S\u00fcresi:<\/td>\n<td class=\"column-2\">2 Y\u0131l<\/td>\n<\/tr>\n<\/tbody>\n<\/table>\n","protected":false},"featured_media":24155,"template":"","meta":[],"product_brand":[3190],"product_cat":[1692,2272],"product_tag":[],"class_list":{"0":"post-21409","1":"product","2":"type-product","3":"status-publish","4":"has-post-thumbnail","6":"product_brand-mack","7":"product_cat-mack-en","8":"product_cat-notebook-sleeve","9":"pa_marka-mack-en","10":"pa_model-mcc-408-en","11":"pa_olcu-13-14","12":"pa_seri-unicity-2-0-en","13":"pa_tip-notebook-sleeve-en","15":"first","16":"instock","17":"shipping-taxable","18":"product-type-simple"},"_links":{"self":[{"href":"https:\/\/www.netbilisim-tr.com\/en\/wp-json\/wp\/v2\/product\/21409","targetHints":{"allow":["GET"]}}],"collection":[{"href":"https:\/\/www.netbilisim-tr.com\/en\/wp-json\/wp\/v2\/product"}],"about":[{"href":"https:\/\/www.netbilisim-tr.com\/en\/wp-json\/wp\/v2\/types\/product"}],"wp:featuredmedia":[{"embeddable":true,"href":"https:\/\/www.netbilisim-tr.com\/en\/wp-json\/wp\/v2\/media\/24155"}],"wp:attachment":[{"href":"https:\/\/www.netbilisim-tr.com\/en\/wp-json\/wp\/v2\/media?parent=21409"}],"wp:term":[{"taxonomy":"product_brand","embeddable":true,"href":"https:\/\/www.netbilisim-tr.com\/en\/wp-json\/wp\/v2\/product_brand?post=21409"},{"taxonomy":"product_cat","embeddable":true,"href":"https:\/\/www.netbilisim-tr.com\/en\/wp-json\/wp\/v2\/product_cat?post=21409"},{"taxonomy":"product_tag","embeddable":true,"href":"https:\/\/www.netbilisim-tr.com\/en\/wp-json\/wp\/v2\/product_tag?post=21409"}],"curies":[{"name":"wp","href":"https:\/\/api.w.org\/{rel}","templated":true}]}}