{"id":21485,"date":"2025-04-07T15:25:48","date_gmt":"2025-04-07T12:25:48","guid":{"rendered":"https:\/\/www.netbilisim-tr.com\/urun\/mack-mcc-702-14-1-city-fit-notebook-cantasi-gri\/"},"modified":"2026-03-17T16:47:31","modified_gmt":"2026-03-17T13:47:31","slug":"mack-mcc-702-14-1-city-fit-eco-notebook-cantasi-gri","status":"publish","type":"product","link":"https:\/\/www.netbilisim-tr.com\/en\/urun\/mack-mcc-702-14-1-city-fit-eco-notebook-cantasi-gri\/","title":{"rendered":"MACK MCC-702 14.1 City Fit Eco Notebook \u00c7antas\u0131 Gri"},"content":{"rendered":"<p>MACK City Fit Eco MCC-702 \u00c7evre Dostu Laptop \u00c7antas\u0131, Su Ge\u00e7irmez Notebook \u00c7antas\u0131, MacBook Air\/Pro ile Uyumlu Bilgisayar \u00c7antas\u0131, Erkek Kad\u0131n 14.1 in\u00e7 Notebook El \u00c7antas\u0131, Gri<\/p>\n<p>\u00c7evreci ve Kaliteli Malzeme: Laptop \u00e7antas\u0131 \u00e7evre dostu geri d\u00f6n\u00fc\u015ft\u00fcr\u00fclm\u00fc\u015f su ge\u00e7irmez kuma\u015ftan \u00fcretilmi\u015f ve y\u00fcksek kaliteli YKK fermuar ile donat\u0131lm\u0131\u015ft\u0131r. Bilgisayar \u00e7antas\u0131n\u0131n t\u00fcm bile\u015fenleri Avrupa Birli\u011fi normlar\u0131na g\u00f6re T\u00fcrkiye&#8217;de \u00fcretilmi\u015ftir ve hi\u00e7bir zararl\u0131 madde i\u00e7ermez. Mack Laptop \u00e7antalar\u0131 ile bilgisayar\u0131n\u0131z\u0131 korurken ayn\u0131 zamanda \u00e7evreyi de koruyun.<\/p>\n<p>Ergonomik ve \u015f\u0131k tasar\u0131m\u0131 sayesinde Laptop \u00e7antas\u0131 hem i\u015f \u00e7antas\u0131 hem evrak \u00e7antas\u0131 olarak kullan\u0131labilir. Ayr\u0131ca aksesuarlar i\u00e7in \u00f6zel olarak tasarlanm\u0131\u015f \u00f6n, arka ve i\u00e7 cepler, kullan\u0131c\u0131n\u0131n e\u015fyalar\u0131n\u0131 organize etmesine ve kolay eri\u015fim sa\u011flamas\u0131na yard\u0131mc\u0131 olur.<\/p>\n<p>Maksimum Koruma: Notebook el \u00e7antas\u0131, bilgisayar\u0131n\u0131za i\u00e7in ideal koruma sa\u011flayan y\u00fcksek yo\u011funluklu esnek k\u00f6p\u00fck ile desteklenmi\u015ftir.<\/p>\n<p>Rahat Ta\u015f\u0131ma: Macbook air \/ pro ile uyumlu bilgisayar \u00e7antas\u0131 rahat ta\u015f\u0131ma i\u00e7in \u00e7\u0131kar\u0131labilir ve ayarlanabilir bir omuz ask\u0131s\u0131na sahiptir.<\/p>\n<p>\u0130deal Boyutlar: Gri rengi ile hem erkek hem de kad\u0131n kullan\u0131c\u0131lar i\u00e7in uygun olan laptop \u00e7antas\u0131, 29*40*3 cm boyutlar\u0131 ve 3 L ile ideal bir depolama alan\u0131 sunar.<\/p>\n","protected":false},"excerpt":{"rendered":"<table id=\"tablepress-1\" class=\"tablepress tablepress-id-1 dataTable no-footer\" role=\"grid\" aria-describedby=\"tablepress-1_info\">\n<tbody class=\"row-hover\">\n<tr class=\"row-2 even\" role=\"row\">\n<td class=\"column-1\">Marka:<\/td>\n<td class=\"column-2\">MACK<\/td>\n<\/tr>\n<tr class=\"row-7 odd\" role=\"row\">\n<td class=\"column-1\">\u00dcr\u00fcn Kategorisi:<\/td>\n<td class=\"column-2\">Eco Notebook \u00c7antalar\u0131<\/td>\n<\/tr>\n<tr class=\"row-3 odd\" role=\"row\">\n<td class=\"column-1\">Net \u00dcr\u00fcn Kodu:<\/td>\n<td class=\"column-2\">3062<\/td>\n<\/tr>\n<tr class=\"row-4 even\" role=\"row\">\n<td class=\"column-1\">\u00dcr\u00fcn Barkod:<\/td>\n<td class=\"column-2\">8682998400660<\/td>\n<\/tr>\n<tr class=\"row-5 odd\" role=\"row\">\n<td class=\"column-1\">Garanti S\u00fcresi:<\/td>\n<td class=\"column-2\">2 Y\u0131l<\/td>\n<\/tr>\n<\/tbody>\n<\/table>\n","protected":false},"featured_media":26568,"template":"","meta":[],"product_brand":[3190],"product_cat":[3032,280],"product_tag":[],"class_list":{"0":"post-21485","1":"product","2":"type-product","3":"status-publish","4":"has-post-thumbnail","6":"product_brand-mack","7":"product_cat-eco-notebook-cantalari","8":"product_cat-mack","9":"pa_marka-mack","10":"pa_model-mcc-702","11":"pa_olcu-14-1","12":"pa_seri-city-fit","13":"pa_tip-eco-notebook-cantasi","15":"first","16":"instock","17":"shipping-taxable","18":"product-type-simple"},"_links":{"self":[{"href":"https:\/\/www.netbilisim-tr.com\/en\/wp-json\/wp\/v2\/product\/21485","targetHints":{"allow":["GET"]}}],"collection":[{"href":"https:\/\/www.netbilisim-tr.com\/en\/wp-json\/wp\/v2\/product"}],"about":[{"href":"https:\/\/www.netbilisim-tr.com\/en\/wp-json\/wp\/v2\/types\/product"}],"wp:featuredmedia":[{"embeddable":true,"href":"https:\/\/www.netbilisim-tr.com\/en\/wp-json\/wp\/v2\/media\/26568"}],"wp:attachment":[{"href":"https:\/\/www.netbilisim-tr.com\/en\/wp-json\/wp\/v2\/media?parent=21485"}],"wp:term":[{"taxonomy":"product_brand","embeddable":true,"href":"https:\/\/www.netbilisim-tr.com\/en\/wp-json\/wp\/v2\/product_brand?post=21485"},{"taxonomy":"product_cat","embeddable":true,"href":"https:\/\/www.netbilisim-tr.com\/en\/wp-json\/wp\/v2\/product_cat?post=21485"},{"taxonomy":"product_tag","embeddable":true,"href":"https:\/\/www.netbilisim-tr.com\/en\/wp-json\/wp\/v2\/product_tag?post=21485"}],"curies":[{"name":"wp","href":"https:\/\/api.w.org\/{rel}","templated":true}]}}