{"id":21601,"date":"2023-03-24T10:24:52","date_gmt":"2023-03-24T07:24:52","guid":{"rendered":"https:\/\/www.netbilisim-tr.com\/urun\/mack-mcc-601-14-1-unicity-3-0-notebook-cantasi-siyah\/"},"modified":"2026-03-17T16:47:33","modified_gmt":"2026-03-17T13:47:33","slug":"mack-mcc-601-14-1-unicity-3-0-notebook-cantasi-siyah","status":"publish","type":"product","link":"https:\/\/www.netbilisim-tr.com\/en\/urun\/mack-mcc-601-14-1-unicity-3-0-notebook-cantasi-siyah\/","title":{"rendered":"MACK MCC-601 14.1 UNICITY 3.0 Notebook \u00c7antas\u0131 Siyah"},"content":{"rendered":"<p>\u00c7ift renkli, ergonomik ve \u015f\u0131k tasar\u0131m<br \/>\nY\u0131pranmaya ve suya kar\u015f\u0131 diren\u00e7li kuma\u015f yap\u0131s\u0131<br \/>\nSabitleme kemeri ile desteklenmi\u015f maksimum koruma sa\u011flayan  notebook b\u00f6l\u00fcm\u00fc<br \/>\n\u00d6nde fermuarl\u0131 cep<br \/>\nKullan\u0131m kolayl\u0131\u011f\u0131 sa\u011flayan ergonomik tutma kolu<br \/>\n\u00c7\u0131kar\u0131labilir ve ayarlanabilir omuz ask\u0131s\u0131<br \/>\n\u00c7ek\u00e7ekli \u00e7antalara entegre edilmeye imkan sa\u011flayan arka b\u00f6l\u00fcm<br \/>\n\u00d6l\u00e7\u00fcler: 28 * 36 * 5 cm<br \/>\nA\u011f\u0131rl\u0131k: 0,30kg<br \/>\nRenk: Siyah<\/p>\n","protected":false},"excerpt":{"rendered":"<table id=\"tablepress-1\" class=\"tablepress tablepress-id-1 dataTable no-footer\" role=\"grid\" aria-describedby=\"tablepress-1_info\">\n<tbody class=\"row-hover\">\n<tr class=\"row-2 even\" role=\"row\">\n<td class=\"column-1\">Marka:<\/td>\n<td class=\"column-2\">MACK<\/td>\n<\/tr>\n<tr class=\"row-7 odd\" role=\"row\">\n<td class=\"column-1\">\u00dcr\u00fcn Kategorisi:<\/td>\n<td class=\"column-2\">Notebook \u00c7antalar\u0131<\/td>\n<\/tr>\n<tr class=\"row-3 odd\" role=\"row\">\n<td class=\"column-1\">Net \u00dcr\u00fcn Kodu:<\/td>\n<td class=\"column-2\">3063<\/td>\n<\/tr>\n<tr class=\"row-4 even\" role=\"row\">\n<td class=\"column-1\">\u00dcr\u00fcn Barkod:<\/td>\n<td class=\"column-2\">8682998400639<\/td>\n<\/tr>\n<tr class=\"row-5 odd\" role=\"row\">\n<td class=\"column-1\">Garanti S\u00fcresi:<\/td>\n<td class=\"column-2\">2 Y\u0131l<\/td>\n<\/tr>\n<\/tbody>\n<\/table>\n","protected":false},"featured_media":24685,"template":"","meta":[],"product_brand":[3190],"product_cat":[1692,1726],"product_tag":[],"class_list":{"0":"post-21601","1":"product","2":"type-product","3":"status-publish","4":"has-post-thumbnail","6":"product_brand-mack","7":"product_cat-mack-en","8":"product_cat-notebook-cases-mack","9":"pa_marka-mack-en","10":"pa_model-mcc-601","11":"pa_olcu-14-1","12":"pa_seri-unicity-3-0-en","13":"pa_tip-notebook-bag-en","15":"first","16":"instock","17":"shipping-taxable","18":"product-type-simple"},"_links":{"self":[{"href":"https:\/\/www.netbilisim-tr.com\/en\/wp-json\/wp\/v2\/product\/21601","targetHints":{"allow":["GET"]}}],"collection":[{"href":"https:\/\/www.netbilisim-tr.com\/en\/wp-json\/wp\/v2\/product"}],"about":[{"href":"https:\/\/www.netbilisim-tr.com\/en\/wp-json\/wp\/v2\/types\/product"}],"wp:featuredmedia":[{"embeddable":true,"href":"https:\/\/www.netbilisim-tr.com\/en\/wp-json\/wp\/v2\/media\/24685"}],"wp:attachment":[{"href":"https:\/\/www.netbilisim-tr.com\/en\/wp-json\/wp\/v2\/media?parent=21601"}],"wp:term":[{"taxonomy":"product_brand","embeddable":true,"href":"https:\/\/www.netbilisim-tr.com\/en\/wp-json\/wp\/v2\/product_brand?post=21601"},{"taxonomy":"product_cat","embeddable":true,"href":"https:\/\/www.netbilisim-tr.com\/en\/wp-json\/wp\/v2\/product_cat?post=21601"},{"taxonomy":"product_tag","embeddable":true,"href":"https:\/\/www.netbilisim-tr.com\/en\/wp-json\/wp\/v2\/product_tag?post=21601"}],"curies":[{"name":"wp","href":"https:\/\/api.w.org\/{rel}","templated":true}]}}