{"id":21765,"date":"2023-03-26T21:15:32","date_gmt":"2023-03-26T18:15:32","guid":{"rendered":"https:\/\/www.netbilisim-tr.com\/urun\/samsonite-cc8-01-003-17-3-network3-notebook-cantasi-mavi\/"},"modified":"2024-12-12T23:56:21","modified_gmt":"2024-12-12T20:56:21","slug":"samsonite-cc8-01-003-17-3-network3-notebook-cantasi-mavi","status":"publish","type":"product","link":"https:\/\/www.netbilisim-tr.com\/en\/urun\/samsonite-cc8-01-003-17-3-network3-notebook-cantasi-mavi\/","title":{"rendered":"SAMSONITE CC8-01-003 17.3 Network3 Notebook \u00c7antas\u0131 Mavi"},"content":{"rendered":"<p>SAMSONITE CC8-01-003 17.3 Network3 Notebook \u00c7antas\u0131 Mavi<\/p>\n<p>Yumu\u015fak, hafif ve \u015f\u0131k tasar\u0131m<br \/>\n\u00c7ift tonlu zengin g\u00f6r\u00fcn\u00fcml\u00fc kuma\u015f malzeme<br \/>\n\u00d6nde 2 adet fermuarl\u0131 organizasyon b\u00f6l\u00fcm\u00fc<br \/>\nMaksimum koruma sa\u011flayan g\u00fc\u00e7lendirilmi\u015f notebook b\u00f6l\u00fcm\u00fc<br \/>\n\u00c7\u0131kar\u0131labilir fermuarl\u0131 \u00e7anta<br \/>\n\u00c7a\u011fda\u015f g\u00f6r\u00fcn\u00fcml\u00fc metal Samsonite logosu<br \/>\nAyarlanabilir ve \u00e7\u0131kar\u0131labilir omuz ask\u0131s\u0131<br \/>\nKullan\u0131m konforu sunan rahat ta\u015f\u0131ma kollar\u0131<br \/>\n\u00d6l\u00e7\u00fcler: 43,5 x 31,5 x 7 cm<br \/>\nHacim: 15,5L<br \/>\nA\u011f\u0131rl\u0131k: 0,6 kg<br \/>\nRenk: Mavi<\/p>\n","protected":false},"excerpt":{"rendered":"<table id=\"tablepress-1\" class=\"tablepress tablepress-id-1 dataTable no-footer\" role=\"grid\" aria-describedby=\"tablepress-1_info\">\n<tbody class=\"row-hover\">\n<tr class=\"row-2 even\" role=\"row\">\n<td class=\"column-1\">Marka:<\/td>\n<td class=\"column-2\">SAMSONITE<\/td>\n<\/tr>\n<tr class=\"row-3 odd\" role=\"row\">\n<td class=\"column-1\">Net \u00dcr\u00fcn Kodu:<\/td>\n<td class=\"column-2\">2811<\/td>\n<\/tr>\n<tr class=\"row-4 even\" role=\"row\">\n<td class=\"column-1\">\u00dcr\u00fcn Barkod:<\/td>\n<td class=\"column-2\">5414847817434<\/td>\n<\/tr>\n<tr class=\"row-5 odd\" role=\"row\">\n<td class=\"column-1\">\u00dcr\u00fcn Kategorisi:<\/td>\n<td class=\"column-2\">Notebook \u00c7antalar\u0131<\/td>\n<\/tr>\n<\/tbody>\n<\/table>\n","protected":false},"featured_media":25856,"template":"","meta":[],"product_brand":[],"product_cat":[190,191],"product_tag":[],"class_list":{"0":"post-21765","1":"product","2":"type-product","3":"status-publish","4":"has-post-thumbnail","6":"product_cat-samsonite","7":"product_cat-notebook-cantalari","8":"pa_marka-samsonite","9":"pa_model-cc8-01-003-en","10":"pa_seri-network3","11":"pa_tip-notebook-cantasi","13":"first","14":"instock","15":"shipping-taxable","16":"product-type-simple"},"_links":{"self":[{"href":"https:\/\/www.netbilisim-tr.com\/en\/wp-json\/wp\/v2\/product\/21765","targetHints":{"allow":["GET"]}}],"collection":[{"href":"https:\/\/www.netbilisim-tr.com\/en\/wp-json\/wp\/v2\/product"}],"about":[{"href":"https:\/\/www.netbilisim-tr.com\/en\/wp-json\/wp\/v2\/types\/product"}],"wp:featuredmedia":[{"embeddable":true,"href":"https:\/\/www.netbilisim-tr.com\/en\/wp-json\/wp\/v2\/media\/25856"}],"wp:attachment":[{"href":"https:\/\/www.netbilisim-tr.com\/en\/wp-json\/wp\/v2\/media?parent=21765"}],"wp:term":[{"taxonomy":"product_brand","embeddable":true,"href":"https:\/\/www.netbilisim-tr.com\/en\/wp-json\/wp\/v2\/product_brand?post=21765"},{"taxonomy":"product_cat","embeddable":true,"href":"https:\/\/www.netbilisim-tr.com\/en\/wp-json\/wp\/v2\/product_cat?post=21765"},{"taxonomy":"product_tag","embeddable":true,"href":"https:\/\/www.netbilisim-tr.com\/en\/wp-json\/wp\/v2\/product_tag?post=21765"}],"curies":[{"name":"wp","href":"https:\/\/api.w.org\/{rel}","templated":true}]}}