{"id":22605,"date":"2023-05-12T16:44:09","date_gmt":"2023-05-12T13:44:09","guid":{"rendered":"https:\/\/www.netbilisim-tr.com\/urun\/mack-mcc-901-14-1-iksy-notebook-cantasi-siyah\/"},"modified":"2026-03-17T16:47:38","modified_gmt":"2026-03-17T13:47:38","slug":"mack-mcc-901-14-1-iksy-notebook-cantasi-siyah","status":"publish","type":"product","link":"https:\/\/www.netbilisim-tr.com\/en\/urun\/mack-mcc-901-14-1-iksy-notebook-cantasi-siyah\/","title":{"rendered":"MACK MCC-901 14.1 iksy Notebook \u00c7antas\u0131 Siyah"},"content":{"rendered":"<p>Ergonomik ve \u015f\u0131k tasar\u0131m<br \/>\nY\u0131pranmaya ve suya kar\u015f\u0131 diren\u00e7li kuma\u015f yap\u0131s\u0131<br \/>\nMaksimum koruma sa\u011flayan g\u00fc\u00e7lendirilmi\u015f notebook b\u00f6l\u00fcm\u00fc<br \/>\nKullan\u0131m konforu sa\u011flayan ergonomik tutma kolu<br \/>\nAyarlanabilir omuz ask\u0131lar\u0131<br \/>\n\u00d6l\u00e7\u00fcler: 27*35*3 cm<br \/>\nA\u011f\u0131rl\u0131k: 0,44 kg<br \/>\nHacim: 3 Litre<br \/>\nRenk: Siyah<\/p>\n","protected":false},"excerpt":{"rendered":"<table id=\"tablepress-1\" class=\"tablepress tablepress-id-1 dataTable no-footer\" role=\"grid\" aria-describedby=\"tablepress-1_info\">\n<tbody class=\"row-hover\">\n<tr class=\"row-2 even\" role=\"row\">\n<td class=\"column-1\">Marka:<\/td>\n<td class=\"column-2\">MACK<\/td>\n<\/tr>\n<tr class=\"row-7 odd\" role=\"row\">\n<td class=\"column-1\">\u00dcr\u00fcn Kategorisi:<\/td>\n<td class=\"column-2\">Notebook \u00c7antalar\u0131<\/td>\n<\/tr>\n<tr class=\"row-3 odd\" role=\"row\">\n<td class=\"column-1\">Net \u00dcr\u00fcn Kodu:<\/td>\n<td class=\"column-2\">3074<\/td>\n<\/tr>\n<tr class=\"row-4 even\" role=\"row\">\n<td class=\"column-1\">\u00dcr\u00fcn Barkod:<\/td>\n<td class=\"column-2\">8682998400745<\/td>\n<\/tr>\n<tr class=\"row-5 odd\" role=\"row\">\n<td class=\"column-1\">Garanti S\u00fcresi:<\/td>\n<td class=\"column-2\">2 Y\u0131l<\/td>\n<\/tr>\n<\/tbody>\n<\/table>\n","protected":false},"featured_media":24712,"template":"","meta":[],"product_brand":[3190],"product_cat":[280,739],"product_tag":[],"class_list":{"0":"post-22605","1":"product","2":"type-product","3":"status-publish","4":"has-post-thumbnail","6":"product_brand-mack","7":"product_cat-mack","8":"product_cat-notebook-cantalari-mack","9":"pa_marka-mack","10":"pa_model-mcc-901","11":"pa_olcu-14-1","12":"pa_seri-iksy","13":"pa_tip-notebook-cantasi","15":"first","16":"instock","17":"shipping-taxable","18":"product-type-simple"},"_links":{"self":[{"href":"https:\/\/www.netbilisim-tr.com\/en\/wp-json\/wp\/v2\/product\/22605","targetHints":{"allow":["GET"]}}],"collection":[{"href":"https:\/\/www.netbilisim-tr.com\/en\/wp-json\/wp\/v2\/product"}],"about":[{"href":"https:\/\/www.netbilisim-tr.com\/en\/wp-json\/wp\/v2\/types\/product"}],"wp:featuredmedia":[{"embeddable":true,"href":"https:\/\/www.netbilisim-tr.com\/en\/wp-json\/wp\/v2\/media\/24712"}],"wp:attachment":[{"href":"https:\/\/www.netbilisim-tr.com\/en\/wp-json\/wp\/v2\/media?parent=22605"}],"wp:term":[{"taxonomy":"product_brand","embeddable":true,"href":"https:\/\/www.netbilisim-tr.com\/en\/wp-json\/wp\/v2\/product_brand?post=22605"},{"taxonomy":"product_cat","embeddable":true,"href":"https:\/\/www.netbilisim-tr.com\/en\/wp-json\/wp\/v2\/product_cat?post=22605"},{"taxonomy":"product_tag","embeddable":true,"href":"https:\/\/www.netbilisim-tr.com\/en\/wp-json\/wp\/v2\/product_tag?post=22605"}],"curies":[{"name":"wp","href":"https:\/\/api.w.org\/{rel}","templated":true}]}}