{"id":22748,"date":"2023-06-12T21:32:10","date_gmt":"2023-06-12T18:32:10","guid":{"rendered":"https:\/\/www.netbilisim-tr.com\/urun\/canon-as-8-8-hane-cep-tipi-hesap-makinesi-siyah\/"},"modified":"2026-02-23T20:40:17","modified_gmt":"2026-02-23T17:40:17","slug":"canon-as-8-8-hane-cep-tipi-hesap-makinesi-siyah","status":"publish","type":"product","link":"https:\/\/www.netbilisim-tr.com\/en\/urun\/canon-as-8-8-hane-cep-tipi-hesap-makinesi-siyah\/","title":{"rendered":"CANON AS-8 8 Hane Cep Tipi Hesap Makinesi Siyah"},"content":{"rendered":"<p>Canon AS-8<br \/>\nCep Tipi Hesap Makinesi<br \/>\n8 hane<br \/>\nKolay okunabilir geni\u015f ekran<br \/>\nKatlanabilir sert koruma kapa\u011f\u0131<br \/>\n00 tu\u015fu<br \/>\n\u00d6l\u00e7\u00fcler:  97*60*11,4 mm<br \/>\nA\u011f\u0131rl\u0131k: 41 g<\/p>\n","protected":false},"excerpt":{"rendered":"<table id=\"tablepress-1\" class=\"tablepress tablepress-id-1 dataTable no-footer\" role=\"grid\" aria-describedby=\"tablepress-1_info\">\n<tbody class=\"row-hover\">\n<tr class=\"row-2 even\" role=\"row\">\n<td class=\"column-1\">Marka:<\/td>\n<td class=\"column-2\">CANON<\/td>\n<\/tr>\n<tr class=\"row-7 odd\" role=\"row\">\n<td class=\"column-1\">\u00dcr\u00fcn Kategorisi:<\/td>\n<td class=\"column-2\">Cep Tipi Hesap Makineleri<\/td>\n<\/tr>\n<tr class=\"row-3 odd\" role=\"row\">\n<td class=\"column-1\">Net \u00dcr\u00fcn Kodu:<\/td>\n<td class=\"column-2\">341<\/td>\n<\/tr>\n<tr class=\"row-4 even\" role=\"row\">\n<td class=\"column-1\">\u00dcr\u00fcn Barkod:<\/td>\n<td class=\"column-2\">4960999673615<\/td>\n<\/tr>\n<tr class=\"row-5 odd\" role=\"row\">\n<td class=\"column-1\">Garanti S\u00fcresi:<\/td>\n<td class=\"column-2\">2 Y\u0131l<\/td>\n<\/tr>\n<\/tbody>\n<\/table>\n","protected":false},"featured_media":24864,"template":"","meta":[],"product_brand":[3193],"product_cat":[1680,2838],"product_tag":[],"class_list":{"0":"post-22748","1":"product","2":"type-product","3":"status-publish","4":"has-post-thumbnail","6":"product_brand-canon","7":"product_cat-canon-en","8":"product_cat-pocket-calculators","9":"pa_hane-sayisi-8-digit","10":"pa_marka-canon-en","11":"pa_model-as-8-en","12":"pa_turu-pocket-type","14":"first","15":"instock","16":"shipping-taxable","17":"product-type-simple"},"_links":{"self":[{"href":"https:\/\/www.netbilisim-tr.com\/en\/wp-json\/wp\/v2\/product\/22748","targetHints":{"allow":["GET"]}}],"collection":[{"href":"https:\/\/www.netbilisim-tr.com\/en\/wp-json\/wp\/v2\/product"}],"about":[{"href":"https:\/\/www.netbilisim-tr.com\/en\/wp-json\/wp\/v2\/types\/product"}],"wp:featuredmedia":[{"embeddable":true,"href":"https:\/\/www.netbilisim-tr.com\/en\/wp-json\/wp\/v2\/media\/24864"}],"wp:attachment":[{"href":"https:\/\/www.netbilisim-tr.com\/en\/wp-json\/wp\/v2\/media?parent=22748"}],"wp:term":[{"taxonomy":"product_brand","embeddable":true,"href":"https:\/\/www.netbilisim-tr.com\/en\/wp-json\/wp\/v2\/product_brand?post=22748"},{"taxonomy":"product_cat","embeddable":true,"href":"https:\/\/www.netbilisim-tr.com\/en\/wp-json\/wp\/v2\/product_cat?post=22748"},{"taxonomy":"product_tag","embeddable":true,"href":"https:\/\/www.netbilisim-tr.com\/en\/wp-json\/wp\/v2\/product_tag?post=22748"}],"curies":[{"name":"wp","href":"https:\/\/api.w.org\/{rel}","templated":true}]}}