{"id":22752,"date":"2023-06-12T21:32:10","date_gmt":"2023-06-12T18:32:10","guid":{"rendered":"https:\/\/www.netbilisim-tr.com\/urun\/canon-ls-123k-mor-12-hane-masa-ustu-hesap-makinesi-turuncu\/"},"modified":"2025-10-17T10:17:49","modified_gmt":"2025-10-17T07:17:49","slug":"canon-ls-123k-mor-12-hane-masa-ustu-hesap-makinesi-turuncu","status":"publish","type":"product","link":"https:\/\/www.netbilisim-tr.com\/en\/urun\/canon-ls-123k-mor-12-hane-masa-ustu-hesap-makinesi-turuncu\/","title":{"rendered":"CANON LS-123K-MOR 12 Hane Masa \u00dcst\u00fc Hesap Makinesi Turuncu"},"content":{"rendered":"<p>Geri d\u00f6n\u00fc\u015f\u00fcml\u00fc Canon \u00fcr\u00fcn malzemeden yap\u0131lm\u0131\u015f<br \/>\nMetalik kaplama ile d\u00f6rt canl\u0131 renk se\u00e7imi<br \/>\nEv veya ofis ortam\u0131 tamamlayabilir \u00e7ok y\u00f6nl\u00fc tasar\u0131m<br \/>\n12-haneli ekran<br \/>\nRenk: Turuncu<br \/>\n\u00d6l\u00e7\u00fcler: 145 x 104 x 25 mm<br \/>\nA\u011f\u0131rl\u0131k: 119 g<\/p>\n","protected":false},"excerpt":{"rendered":"<table id=\"tablepress-1\" class=\"tablepress tablepress-id-1 dataTable no-footer\" role=\"grid\" aria-describedby=\"tablepress-1_info\">\n<tbody class=\"row-hover\">\n<tr class=\"row-2 even\" role=\"row\">\n<td class=\"column-1\">Marka:<\/td>\n<td class=\"column-2\">CANON<\/td>\n<\/tr>\n<tr class=\"row-7 odd\" role=\"row\">\n<td class=\"column-1\">\u00dcr\u00fcn Kategorisi:<\/td>\n<td class=\"column-2\">Masa \u00dcst\u00fc Hesap Makineleri<\/td>\n<\/tr>\n<tr class=\"row-3 odd\" role=\"row\">\n<td class=\"column-1\">Net \u00dcr\u00fcn Kodu:<\/td>\n<td class=\"column-2\">1420<\/td>\n<\/tr>\n<tr class=\"row-4 even\" role=\"row\">\n<td class=\"column-1\">\u00dcr\u00fcn Barkod:<\/td>\n<td class=\"column-2\">4549292008555<\/td>\n<\/tr>\n<tr class=\"row-5 odd\" role=\"row\">\n<td class=\"column-1\">Garanti S\u00fcresi:<\/td>\n<td class=\"column-2\">2 Y\u0131l<\/td>\n<\/tr>\n<\/tbody>\n<\/table>\n","protected":false},"featured_media":23671,"template":"","meta":[],"product_brand":[3193],"product_cat":[242,243],"product_tag":[],"class_list":{"0":"post-22752","1":"product","2":"type-product","3":"status-publish","4":"has-post-thumbnail","6":"product_brand-canon","7":"product_cat-canon","8":"product_cat-masa-ustu-hesap-makineleri","9":"pa_hane-sayisi-12-hane","10":"pa_marka-canon","11":"pa_model-ls-123k-mor","12":"pa_tip-hesap-makinesi","13":"pa_turu-masa-ustu","15":"first","16":"instock","17":"shipping-taxable","18":"product-type-simple"},"_links":{"self":[{"href":"https:\/\/www.netbilisim-tr.com\/en\/wp-json\/wp\/v2\/product\/22752","targetHints":{"allow":["GET"]}}],"collection":[{"href":"https:\/\/www.netbilisim-tr.com\/en\/wp-json\/wp\/v2\/product"}],"about":[{"href":"https:\/\/www.netbilisim-tr.com\/en\/wp-json\/wp\/v2\/types\/product"}],"wp:featuredmedia":[{"embeddable":true,"href":"https:\/\/www.netbilisim-tr.com\/en\/wp-json\/wp\/v2\/media\/23671"}],"wp:attachment":[{"href":"https:\/\/www.netbilisim-tr.com\/en\/wp-json\/wp\/v2\/media?parent=22752"}],"wp:term":[{"taxonomy":"product_brand","embeddable":true,"href":"https:\/\/www.netbilisim-tr.com\/en\/wp-json\/wp\/v2\/product_brand?post=22752"},{"taxonomy":"product_cat","embeddable":true,"href":"https:\/\/www.netbilisim-tr.com\/en\/wp-json\/wp\/v2\/product_cat?post=22752"},{"taxonomy":"product_tag","embeddable":true,"href":"https:\/\/www.netbilisim-tr.com\/en\/wp-json\/wp\/v2\/product_tag?post=22752"}],"curies":[{"name":"wp","href":"https:\/\/api.w.org\/{rel}","templated":true}]}}