{"id":22799,"date":"2023-06-12T21:33:28","date_gmt":"2023-06-12T18:33:28","guid":{"rendered":"https:\/\/www.netbilisim-tr.com\/urun\/canon-p1-dtsc-ll-12-hane-seritli-hesap-makinesi\/"},"modified":"2026-02-23T20:39:21","modified_gmt":"2026-02-23T17:39:21","slug":"canon-p1-dtsc-ll-12-hane-seritli-hesap-makinesi","status":"publish","type":"product","link":"https:\/\/www.netbilisim-tr.com\/en\/urun\/canon-p1-dtsc-ll-12-hane-seritli-hesap-makinesi\/","title":{"rendered":"CANON P1-DTSC ll 12 Hane \u015eeritli Hesap Makinesi"},"content":{"rendered":"<p>P1-DTSC II 12 Hane \u015eeritli Hesap Makinesi<\/p>\n<p>Kapsaml\u0131, profesyonel i\u015flevlere sahip ta\u015f\u0131nabilir hesap makinesi. Bu ta\u015f\u0131nabilir bilgisayar, geni\u015f i\u015flevlere sahip profesyonel kullan\u0131m i\u00e7in ger\u00e7ekten ta\u015f\u0131nabilir bir bask\u0131 sunar. Verimli ve \u015f\u0131k hesap makinesi metalik bir g\u00f6r\u00fcn\u00fcme sahiptir.<\/p>\n<p>Detaylar<br \/>\n12 haneli g\u00f6r\u00fcnt\u00fc ve yazd\u0131rma fonksiyonu olan cep hesap makinesi<br \/>\nZaman tasarrufu sa\u011flayan i\u015flevler, vergi hesaplama ve para birimi d\u00f6n\u00fc\u015f\u00fcm\u00fc i\u015flevleri<br \/>\nOkunmas\u0131 kolay LC ekran ve anla\u015f\u0131l\u0131r klavye<br \/>\nDahili ve harici ka\u011f\u0131t rulo depolama<br \/>\nPil ve \u015febeke \u00e7al\u0131\u015fmas\u0131 (iste\u011fe ba\u011fl\u0131 AC adapt\u00f6r\u00fc AD-11 gereklidir!)<br \/>\nPil seviye g\u00f6stergesi<br \/>\nHane say\u0131s\u0131: 1 x 12 haneli<br \/>\nBellek: 1 bellek (3 tu\u015f)<br \/>\nBask\u0131 i\u015flem t\u00fcr\u00fc: m\u00fcrekkep rulosu<br \/>\nMaksimum bask\u0131 h\u0131z\u0131: 2 sat\u0131r\/sn<br \/>\nBask\u0131 rengi: menek\u015fe rengi<br \/>\nBoyutlar: 99 x 40 x 196 mm (G x Y x D)<br \/>\nYard\u0131mc\u0131 G\u00fc\u00e7 T\u00fcr\u00fc: Pil \u00e7al\u0131\u015fmas\u0131, \u015febeke g\u00fcc\u00fc<br \/>\nKasa Malzemesi: plastik<br \/>\nRenk: g\u00fcm\u00fc\u015f metalik<\/p>\n","protected":false},"excerpt":{"rendered":"<table id=\"tablepress-1\" class=\"tablepress tablepress-id-1 dataTable no-footer\" role=\"grid\" aria-describedby=\"tablepress-1_info\">\n<tbody class=\"row-hover\">\n<tr class=\"row-2 even\" role=\"row\">\n<td class=\"column-1\">Marka:<\/td>\n<td class=\"column-2\">CANON<\/td>\n<\/tr>\n<tr class=\"row-7 odd\" role=\"row\">\n<td class=\"column-1\">\u00dcr\u00fcn Kategorisi:<\/td>\n<td class=\"column-2\">Masa \u00dcst\u00fc Hesap Makineleri<\/td>\n<\/tr>\n<tr class=\"row-3 odd\" role=\"row\">\n<td class=\"column-1\">Net \u00dcr\u00fcn Kodu:<\/td>\n<td class=\"column-2\">524<\/td>\n<\/tr>\n<tr class=\"row-4 even\" role=\"row\">\n<td class=\"column-1\">\u00dcr\u00fcn Barkod:<\/td>\n<td class=\"column-2\">4549292105988<\/td>\n<\/tr>\n<tr class=\"row-5 odd\" role=\"row\">\n<td class=\"column-1\">Garanti S\u00fcresi:<\/td>\n<td class=\"column-2\">2 Y\u0131l<\/td>\n<\/tr>\n<\/tbody>\n<\/table>\n","protected":false},"featured_media":24801,"template":"","meta":[],"product_brand":[3193],"product_cat":[1680,1687],"product_tag":[],"class_list":{"0":"post-22799","1":"product","2":"type-product","3":"status-publish","4":"has-post-thumbnail","6":"product_brand-canon","7":"product_cat-canon-en","8":"product_cat-desktop-calculators-en","9":"pa_hane-sayisi-12-digit","10":"pa_marka-canon-en","11":"pa_model-p1-dtsc-ll","12":"pa_tip-calculator","13":"pa_turu-striped","15":"first","16":"instock","17":"shipping-taxable","18":"product-type-simple"},"_links":{"self":[{"href":"https:\/\/www.netbilisim-tr.com\/en\/wp-json\/wp\/v2\/product\/22799","targetHints":{"allow":["GET"]}}],"collection":[{"href":"https:\/\/www.netbilisim-tr.com\/en\/wp-json\/wp\/v2\/product"}],"about":[{"href":"https:\/\/www.netbilisim-tr.com\/en\/wp-json\/wp\/v2\/types\/product"}],"wp:featuredmedia":[{"embeddable":true,"href":"https:\/\/www.netbilisim-tr.com\/en\/wp-json\/wp\/v2\/media\/24801"}],"wp:attachment":[{"href":"https:\/\/www.netbilisim-tr.com\/en\/wp-json\/wp\/v2\/media?parent=22799"}],"wp:term":[{"taxonomy":"product_brand","embeddable":true,"href":"https:\/\/www.netbilisim-tr.com\/en\/wp-json\/wp\/v2\/product_brand?post=22799"},{"taxonomy":"product_cat","embeddable":true,"href":"https:\/\/www.netbilisim-tr.com\/en\/wp-json\/wp\/v2\/product_cat?post=22799"},{"taxonomy":"product_tag","embeddable":true,"href":"https:\/\/www.netbilisim-tr.com\/en\/wp-json\/wp\/v2\/product_tag?post=22799"}],"curies":[{"name":"wp","href":"https:\/\/api.w.org\/{rel}","templated":true}]}}