{"id":22804,"date":"2023-06-12T21:33:46","date_gmt":"2023-06-12T18:33:46","guid":{"rendered":"https:\/\/www.netbilisim-tr.com\/urun\/texas-ins-ba-ii-plus-finansal-hesap-makinesi\/"},"modified":"2025-07-09T09:57:49","modified_gmt":"2025-07-09T06:57:49","slug":"texas-ins-ba-ii-plus-finansal-hesap-makinesi","status":"publish","type":"product","link":"https:\/\/www.netbilisim-tr.com\/en\/urun\/texas-ins-ba-ii-plus-finansal-hesap-makinesi\/","title":{"rendered":"TEXAS INS. BA II Plus Finansal Hesap Makinesi"},"content":{"rendered":"<p>\u0130statistik\u00e7iler, i\u015fletmeciler ve finans profesyonelleri i\u00e7in ideal bir hesap makinesidir.<\/p>\n<p>Karland\u0131rma hesaplar\u0131; para ak\u0131\u015f fonksiyonu de\u011fi\u015fken para ak\u0131\u015f\u0131 i\u00e7in NPV ve IRR hesaplar.<br \/>\nZaman de\u011feri ve amortisman tu\u015flar\u0131 ayl\u0131k hesaplar, bor\u00e7lar, ipotekler&#8230;vb. gibi problemleri \u00e7\u00f6zer.<br \/>\nListe tabanl\u0131 ana istatistik fonksiyonlar\u0131 toplamaya ve 4 \u00e7e\u015fit regresyon ile veri saklamaya olanak sa\u011flar.<br \/>\nDe\u011fer kayb\u0131 (depreciation), kalan hesap ve kaybolan de\u011fer olarak, de\u011fer ile ile ilgili 4 farkl\u0131 y\u00f6ntemle hesaplama<br \/>\nTahvil (bono) hesaplar\u0131<br \/>\n\u0130ngilizce, Frans\u0131zca ve Danimarkaca olarak kullanma k\u0131lavuzu (el kitaplar\u0131)<br \/>\nKullan\u0131m K\u0131lavuzu da dahil edilmi\u015ftir; tam Referans K\u0131lavuzu \u00dcr\u00fcn CD\u2019sinden ve http:\/\/education.ti.com\/guides adresinden elde edilebilmektedir.<\/p>\n<p>Finansal ve Bilimsel \u00d6zellikler:<\/p>\n<p>Paran\u0131n zaman de\u011feri hesaplamalar\u0131<br \/>\nAmortisman zamanlamalar\u0131<br \/>\nNakit ak\u0131\u015f\u0131 analizi, NPV, IRR<br \/>\n4 farkl\u0131 metadoloji kullanarak Amortisman hesaplama<br \/>\nBa\u015faba\u015f noktas\u0131, kar ve y\u00fczde fark\u0131 hesaplamalar\u0131<\/p>\n<p>Bu hesap makinesi a\u015fa\u011f\u0131daki dersler i\u00e7in idealdir;<\/p>\n<p>Muhasebe<br \/>\nEkonomi<br \/>\nFinans<br \/>\nPazarlama<br \/>\nMatematik<br \/>\nEmlak &amp; Gayrimenkul<br \/>\nFen Bilimleri<br \/>\n\u0130statistik<\/p>\n","protected":false},"excerpt":{"rendered":"<table id=\"tablepress-1\" class=\"tablepress tablepress-id-1 dataTable no-footer\" role=\"grid\" aria-describedby=\"tablepress-1_info\">\n<tbody class=\"row-hover\">\n<tr class=\"row-2 even\" role=\"row\">\n<td class=\"column-1\">Marka:<\/td>\n<td class=\"column-2\">TEXAS INS.<\/td>\n<\/tr>\n<tr class=\"row-7 odd\" role=\"row\">\n<td class=\"column-1\">\u00dcr\u00fcn Kategorisi:<\/td>\n<td class=\"column-2\">Finansal Hesap Makineleri<\/td>\n<\/tr>\n<tr class=\"row-3 odd\" role=\"row\">\n<td class=\"column-1\">Net \u00dcr\u00fcn Kodu:<\/td>\n<td class=\"column-2\">778<\/td>\n<\/tr>\n<tr class=\"row-4 even\" role=\"row\">\n<td class=\"column-1\">\u00dcr\u00fcn Barkod:<\/td>\n<td class=\"column-2\">3243480100557<\/td>\n<\/tr>\n<tr class=\"row-5 odd\" role=\"row\">\n<td class=\"column-1\">Garanti S\u00fcresi:<\/td>\n<td class=\"column-2\">3 Y\u0131l<\/td>\n<\/tr>\n<\/tbody>\n<\/table>\n","protected":false},"featured_media":24810,"template":"","meta":[],"product_brand":[],"product_cat":[1722,1708],"product_tag":[],"class_list":{"0":"post-22804","1":"product","2":"type-product","3":"status-publish","4":"has-post-thumbnail","6":"product_cat-financial-calculators","7":"product_cat-texas-ins-en","8":"pa_marka-texas-ins-en","9":"pa_model-ba-ii-plus-en","10":"pa_tip-calculator","11":"pa_turu-financial","13":"first","14":"instock","15":"shipping-taxable","16":"product-type-simple"},"_links":{"self":[{"href":"https:\/\/www.netbilisim-tr.com\/en\/wp-json\/wp\/v2\/product\/22804","targetHints":{"allow":["GET"]}}],"collection":[{"href":"https:\/\/www.netbilisim-tr.com\/en\/wp-json\/wp\/v2\/product"}],"about":[{"href":"https:\/\/www.netbilisim-tr.com\/en\/wp-json\/wp\/v2\/types\/product"}],"wp:featuredmedia":[{"embeddable":true,"href":"https:\/\/www.netbilisim-tr.com\/en\/wp-json\/wp\/v2\/media\/24810"}],"wp:attachment":[{"href":"https:\/\/www.netbilisim-tr.com\/en\/wp-json\/wp\/v2\/media?parent=22804"}],"wp:term":[{"taxonomy":"product_brand","embeddable":true,"href":"https:\/\/www.netbilisim-tr.com\/en\/wp-json\/wp\/v2\/product_brand?post=22804"},{"taxonomy":"product_cat","embeddable":true,"href":"https:\/\/www.netbilisim-tr.com\/en\/wp-json\/wp\/v2\/product_cat?post=22804"},{"taxonomy":"product_tag","embeddable":true,"href":"https:\/\/www.netbilisim-tr.com\/en\/wp-json\/wp\/v2\/product_tag?post=22804"}],"curies":[{"name":"wp","href":"https:\/\/api.w.org\/{rel}","templated":true}]}}