{"id":23040,"date":"2023-08-03T14:33:07","date_gmt":"2023-08-03T11:33:07","guid":{"rendered":"https:\/\/www.netbilisim-tr.com\/urun\/mack-mck-002-pop-sirt-cantasi-lacivert\/"},"modified":"2026-02-23T20:39:08","modified_gmt":"2026-02-23T17:39:08","slug":"mack-mck-002-pop-sirt-cantasi-lacivert","status":"publish","type":"product","link":"https:\/\/www.netbilisim-tr.com\/en\/urun\/mack-mck-002-pop-sirt-cantasi-lacivert\/","title":{"rendered":"MACK MCK-002 POP S\u0131rt \u00c7antas\u0131 Lacivert"},"content":{"rendered":"<p>Dayan\u0131kl\u0131l\u0131k ve Kaliteli Malzeme: S\u0131rt \u00e7antas\u0131 a\u015f\u0131nmaya diren\u00e7li, su iticili ve su ge\u00e7irmez kuma\u015ftan \u00fcretilmi\u015ftir. S\u0131rt \u00e7antas\u0131n\u0131n t\u00fcm bile\u015fenleri Avrupa Birli\u011fi normlar\u0131na g\u00f6re T\u00fcrkiye&#8217;de \u00fcretilmi\u015f olup hi\u00e7bir zararl\u0131 madde i\u00e7ermez.<\/p>\n<p>\u00d6zellikler:<br \/>\nErgonomik ve \u015f\u0131k tasar\u0131m\u0131 sayesinde hem i\u015f \u00e7antas\u0131 hem de g\u00fcnl\u00fck s\u0131rt \u00e7antas\u0131 olarak kullan\u0131labilir.<br \/>\nAksesuarlar i\u00e7in \u00f6zel olarak tasarlanm\u0131\u015f \u00f6n cep ve i\u00e7 b\u00f6lmeler, kullan\u0131c\u0131n\u0131n e\u015fyalar\u0131n\u0131 organize etmesine ve kolay eri\u015fim sa\u011flamas\u0131na yard\u0131mc\u0131 olur.<br \/>\nSu ge\u00e7irmez kuma\u015f, geni\u015f i\u00e7 hacim ve i\u00e7erisindeki kalemlik ile okul \u00e7antas\u0131 kullan\u0131m\u0131na uygundur.<br \/>\nLaptop s\u0131rt \u00e7antas\u0131n\u0131n ayarlanabilir omuz ask\u0131lar\u0131 yumu\u015fak bir yap\u0131ya sahiptir ve rahat bir ta\u015f\u0131ma sa\u011flar.<br \/>\nSu ge\u00e7irmez s\u0131rt \u00e7antas\u0131n\u0131n yanda bulunan file cep sayesinde su \u015fi\u015fenizi ve \u015femsiyenizi rahatl\u0131kla ta\u015f\u0131yabilir, ihtiya\u00e7 duydu\u011funuzda kolayca eri\u015febilirsiniz.<\/p>\n<p>Boyutlar: Farkl\u0131 renk se\u00e7enekleri ile hem erkek hem de kad\u0131n kullan\u0131c\u0131lar i\u00e7in uygun olan s\u0131rt \u00e7antas\u0131, 45*33*15 cm boyutlar\u0131, 22 Litre hacmi ile geni\u015f bir depolama alan\u0131 sunar.<\/p>\n","protected":false},"excerpt":{"rendered":"<table id=\"tablepress-1\" class=\"tablepress tablepress-id-1 dataTable no-footer\" role=\"grid\" aria-describedby=\"tablepress-1_info\">\n<tbody class=\"row-hover\">\n<tr class=\"row-2 even\" role=\"row\">\n<td class=\"column-1\">Marka:<\/td>\n<td class=\"column-2\">MACK<\/td>\n<\/tr>\n<tr class=\"row-7 odd\" role=\"row\">\n<td class=\"column-1\">\u00dcr\u00fcn Kategorisi:<\/td>\n<td class=\"column-2\">S\u0131rt \u00c7antalar\u0131<\/td>\n<\/tr>\n<tr class=\"row-3 odd\" role=\"row\">\n<td class=\"column-1\">Net \u00dcr\u00fcn Kodu:<\/td>\n<td class=\"column-2\">3123<\/td>\n<\/tr>\n<tr class=\"row-4 even\" role=\"row\">\n<td class=\"column-1\">\u00dcr\u00fcn Barkod:<\/td>\n<td class=\"column-2\">8682998401063<\/td>\n<\/tr>\n<tr class=\"row-5 odd\" role=\"row\">\n<td class=\"column-1\">Garanti S\u00fcresi:<\/td>\n<td class=\"column-2\">2 Y\u0131l<\/td>\n<\/tr>\n<\/tbody>\n<\/table>\n","protected":false},"featured_media":24749,"template":"","meta":[],"product_brand":[3190],"product_cat":[2862,280],"product_tag":[],"class_list":{"0":"post-23040","1":"product","2":"type-product","3":"status-publish","4":"has-post-thumbnail","6":"product_brand-mack","7":"product_cat-backpacks","8":"product_cat-mack","9":"pa_marka-mack","10":"pa_model-mck-002","11":"pa_seri-pop","12":"pa_tip-sirt-cantasi","14":"first","15":"instock","16":"shipping-taxable","17":"product-type-simple"},"_links":{"self":[{"href":"https:\/\/www.netbilisim-tr.com\/en\/wp-json\/wp\/v2\/product\/23040","targetHints":{"allow":["GET"]}}],"collection":[{"href":"https:\/\/www.netbilisim-tr.com\/en\/wp-json\/wp\/v2\/product"}],"about":[{"href":"https:\/\/www.netbilisim-tr.com\/en\/wp-json\/wp\/v2\/types\/product"}],"wp:featuredmedia":[{"embeddable":true,"href":"https:\/\/www.netbilisim-tr.com\/en\/wp-json\/wp\/v2\/media\/24749"}],"wp:attachment":[{"href":"https:\/\/www.netbilisim-tr.com\/en\/wp-json\/wp\/v2\/media?parent=23040"}],"wp:term":[{"taxonomy":"product_brand","embeddable":true,"href":"https:\/\/www.netbilisim-tr.com\/en\/wp-json\/wp\/v2\/product_brand?post=23040"},{"taxonomy":"product_cat","embeddable":true,"href":"https:\/\/www.netbilisim-tr.com\/en\/wp-json\/wp\/v2\/product_cat?post=23040"},{"taxonomy":"product_tag","embeddable":true,"href":"https:\/\/www.netbilisim-tr.com\/en\/wp-json\/wp\/v2\/product_tag?post=23040"}],"curies":[{"name":"wp","href":"https:\/\/api.w.org\/{rel}","templated":true}]}}