{"id":23192,"date":"2023-09-04T21:24:30","date_gmt":"2023-09-04T18:24:30","guid":{"rendered":"https:\/\/www.netbilisim-tr.com\/urun\/canon-f-605g-siyah-12-hane-bilimsel-hesap-makinesi\/"},"modified":"2026-02-23T20:39:06","modified_gmt":"2026-02-23T17:39:06","slug":"canon-f-605g-siyah-12-hane-bilimsel-hesap-makinesi","status":"publish","type":"product","link":"https:\/\/www.netbilisim-tr.com\/en\/urun\/canon-f-605g-siyah-12-hane-bilimsel-hesap-makinesi\/","title":{"rendered":"CANON F-605G Siyah 12 Hane Bilimsel Hesap Makinesi"},"content":{"rendered":"<p>CANON F-605G Siyah 12 Hane Bilimsel Hesap Makinesi<\/p>\n<p>Tek sat\u0131r ve 10 haneli mantis 2 haneli \u00fcs g\u00f6steren geni\u015f ekran<br \/>\nEkran kontrast ayar\u0131<br \/>\n154 fonksiyon<br \/>\n6 i\u015flem depolama haf\u0131zas\u0131<br \/>\nProgramlanmayan mod\u00fcl\u00fcle okul i\u00e7in uygun<br \/>\nTrigonometrik, mant\u0131ksal, perm\u00fctasyon, kombinasyon, logaritmik, istatiksel  fonksiyon hesaplayabilme<br \/>\nSert kayar kapakl\u0131,<br \/>\nPil  ile \u00e7al\u0131\u015fabilme<br \/>\n\u00d6l\u00e7\u00fcler: 122 x 73 x 12 mm<br \/>\nA\u011f\u0131rl\u0131k: 70 g<br \/>\nGaranti: 2 Y\u0131l<\/p>\n","protected":false},"excerpt":{"rendered":"<table id=\"tablepress-1\" class=\"tablepress tablepress-id-1 dataTable no-footer\" role=\"grid\" aria-describedby=\"tablepress-1_info\">\n<tbody class=\"row-hover\">\n<tr class=\"row-2 even\" role=\"row\">\n<td class=\"column-1\">Marka:<\/td>\n<td class=\"column-2\">CANON<\/td>\n<\/tr>\n<tr class=\"row-7 odd\" role=\"row\">\n<td class=\"column-1\">\u00dcr\u00fcn Kategorisi:<\/td>\n<td class=\"column-2\">Bilimsel Hesap Makineleri<\/td>\n<\/tr>\n<tr class=\"row-3 odd\" role=\"row\">\n<td class=\"column-1\">Net \u00dcr\u00fcn Kodu:<\/td>\n<td class=\"column-2\">3122<\/td>\n<\/tr>\n<tr class=\"row-4 even\" role=\"row\">\n<td class=\"column-1\">\u00dcr\u00fcn Barkod:<\/td>\n<td class=\"column-2\">4549292071412<\/td>\n<\/tr>\n<tr class=\"row-5 odd\" role=\"row\">\n<td class=\"column-1\">Garanti S\u00fcresi:<\/td>\n<td class=\"column-2\">2 Y\u0131l<\/td>\n<\/tr>\n<\/tbody>\n<\/table>\n","protected":false},"featured_media":24746,"template":"","meta":[],"product_brand":[3193],"product_cat":[1680,2598],"product_tag":[],"class_list":{"0":"post-23192","1":"product","2":"type-product","3":"status-publish","4":"has-post-thumbnail","6":"product_brand-canon","7":"product_cat-canon-en","8":"product_cat-scientific-calculators","9":"pa_hane-sayisi-12-digit","10":"pa_marka-canon-en","11":"pa_model-f-605g-en","12":"pa_tip-calculator","13":"pa_turu-scientific","15":"first","16":"instock","17":"shipping-taxable","18":"product-type-simple"},"_links":{"self":[{"href":"https:\/\/www.netbilisim-tr.com\/en\/wp-json\/wp\/v2\/product\/23192","targetHints":{"allow":["GET"]}}],"collection":[{"href":"https:\/\/www.netbilisim-tr.com\/en\/wp-json\/wp\/v2\/product"}],"about":[{"href":"https:\/\/www.netbilisim-tr.com\/en\/wp-json\/wp\/v2\/types\/product"}],"wp:featuredmedia":[{"embeddable":true,"href":"https:\/\/www.netbilisim-tr.com\/en\/wp-json\/wp\/v2\/media\/24746"}],"wp:attachment":[{"href":"https:\/\/www.netbilisim-tr.com\/en\/wp-json\/wp\/v2\/media?parent=23192"}],"wp:term":[{"taxonomy":"product_brand","embeddable":true,"href":"https:\/\/www.netbilisim-tr.com\/en\/wp-json\/wp\/v2\/product_brand?post=23192"},{"taxonomy":"product_cat","embeddable":true,"href":"https:\/\/www.netbilisim-tr.com\/en\/wp-json\/wp\/v2\/product_cat?post=23192"},{"taxonomy":"product_tag","embeddable":true,"href":"https:\/\/www.netbilisim-tr.com\/en\/wp-json\/wp\/v2\/product_tag?post=23192"}],"curies":[{"name":"wp","href":"https:\/\/api.w.org\/{rel}","templated":true}]}}