{"id":23207,"date":"2023-09-04T21:28:18","date_gmt":"2023-09-04T18:28:18","guid":{"rendered":"https:\/\/www.netbilisim-tr.com\/urun\/ion-max-lp-hoparlorlu-ahsap-pikap-koyu-kahverengi\/"},"modified":"2025-11-26T11:49:59","modified_gmt":"2025-11-26T08:49:59","slug":"ion-max-lp-hoparlorlu-ahsap-pikap-koyu-kahverengi","status":"publish","type":"product","link":"https:\/\/www.netbilisim-tr.com\/en\/urun\/ion-max-lp-hoparlorlu-ahsap-pikap-koyu-kahverengi\/","title":{"rendered":"ION MAX LP Hoparl\u00f6rl\u00fc Ah\u015fap Pikap Koyu Kahverengi"},"content":{"rendered":"<p>\u00dcr\u00fcn A\u011f\u0131rl\u0131\u011f\u0131: 3,5 Kg.<br \/>\n\u00dcr\u00fcn Boyutlar\u0131: 38.7 x 41.8 x 10.3 cm<br \/>\n\u00dcr\u00fcn Model Numaras\u0131: Max LP<br \/>\nHoparl\u00f6r Say\u0131s\u0131: 2<br \/>\n\u00c7\u0131k\u0131\u015f G\u00fcc\u00fc: 1 watts<\/p>\n<p>All-in-one stereo hoparl\u00f6r dahili ile pikap<br \/>\nUSB \u00fczerinden bilgisayara ba\u011flan\u0131r ve dijital m\u00fczik dosyalar\u0131n\u0131n i\u00e7ine kay\u0131tlar\u0131 d\u00f6n\u00fc\u015ft\u00fcr\u00fcr<br \/>\n33 1\/3, 45 ve 78 RPM kay\u0131tlar\u0131 ile \u00e7al\u0131\u015f\u0131r<br \/>\n\u00d6zel dinleme ve d\u00f6n\u00fc\u015ft\u00fcrmek i\u00e7in kulakl\u0131k \u00e7\u0131k\u0131\u015f\u0131; EZ plak\/kaset d\u00f6n\u00fc\u015ft\u00fcr\u00fcc\u00fc yaz\u0131l\u0131m cd sini i\u00e7erir<br \/>\n1\/8 &#8220;(3.5mm) aux giri\u015fi kaset \u00e7alarlar ve daha fazla ses d\u00f6n\u00fc\u015ft\u00fcrme sa\u011flar<\/p>\n<p>\u00dcr\u00fcn paketi i\u00e7inden a\u015fa\u011f\u0131dakilerin \u00e7\u0131kt\u0131\u011f\u0131na emin olun.<\/p>\n<p>Max LP Turntable (plak\u00e7alar),<br \/>\nElektrik adapt\u00f6r\u00fc,<br \/>\nToz kapa\u011f\u0131,<br \/>\nUSB ba\u011flant\u0131 kablosu,<br \/>\nAUX ba\u011flant\u0131 kablosu,<br \/>\nSlipmat, 45&#8217;lik RPM adapt\u00f6r,<br \/>\nKullan\u0131m kitap\u00e7\u0131\u011f\u0131 ve garanti belgesi<\/p>\n","protected":false},"excerpt":{"rendered":"<table id=\"tablepress-1\" class=\"tablepress tablepress-id-1 dataTable no-footer\" role=\"grid\" aria-describedby=\"tablepress-1_info\">\n<tbody class=\"row-hover\">\n<tr class=\"row-2 even\" role=\"row\">\n<td class=\"column-1\">Marka:<\/td>\n<td class=\"column-2\">ION<\/td>\n<\/tr>\n<tr class=\"row-7 odd\" role=\"row\">\n<td class=\"column-1\">\u00dcr\u00fcn Kategorisi:<\/td>\n<td class=\"column-2\">Plak\u00e7alarlar<\/td>\n<\/tr>\n<tr class=\"row-3 odd\" role=\"row\">\n<td class=\"column-1\">Net \u00dcr\u00fcn Kodu:<\/td>\n<td class=\"column-2\">3155<\/td>\n<\/tr>\n<tr class=\"row-4 even\" role=\"row\">\n<td class=\"column-1\">\u00dcr\u00fcn Barkod:<\/td>\n<td class=\"column-2\">812715017903<\/td>\n<\/tr>\n<tr class=\"row-5 odd\" role=\"row\">\n<td class=\"column-1\">Garanti S\u00fcresi:<\/td>\n<td class=\"column-2\">2 Y\u0131l<\/td>\n<\/tr>\n<\/tbody>\n<\/table>\n","protected":false},"featured_media":24817,"template":"","meta":[],"product_brand":[3194],"product_cat":[270,271],"product_tag":[],"class_list":{"0":"post-23207","1":"product","2":"type-product","3":"status-publish","4":"has-post-thumbnail","6":"product_brand-ion","7":"product_cat-ion","8":"product_cat-plakcalarlar","9":"pa_marka-ion","10":"pa_model-max-lp","11":"pa_tip-ahsap-pikap","13":"first","14":"instock","15":"shipping-taxable","16":"product-type-simple"},"_links":{"self":[{"href":"https:\/\/www.netbilisim-tr.com\/en\/wp-json\/wp\/v2\/product\/23207","targetHints":{"allow":["GET"]}}],"collection":[{"href":"https:\/\/www.netbilisim-tr.com\/en\/wp-json\/wp\/v2\/product"}],"about":[{"href":"https:\/\/www.netbilisim-tr.com\/en\/wp-json\/wp\/v2\/types\/product"}],"wp:featuredmedia":[{"embeddable":true,"href":"https:\/\/www.netbilisim-tr.com\/en\/wp-json\/wp\/v2\/media\/24817"}],"wp:attachment":[{"href":"https:\/\/www.netbilisim-tr.com\/en\/wp-json\/wp\/v2\/media?parent=23207"}],"wp:term":[{"taxonomy":"product_brand","embeddable":true,"href":"https:\/\/www.netbilisim-tr.com\/en\/wp-json\/wp\/v2\/product_brand?post=23207"},{"taxonomy":"product_cat","embeddable":true,"href":"https:\/\/www.netbilisim-tr.com\/en\/wp-json\/wp\/v2\/product_cat?post=23207"},{"taxonomy":"product_tag","embeddable":true,"href":"https:\/\/www.netbilisim-tr.com\/en\/wp-json\/wp\/v2\/product_tag?post=23207"}],"curies":[{"name":"wp","href":"https:\/\/api.w.org\/{rel}","templated":true}]}}