{"id":23640,"date":"2023-10-19T11:39:45","date_gmt":"2023-10-19T08:39:45","guid":{"rendered":"https:\/\/www.netbilisim-tr.com\/urun\/mack-mcc-4006-slim-elektronik-aksesuar-cantasi\/"},"modified":"2024-12-13T08:27:36","modified_gmt":"2024-12-13T05:27:36","slug":"mack-mcc-4006-slim-elektronik-aksesuar-cantasi","status":"publish","type":"product","link":"https:\/\/www.netbilisim-tr.com\/en\/urun\/mack-mcc-4006-slim-elektronik-aksesuar-cantasi\/","title":{"rendered":"MACK MCC-4006 Slim Elektronik Aksesuar \u00c7antas\u0131"},"content":{"rendered":"<p>MACK MCC-4006 Slim Elektronik Aksesuar \u00c7antas\u0131<\/p>\n<p>Hafif ve ergonomik tasar\u0131m<br \/>\nElektronik aksesuarlar i\u00e7in geni\u015f i\u00e7 hacim<br \/>\nFermuarl\u0131 i\u00e7 b\u00f6lme<br \/>\n\u0130nce ve \u015f\u0131k tutma kolu<br \/>\nT\u00fcm Bile\u015fenleri Avrupa Birli\u011fi normlar\u0131na uygun \u00fcretilmi\u015ftir.<br \/>\n\u00d6l\u00e7\u00fcler : 17 x 27 x 2 cm<\/p>\n","protected":false},"excerpt":{"rendered":"<table id=\"tablepress-1\" class=\"tablepress tablepress-id-1 dataTable no-footer\" role=\"grid\" aria-describedby=\"tablepress-1_info\">\n<tbody class=\"row-hover\">\n<tr class=\"row-2 even\" role=\"row\">\n<td class=\"column-1\">Marka:<\/td>\n<td class=\"column-2\">MACK<\/td>\n<\/tr>\n<tr class=\"row-7 odd\" role=\"row\">\n<td class=\"column-1\">\u00dcr\u00fcn Kategorisi:<\/td>\n<td class=\"column-2\">Organizer \u00c7antalar<\/td>\n<\/tr>\n<tr class=\"row-3 odd\" role=\"row\">\n<td class=\"column-1\">Net \u00dcr\u00fcn Kodu:<\/td>\n<td class=\"column-2\">2949<\/td>\n<\/tr>\n<tr class=\"row-4 even\" role=\"row\">\n<td class=\"column-1\">\u00dcr\u00fcn Barkod:<\/td>\n<td class=\"column-2\">8682998400295<\/td>\n<\/tr>\n<tr class=\"row-5 odd\" role=\"row\">\n<td class=\"column-1\">Garanti S\u00fcresi:<\/td>\n<td class=\"column-2\">2 Y\u0131l<\/td>\n<\/tr>\n<\/tbody>\n<\/table>\n","protected":false},"featured_media":24880,"template":"","meta":[],"product_brand":[],"product_cat":[280,2262],"product_tag":[],"class_list":{"0":"post-23640","1":"product","2":"type-product","3":"status-publish","4":"has-post-thumbnail","6":"product_cat-mack","7":"product_cat-organizer-cantalar","8":"pa_marka-mack","9":"pa_model-mcc-4006","10":"pa_tip-slim","11":"pa_turu-elektronik-aksesuar-cantasi","13":"first","14":"instock","15":"shipping-taxable","16":"product-type-simple"},"_links":{"self":[{"href":"https:\/\/www.netbilisim-tr.com\/en\/wp-json\/wp\/v2\/product\/23640","targetHints":{"allow":["GET"]}}],"collection":[{"href":"https:\/\/www.netbilisim-tr.com\/en\/wp-json\/wp\/v2\/product"}],"about":[{"href":"https:\/\/www.netbilisim-tr.com\/en\/wp-json\/wp\/v2\/types\/product"}],"wp:featuredmedia":[{"embeddable":true,"href":"https:\/\/www.netbilisim-tr.com\/en\/wp-json\/wp\/v2\/media\/24880"}],"wp:attachment":[{"href":"https:\/\/www.netbilisim-tr.com\/en\/wp-json\/wp\/v2\/media?parent=23640"}],"wp:term":[{"taxonomy":"product_brand","embeddable":true,"href":"https:\/\/www.netbilisim-tr.com\/en\/wp-json\/wp\/v2\/product_brand?post=23640"},{"taxonomy":"product_cat","embeddable":true,"href":"https:\/\/www.netbilisim-tr.com\/en\/wp-json\/wp\/v2\/product_cat?post=23640"},{"taxonomy":"product_tag","embeddable":true,"href":"https:\/\/www.netbilisim-tr.com\/en\/wp-json\/wp\/v2\/product_tag?post=23640"}],"curies":[{"name":"wp","href":"https:\/\/api.w.org\/{rel}","templated":true}]}}