{"id":25091,"date":"2023-11-21T15:30:58","date_gmt":"2023-11-21T12:30:58","guid":{"rendered":"https:\/\/www.netbilisim-tr.com\/urun\/samsonite-cm5-19-206-15-6-guard-it-2-0-notebook-sirt-cantasi-siyah\/"},"modified":"2026-03-17T16:48:17","modified_gmt":"2026-03-17T13:48:17","slug":"samsonite-cm5-19-206-15-6-guard-it-2-0-notebook-sirt-cantasi-siyah","status":"publish","type":"product","link":"https:\/\/www.netbilisim-tr.com\/en\/urun\/samsonite-cm5-19-206-15-6-guard-it-2-0-notebook-sirt-cantasi-siyah\/","title":{"rendered":"SAMSONITE CM5-19-206 15.6 Guard IT 2.0 Notebook S\u0131rt \u00c7antas\u0131 Siyah"},"content":{"rendered":"<p>Her ya\u015fa uygun modern ve zarif tasar\u0131m<br \/>\nZengin g\u00f6r\u00fcn\u00fcml\u00fc metal Samsonite logosu<br \/>\nKi\u015fisel e\u015fyalar i\u00e7in \u00f6nde kolay eri\u015fimli fermuarl\u0131 aksesuar cebi<br \/>\nK\u00f6r\u00fckl\u00fc ve organizasyon b\u00f6l\u00fcml\u00fc fermuarl\u0131 \u00f6n b\u00f6l\u00fcm<br \/>\nBelgeler i\u00e7in organizasyon b\u00f6l\u00fcm\u00fcne ve kablolar vs. i\u00e7in ayr\u0131 bir cebe sahip sahip ana b\u00f6lme<br \/>\n\u00dcst\u00fcn koruma sa\u011flayan g\u00fc\u00e7lendirilmi\u015f laptop ve tablet b\u00f6l\u00fcm\u00fc<br \/>\n2 adet fileli yan cep<br \/>\nG\u00fcne\u015f g\u00f6zl\u00fc\u011f\u00fc, biletler ve di\u011fer k\u00fc\u00e7\u00fck e\u015fyalar i\u00e7in yumu\u015fak dokunu\u015flu \u00fcst servis cebi<br \/>\n\u00c7ek\u00e7ekli \u00e7antalara entegre edilmeye imkan sa\u011flayan arka b\u00f6l\u00fcm<br \/>\nKullan\u0131m konforu sunan rahat ve yumu\u015fak s\u0131rt dayana\u011f\u0131<br \/>\nAyarlanabilir omuz ask\u0131lar\u0131<br \/>\nYumu\u015fak yap\u0131da rahat ve dayan\u0131kl\u0131 tutma kolu<br \/>\n\u00d6l\u00e7\u00fcler: 44 x 30 x 10 cm<br \/>\nHacim: 22,5 lt<br \/>\nA\u011f\u0131rl\u0131k: 0,77 kg<\/p>\n","protected":false},"excerpt":{"rendered":"<table id=\"tablepress-1\" class=\"tablepress tablepress-id-1 dataTable no-footer\" role=\"grid\" aria-describedby=\"tablepress-1_info\">\n<tbody class=\"row-hover\">\n<tr class=\"row-2 even\" role=\"row\">\n<td class=\"column-1\">Marka:<\/td>\n<td class=\"column-2\">SAMSONITE<\/td>\n<\/tr>\n<tr class=\"row-7 odd\" role=\"row\">\n<td class=\"column-1\">\u00dcr\u00fcn Kategorisi:<\/td>\n<td class=\"column-2\">Notebook S\u0131rt \u00c7antalar\u0131<\/td>\n<\/tr>\n<tr class=\"row-3 odd\" role=\"row\">\n<td class=\"column-1\">Net \u00dcr\u00fcn Kodu:<\/td>\n<td class=\"column-2\">3164<\/td>\n<\/tr>\n<tr class=\"row-4 even\" role=\"row\">\n<td class=\"column-1\">\u00dcr\u00fcn Barkod:<\/td>\n<td class=\"column-2\">5400520203236<\/td>\n<\/tr>\n<tr class=\"row-5 odd\" role=\"row\">\n<td class=\"column-1\">Garanti S\u00fcresi:<\/td>\n<td class=\"column-2\">2 Y\u0131l<\/td>\n<\/tr>\n<\/tbody>\n<\/table>\n","protected":false},"featured_media":25092,"template":"","meta":[],"product_brand":[3191],"product_cat":[190,201],"product_tag":[],"class_list":{"0":"post-25091","1":"product","2":"type-product","3":"status-publish","4":"has-post-thumbnail","6":"product_brand-samsonite","7":"product_cat-samsonite","8":"product_cat-notebook-sirt-cantalari","9":"pa_marka-samsonite","10":"pa_model-cm5-19-206","11":"pa_olcu-15-6","12":"pa_seri-guard-it-2-0","13":"pa_tip-notebook-sirt-cantasi","15":"first","16":"instock","17":"shipping-taxable","18":"product-type-simple"},"_links":{"self":[{"href":"https:\/\/www.netbilisim-tr.com\/en\/wp-json\/wp\/v2\/product\/25091","targetHints":{"allow":["GET"]}}],"collection":[{"href":"https:\/\/www.netbilisim-tr.com\/en\/wp-json\/wp\/v2\/product"}],"about":[{"href":"https:\/\/www.netbilisim-tr.com\/en\/wp-json\/wp\/v2\/types\/product"}],"wp:featuredmedia":[{"embeddable":true,"href":"https:\/\/www.netbilisim-tr.com\/en\/wp-json\/wp\/v2\/media\/25092"}],"wp:attachment":[{"href":"https:\/\/www.netbilisim-tr.com\/en\/wp-json\/wp\/v2\/media?parent=25091"}],"wp:term":[{"taxonomy":"product_brand","embeddable":true,"href":"https:\/\/www.netbilisim-tr.com\/en\/wp-json\/wp\/v2\/product_brand?post=25091"},{"taxonomy":"product_cat","embeddable":true,"href":"https:\/\/www.netbilisim-tr.com\/en\/wp-json\/wp\/v2\/product_cat?post=25091"},{"taxonomy":"product_tag","embeddable":true,"href":"https:\/\/www.netbilisim-tr.com\/en\/wp-json\/wp\/v2\/product_tag?post=25091"}],"curies":[{"name":"wp","href":"https:\/\/api.w.org\/{rel}","templated":true}]}}