{"id":25220,"date":"2024-01-13T00:16:42","date_gmt":"2024-01-12T21:16:42","guid":{"rendered":"https:\/\/www.netbilisim-tr.com\/urun\/mack-mcc-6107-13-14-vivid-notebook-sleeve-mavi\/"},"modified":"2026-03-17T16:48:13","modified_gmt":"2026-03-17T13:48:13","slug":"mack-mcc-6107-13-14-vivid-notebook-sleeve-mavi","status":"publish","type":"product","link":"https:\/\/www.netbilisim-tr.com\/en\/urun\/mack-mcc-6107-13-14-vivid-notebook-sleeve-mavi\/","title":{"rendered":"MACK MCC-6107 13-14 Vivid Notebook Sleeve Mavi"},"content":{"rendered":"<p>Mack Vivid MCC-6107 13&#8243;-14&#8243; Korumal\u0131 Laptop K\u0131l\u0131f\u0131, Su \u0130tici Notebook K\u0131l\u0131f\u0131, Macbook Air K\u0131l\u0131f\u0131, Macbook Pro 14 Case, Mackbook \u00c7antas\u0131, Tablet K\u0131l\u0131f\u0131<\/p>\n<p>o Dayan\u0131kl\u0131l\u0131k ve Kaliteli Malzeme: Mack Vivid Laptop k\u0131l\u0131f\u0131 a\u015f\u0131nmaya dayan\u0131kl\u0131 ve su ge\u00e7irmez kuma\u015ftan \u00fcretilmi\u015ftir. Notebook k\u0131l\u0131f\u0131 birle\u015fenleri Avrupa Birli\u011fi normlar\u0131na g\u00f6re \u00fcretilmi\u015f olup ve hi\u00e7bir zararl\u0131 madde i\u00e7ermez.<\/p>\n<p>o M\u00fckemmel koruma: Mack Vivid Mackbook Air k\u0131l\u0131f\u0131n\u0131n i\u00e7inde bilgisayar\u0131n\u0131z\u0131 darbelere kar\u015f\u0131 korumak i\u00e7in \u015fok emici dolgu bulunur.<\/p>\n<p>o Pratik saklama alan\u0131: \u015earj aletleri, kablolar, hub&#8217;lar veya kulakl\u0131klar gibi aksesuarlar\u0131 saklamak i\u00e7in ek bir d\u0131\u015f cep vard\u0131r. Bu, kullan\u0131c\u0131n\u0131n e\u015fyalar\u0131n\u0131 kolayca organize etmesini ve eri\u015fmesini sa\u011flar.<\/p>\n<p>o \u0130nce ve kompakt: Laptop k\u0131l\u0131f\u0131 ince ve hafiftir, b\u00f6ylece MacBook&#8217;unuzu \u00e7antan\u0131zda veya s\u0131rt \u00e7antan\u0131zda kolayca ta\u015f\u0131yabilirsiniz.<\/p>\n<p>o \u0130deal Boyutlar: Modern tasar\u0131m\u0131 ve canl\u0131 renkleri ile hem erkek hem de kad\u0131n kullan\u0131c\u0131lar i\u00e7in uygun olan notebook k\u0131l\u0131f\u0131, 34 x 26 x 3 cm boyutlar\u0131yla ideal bir depolama alan\u0131 sunar.<\/p>\n","protected":false},"excerpt":{"rendered":"<table id=\"tablepress-1\" class=\"tablepress tablepress-id-1 dataTable no-footer\" role=\"grid\" aria-describedby=\"tablepress-1_info\">\n<tbody class=\"row-hover\">\n<tr class=\"row-2 even\" role=\"row\">\n<td class=\"column-1\">Marka:<\/td>\n<td class=\"column-2\">MACK<\/td>\n<\/tr>\n<tr class=\"row-7 odd\" role=\"row\">\n<td class=\"column-1\">\u00dcr\u00fcn Kategorisi:<\/td>\n<td class=\"column-2\">Notebook K\u0131l\u0131flar\u0131<\/td>\n<\/tr>\n<tr class=\"row-3 odd\" role=\"row\">\n<td class=\"column-1\">Net \u00dcr\u00fcn Kodu:<\/td>\n<td class=\"column-2\">3149<\/td>\n<\/tr>\n<tr class=\"row-4 even\" role=\"row\">\n<td class=\"column-1\">\u00dcr\u00fcn Barkod:<\/td>\n<td class=\"column-2\">8682998401186<\/td>\n<\/tr>\n<tr class=\"row-5 odd\" role=\"row\">\n<td class=\"column-1\">Garanti S\u00fcresi:<\/td>\n<td class=\"column-2\">2 Y\u0131l<\/td>\n<\/tr>\n<\/tbody>\n<\/table>\n","protected":false},"featured_media":25221,"template":"","meta":[],"product_brand":[3190],"product_cat":[280,2261],"product_tag":[],"class_list":{"0":"post-25220","1":"product","2":"type-product","3":"status-publish","4":"has-post-thumbnail","6":"product_brand-mack","7":"product_cat-mack","8":"product_cat-notebook-kiliflari","9":"pa_marka-mack","10":"pa_model-mcc-6107","11":"pa_olcu-13-14","12":"pa_seri-vivid","13":"pa_tip-notebook-sleeve","15":"first","16":"instock","17":"shipping-taxable","18":"product-type-simple"},"_links":{"self":[{"href":"https:\/\/www.netbilisim-tr.com\/en\/wp-json\/wp\/v2\/product\/25220","targetHints":{"allow":["GET"]}}],"collection":[{"href":"https:\/\/www.netbilisim-tr.com\/en\/wp-json\/wp\/v2\/product"}],"about":[{"href":"https:\/\/www.netbilisim-tr.com\/en\/wp-json\/wp\/v2\/types\/product"}],"wp:featuredmedia":[{"embeddable":true,"href":"https:\/\/www.netbilisim-tr.com\/en\/wp-json\/wp\/v2\/media\/25221"}],"wp:attachment":[{"href":"https:\/\/www.netbilisim-tr.com\/en\/wp-json\/wp\/v2\/media?parent=25220"}],"wp:term":[{"taxonomy":"product_brand","embeddable":true,"href":"https:\/\/www.netbilisim-tr.com\/en\/wp-json\/wp\/v2\/product_brand?post=25220"},{"taxonomy":"product_cat","embeddable":true,"href":"https:\/\/www.netbilisim-tr.com\/en\/wp-json\/wp\/v2\/product_cat?post=25220"},{"taxonomy":"product_tag","embeddable":true,"href":"https:\/\/www.netbilisim-tr.com\/en\/wp-json\/wp\/v2\/product_tag?post=25220"}],"curies":[{"name":"wp","href":"https:\/\/api.w.org\/{rel}","templated":true}]}}