{"id":25256,"date":"2024-02-11T21:21:04","date_gmt":"2024-02-11T18:21:04","guid":{"rendered":"https:\/\/www.netbilisim-tr.com\/urun\/mack-mcc-6006-13-14-vivid-notebook-sleeve-hardal\/"},"modified":"2026-02-23T20:39:04","modified_gmt":"2026-02-23T17:39:04","slug":"mack-mcc-6006-13-14-vivid-notebook-sleeve-hardal","status":"publish","type":"product","link":"https:\/\/www.netbilisim-tr.com\/en\/urun\/mack-mcc-6006-13-14-vivid-notebook-sleeve-hardal\/","title":{"rendered":"MACK MCC-6006 13-14 Vivid Notebook Sleeve Hardal"},"content":{"rendered":"<p>Canl\u0131 renkler<br \/>\n\u00c7ekici Tasar\u0131m<br \/>\nEsnek neopren malzeme<br \/>\n\u00c7izilmelere kar\u015f\u0131 yumu\u015fak i\u00e7 kuma\u015f<br \/>\nPratik a\u00e7ma ve kapama i\u00e7in 2 \u015f\u0131k metal fermuar elci\u011fi<br \/>\n\u0130nce ve hafif tasar\u0131m\u0131 tek ba\u015f\u0131na veya \u00e7antada ta\u015f\u0131may\u0131 kolayla\u015ft\u0131r\u0131r<br \/>\nSeyahat s\u0131ras\u0131nda diz\u00fcst\u00fc bilgisayar\u0131n\u0131z\u0131 \u00e7izilmelere ve darbelere kar\u015f\u0131 korur<br \/>\n13,3-14,1 in\u00e7 diz\u00fcst\u00fc bilgisayarlarla uyumludur.<br \/>\nBoyutlar: 36x27x1 cm<br \/>\nA\u011f\u0131rl\u0131k: 0,250 kg<\/p>\n","protected":false},"excerpt":{"rendered":"<table id=\"tablepress-1\" class=\"tablepress tablepress-id-1 dataTable no-footer\" role=\"grid\" aria-describedby=\"tablepress-1_info\">\n<tbody class=\"row-hover\">\n<tr class=\"row-2 even\" role=\"row\">\n<td class=\"column-1\">Marka:<\/td>\n<td class=\"column-2\">MACK<\/td>\n<\/tr>\n<tr class=\"row-7 odd\" role=\"row\">\n<td class=\"column-1\">\u00dcr\u00fcn Kategorisi:<\/td>\n<td class=\"column-2\">Notebook K\u0131l\u0131flar\u0131<\/td>\n<\/tr>\n<tr class=\"row-3 odd\" role=\"row\">\n<td class=\"column-1\">Net \u00dcr\u00fcn Kodu:<\/td>\n<td class=\"column-2\">3115<\/td>\n<\/tr>\n<tr class=\"row-4 even\" role=\"row\">\n<td class=\"column-1\">\u00dcr\u00fcn Barkod:<\/td>\n<td class=\"column-2\">8682998400981<\/td>\n<\/tr>\n<tr class=\"row-5 odd\" role=\"row\">\n<td class=\"column-1\">Garanti S\u00fcresi:<\/td>\n<td class=\"column-2\">2 Y\u0131l<\/td>\n<\/tr>\n<\/tbody>\n<\/table>\n","protected":false},"featured_media":25257,"template":"","meta":[],"product_brand":[3190],"product_cat":[280,2261],"product_tag":[],"class_list":{"0":"post-25256","1":"product","2":"type-product","3":"status-publish","4":"has-post-thumbnail","6":"product_brand-mack","7":"product_cat-mack","8":"product_cat-notebook-kiliflari","9":"pa_marka-mack","10":"pa_model-mcc-6006","11":"pa_olcu-13-14","12":"pa_seri-vivid","13":"pa_tip-notebook-sleeve","15":"first","16":"instock","17":"shipping-taxable","18":"product-type-simple"},"_links":{"self":[{"href":"https:\/\/www.netbilisim-tr.com\/en\/wp-json\/wp\/v2\/product\/25256","targetHints":{"allow":["GET"]}}],"collection":[{"href":"https:\/\/www.netbilisim-tr.com\/en\/wp-json\/wp\/v2\/product"}],"about":[{"href":"https:\/\/www.netbilisim-tr.com\/en\/wp-json\/wp\/v2\/types\/product"}],"wp:featuredmedia":[{"embeddable":true,"href":"https:\/\/www.netbilisim-tr.com\/en\/wp-json\/wp\/v2\/media\/25257"}],"wp:attachment":[{"href":"https:\/\/www.netbilisim-tr.com\/en\/wp-json\/wp\/v2\/media?parent=25256"}],"wp:term":[{"taxonomy":"product_brand","embeddable":true,"href":"https:\/\/www.netbilisim-tr.com\/en\/wp-json\/wp\/v2\/product_brand?post=25256"},{"taxonomy":"product_cat","embeddable":true,"href":"https:\/\/www.netbilisim-tr.com\/en\/wp-json\/wp\/v2\/product_cat?post=25256"},{"taxonomy":"product_tag","embeddable":true,"href":"https:\/\/www.netbilisim-tr.com\/en\/wp-json\/wp\/v2\/product_tag?post=25256"}],"curies":[{"name":"wp","href":"https:\/\/api.w.org\/{rel}","templated":true}]}}