{"id":25491,"date":"2024-04-19T16:53:27","date_gmt":"2024-04-19T13:53:27","guid":{"rendered":"https:\/\/www.netbilisim-tr.com\/urun\/samsonite-u37-09-003-15-6-airglow-sleeve-notebook-cantasi-siyah-mavi\/"},"modified":"2026-03-17T16:48:31","modified_gmt":"2026-03-17T13:48:31","slug":"samsonite-u37-09-003-15-6-airglow-notebook-sleeve-siyah-mavi","status":"publish","type":"product","link":"https:\/\/www.netbilisim-tr.com\/en\/urun\/samsonite-u37-09-003-15-6-airglow-notebook-sleeve-siyah-mavi\/","title":{"rendered":"SAMSONITE U37-09-003 15.6 Airglow Notebook Sleeve Siyah\/Mavi"},"content":{"rendered":"<p>Samsonite AirGlow laptop k\u0131l\u0131f\u0131n\u0131n s\u00fcper yumu\u015fak dokunu\u015flu i\u00e7 k\u0131sm\u0131 ve neopren d\u0131\u015f y\u00fczeyi Tabletinizi, Laptopunuzu ve Diz\u00fcst\u00fc bilgisayarlar\u0131n\u0131z\u0131 toza ve \u00e7izilmelere kar\u015f\u0131 korumaya yard\u0131mc\u0131 olur.<\/p>\n<p>Samsonite Airgrow notebook k\u0131l\u0131f\u0131n\u0131n aksesuarlar i\u00e7in \u00f6zel olarak tasarlanm\u0131\u015f \u00f6n cebi, e\u015fyalar\u0131n\u0131z\u0131 d\u00fczenlemenizi ve kolayca eri\u015fmenizi sa\u011flar.<\/p>\n<p>Canl\u0131 renk detaylar\u0131na sahip Samsonite AirGlow Laptop K\u0131l\u0131flar\u0131 hem erkeklerin hem de kad\u0131nlar\u0131n \u00e7al\u0131\u015fma hayat\u0131na stil katar.<\/p>\n<p>D\u0131\u015f \u00d6lc\u00fcler: 30.5 x 40 x 5 cm \/  Max. Laptop boyutu: 4 x 37 x 27 cm\/ Laptop Ekran Boyutu: 15,6&#8243; \/ A\u011f\u0131rl\u0131k: 0,49 kg \/ Hacim: 4.5 L<\/p>\n<p>Samsonite Aigrow Koruyu Laptop K\u0131l\u0131f\u0131, 15 in\u00e7 Yeni MacBook Air M3, 15 in\u00e7 Microsoft Surface Laptop, Dell, Hp, Lenova, Asus, Acer uyumlu Neopren Notebook K\u0131l\u0131f\u0131, Aksesuar Cepli, Siyah-Mavi<\/p>\n","protected":false},"excerpt":{"rendered":"<table id=\"tablepress-1\" class=\"tablepress tablepress-id-1 dataTable no-footer\" role=\"grid\" aria-describedby=\"tablepress-1_info\">\n<tbody class=\"row-hover\">\n<tr class=\"row-2 even\" role=\"row\">\n<td class=\"column-1\">Marka:<\/td>\n<td class=\"column-2\">SAMSONITE<\/td>\n<\/tr>\n<tr class=\"row-7 odd\" role=\"row\">\n<td class=\"column-1\">\u00dcr\u00fcn Kategorisi:<\/td>\n<td class=\"column-2\">Notebook \u00c7antalar\u0131<\/td>\n<\/tr>\n<tr class=\"row-3 odd\" role=\"row\">\n<td class=\"column-1\">Net \u00dcr\u00fcn Kodu:<\/td>\n<td class=\"column-2\">3248<\/td>\n<\/tr>\n<tr class=\"row-4 even\" role=\"row\">\n<td class=\"column-1\">\u00dcr\u00fcn Barkod:<\/td>\n<td class=\"column-2\">5414847259579<\/td>\n<\/tr>\n<tr class=\"row-5 odd\" role=\"row\">\n<td class=\"column-1\">Garanti S\u00fcresi:<\/td>\n<td class=\"column-2\">2 Y\u0131l<\/td>\n<\/tr>\n<\/tbody>\n<\/table>\n","protected":false},"featured_media":25492,"template":"","meta":[],"product_brand":[3191],"product_cat":[3154,1704],"product_tag":[],"class_list":{"0":"post-25491","1":"product","2":"type-product","3":"status-publish","4":"has-post-thumbnail","6":"product_brand-samsonite","7":"product_cat-notebook-covers","8":"product_cat-samsonite-en","9":"pa_marka-samsonite","10":"pa_model-u37-09-003","11":"pa_olcu-15-6","12":"pa_seri-airglow","13":"pa_tip-notebook-sleeve","15":"first","16":"instock","17":"shipping-taxable","18":"product-type-simple"},"_links":{"self":[{"href":"https:\/\/www.netbilisim-tr.com\/en\/wp-json\/wp\/v2\/product\/25491","targetHints":{"allow":["GET"]}}],"collection":[{"href":"https:\/\/www.netbilisim-tr.com\/en\/wp-json\/wp\/v2\/product"}],"about":[{"href":"https:\/\/www.netbilisim-tr.com\/en\/wp-json\/wp\/v2\/types\/product"}],"wp:featuredmedia":[{"embeddable":true,"href":"https:\/\/www.netbilisim-tr.com\/en\/wp-json\/wp\/v2\/media\/25492"}],"wp:attachment":[{"href":"https:\/\/www.netbilisim-tr.com\/en\/wp-json\/wp\/v2\/media?parent=25491"}],"wp:term":[{"taxonomy":"product_brand","embeddable":true,"href":"https:\/\/www.netbilisim-tr.com\/en\/wp-json\/wp\/v2\/product_brand?post=25491"},{"taxonomy":"product_cat","embeddable":true,"href":"https:\/\/www.netbilisim-tr.com\/en\/wp-json\/wp\/v2\/product_cat?post=25491"},{"taxonomy":"product_tag","embeddable":true,"href":"https:\/\/www.netbilisim-tr.com\/en\/wp-json\/wp\/v2\/product_tag?post=25491"}],"curies":[{"name":"wp","href":"https:\/\/api.w.org\/{rel}","templated":true}]}}