{"id":25682,"date":"2024-07-19T12:54:17","date_gmt":"2024-07-19T09:54:17","guid":{"rendered":"https:\/\/www.netbilisim-tr.com\/urun\/mack-mce-1103-15-6-unicity-eco-notebook-sirt-cantasi-siyah\/"},"modified":"2026-03-17T16:48:45","modified_gmt":"2026-03-17T13:48:45","slug":"mack-mce-1103-15-6-unicity-eco-notebook-sirt-cantasi-siyah","status":"publish","type":"product","link":"https:\/\/www.netbilisim-tr.com\/en\/urun\/mack-mce-1103-15-6-unicity-eco-notebook-sirt-cantasi-siyah\/","title":{"rendered":"MACK MCE-1103 15.6 UNICITY Eco Notebook S\u0131rt \u00c7antas\u0131 Siyah"},"content":{"rendered":"<p>MACK MCE-1103 15.6 UNICITY Eco Notebook S\u0131rt \u00c7antas\u0131 Siyah\u00a0\u00a0<\/p>\n<p>Mack Unicity Eco MCE-1103 \u00c7evre Dostu Laptop S\u0131rt \u00c7antas\u0131, Macbook \u00c7antas\u0131, MacBook Air\/Pro ile Uyumlu S\u0131rt \u00c7antas\u0131, Erkek Kad\u0131n Bilgisayar \u00c7antas\u0131, Siyah<\/p>\n<p>\u00c7evreci ve Kaliteli Malzeme: Laptop \u00e7antas\u0131 \u00e7evre dostu geri d\u00f6n\u00fc\u015ft\u00fcr\u00fclm\u00fc\u015f su itici kuma\u015ftan \u00fcretilmi\u015f ve y\u00fcksek kaliteli YKK fermuar ile donat\u0131lm\u0131\u015ft\u0131r. Bilgisayar \u00e7antas\u0131n\u0131n t\u00fcm bile\u015fenleri Avrupa Birli\u011fi normlar\u0131na g\u00f6re T\u00fcrkiye\u2019de \u00fcretilmi\u015ftir ve hi\u00e7bir zararl\u0131 madde i\u00e7ermez. Mack Laptop \u00e7antalar\u0131 ile bilgisayar\u0131n\u0131z\u0131 korurken ayn\u0131 zamanda \u00e7evreyi de koruyun.<\/p>\n<p>Ergonomik ve \u015f\u0131k tasar\u0131m: Mack Unicity Eco MCE-1103 \u00c7evre Dostu Laptop \u00e7antas\u0131 hem i\u015f \u00e7antas\u0131 hem evrak \u00e7antas\u0131 olarak kullan\u0131labilir. Ayr\u0131ca aksesuarlar i\u00e7in \u00f6zel olarak tasarlanm\u0131\u015f \u00f6n, arka ve i\u00e7 cepler, kullan\u0131c\u0131n\u0131n e\u015fyalar\u0131n\u0131 organize etmesine ve kolay eri\u015fim sa\u011flamas\u0131na yard\u0131mc\u0131 olur.<\/p>\n<p>Maksimum Koruma: Laptop s\u0131rt \u00e7antas\u0131, bilgisayar\u0131n\u0131za i\u00e7in ideal koruma sa\u011flayan y\u00fcksek yo\u011funluklu esnek k\u00f6p\u00fck ile desteklenmi\u015ftir.<\/p>\n<p>Rahat ve G\u00fcvenli Ta\u015f\u0131ma: S\u0131rt \u00e7antas\u0131, konforlu arka y\u00fczeyi ve ayarlanabilir omuz ask\u0131lar\u0131yla rahat bir ta\u015f\u0131ma sa\u011flar. Ayr\u0131ca arkadaki bagaj ask\u0131s\u0131 sayesinde bilgisayar \u00e7antas\u0131n\u0131 valizinize sabitleyebilir ve seyahat ederken kolayca ta\u015f\u0131yabilirsiniz.<\/p>\n<p>\u0130deal Boyutlar: Siyah rengi ile hem erkek hem de kad\u0131n kullan\u0131c\u0131lar i\u00e7in uygun olan Laptop \u00e7antas\u0131 15.6 in\u00e7, 44*30*10 cm boyutlar\u0131 ve 13 Litre ile ideal bir depolama alan\u0131 sunar.<\/p>\n<p>Uyar\u0131: \u00fcr\u00fcn %100 su ge\u00e7irmez de\u011fildir. Yo\u011fun ya\u011fmur, suyla direkt temas veya uzun s\u00fcreli \u0131slakl\u0131k durumlar\u0131nda i\u00e7eriye su s\u0131zabilir. L\u00fctfen kullan\u0131m s\u0131ras\u0131nda bu durumu dikkate al\u0131n\u0131z.\u00a0<\/p>\n","protected":false},"excerpt":{"rendered":"<table id=\"tablepress-1\" class=\"tablepress tablepress-id-1 dataTable no-footer\" role=\"grid\" aria-describedby=\"tablepress-1_info\">\n<tbody class=\"row-hover\">\n<tr class=\"row-2 even\" role=\"row\">\n<td class=\"column-1\">Marka:<\/td>\n<td class=\"column-2\">MACK<\/td>\n<\/tr>\n<tr class=\"row-7 odd\" role=\"row\">\n<td class=\"column-1\">\u00dcr\u00fcn Kategorisi:<\/td>\n<td class=\"column-2\">Eco Notebook S\u0131rt \u00c7antalar\u0131<\/td>\n<\/tr>\n<tr class=\"row-3 odd\" role=\"row\">\n<td class=\"column-1\">Net \u00dcr\u00fcn Kodu:<\/td>\n<td class=\"column-2\">3254<\/td>\n<\/tr>\n<tr class=\"row-4 even\" role=\"row\">\n<td class=\"column-1\">\u00dcr\u00fcn Barkod:<\/td>\n<td class=\"column-2\">8682998401360<\/td>\n<\/tr>\n<tr class=\"row-5 odd\" role=\"row\">\n<td class=\"column-1\">Garanti S\u00fcresi:<\/td>\n<td class=\"column-2\">2 Y\u0131l<\/td>\n<\/tr>\n<\/tbody>\n<\/table>\n","protected":false},"featured_media":25683,"template":"","meta":[],"product_brand":[3190],"product_cat":[3150,1692],"product_tag":[],"class_list":{"0":"post-25682","1":"product","2":"type-product","3":"status-publish","4":"has-post-thumbnail","6":"product_brand-mack","7":"product_cat-eco-notebook-backpacks","8":"product_cat-mack-en","9":"pa_marka-mack","10":"pa_model-mce-1103","11":"pa_olcu-15-6","12":"pa_seri-unicity","13":"pa_tip-eco-notebook-sirt-cantasi","15":"first","16":"instock","17":"shipping-taxable","18":"product-type-simple"},"_links":{"self":[{"href":"https:\/\/www.netbilisim-tr.com\/en\/wp-json\/wp\/v2\/product\/25682","targetHints":{"allow":["GET"]}}],"collection":[{"href":"https:\/\/www.netbilisim-tr.com\/en\/wp-json\/wp\/v2\/product"}],"about":[{"href":"https:\/\/www.netbilisim-tr.com\/en\/wp-json\/wp\/v2\/types\/product"}],"wp:featuredmedia":[{"embeddable":true,"href":"https:\/\/www.netbilisim-tr.com\/en\/wp-json\/wp\/v2\/media\/25683"}],"wp:attachment":[{"href":"https:\/\/www.netbilisim-tr.com\/en\/wp-json\/wp\/v2\/media?parent=25682"}],"wp:term":[{"taxonomy":"product_brand","embeddable":true,"href":"https:\/\/www.netbilisim-tr.com\/en\/wp-json\/wp\/v2\/product_brand?post=25682"},{"taxonomy":"product_cat","embeddable":true,"href":"https:\/\/www.netbilisim-tr.com\/en\/wp-json\/wp\/v2\/product_cat?post=25682"},{"taxonomy":"product_tag","embeddable":true,"href":"https:\/\/www.netbilisim-tr.com\/en\/wp-json\/wp\/v2\/product_tag?post=25682"}],"curies":[{"name":"wp","href":"https:\/\/api.w.org\/{rel}","templated":true}]}}