{"id":25789,"date":"2024-09-09T07:48:41","date_gmt":"2024-09-09T04:48:41","guid":{"rendered":"https:\/\/www.netbilisim-tr.com\/urun\/mack-mce-1203-15-6-office-pro-2-eco-notebook-sirt-cantasi-siyah\/"},"modified":"2026-03-17T16:48:42","modified_gmt":"2026-03-17T13:48:42","slug":"mack-mce-1203-15-6-office-pro-2-eco-notebook-sirt-cantasi-siyah","status":"publish","type":"product","link":"https:\/\/www.netbilisim-tr.com\/en\/urun\/mack-mce-1203-15-6-office-pro-2-eco-notebook-sirt-cantasi-siyah\/","title":{"rendered":"MACK MCE-1203 15.6 OFFICE Pro-2 Eco Notebook S\u0131rt \u00c7antas\u0131 Siyah"},"content":{"rendered":"<p>Mack Office Eco MCC-1203 \u00c7evre Dostu 15,6 in\u00e7 Laptop S\u0131rt \u00c7antas\u0131, Macbook S\u0131rt \u00c7antas\u0131, USB \u015earj Portlu Bilgisayar ve Notebook \u00c7antas\u0131, Kad\u0131n Erkek Bilgisayar \u0130\u015f \u00c7antas\u0131, \u00dcniversite Okul \u00c7antas\u0131, Siyah<\/p>\n<p>\u00c7evreci ve Kaliteli Malzeme: Mack Laptop \u00e7antas\u0131 \u00e7evre dostu su itici kuma\u015ftan \u00fcretilmi\u015f ve y\u00fcksek kaliteli YKK fermuar ile donat\u0131lm\u0131\u015ft\u0131r. Bilgisayar \u00e7antas\u0131n\u0131n t\u00fcm bile\u015fenleri Avrupa Birli\u011fi normlar\u0131na g\u00f6re T\u00fcrkiye&#8217;de \u00fcretilmi\u015ftir ve hi\u00e7bir zararl\u0131 madde i\u00e7ermez. Mack Laptop \u00e7antalar\u0131 ile bilgisayar\u0131n\u0131z\u0131 korurken ayn\u0131 zamanda \u00e7evreyi de koruyun.<\/p>\n<p>Ergonomik ve \u015f\u0131k tasar\u0131m\u0131 sayesinde Mack Laptop S\u0131rt \u00c7antas\u0131 hem Seyahat \u00e7antas\u0131 hem de Okul \u00e7antas\u0131 olarak kullan\u0131labilir. Aksesuarlar i\u00e7in \u00f6zel olarak tasarlanm\u0131\u015f \u00f6n ve i\u00e7 cepler, e\u015fyalar\u0131n d\u00fczenli ve kolay eri\u015filebilir olmas\u0131n\u0131 sa\u011flar. Mack notebook s\u0131rt \u00e7antas\u0131, \u015fi\u015fe ve \u015femsiye gibi e\u015fyalar i\u00e7in geni\u015fletilebilir fermuarl\u0131 yan ceplere sahiptir. Ayr\u0131ca USB \u015farj portu ile telefonunuzu kolayca \u015farj edebilirsiniz.<\/p>\n<p>Maksimum Koruma: Mack laptop s\u0131rt \u00e7antas\u0131, diz\u00fcst\u00fc bilgisayar\u0131n\u0131z\u0131 \u00e7izilmelere, \u00e7arpmalara ve d\u00fc\u015fmelere kar\u015f\u0131 koruyan yumu\u015fak kuma\u015f ve y\u00fcksek yo\u011funluklu esnek k\u00f6p\u00fck dolguya sahip 15,6 in\u00e7lik bir diz\u00fcst\u00fc bilgisayar b\u00f6lmesi ve 13 in\u00e7lik bir tablet b\u00f6lmesi i\u00e7erir.<\/p>\n<p>Konforlu ve G\u00fcvenli Ta\u015f\u0131ma: Mack s\u0131rt \u00e7antas\u0131 rahat s\u0131rt y\u00fczeyi ve ayarlanabilir omuz ask\u0131lar\u0131 ile konforlu bir ta\u015f\u0131ma sa\u011flarken ayn\u0131 zamanda \u00f6n k\u0131sm\u0131nda bulunan reflekt\u00f6r sayesinde karanl\u0131kta g\u00f6r\u00fcn\u00fcrl\u00fc\u011f\u00fc artt\u0131rarak g\u00fcvenli bir ta\u015f\u0131ma sa\u011flar. Ayrica, s\u0131rt k\u0131sm\u0131nda bulunan valiz ask\u0131s\u0131 sayesinde Mack bilgisayar \u00e7antas\u0131n\u0131 bavulunuza sabitleyebilir ve seyahat ederken rahat\u00e7a ta\u015f\u0131yabilirsiniz.<\/p>\n<p>\u0130deal Boyutlar: Siyah rengi ile hem erkek hem de kad\u0131n kullan\u0131c\u0131lar i\u00e7in uygun olan Mack Laptop \u00e7antas\u0131 15.6 in\u00e7, 43*30*15 cm boyutlar\u0131 ve 19 L ile ideal bir depolama alan\u0131 sunar.<\/p>\n<p>Uyar\u0131: \u00fcr\u00fcn %100 su ge\u00e7irmez de\u011fildir. Yo\u011fun ya\u011fmur, suyla direkt temas veya uzun s\u00fcreli \u0131slakl\u0131k durumlar\u0131nda i\u00e7eriye su s\u0131zabilir. L\u00fctfen kullan\u0131m s\u0131ras\u0131nda bu durumu dikkate al\u0131n\u0131z.<\/p>\n","protected":false},"excerpt":{"rendered":"<table id=\"tablepress-1\" class=\"tablepress tablepress-id-1 dataTable no-footer\" role=\"grid\" aria-describedby=\"tablepress-1_info\">\n<tbody class=\"row-hover\">\n<tr class=\"row-2 even\" role=\"row\">\n<td class=\"column-1\">Marka:<\/td>\n<td class=\"column-2\">MACK<\/td>\n<\/tr>\n<tr class=\"row-7 odd\" role=\"row\">\n<td class=\"column-1\">\u00dcr\u00fcn Kategorisi:<\/td>\n<td class=\"column-2\">Eco Notebook S\u0131rt \u00c7antalar\u0131<\/td>\n<\/tr>\n<tr class=\"row-3 odd\" role=\"row\">\n<td class=\"column-1\">Net \u00dcr\u00fcn Kodu:<\/td>\n<td class=\"column-2\">3277<\/td>\n<\/tr>\n<tr class=\"row-4 even\" role=\"row\">\n<td class=\"column-1\">\u00dcr\u00fcn Barkod:<\/td>\n<td class=\"column-2\">8682998401391<\/td>\n<\/tr>\n<tr class=\"row-5 odd\" role=\"row\">\n<td class=\"column-1\">Garanti S\u00fcresi:<\/td>\n<td class=\"column-2\">2 Y\u0131l<\/td>\n<\/tr>\n<\/tbody>\n<\/table>\n","protected":false},"featured_media":25790,"template":"","meta":[],"product_brand":[3190],"product_cat":[3150,1692],"product_tag":[],"class_list":{"0":"post-25789","1":"product","2":"type-product","3":"status-publish","4":"has-post-thumbnail","6":"product_brand-mack","7":"product_cat-eco-notebook-backpacks","8":"product_cat-mack-en","9":"pa_marka-mack","10":"pa_model-mce-1203","11":"pa_olcu-15-6","12":"pa_seri-office","13":"pa_tip-eco-notebook-sirt-cantasi","15":"first","16":"instock","17":"shipping-taxable","18":"product-type-simple"},"_links":{"self":[{"href":"https:\/\/www.netbilisim-tr.com\/en\/wp-json\/wp\/v2\/product\/25789","targetHints":{"allow":["GET"]}}],"collection":[{"href":"https:\/\/www.netbilisim-tr.com\/en\/wp-json\/wp\/v2\/product"}],"about":[{"href":"https:\/\/www.netbilisim-tr.com\/en\/wp-json\/wp\/v2\/types\/product"}],"wp:featuredmedia":[{"embeddable":true,"href":"https:\/\/www.netbilisim-tr.com\/en\/wp-json\/wp\/v2\/media\/25790"}],"wp:attachment":[{"href":"https:\/\/www.netbilisim-tr.com\/en\/wp-json\/wp\/v2\/media?parent=25789"}],"wp:term":[{"taxonomy":"product_brand","embeddable":true,"href":"https:\/\/www.netbilisim-tr.com\/en\/wp-json\/wp\/v2\/product_brand?post=25789"},{"taxonomy":"product_cat","embeddable":true,"href":"https:\/\/www.netbilisim-tr.com\/en\/wp-json\/wp\/v2\/product_cat?post=25789"},{"taxonomy":"product_tag","embeddable":true,"href":"https:\/\/www.netbilisim-tr.com\/en\/wp-json\/wp\/v2\/product_tag?post=25789"}],"curies":[{"name":"wp","href":"https:\/\/api.w.org\/{rel}","templated":true}]}}