{"id":25948,"date":"2024-12-13T00:03:21","date_gmt":"2024-12-12T21:03:21","guid":{"rendered":"https:\/\/www.netbilisim-tr.com\/urun\/texas-ins-n2ad-kt-j-universal-sarj-kablosu-adaptor\/"},"modified":"2026-03-17T16:43:00","modified_gmt":"2026-03-17T13:43:00","slug":"texas-ins-n2ad-kt-j-universal-sarj-kablosu-adaptor","status":"publish","type":"product","link":"https:\/\/www.netbilisim-tr.com\/en\/urun\/texas-ins-n2ad-kt-j-universal-sarj-kablosu-adaptor\/","title":{"rendered":"TEXAS INS. N2AD\/KT\/J Universal Sarj Kablosu + Adapt\u00f6r"},"content":{"rendered":"<p>Texas hesap makinalar\u0131n\u0131 \u015farj etmek i\u00e7in \u015earj kablosu + \u015earj Adapt\u00f6r\u00fc<\/p>\n<p>Evrensel Uyumluluk: Texas Instruments hesap makineleri ve di\u011fer elektronik cihazlar ile geni\u015f bir uyumluluk sa\u011flar.<br \/>\nY\u00fcksek Performans: G\u00fcvenli \u015farj i\u00e7in optimize edilmi\u015ftir.<br \/>\nDayan\u0131kl\u0131 Tasar\u0131m: Uzun \u00f6m\u00fcrl\u00fc kullan\u0131m i\u00e7in y\u00fcksek kaliteli malzemelerden \u00fcretilmi\u015ftir.<br \/>\nKompakt ve Ta\u015f\u0131nabilir: Hafif ve kompakt tasar\u0131m\u0131 ile seyahatlerde kolayl\u0131kla ta\u015f\u0131nabilir.<\/p>\n<p>Hesap makinesini bu \u015farj cihaz\u0131 ile tamamen \u015farj edildi\u011finde maksimum 6 saat i\u00e7inde tam kapasiteye ula\u015f\u0131r.<\/p>\n<p>Model: AC9213U<br \/>\nGiri\u015f Voltaj\u0131 (V) :100-240V<br \/>\nGiri\u015f Frekans\u0131 (Hz) :50-60Hz<br \/>\n\u00c7\u0131k\u0131\u015f Voltaj\u0131 (V) : 5VDC<br \/>\n\u00c7\u0131k\u0131\u015f Ak\u0131m\u0131 (A) : 1A<br \/>\n\u00c7\u0131k\u0131\u015f G\u00fcc\u00fc (W) : 5W<\/p>\n<p>Kablo uzunlu\u011fu: 1,5 mUSB ba\u011flant\u0131 tipi: Mini-B 5-pin (standart)<br \/>\nRenk: Siyah<\/p>\n","protected":false},"excerpt":{"rendered":"<table id=\"tablepress-1\" class=\"tablepress tablepress-id-1 dataTable no-footer\" role=\"grid\" aria-describedby=\"tablepress-1_info\">\n<tbody class=\"row-hover\">\n<tr class=\"row-2 even\" role=\"row\">\n<td class=\"column-1\">Marka:<\/td>\n<td class=\"column-2\">TEXAS INS.<\/td>\n<\/tr>\n<tr class=\"row-7 odd\" role=\"row\">\n<td class=\"column-1\">\u00dcr\u00fcn Kategorisi:<\/td>\n<td class=\"column-2\">Hesap Makinesi Aksesuar<\/td>\n<\/tr>\n<tr class=\"row-3 odd\" role=\"row\">\n<td class=\"column-1\">Net \u00dcr\u00fcn Kodu:<\/td>\n<td class=\"column-2\">3340<\/td>\n<\/tr>\n<tr class=\"row-4 even\" role=\"row\">\n<td class=\"column-1\">\u00dcr\u00fcn Barkod:<\/td>\n<td class=\"column-2\">3243480106740<\/td>\n<\/tr>\n<tr class=\"row-5 odd\" role=\"row\">\n<td class=\"column-1\">Garanti S\u00fcresi:<\/td>\n<td class=\"column-2\">2 Y\u0131l<\/td>\n<\/tr>\n<\/tbody>\n<\/table>\n","protected":false},"featured_media":25949,"template":"","meta":[],"product_brand":[3192],"product_cat":[373,3066],"product_tag":[],"class_list":{"0":"post-25948","1":"product","2":"type-product","3":"status-publish","4":"has-post-thumbnail","6":"product_brand-texas-ins","7":"product_cat-texas-ins","8":"product_cat-hesap-makinasi-aksesuarlari","9":"pa_marka-texas-ins","11":"first","12":"instock","13":"shipping-taxable","14":"product-type-simple"},"_links":{"self":[{"href":"https:\/\/www.netbilisim-tr.com\/en\/wp-json\/wp\/v2\/product\/25948","targetHints":{"allow":["GET"]}}],"collection":[{"href":"https:\/\/www.netbilisim-tr.com\/en\/wp-json\/wp\/v2\/product"}],"about":[{"href":"https:\/\/www.netbilisim-tr.com\/en\/wp-json\/wp\/v2\/types\/product"}],"wp:featuredmedia":[{"embeddable":true,"href":"https:\/\/www.netbilisim-tr.com\/en\/wp-json\/wp\/v2\/media\/25949"}],"wp:attachment":[{"href":"https:\/\/www.netbilisim-tr.com\/en\/wp-json\/wp\/v2\/media?parent=25948"}],"wp:term":[{"taxonomy":"product_brand","embeddable":true,"href":"https:\/\/www.netbilisim-tr.com\/en\/wp-json\/wp\/v2\/product_brand?post=25948"},{"taxonomy":"product_cat","embeddable":true,"href":"https:\/\/www.netbilisim-tr.com\/en\/wp-json\/wp\/v2\/product_cat?post=25948"},{"taxonomy":"product_tag","embeddable":true,"href":"https:\/\/www.netbilisim-tr.com\/en\/wp-json\/wp\/v2\/product_tag?post=25948"}],"curies":[{"name":"wp","href":"https:\/\/api.w.org\/{rel}","templated":true}]}}