{"id":25976,"date":"2024-12-13T08:13:20","date_gmt":"2024-12-13T05:13:20","guid":{"rendered":"https:\/\/www.netbilisim-tr.com\/urun\/samsonite-cm5-09-108-17-3-guard-it-2-0-tekerlekli-notebook-cantasi-siyah\/"},"modified":"2026-03-17T16:48:15","modified_gmt":"2026-03-17T13:48:15","slug":"samsonite-cm5-09-108-17-3-guard-it-2-0-tekerlekli-notebook-cantasi-siyah","status":"publish","type":"product","link":"https:\/\/www.netbilisim-tr.com\/en\/urun\/samsonite-cm5-09-108-17-3-guard-it-2-0-tekerlekli-notebook-cantasi-siyah\/","title":{"rendered":"SAMSONITE CM5-09-108 17.3 Guard IT 2.0 Tekerlekli Notebook \u00c7antas\u0131 Siyah"},"content":{"rendered":"<p>Her ya\u015fa uygun modern ve zarif tasar\u0131m<br \/>\nZengin g\u00f6r\u00fcn\u00fcml\u00fc metal Samsonite logosu<br \/>\nKi\u015fisel e\u015fyalar i\u00e7in \u00f6nde kolay eri\u015fimli fermuarl\u0131 aksesuar cebi<br \/>\nNotebook ve tablet b\u00f6l\u00fcmleri ile belgeler i\u00e7in ayr\u0131 bir cebe sahip geni\u015f i\u015f b\u00f6lmesi<br \/>\n\u00dcst\u00fcn koruma sa\u011flayan g\u00fc\u00e7lendirilmi\u015f laptop ve tablet b\u00f6l\u00fcm\u00fc ve ekstra g\u00fcvenlik i\u00e7in sabitleme kay\u0131\u015f\u0131<br \/>\nGiyim e\u015fyalar\u0131 i\u00e7in elastik bantl\u0131 ana b\u00f6lme<br \/>\nTekerlek ile kullan\u0131m i\u00e7in teleskobik tutma kolu ve kullan\u0131lmad\u0131\u011f\u0131nda kolu gizleme imkan\u0131 sa\u011flayan \u00fcst fermuar<br \/>\n\u00c7ek\u00e7ekli \u00e7antalara entegre edilmeye imkan sa\u011flayan arka b\u00f6l\u00fcm<br \/>\nYumu\u015fak yap\u0131da rahat ve dayan\u0131kl\u0131 tutma kolu<br \/>\n\u00d6l\u00e7\u00fcler: 45 x 33 x 18 cm<br \/>\nHacim: 26,5 Litre<br \/>\nA\u011f\u0131rl\u0131k: 2,7 kg<br \/>\nRenk: Siyah<\/p>\n","protected":false},"excerpt":{"rendered":"<table id=\"tablepress-1\" class=\"tablepress tablepress-id-1 dataTable no-footer\" role=\"grid\" aria-describedby=\"tablepress-1_info\">\n<tbody class=\"row-hover\">\n<tr class=\"row-2 even\" role=\"row\">\n<td class=\"column-1\">Marka:<\/td>\n<td class=\"column-2\">SAMSONITE<\/td>\n<\/tr>\n<tr class=\"row-7 odd\" role=\"row\">\n<td class=\"column-1\">\u00dcr\u00fcn Kategorisi:<\/td>\n<td class=\"column-2\">Seyahat \u00c7antalar\u0131<\/td>\n<\/tr>\n<tr class=\"row-3 odd\" role=\"row\">\n<td class=\"column-1\">Net \u00dcr\u00fcn Kodu:<\/td>\n<td class=\"column-2\">3163<\/td>\n<\/tr>\n<tr class=\"row-4 even\" role=\"row\">\n<td class=\"column-1\">\u00dcr\u00fcn Barkod:<\/td>\n<td class=\"column-2\">5400520053473<\/td>\n<\/tr>\n<tr class=\"row-5 odd\" role=\"row\">\n<td class=\"column-1\">Garanti S\u00fcresi:<\/td>\n<td class=\"column-2\">2 Y\u0131l<\/td>\n<\/tr>\n<\/tbody>\n<\/table>\n","protected":false},"featured_media":25977,"template":"","meta":[],"product_brand":[3191],"product_cat":[190,237],"product_tag":[],"class_list":{"0":"post-25976","1":"product","2":"type-product","3":"status-publish","4":"has-post-thumbnail","6":"product_brand-samsonite","7":"product_cat-samsonite","8":"product_cat-tekerlekli-cantalar","9":"pa_marka-samsonite","10":"pa_model-cm5-09-108","11":"pa_olcu-17-3","12":"pa_seri-guard-it-2-0","13":"pa_tip-tekerlekli-notebook-cantasi","15":"first","16":"instock","17":"shipping-taxable","18":"product-type-simple"},"_links":{"self":[{"href":"https:\/\/www.netbilisim-tr.com\/en\/wp-json\/wp\/v2\/product\/25976","targetHints":{"allow":["GET"]}}],"collection":[{"href":"https:\/\/www.netbilisim-tr.com\/en\/wp-json\/wp\/v2\/product"}],"about":[{"href":"https:\/\/www.netbilisim-tr.com\/en\/wp-json\/wp\/v2\/types\/product"}],"wp:featuredmedia":[{"embeddable":true,"href":"https:\/\/www.netbilisim-tr.com\/en\/wp-json\/wp\/v2\/media\/25977"}],"wp:attachment":[{"href":"https:\/\/www.netbilisim-tr.com\/en\/wp-json\/wp\/v2\/media?parent=25976"}],"wp:term":[{"taxonomy":"product_brand","embeddable":true,"href":"https:\/\/www.netbilisim-tr.com\/en\/wp-json\/wp\/v2\/product_brand?post=25976"},{"taxonomy":"product_cat","embeddable":true,"href":"https:\/\/www.netbilisim-tr.com\/en\/wp-json\/wp\/v2\/product_cat?post=25976"},{"taxonomy":"product_tag","embeddable":true,"href":"https:\/\/www.netbilisim-tr.com\/en\/wp-json\/wp\/v2\/product_tag?post=25976"}],"curies":[{"name":"wp","href":"https:\/\/api.w.org\/{rel}","templated":true}]}}