{"id":26435,"date":"2025-03-17T13:46:43","date_gmt":"2025-03-17T10:46:43","guid":{"rendered":"https:\/\/www.netbilisim-tr.com\/urun\/mack-mce-1522-15-6-nova-eco-notebook-sirt-cantasi-gri\/"},"modified":"2026-03-17T16:43:22","modified_gmt":"2026-03-17T13:43:22","slug":"mack-mce-1522-15-6-nova-eco-notebook-sirt-cantasi-gri","status":"publish","type":"product","link":"https:\/\/www.netbilisim-tr.com\/en\/urun\/mack-mce-1522-15-6-nova-eco-notebook-sirt-cantasi-gri\/","title":{"rendered":"MACK MCE-1522 15.6 NOVA Eco Notebook S\u0131rt \u00c7antas\u0131 Gri"},"content":{"rendered":"<p>MACK MCE-1522 Nova Eco \u00c7evre Dostu Laptop S\u0131rt \u00c7antas\u0131 15.6 in\u00e7, YKK Fermuarl\u0131 Bilgisayar S\u0131rt \u00c7antas\u0131, Kad\u0131n ve Erkek G\u00fcnl\u00fck S\u0131rt \u00c7antas\u0131, Okul ve \u0130\u015f S\u0131rt \u00c7antas\u0131, Gri<\/p>\n<p>\u00c7evreci ve Kaliteli Malzeme: Laptop S\u0131rt \u00c7antas\u0131, \u00e7evre dostu geri d\u00f6n\u00fc\u015ft\u00fcr\u00fclm\u00fc\u015f su itici kuma\u015ftan \u00fcretilmi\u015f ve y\u00fcksek kaliteli YKK fermuar ile donat\u0131lm\u0131\u015ft\u0131r. Bilgisayar \u00e7antas\u0131n\u0131n t\u00fcm bile\u015fenleri Avrupa Birli\u011fi normlar\u0131na g\u00f6re T\u00fcrkiye&#8217;de \u00fcretilmi\u015ftir ve hi\u00e7bir zararl\u0131 madde i\u00e7ermez. Mack \u00e7anta ile bilgisayar\u0131n\u0131z\u0131 ve e\u015fyalar\u0131n\u0131z\u0131 g\u00fcvenle ta\u015f\u0131rken \u00e7evreyi de koruyun.<\/p>\n<p>Ergonomik ve \u015f\u0131k tasar\u0131m\u0131 sayesinde laptop s\u0131rt \u00e7antas\u0131 hem i\u015f \u00e7antas\u0131 hem g\u00fcnl\u00fck s\u0131rt \u00e7antas\u0131 olarak kullan\u0131labilir. Ayr\u0131ca aksesuarlar i\u00e7in \u00f6zel olarak tasarlanm\u0131\u015f \u00f6n ve i\u00e7 cepleri, kullan\u0131c\u0131n\u0131n e\u015fyalar\u0131n\u0131 organize etmesine ve kolay eri\u015fim sa\u011flamas\u0131na yard\u0131mc\u0131 olur<\/p>\n<p>\u0130deal Koruma: Nova Eco G\u00fcnl\u00fck s\u0131rt \u00e7antas\u0131n\u0131n bilgisayar\u0131n\u0131za ideal koruma sa\u011flayan y\u00fcksek yo\u011funluklu k\u00f6p\u00fck ile desteklenmi\u015f 15.6 in\u00e7 laptop uyumlu bir b\u00f6lmesi vard\u0131r. S\u0131rt \u00c7antas\u0131 \u015f\u0131k tasar\u0131m\u0131 ve pastel renkleri ile Okul ve \u0130\u015f S\u0131rt \u00c7antas\u0131 olarak kullan\u0131labilir.<\/p>\n<p>Rahat ve G\u00fcvenli Ta\u015f\u0131ma: Macbook Air \/ Pro ile uyumlu bilgisayar \u00e7antas\u0131, konforlu arka y\u00fczeyi ve ayarlanabilir omuz ask\u0131lar\u0131yla rahat bir ta\u015f\u0131ma sa\u011flar. Ayr\u0131ca sahip oldu\u011fu bagaj ask\u0131s\u0131 sayesinde valizinize sabitlenebilir ve seyahat ederken kolayca ta\u015f\u0131nabilir.<\/p>\n<p>\u0130deal Boyutlar: 41*31*14 cm boyutlar\u0131 ve 18L kapasitesi ile ideal bir depolama alan\u0131 sunan g\u00fcnl\u00fck s\u0131rt \u00e7antas\u0131, erkek ve kad\u0131n unisex kullan\u0131ma uygundur.<\/p>\n","protected":false},"excerpt":{"rendered":"<table id=\"tablepress-1\" class=\"tablepress tablepress-id-1 dataTable no-footer\" role=\"grid\" aria-describedby=\"tablepress-1_info\">\n<tbody class=\"row-hover\">\n<tr class=\"row-2 even\" role=\"row\">\n<td class=\"column-1\">Marka:<\/td>\n<td class=\"column-2\">MACK<\/td>\n<\/tr>\n<tr class=\"row-7 odd\" role=\"row\">\n<td class=\"column-1\">\u00dcr\u00fcn Kategorisi:<\/td>\n<td class=\"column-2\">Eco Notebook S\u0131rt \u00c7antalar\u0131<\/td>\n<\/tr>\n<tr class=\"row-3 odd\" role=\"row\">\n<td class=\"column-1\">Net \u00dcr\u00fcn Kodu:<\/td>\n<td class=\"column-2\">3348<\/td>\n<\/tr>\n<tr class=\"row-4 even\" role=\"row\">\n<td class=\"column-1\">\u00dcr\u00fcn Barkod:<\/td>\n<td class=\"column-2\">8682998401476<\/td>\n<\/tr>\n<tr class=\"row-5 odd\" role=\"row\">\n<td class=\"column-1\">Garanti S\u00fcresi:<\/td>\n<td class=\"column-2\">2 Y\u0131l<\/td>\n<\/tr>\n<\/tbody>\n<\/table>\n","protected":false},"featured_media":26436,"template":"","meta":[],"product_brand":[3190],"product_cat":[280,3033],"product_tag":[],"class_list":{"0":"post-26435","1":"product","2":"type-product","3":"status-publish","4":"has-post-thumbnail","6":"product_brand-mack","7":"product_cat-mack","8":"product_cat-eco-notebook-sirt-cantalari","9":"pa_marka-mack","10":"pa_model-mce-1522","11":"pa_olcu-15-6","12":"pa_seri-nova","13":"pa_tip-eco-notebook-sirt-cantasi","15":"first","16":"instock","17":"shipping-taxable","18":"product-type-simple"},"_links":{"self":[{"href":"https:\/\/www.netbilisim-tr.com\/en\/wp-json\/wp\/v2\/product\/26435","targetHints":{"allow":["GET"]}}],"collection":[{"href":"https:\/\/www.netbilisim-tr.com\/en\/wp-json\/wp\/v2\/product"}],"about":[{"href":"https:\/\/www.netbilisim-tr.com\/en\/wp-json\/wp\/v2\/types\/product"}],"wp:featuredmedia":[{"embeddable":true,"href":"https:\/\/www.netbilisim-tr.com\/en\/wp-json\/wp\/v2\/media\/26436"}],"wp:attachment":[{"href":"https:\/\/www.netbilisim-tr.com\/en\/wp-json\/wp\/v2\/media?parent=26435"}],"wp:term":[{"taxonomy":"product_brand","embeddable":true,"href":"https:\/\/www.netbilisim-tr.com\/en\/wp-json\/wp\/v2\/product_brand?post=26435"},{"taxonomy":"product_cat","embeddable":true,"href":"https:\/\/www.netbilisim-tr.com\/en\/wp-json\/wp\/v2\/product_cat?post=26435"},{"taxonomy":"product_tag","embeddable":true,"href":"https:\/\/www.netbilisim-tr.com\/en\/wp-json\/wp\/v2\/product_tag?post=26435"}],"curies":[{"name":"wp","href":"https:\/\/api.w.org\/{rel}","templated":true}]}}