{"id":26494,"date":"2025-03-17T13:54:12","date_gmt":"2025-03-17T10:54:12","guid":{"rendered":"https:\/\/www.netbilisim-tr.com\/urun\/mack-mce-1501-14-1-nova-eco-notebook-sleeve-siyah\/"},"modified":"2026-03-17T16:43:05","modified_gmt":"2026-03-17T13:43:05","slug":"mack-mce-1501-14-1-nova-eco-notebook-sleeve-siyah","status":"publish","type":"product","link":"https:\/\/www.netbilisim-tr.com\/en\/urun\/mack-mce-1501-14-1-nova-eco-notebook-sleeve-siyah\/","title":{"rendered":"MACK MCE-1501 14.1 NOVA Eco Notebook Sleeve Siyah"},"content":{"rendered":"<p>MACK MCE-1501 14.1&#8243; Nova Eco \u00c7evre Dostu 13-14 in\u00e7 Yeni MacBook Pro i\u00e7in K\u0131l\u0131f, Aksesuar B\u00f6lmeli Laptop k\u0131l\u0131f\u0131, YKK Fermuarl\u0131  Notebook &#038; Tablet k\u0131l\u0131f\u0131, Siyah<\/p>\n<p>\u00c7evreci Kuma\u015f: Nova Eco MacBook Pro K\u0131l\u0131f\u0131, \u00e7evre dostu geri d\u00f6n\u00fc\u015ft\u00fcr\u00fclm\u00fc\u015f kuma\u015ftan \u00fcretilmi\u015ftir. Nova Eco Laptop K\u0131l\u0131f\u0131n\u0131n t\u00fcm bile\u015fenleri Avrupa Birli\u011fi normlar\u0131na g\u00f6re T\u00fcrkiye&#8217;de \u00fcretilmi\u015ftir ve hi\u00e7bir zararl\u0131 madde i\u00e7ermez. Mack diz\u00fcst\u00fc bilgisayar k\u0131l\u0131f\u0131lar\u0131 ile bilgisayar\u0131n\u0131z\u0131 ve e\u015fyalar\u0131n\u0131z\u0131 g\u00fcvenle ta\u015f\u0131rken \u00e7evreyi de koruyun.<\/p>\n<p>Y\u00fcksek Kaliteli YKK Fermuar:<\/p>\n<p>Nova Eco notebook k\u0131l\u0131f\u0131, y\u00fcksek kaliteli YKK fermuarlar ile donat\u0131lm\u0131\u015f olup k\u0131l\u0131f\u0131n\u0131z\u0131n fermuarlar\u0131n\u0131 y\u0131llarca rahat ve sorunsuz bir \u015fekilde kullanabilirsiniz.<\/p>\n<p>Aksesuar Cebi: Nova Eco Laptop K\u0131l\u0131f\u0131, fermuarl\u0131 \u00f6n cebi sayesinde cep telefonu, k\u0131rtasiye malzemeleri ve powerbank gibi e\u015fyalar\u0131n\u0131z\u0131 rahat\u00e7a saklaman\u0131z\u0131 sa\u011flar ve ihtiya\u00e7 duydu\u011funuzda kolayca eri\u015febilirsiniz.<\/p>\n<p>\u0130deal Koruma: Nova Eco MacBook k\u0131l\u0131f\u0131, 13-14 in\u00e7 cihazlarla uyumludur ve y\u00fcksek yo\u011funluklu k\u00f6p\u00fck ile desteklenmi\u015f yap\u0131s\u0131 ile ideal koruma sa\u011flar.<\/p>\n<p>Su \u0130tici Kuma\u015f: Nova Eco notebook k\u0131l\u0131f\u0131, su itici kuma\u015f\u0131 sayesinde hafif ya\u011fmurlu havalarda e\u015fyalar\u0131n\u0131z\u0131n \u0131slanmas\u0131n\u0131 \u00f6nler.<\/p>\n<p>\u0130deal Boyutlar: 26*36*2 cm boyutlar\u0131 ideal bir depolama alan\u0131 sunar.<\/p>\n","protected":false},"excerpt":{"rendered":"<table id=\"tablepress-1\" class=\"tablepress tablepress-id-1 dataTable no-footer\" role=\"grid\" aria-describedby=\"tablepress-1_info\">\n<tbody class=\"row-hover\">\n<tr class=\"row-2 even\" role=\"row\">\n<td class=\"column-1\">Marka:<\/td>\n<td class=\"column-2\">MACK<\/td>\n<\/tr>\n<tr class=\"row-7 odd\" role=\"row\">\n<td class=\"column-1\">\u00dcr\u00fcn Kategorisi:<\/td>\n<td class=\"column-2\">Eco Notebook K\u0131l\u0131flar\u0131<\/td>\n<\/tr>\n<tr class=\"row-3 odd\" role=\"row\">\n<td class=\"column-1\">Net \u00dcr\u00fcn Kodu:<\/td>\n<td class=\"column-2\">3341<\/td>\n<\/tr>\n<tr class=\"row-4 even\" role=\"row\">\n<td class=\"column-1\">\u00dcr\u00fcn Barkod:<\/td>\n<td class=\"column-2\">8682998401438<\/td>\n<\/tr>\n<tr class=\"row-5 odd\" role=\"row\">\n<td class=\"column-1\">Garanti S\u00fcresi:<\/td>\n<td class=\"column-2\">2 Y\u0131l<\/td>\n<\/tr>\n<\/tbody>\n<\/table>\n","protected":false},"featured_media":26495,"template":"","meta":[],"product_brand":[3190],"product_cat":[3085,280],"product_tag":[],"class_list":{"0":"post-26494","1":"product","2":"type-product","3":"status-publish","4":"has-post-thumbnail","6":"product_brand-mack","7":"product_cat-eco-notebook-kiliflari","8":"product_cat-mack","9":"pa_marka-mack","10":"pa_model-mce-1501","11":"pa_olcu-14-1","12":"pa_seri-nova","13":"pa_tip-eco-notebook-sleeve","15":"first","16":"instock","17":"shipping-taxable","18":"product-type-simple"},"_links":{"self":[{"href":"https:\/\/www.netbilisim-tr.com\/en\/wp-json\/wp\/v2\/product\/26494","targetHints":{"allow":["GET"]}}],"collection":[{"href":"https:\/\/www.netbilisim-tr.com\/en\/wp-json\/wp\/v2\/product"}],"about":[{"href":"https:\/\/www.netbilisim-tr.com\/en\/wp-json\/wp\/v2\/types\/product"}],"wp:featuredmedia":[{"embeddable":true,"href":"https:\/\/www.netbilisim-tr.com\/en\/wp-json\/wp\/v2\/media\/26495"}],"wp:attachment":[{"href":"https:\/\/www.netbilisim-tr.com\/en\/wp-json\/wp\/v2\/media?parent=26494"}],"wp:term":[{"taxonomy":"product_brand","embeddable":true,"href":"https:\/\/www.netbilisim-tr.com\/en\/wp-json\/wp\/v2\/product_brand?post=26494"},{"taxonomy":"product_cat","embeddable":true,"href":"https:\/\/www.netbilisim-tr.com\/en\/wp-json\/wp\/v2\/product_cat?post=26494"},{"taxonomy":"product_tag","embeddable":true,"href":"https:\/\/www.netbilisim-tr.com\/en\/wp-json\/wp\/v2\/product_tag?post=26494"}],"curies":[{"name":"wp","href":"https:\/\/api.w.org\/{rel}","templated":true}]}}