{"id":26555,"date":"2025-03-29T00:00:37","date_gmt":"2025-03-28T21:00:37","guid":{"rendered":"https:\/\/www.netbilisim-tr.com\/urun\/mack-mcc-505bg-15-6-move-notebook-sirt-cantasi-siyah-gri\/"},"modified":"2026-03-17T16:48:48","modified_gmt":"2026-03-17T13:48:48","slug":"mack-mcc-505bg-15-6-move-notebook-sirt-cantasi-siyah-gri","status":"publish","type":"product","link":"https:\/\/www.netbilisim-tr.com\/en\/urun\/mack-mcc-505bg-15-6-move-notebook-sirt-cantasi-siyah-gri\/","title":{"rendered":"MACK MCC-505BG 15.6 Move Notebook S\u0131rt \u00c7antas\u0131 Siyah Gri"},"content":{"rendered":"<p>Mack Move MCC-505BG Laptop S\u0131rt \u00c7antas\u0131, Profesyonel S\u0131rt \u00c7antas\u0131, Kad\u0131nlar ve Erkekler i\u00e7in Bilgisayar \u00c7antas\u0131, 15.6 in\u00e7 Notebook \u00c7antas\u0131, Siyah-Gri<\/p>\n<p>Dayan\u0131kl\u0131l\u0131k ve Kaliteli Malzeme: Laptop \u00e7antas\u0131 a\u015f\u0131nmaya dayan\u0131kl\u0131 ve su itici kuma\u015ftan \u00fcretilmi\u015ftir. Bilgisayar \u00e7antas\u0131n\u0131n t\u00fcm bile\u015fenleri Avrupa Birli\u011fi normlar\u0131na g\u00f6re \u00fcretilmi\u015ftir ve hi\u00e7bir zararl\u0131 madde i\u00e7ermez.<\/p>\n<p>Ergonomik ve \u015f\u0131k tasar\u0131m\u0131 sayesinde S\u0131rt \u00e7antas\u0131 hem bilgisayar \u00e7antas\u0131 hem de Okul \u00e7antas\u0131 olarak kullan\u0131labilir. Ayr\u0131ca aksesuarlar i\u00e7in \u00f6zel olarak tasarlanm\u0131\u015f \u00f6n ve i\u00e7 cepler, kullan\u0131c\u0131n\u0131n e\u015fyalar\u0131n\u0131 organize etmesine ve kolay eri\u015fim sa\u011flamas\u0131na yard\u0131mc\u0131 olur. Ayr\u0131ca notebook \u00e7antas\u0131 sise ve \u015femsiye i\u00e7in yan ceplere sahiptir.<\/p>\n<p>Maksimum Koruma: Laptop s\u0131rt \u00e7antas\u0131 korumal\u0131 laptop b\u00f6lmesine sahip olup, bilgisayar\u0131n\u0131z i\u00e7in maksimum koruma sa\u011flar.<\/p>\n<p>Rahat Ta\u015f\u0131ma: S\u0131rt \u00e7antas\u0131 erkek, rahat ta\u015f\u0131ma i\u00e7in konforlu arka y\u00fczeye ve ayarlanabilir omuz ask\u0131lar\u0131na sahiptir.<\/p>\n<p>\u0130deal Boyutlar: Siyah rengi ile hem erkek hem de kad\u0131n kullan\u0131c\u0131lar i\u00e7in uygun olan Laptop \u00e7antas\u0131 15.6 in\u00e7, 44*30*16 cm boyutlar\u0131 ve 21 Litre  ile ideal bir depolama alan\u0131 sunar.<\/p>\n<p>Uyar\u0131: \u00fcr\u00fcn %100 su ge\u00e7irmez de\u011fildir. Yo\u011fun ya\u011fmur, suyla direkt temas veya uzun s\u00fcreli \u0131slakl\u0131k durumlar\u0131nda i\u00e7eriye su s\u0131zabilir. L\u00fctfen kullan\u0131m s\u0131ras\u0131nda bu durumu dikkate al\u0131n\u0131z.<\/p>\n","protected":false},"excerpt":{"rendered":"<table id=\"tablepress-1\" class=\"tablepress tablepress-id-1 dataTable no-footer\" role=\"grid\" aria-describedby=\"tablepress-1_info\">\n<tbody class=\"row-hover\">\n<tr class=\"row-2 even\" role=\"row\">\n<td class=\"column-1\">Marka:<\/td>\n<td class=\"column-2\">MACK<\/td>\n<\/tr>\n<tr class=\"row-7 odd\" role=\"row\">\n<td class=\"column-1\">\u00dcr\u00fcn Kategorisi:<\/td>\n<td class=\"column-2\">Notebook S\u0131rt \u00c7antalar\u0131<\/td>\n<\/tr>\n<tr class=\"row-3 odd\" role=\"row\">\n<td class=\"column-1\">Net \u00dcr\u00fcn Kodu:<\/td>\n<td class=\"column-2\">3361<\/td>\n<\/tr>\n<tr class=\"row-4 even\" role=\"row\">\n<td class=\"column-1\">\u00dcr\u00fcn Barkod:<\/td>\n<td class=\"column-2\">8682998401537<\/td>\n<\/tr>\n<tr class=\"row-5 odd\" role=\"row\">\n<td class=\"column-1\">Garanti S\u00fcresi:<\/td>\n<td class=\"column-2\">2 Y\u0131l<\/td>\n<\/tr>\n<\/tbody>\n<\/table>\n","protected":false},"featured_media":26556,"template":"","meta":[],"product_brand":[3190],"product_cat":[1692,1728],"product_tag":[],"class_list":{"0":"post-26555","1":"product","2":"type-product","3":"status-publish","4":"has-post-thumbnail","6":"product_brand-mack","7":"product_cat-mack-en","8":"product_cat-notebook-backpacks-mack-en","9":"pa_marka-mack-en","10":"pa_model-mcc-505bg","11":"pa_olcu-15-6","12":"pa_seri-move-en","13":"pa_tip-notebook-backpack","15":"first","16":"instock","17":"shipping-taxable","18":"product-type-simple"},"_links":{"self":[{"href":"https:\/\/www.netbilisim-tr.com\/en\/wp-json\/wp\/v2\/product\/26555","targetHints":{"allow":["GET"]}}],"collection":[{"href":"https:\/\/www.netbilisim-tr.com\/en\/wp-json\/wp\/v2\/product"}],"about":[{"href":"https:\/\/www.netbilisim-tr.com\/en\/wp-json\/wp\/v2\/types\/product"}],"wp:featuredmedia":[{"embeddable":true,"href":"https:\/\/www.netbilisim-tr.com\/en\/wp-json\/wp\/v2\/media\/26556"}],"wp:attachment":[{"href":"https:\/\/www.netbilisim-tr.com\/en\/wp-json\/wp\/v2\/media?parent=26555"}],"wp:term":[{"taxonomy":"product_brand","embeddable":true,"href":"https:\/\/www.netbilisim-tr.com\/en\/wp-json\/wp\/v2\/product_brand?post=26555"},{"taxonomy":"product_cat","embeddable":true,"href":"https:\/\/www.netbilisim-tr.com\/en\/wp-json\/wp\/v2\/product_cat?post=26555"},{"taxonomy":"product_tag","embeddable":true,"href":"https:\/\/www.netbilisim-tr.com\/en\/wp-json\/wp\/v2\/product_tag?post=26555"}],"curies":[{"name":"wp","href":"https:\/\/api.w.org\/{rel}","templated":true}]}}