{"id":26651,"date":"2025-04-25T09:19:14","date_gmt":"2025-04-25T06:19:14","guid":{"rendered":"https:\/\/www.netbilisim-tr.com\/urun\/samsonite-kr2-09-003-17-3-guard-it-3-0-notebook-sirt-cantasi-siyah\/"},"modified":"2026-03-17T16:41:55","modified_gmt":"2026-03-17T13:41:55","slug":"samsonite-kr2-09-003-17-3-guard-it-3-0-notebook-sirt-cantasi-siyah","status":"publish","type":"product","link":"https:\/\/www.netbilisim-tr.com\/en\/urun\/samsonite-kr2-09-003-17-3-guard-it-3-0-notebook-sirt-cantasi-siyah\/","title":{"rendered":"SAMSONITE KR2-09-003 17.3 Guard IT 3.0 Notebook S\u0131rt \u00c7antas\u0131 Siyah"},"content":{"rendered":"<p>\u00c7evre dostu, geri d\u00f6n\u00fc\u015ft\u00fcr\u00fclm\u00fc\u015f PET polyester kuma\u015f, i\u00e7 astar ve fermuarlar<br \/>\nAyarlanabilir ve dolgulu s\u0131rt ask\u0131lar\u0131 ile konforlu ta\u015f\u0131ma<br \/>\n\u00dcstte kolay ta\u015f\u0131ma sa\u011flayan tutma sap\u0131<br \/>\nYumu\u015fak detayl\u0131 17.3&#8221; laptop b\u00f6lmesi<br \/>\n10.5 tablet i\u00e7in \u00f6zel koruyucu i\u00e7 cep<br \/>\nG\u00fcvenli bir koruma sa\u011flayan tamamen astarl\u0131 \u015f\u0131k i\u00e7 b\u00f6l\u00fcm<br \/>\nH\u0131zl\u0131 eri\u015fim imkan\u0131 sunan fermuarl\u0131 \u00f6n cep<br \/>\n Bilet, belge veya aksesuarlar i\u00e7in ideal dikey d\u0131\u015f cep<br \/>\nValiz sap\u0131na tak\u0131labilen arka bant sayesinde kolay ta\u015f\u0131ma imkan\u0131<br \/>\nZarif renk detaylar\u0131yla modern ve sade g\u00f6r\u00fcn\u00fcm<br \/>\nYan cepler sayesinde \u015fi\u015fe \u015femsiye ve benzeri e\u015fyalar\u0131  ta\u015f\u0131ma kolayl\u0131\u011f\u0131<br \/>\n\u0130yi d\u00fc\u015f\u00fcn\u00fclm\u00fc\u015f i\u00e7 d\u00fczenleme alan\u0131 ile fonksiyonel kullan\u0131m<br \/>\nTelefon, kalem, kart gibi e\u015fyalar i\u00e7in i\u00e7 d\u00fczenleyici cepler<br \/>\nTeknik \u00d6zellikler<br \/>\n\u00d6l\u00e7\u00fcler: 48 x 32 x 20,5 cm<br \/>\nHacim: 27,5 L<br \/>\nA\u011f\u0131rl\u0131k: 0,8 kg<\/p>\n","protected":false},"excerpt":{"rendered":"<table id=\"tablepress-1\" class=\"tablepress tablepress-id-1 dataTable no-footer\" role=\"grid\" aria-describedby=\"tablepress-1_info\">\n<tbody class=\"row-hover\">\n<tr class=\"row-2 even\" role=\"row\">\n<td class=\"column-1\">Marka:<\/td>\n<td class=\"column-2\">SAMSONITE<\/td>\n<\/tr>\n<tr class=\"row-7 odd\" role=\"row\">\n<td class=\"column-1\">\u00dcr\u00fcn Kategorisi:<\/td>\n<td class=\"column-2\">Notebook S\u0131rt \u00c7antalar\u0131<\/td>\n<\/tr>\n<tr class=\"row-3 odd\" role=\"row\">\n<td class=\"column-1\">Net \u00dcr\u00fcn Kodu:<\/td>\n<td class=\"column-2\">3381<\/td>\n<\/tr>\n<tr class=\"row-4 even\" role=\"row\">\n<td class=\"column-1\">\u00dcr\u00fcn Barkod:<\/td>\n<td class=\"column-2\">5400520328427<\/td>\n<\/tr>\n<tr class=\"row-5 odd\" role=\"row\">\n<td class=\"column-1\">Garanti S\u00fcresi:<\/td>\n<td class=\"column-2\">2 Y\u0131l<\/td>\n<\/tr>\n<\/tbody>\n<\/table>\n","protected":false},"featured_media":26652,"template":"","meta":[],"product_brand":[3191],"product_cat":[1704,1705],"product_tag":[],"class_list":{"0":"post-26651","1":"product","2":"type-product","3":"status-publish","4":"has-post-thumbnail","6":"product_brand-samsonite","7":"product_cat-samsonite-en","8":"product_cat-notebook-backpacks","9":"pa_marka-samsonite","10":"pa_model-kr2-09-003","11":"pa_olcu-17-3","12":"pa_seri-guard-it-3-0","13":"pa_tip-notebook-sirt-cantasi","15":"first","16":"instock","17":"shipping-taxable","18":"product-type-simple"},"_links":{"self":[{"href":"https:\/\/www.netbilisim-tr.com\/en\/wp-json\/wp\/v2\/product\/26651","targetHints":{"allow":["GET"]}}],"collection":[{"href":"https:\/\/www.netbilisim-tr.com\/en\/wp-json\/wp\/v2\/product"}],"about":[{"href":"https:\/\/www.netbilisim-tr.com\/en\/wp-json\/wp\/v2\/types\/product"}],"wp:featuredmedia":[{"embeddable":true,"href":"https:\/\/www.netbilisim-tr.com\/en\/wp-json\/wp\/v2\/media\/26652"}],"wp:attachment":[{"href":"https:\/\/www.netbilisim-tr.com\/en\/wp-json\/wp\/v2\/media?parent=26651"}],"wp:term":[{"taxonomy":"product_brand","embeddable":true,"href":"https:\/\/www.netbilisim-tr.com\/en\/wp-json\/wp\/v2\/product_brand?post=26651"},{"taxonomy":"product_cat","embeddable":true,"href":"https:\/\/www.netbilisim-tr.com\/en\/wp-json\/wp\/v2\/product_cat?post=26651"},{"taxonomy":"product_tag","embeddable":true,"href":"https:\/\/www.netbilisim-tr.com\/en\/wp-json\/wp\/v2\/product_tag?post=26651"}],"curies":[{"name":"wp","href":"https:\/\/api.w.org\/{rel}","templated":true}]}}