{"id":26662,"date":"2025-04-25T09:19:56","date_gmt":"2025-04-25T06:19:56","guid":{"rendered":"https:\/\/www.netbilisim-tr.com\/urun\/samsonite-kr2-09-004-14-1-guard-it-3-0-seyahat-notebook-sirt-cantasi-siyah\/"},"modified":"2026-03-17T16:42:00","modified_gmt":"2026-03-17T13:42:00","slug":"samsonite-kr2-09-004-14-1-guard-it-3-0-seyahat-notebook-sirt-cantasi-siyah","status":"publish","type":"product","link":"https:\/\/www.netbilisim-tr.com\/en\/urun\/samsonite-kr2-09-004-14-1-guard-it-3-0-seyahat-notebook-sirt-cantasi-siyah\/","title":{"rendered":"SAMSONITE KR2-09-004 14.1 Guard IT 3.0 Seyahat Notebook S\u0131rt \u00c7antas\u0131 Siyah"},"content":{"rendered":"<p>\u00c7evre dostu, geri d\u00f6n\u00fc\u015ft\u00fcr\u00fclm\u00fc\u015f PET polyester kuma\u015f, i\u00e7 astar ve fermuarlar<br \/>\nU\u00e7ak kabin boyutlar\u0131yla uyumlu kompakt tasar\u0131m<br \/>\nAyarlanabilir ve dolgulu s\u0131rt ask\u0131lar\u0131 ile konforlu ta\u015f\u0131ma<br \/>\nHavayolu el bagaj\u0131 kurallar\u0131na uygun alt koltuk uyumlu kompakt tasar\u0131m<br \/>\n\u00c7ok say\u0131da fonksiyonel cep ve b\u00f6lmeli i\u00e7 tasar\u0131m<br \/>\nG\u00fcvenlik kay\u0131\u015fl\u0131 14.1 laptop ve 10.5 tablet b\u00f6lmeleri<br \/>\nElastik sabitleyici kay\u0131\u015flarla donat\u0131lm\u0131\u015f k\u0131yafet b\u00f6lmesi<br \/>\nFileli s\u0131rt paneli ile nefes alabilir konforlu s\u0131rt deste\u011fi<br \/>\n14.1 in\u00e7 ekran boyutuna kadar uyumlu laptop b\u00f6lmesi<br \/>\n10.5 in\u00e7 ekran uyumlu tablet i\u00e7in koruyucu i\u00e7 cep<br \/>\n\u00d6n tarafta fermuarl\u0131 d\u0131\u015f cep ile kolay eri\u015fim alan\u0131<br \/>\nValiz sap\u0131na tak\u0131labilen arka bant sayesinde kolay ta\u015f\u0131ma imkan\u0131<br \/>\nYan cepler sayesinde \u015fi\u015fe \u015femsiye ve benzeri e\u015fyalar\u0131  ta\u015f\u0131ma kolayl\u0131\u011f\u0131<br \/>\nTelefon, kalem, kart ve kablolar i\u00e7in i\u00e7 d\u00fczen paneli<br \/>\n\u00d6l\u00e7\u00fcler: 40 x 25 x 20  cm<br \/>\nHacim:24 lt<br \/>\nA\u011f\u0131rl\u0131k: 0,7 kg<\/p>\n","protected":false},"excerpt":{"rendered":"<table id=\"tablepress-1\" class=\"tablepress tablepress-id-1 dataTable no-footer\" role=\"grid\" aria-describedby=\"tablepress-1_info\">\n<tbody class=\"row-hover\">\n<tr class=\"row-2 even\" role=\"row\">\n<td class=\"column-1\">Marka:<\/td>\n<td class=\"column-2\">SAMSONITE<\/td>\n<\/tr>\n<tr class=\"row-7 odd\" role=\"row\">\n<td class=\"column-1\">\u00dcr\u00fcn Kategorisi:<\/td>\n<td class=\"column-2\">Notebook S\u0131rt \u00c7antalar\u0131<\/td>\n<\/tr>\n<tr class=\"row-3 odd\" role=\"row\">\n<td class=\"column-1\">Net \u00dcr\u00fcn Kodu:<\/td>\n<td class=\"column-2\">3382<\/td>\n<\/tr>\n<tr class=\"row-4 even\" role=\"row\">\n<td class=\"column-1\">\u00dcr\u00fcn Barkod:<\/td>\n<td class=\"column-2\">5400520328441<\/td>\n<\/tr>\n<tr class=\"row-5 odd\" role=\"row\">\n<td class=\"column-1\">Garanti S\u00fcresi:<\/td>\n<td class=\"column-2\">2 Y\u0131l<\/td>\n<\/tr>\n<\/tbody>\n<\/table>\n","protected":false},"featured_media":26663,"template":"","meta":[],"product_brand":[3191],"product_cat":[190,201],"product_tag":[],"class_list":{"0":"post-26662","1":"product","2":"type-product","3":"status-publish","4":"has-post-thumbnail","6":"product_brand-samsonite","7":"product_cat-samsonite","8":"product_cat-notebook-sirt-cantalari","9":"pa_marka-samsonite","10":"pa_model-kr2-09-004","11":"pa_olcu-14-1","12":"pa_seri-guard-it-3-0","13":"pa_tip-seyahat-notebook-sirt-cantasi","15":"first","16":"instock","17":"shipping-taxable","18":"product-type-simple"},"_links":{"self":[{"href":"https:\/\/www.netbilisim-tr.com\/en\/wp-json\/wp\/v2\/product\/26662","targetHints":{"allow":["GET"]}}],"collection":[{"href":"https:\/\/www.netbilisim-tr.com\/en\/wp-json\/wp\/v2\/product"}],"about":[{"href":"https:\/\/www.netbilisim-tr.com\/en\/wp-json\/wp\/v2\/types\/product"}],"wp:featuredmedia":[{"embeddable":true,"href":"https:\/\/www.netbilisim-tr.com\/en\/wp-json\/wp\/v2\/media\/26663"}],"wp:attachment":[{"href":"https:\/\/www.netbilisim-tr.com\/en\/wp-json\/wp\/v2\/media?parent=26662"}],"wp:term":[{"taxonomy":"product_brand","embeddable":true,"href":"https:\/\/www.netbilisim-tr.com\/en\/wp-json\/wp\/v2\/product_brand?post=26662"},{"taxonomy":"product_cat","embeddable":true,"href":"https:\/\/www.netbilisim-tr.com\/en\/wp-json\/wp\/v2\/product_cat?post=26662"},{"taxonomy":"product_tag","embeddable":true,"href":"https:\/\/www.netbilisim-tr.com\/en\/wp-json\/wp\/v2\/product_tag?post=26662"}],"curies":[{"name":"wp","href":"https:\/\/api.w.org\/{rel}","templated":true}]}}