{"id":26683,"date":"2025-04-25T09:21:26","date_gmt":"2025-04-25T06:21:26","guid":{"rendered":"https:\/\/www.netbilisim-tr.com\/urun\/samsonite-kr2-09-008-17-3-guard-it-3-0-notebook-cantasi-siyah\/"},"modified":"2026-03-17T16:42:10","modified_gmt":"2026-03-17T13:42:10","slug":"samsonite-kr2-09-008-17-3-guard-it-3-0-notebook-cantasi-siyah","status":"publish","type":"product","link":"https:\/\/www.netbilisim-tr.com\/en\/urun\/samsonite-kr2-09-008-17-3-guard-it-3-0-notebook-cantasi-siyah\/","title":{"rendered":"SAMSONITE KR2-09-008 17.3 Guard IT 3.0 Notebook \u00c7antas\u0131 Siyah"},"content":{"rendered":"<p>\u00c7evre dostu, geri d\u00f6n\u00fc\u015ft\u00fcr\u00fclm\u00fc\u015f PET polyester kuma\u015f, i\u00e7 astar ve fermuarlar<br \/>\n\u00c7ift \u00fcst ta\u015f\u0131ma sap\u0131 ile kolay ta\u015f\u0131ma<br \/>\nAyarlanabilir ve \u00e7\u0131kar\u0131labilir omuz ask\u0131s\u0131 ile \u00e7ok y\u00f6nl\u00fc kullan\u0131m<br \/>\nG\u00fcvenlik kay\u0131\u015fl\u0131 17.3 laptop b\u00f6lmesi<br \/>\n10.5 tablet i\u00e7in \u00f6zel koruyucu b\u00f6lme<br \/>\nTam astarl\u0131, geni\u015f ana b\u00f6lme  profesyonel kullan\u0131m i\u00e7in ideal<br \/>\n\u00d6n fermuarl\u0131 cep  s\u0131k kullan\u0131lan e\u015fyalara h\u0131zl\u0131 eri\u015fim<br \/>\nArka k\u0131sm\u0131nda valiz sap\u0131na tak\u0131labilen smart sleeve \u00f6zelli\u011fi<br \/>\nKablo ve cep telefonu i\u00e7in \u00f6zel b\u00f6lmeler<br \/>\nKartl\u0131k, kalemlik ve k\u00fc\u00e7\u00fck e\u015fyalar i\u00e7in i\u00e7 d\u00fczen cepleri<br \/>\nG\u00f6ze batmayan \u015f\u0131k renk detaylar\u0131yla profesyonel g\u00f6r\u00fcn\u00fcm<br \/>\n\u00d6l\u00e7\u00fcler: 43 x 32 x 10  cm<br \/>\nHacim:18,5 lt<br \/>\nA\u011f\u0131rl\u0131k: 0,6 kg<\/p>\n","protected":false},"excerpt":{"rendered":"<table id=\"tablepress-1\" class=\"tablepress tablepress-id-1 dataTable no-footer\" role=\"grid\" aria-describedby=\"tablepress-1_info\">\n<tbody class=\"row-hover\">\n<tr class=\"row-2 even\" role=\"row\">\n<td class=\"column-1\">Marka:<\/td>\n<td class=\"column-2\">SAMSONITE<\/td>\n<\/tr>\n<tr class=\"row-7 odd\" role=\"row\">\n<td class=\"column-1\">\u00dcr\u00fcn Kategorisi:<\/td>\n<td class=\"column-2\">Notebook \u00c7antalar\u0131<\/td>\n<\/tr>\n<tr class=\"row-3 odd\" role=\"row\">\n<td class=\"column-1\">Net \u00dcr\u00fcn Kodu:<\/td>\n<td class=\"column-2\">3386<\/td>\n<\/tr>\n<tr class=\"row-4 even\" role=\"row\">\n<td class=\"column-1\">\u00dcr\u00fcn Barkod:<\/td>\n<td class=\"column-2\">5400520328502<\/td>\n<\/tr>\n<tr class=\"row-5 odd\" role=\"row\">\n<td class=\"column-1\">Garanti S\u00fcresi:<\/td>\n<td class=\"column-2\">2 Y\u0131l<\/td>\n<\/tr>\n<\/tbody>\n<\/table>\n","protected":false},"featured_media":26684,"template":"","meta":[],"product_brand":[3191],"product_cat":[190,191],"product_tag":[],"class_list":{"0":"post-26683","1":"product","2":"type-product","3":"status-publish","4":"has-post-thumbnail","6":"product_brand-samsonite","7":"product_cat-samsonite","8":"product_cat-notebook-cantalari","9":"pa_marka-samsonite","10":"pa_model-kr2-09-008","11":"pa_olcu-17-3","12":"pa_seri-guard-it-3-0","13":"pa_tip-notebook-cantasi","15":"first","16":"instock","17":"shipping-taxable","18":"product-type-simple"},"_links":{"self":[{"href":"https:\/\/www.netbilisim-tr.com\/en\/wp-json\/wp\/v2\/product\/26683","targetHints":{"allow":["GET"]}}],"collection":[{"href":"https:\/\/www.netbilisim-tr.com\/en\/wp-json\/wp\/v2\/product"}],"about":[{"href":"https:\/\/www.netbilisim-tr.com\/en\/wp-json\/wp\/v2\/types\/product"}],"wp:featuredmedia":[{"embeddable":true,"href":"https:\/\/www.netbilisim-tr.com\/en\/wp-json\/wp\/v2\/media\/26684"}],"wp:attachment":[{"href":"https:\/\/www.netbilisim-tr.com\/en\/wp-json\/wp\/v2\/media?parent=26683"}],"wp:term":[{"taxonomy":"product_brand","embeddable":true,"href":"https:\/\/www.netbilisim-tr.com\/en\/wp-json\/wp\/v2\/product_brand?post=26683"},{"taxonomy":"product_cat","embeddable":true,"href":"https:\/\/www.netbilisim-tr.com\/en\/wp-json\/wp\/v2\/product_cat?post=26683"},{"taxonomy":"product_tag","embeddable":true,"href":"https:\/\/www.netbilisim-tr.com\/en\/wp-json\/wp\/v2\/product_tag?post=26683"}],"curies":[{"name":"wp","href":"https:\/\/api.w.org\/{rel}","templated":true}]}}