{"id":26693,"date":"2025-04-25T09:22:09","date_gmt":"2025-04-25T06:22:09","guid":{"rendered":"https:\/\/www.netbilisim-tr.com\/urun\/samsonite-kr2-09-009-15-6-guard-it-3-0-tekerlekli-sirt-cantasi-siyah\/"},"modified":"2026-03-17T16:42:13","modified_gmt":"2026-03-17T13:42:13","slug":"samsonite-kr2-09-009-15-6-guard-it-3-0-tekerlekli-sirt-cantasi-siyah","status":"publish","type":"product","link":"https:\/\/www.netbilisim-tr.com\/en\/urun\/samsonite-kr2-09-009-15-6-guard-it-3-0-tekerlekli-sirt-cantasi-siyah\/","title":{"rendered":"SAMSONITE KR2-09-009 15.6 Guard IT 3.0 Tekerlekli S\u0131rt \u00c7antas\u0131 Siyah"},"content":{"rendered":"<p>\u00c7evre dostu, geri d\u00f6n\u00fc\u015ft\u00fcr\u00fclm\u00fc\u015f PET polyester kuma\u015f, i\u00e7 astar ve fermuarlar<br \/>\nSu \u015fi\u015fesi, termos gibi e\u015fyalar i\u00e7in kolay eri\u015fimli saklama alan\u0131.<br \/>\nUzun s\u00fcreli ta\u015f\u0131malarda konfor sa\u011flayan s\u0131rt destekli panel<br \/>\nBilgisayar\u0131n\u0131z\u0131 g\u00fcvenli \u015fekilde ta\u015f\u0131man\u0131z\u0131 sa\u011flayan 15.6\u2019\u2019 Laptop B\u00f6lmesi<br \/>\nTabletinizi \u00e7izilmelere kar\u015f\u0131 koruyarak, ayr\u0131 saklama alan\u0131 sunan 10.5\u2019\u2019 Tablet B\u00f6lmesi<br \/>\nG\u00fcnl\u00fck kullan\u0131m i\u00e7in pratik ve h\u0131zl\u0131 eri\u015fim sunan cep telefonu b\u00f6lmesi<br \/>\nEvrak, \u015farj cihaz\u0131, anahtar gibi e\u015fyalar i\u00e7in ideal geni\u015flikte \u00f6n cep<br \/>\n\u015e\u0131kl\u0131k ve korumay\u0131 bir arada sunan astarl\u0131 i\u00e7 tasar\u0131m<br \/>\nS\u0131rt ask\u0131lar\u0131 kullan\u0131l\u0131rken tekerleklerin k\u0131yafetlere temas\u0131n\u0131 \u00f6nleyen tekerlek \u00f6rt\u00fcs\u00fc<br \/>\nModern ve zarif g\u00f6r\u00fcn\u00fcm sunan \u015f\u0131k renkli detaylar<br \/>\nKalem yuvalar\u0131, kartl\u0131k, kablo cepleri ile i\u015flevselli\u011fi art\u0131ran Organizasyon Cepleri<br \/>\n\u00d6l\u00e7\u00fcler: 33,5 x 48 x 20 cm<br \/>\nHacim: 29 Litre<br \/>\nA\u011f\u0131rl\u0131k: 2,2 kg<\/p>\n","protected":false},"excerpt":{"rendered":"<table id=\"tablepress-1\" class=\"tablepress tablepress-id-1 dataTable no-footer\" role=\"grid\" aria-describedby=\"tablepress-1_info\">\n<tbody class=\"row-hover\">\n<tr class=\"row-2 even\" role=\"row\">\n<td class=\"column-1\">Marka:<\/td>\n<td class=\"column-2\">SAMSONITE<\/td>\n<\/tr>\n<tr class=\"row-7 odd\" role=\"row\">\n<td class=\"column-1\">\u00dcr\u00fcn Kategorisi:<\/td>\n<td class=\"column-2\">Seyahat \u00c7antalar\u0131<\/td>\n<\/tr>\n<tr class=\"row-3 odd\" role=\"row\">\n<td class=\"column-1\">Net \u00dcr\u00fcn Kodu:<\/td>\n<td class=\"column-2\">3387<\/td>\n<\/tr>\n<tr class=\"row-4 even\" role=\"row\">\n<td class=\"column-1\">\u00dcr\u00fcn Barkod:<\/td>\n<td class=\"column-2\">5400520328519<\/td>\n<\/tr>\n<tr class=\"row-5 odd\" role=\"row\">\n<td class=\"column-1\">Garanti S\u00fcresi:<\/td>\n<td class=\"column-2\">2 Y\u0131l<\/td>\n<\/tr>\n<\/tbody>\n<\/table>\n","protected":false},"featured_media":26694,"template":"","meta":[],"product_brand":[3191],"product_cat":[190,237],"product_tag":[],"class_list":{"0":"post-26693","1":"product","2":"type-product","3":"status-publish","4":"has-post-thumbnail","6":"product_brand-samsonite","7":"product_cat-samsonite","8":"product_cat-tekerlekli-cantalar","9":"pa_marka-samsonite","10":"pa_model-kr2-09-009","11":"pa_olcu-15-6","12":"pa_seri-guard-it-3-0","13":"pa_tip-tekerlekli-sirt-cantasi","15":"first","16":"instock","17":"shipping-taxable","18":"product-type-simple"},"_links":{"self":[{"href":"https:\/\/www.netbilisim-tr.com\/en\/wp-json\/wp\/v2\/product\/26693","targetHints":{"allow":["GET"]}}],"collection":[{"href":"https:\/\/www.netbilisim-tr.com\/en\/wp-json\/wp\/v2\/product"}],"about":[{"href":"https:\/\/www.netbilisim-tr.com\/en\/wp-json\/wp\/v2\/types\/product"}],"wp:featuredmedia":[{"embeddable":true,"href":"https:\/\/www.netbilisim-tr.com\/en\/wp-json\/wp\/v2\/media\/26694"}],"wp:attachment":[{"href":"https:\/\/www.netbilisim-tr.com\/en\/wp-json\/wp\/v2\/media?parent=26693"}],"wp:term":[{"taxonomy":"product_brand","embeddable":true,"href":"https:\/\/www.netbilisim-tr.com\/en\/wp-json\/wp\/v2\/product_brand?post=26693"},{"taxonomy":"product_cat","embeddable":true,"href":"https:\/\/www.netbilisim-tr.com\/en\/wp-json\/wp\/v2\/product_cat?post=26693"},{"taxonomy":"product_tag","embeddable":true,"href":"https:\/\/www.netbilisim-tr.com\/en\/wp-json\/wp\/v2\/product_tag?post=26693"}],"curies":[{"name":"wp","href":"https:\/\/api.w.org\/{rel}","templated":true}]}}