{"id":26704,"date":"2025-04-25T09:22:53","date_gmt":"2025-04-25T06:22:53","guid":{"rendered":"https:\/\/www.netbilisim-tr.com\/urun\/samsonite-kr2-09-010-17-3-guard-it-3-0-tekerlekli-notebook-cantasi-siyah\/"},"modified":"2026-03-17T16:43:25","modified_gmt":"2026-03-17T13:43:25","slug":"samsonite-kr2-09-010-17-3-guard-it-3-0-tekerlekli-notebook-cantasi-siyah","status":"publish","type":"product","link":"https:\/\/www.netbilisim-tr.com\/en\/urun\/samsonite-kr2-09-010-17-3-guard-it-3-0-tekerlekli-notebook-cantasi-siyah\/","title":{"rendered":"SAMSONITE KR2-09-010 17.3 Guard IT 3.0 Tekerlekli Notebook \u00c7antas\u0131 Siyah"},"content":{"rendered":"<p>\u00c7evre dostu, geri d\u00f6n\u00fc\u015ft\u00fcr\u00fclm\u00fc\u015f PET polyester kuma\u015f, i\u00e7 astar ve fermuarlar<br \/>\n\u0130\u00e7i dolgulu, ideal koruma sa\u011flayan 17.3&#8243; laptop, 10,5&#8243; tablet b\u00f6lmeleri<br \/>\nTek tu\u015fla a\u00e7\u0131labilen, y\u00fcksekli\u011fi ayarlanabilir tekerlekli Teleskopik Ta\u015f\u0131ma Kolu<br \/>\nKonforlu ta\u015f\u0131ma sa\u011flayan sa\u011flam \u00e7ift ta\u015f\u0131ma saplar\u0131<br \/>\nDenge sa\u011flayan taban denge deste\u011fi ve tekerlek korumas\u0131 sayesinde uzun \u00f6m\u00fcrl\u00fc kullan\u0131m<br \/>\nH\u0131zl\u0131 ve pratik eri\u015fim sunan aksesuarlar i\u00e7in  fermuarl\u0131 geni\u015f \u00f6n cep<br \/>\n45 x 33 x 18 cm \u00f6l\u00e7\u00fcleriyle kabin boyutlar\u0131na uyumlu tasar\u0131m<br \/>\n(Seyahatten \u00f6nce havayolunuzun el bagaj\u0131 kurallar\u0131n\u0131 kontrol etmeniz tavsiye edilir)<br \/>\nValiz sap\u0131na ge\u00e7irilebilen bant sayesinde valizle birlikte kolay ta\u015f\u0131ma<br \/>\nArka b\u00f6lmede k\u0131yafet yerle\u015ftirme alan\u0131 ve sabitleme kay\u0131\u015flar\u0131<br \/>\nKalem yuvalar\u0131, i\u00e7 cepler gibi \u00e7ok y\u00f6nl\u00fc organizasyon alanlar\u0131<br \/>\nRenkli detaylarla zenginle\u015ftirilmi\u015f modern ve profesyonel g\u00f6r\u00fcn\u00fcm<br \/>\n\u00d6l\u00e7\u00fcler:<br \/>\nBoyut: 45 x 33 x 18 cm<br \/>\nHacim: 26,5 litre<br \/>\nA\u011f\u0131rl\u0131k: 2,7 kg<\/p>\n","protected":false},"excerpt":{"rendered":"<table id=\"tablepress-1\" class=\"tablepress tablepress-id-1 dataTable no-footer\" role=\"grid\" aria-describedby=\"tablepress-1_info\">\n<tbody class=\"row-hover\">\n<tr class=\"row-2 even\" role=\"row\">\n<td class=\"column-1\">Marka:<\/td>\n<td class=\"column-2\">SAMSONITE<\/td>\n<\/tr>\n<tr class=\"row-7 odd\" role=\"row\">\n<td class=\"column-1\">\u00dcr\u00fcn Kategorisi:<\/td>\n<td class=\"column-2\">Seyahat \u00c7antalar\u0131<\/td>\n<\/tr>\n<tr class=\"row-3 odd\" role=\"row\">\n<td class=\"column-1\">Net \u00dcr\u00fcn Kodu:<\/td>\n<td class=\"column-2\">3388<\/td>\n<\/tr>\n<tr class=\"row-4 even\" role=\"row\">\n<td class=\"column-1\">\u00dcr\u00fcn Barkod:<\/td>\n<td class=\"column-2\">5400520328526<\/td>\n<\/tr>\n<tr class=\"row-5 odd\" role=\"row\">\n<td class=\"column-1\">Garanti S\u00fcresi:<\/td>\n<td class=\"column-2\">2 Y\u0131l<\/td>\n<\/tr>\n<\/tbody>\n<\/table>\n","protected":false},"featured_media":26705,"template":"","meta":[],"product_brand":[3191],"product_cat":[190,237],"product_tag":[],"class_list":{"0":"post-26704","1":"product","2":"type-product","3":"status-publish","4":"has-post-thumbnail","6":"product_brand-samsonite","7":"product_cat-samsonite","8":"product_cat-tekerlekli-cantalar","9":"pa_marka-samsonite","10":"pa_model-kr2-09-010","11":"pa_olcu-17-3","12":"pa_seri-guard-it-3-0","13":"pa_tip-tekerlekli-notebook-cantasi","15":"first","16":"instock","17":"shipping-taxable","18":"product-type-simple"},"_links":{"self":[{"href":"https:\/\/www.netbilisim-tr.com\/en\/wp-json\/wp\/v2\/product\/26704","targetHints":{"allow":["GET"]}}],"collection":[{"href":"https:\/\/www.netbilisim-tr.com\/en\/wp-json\/wp\/v2\/product"}],"about":[{"href":"https:\/\/www.netbilisim-tr.com\/en\/wp-json\/wp\/v2\/types\/product"}],"wp:featuredmedia":[{"embeddable":true,"href":"https:\/\/www.netbilisim-tr.com\/en\/wp-json\/wp\/v2\/media\/26705"}],"wp:attachment":[{"href":"https:\/\/www.netbilisim-tr.com\/en\/wp-json\/wp\/v2\/media?parent=26704"}],"wp:term":[{"taxonomy":"product_brand","embeddable":true,"href":"https:\/\/www.netbilisim-tr.com\/en\/wp-json\/wp\/v2\/product_brand?post=26704"},{"taxonomy":"product_cat","embeddable":true,"href":"https:\/\/www.netbilisim-tr.com\/en\/wp-json\/wp\/v2\/product_cat?post=26704"},{"taxonomy":"product_tag","embeddable":true,"href":"https:\/\/www.netbilisim-tr.com\/en\/wp-json\/wp\/v2\/product_tag?post=26704"}],"curies":[{"name":"wp","href":"https:\/\/api.w.org\/{rel}","templated":true}]}}