{"id":26749,"date":"2025-04-27T12:37:44","date_gmt":"2025-04-27T09:37:44","guid":{"rendered":"https:\/\/www.netbilisim-tr.com\/urun\/samsonite-kr2-09-006-15-6-guard-it-3-0-ince-notebook-cantasi-siyah\/"},"modified":"2026-03-17T16:42:28","modified_gmt":"2026-03-17T13:42:28","slug":"samsonite-kr2-09-006-15-6-guard-it-3-0-ince-notebook-cantasi-siyah","status":"publish","type":"product","link":"https:\/\/www.netbilisim-tr.com\/en\/urun\/samsonite-kr2-09-006-15-6-guard-it-3-0-ince-notebook-cantasi-siyah\/","title":{"rendered":"SAMSONITE KR2-09-006 15.6 Guard IT 3.0 \u0130nce Notebook \u00c7antas\u0131 Siyah"},"content":{"rendered":"<p>\u00c7evre dostu, geri d\u00f6n\u00fc\u015ft\u00fcr\u00fclm\u00fc\u015f PET polyester kuma\u015f, i\u00e7 astar ve fermuarlar<br \/>\nElde konforlu ta\u015f\u0131ma sa\u011flayan sa\u011flam ve ergonomik ta\u015f\u0131ma saplar\u0131<br \/>\n\u0130ste\u011fe g\u00f6re tak\u0131l\u0131p \u00e7\u0131kar\u0131labilen, uzunlu\u011fu ayarlanabilir omuz ask\u0131s\u0131.<br \/>\nGeni\u015f i\u00e7 hacimli, e\u015fyalar\u0131 g\u00fcvenle saklayan ana b\u00f6lme<br \/>\nBilgisayar\u0131n\u0131z\u0131 \u00e7izilmelere ve darbelere kar\u015f\u0131 koruyan 15.6&#8217;l\u0131k \u00f6zel laptop b\u00f6lmesi.<br \/>\n10.5&#8243;&#8216;Tableti ayr\u0131 ve g\u00fcvenli \u015fekilde ta\u015f\u0131man\u0131z\u0131 sa\u011flayan koruyucu i\u00e7 cep.<br \/>\nModern ve profesyonel g\u00f6r\u00fcn\u00fcm sunan ince ve zarif tasar\u0131m<br \/>\nK\u00fc\u00e7\u00fck e\u015fyalar i\u00e7in pratik kullan\u0131m sa\u011flayan h\u0131zl\u0131 eri\u015fim b\u00f6lmesi.<br \/>\nValiz sap\u0131na ge\u00e7irerek kolay ta\u015f\u0131ma sa\u011flayan arka bant.<br \/>\nTeknik \u00d6zellikler<br \/>\n\u00d6l\u00e7\u00fcler: 40 x 30 x 6 cm<br \/>\nHacim: 11 L<br \/>\nA\u011f\u0131rl\u0131k: 0,4 kg<\/p>\n","protected":false},"excerpt":{"rendered":"<table id=\"tablepress-1\" class=\"tablepress tablepress-id-1 dataTable no-footer\" role=\"grid\" aria-describedby=\"tablepress-1_info\">\n<tbody class=\"row-hover\">\n<tr class=\"row-2 even\" role=\"row\">\n<td class=\"column-1\">Marka:<\/td>\n<td class=\"column-2\">SAMSONITE<\/td>\n<\/tr>\n<tr class=\"row-7 odd\" role=\"row\">\n<td class=\"column-1\">\u00dcr\u00fcn Kategorisi:<\/td>\n<td class=\"column-2\">Notebook \u00c7antalar\u0131<\/td>\n<\/tr>\n<tr class=\"row-3 odd\" role=\"row\">\n<td class=\"column-1\">Net \u00dcr\u00fcn Kodu:<\/td>\n<td class=\"column-2\">3384<\/td>\n<\/tr>\n<tr class=\"row-4 even\" role=\"row\">\n<td class=\"column-1\">\u00dcr\u00fcn Barkod:<\/td>\n<td class=\"column-2\">5400520328489<\/td>\n<\/tr>\n<tr class=\"row-5 odd\" role=\"row\">\n<td class=\"column-1\">Garanti S\u00fcresi:<\/td>\n<td class=\"column-2\">2 Y\u0131l<\/td>\n<\/tr>\n<\/tbody>\n<\/table>\n","protected":false},"featured_media":26750,"template":"","meta":[],"product_brand":[3191],"product_cat":[191,190],"product_tag":[],"class_list":{"0":"post-26749","1":"product","2":"type-product","3":"status-publish","4":"has-post-thumbnail","6":"product_brand-samsonite","7":"product_cat-notebook-cantalari","8":"product_cat-samsonite","9":"pa_marka-samsonite","10":"pa_model-kr2-09-006","11":"pa_olcu-15-6","12":"pa_seri-guard-it-3-0","13":"pa_tip-ince-notebook-cantasi","15":"first","16":"instock","17":"shipping-taxable","18":"product-type-simple"},"_links":{"self":[{"href":"https:\/\/www.netbilisim-tr.com\/en\/wp-json\/wp\/v2\/product\/26749","targetHints":{"allow":["GET"]}}],"collection":[{"href":"https:\/\/www.netbilisim-tr.com\/en\/wp-json\/wp\/v2\/product"}],"about":[{"href":"https:\/\/www.netbilisim-tr.com\/en\/wp-json\/wp\/v2\/types\/product"}],"wp:featuredmedia":[{"embeddable":true,"href":"https:\/\/www.netbilisim-tr.com\/en\/wp-json\/wp\/v2\/media\/26750"}],"wp:attachment":[{"href":"https:\/\/www.netbilisim-tr.com\/en\/wp-json\/wp\/v2\/media?parent=26749"}],"wp:term":[{"taxonomy":"product_brand","embeddable":true,"href":"https:\/\/www.netbilisim-tr.com\/en\/wp-json\/wp\/v2\/product_brand?post=26749"},{"taxonomy":"product_cat","embeddable":true,"href":"https:\/\/www.netbilisim-tr.com\/en\/wp-json\/wp\/v2\/product_cat?post=26749"},{"taxonomy":"product_tag","embeddable":true,"href":"https:\/\/www.netbilisim-tr.com\/en\/wp-json\/wp\/v2\/product_tag?post=26749"}],"curies":[{"name":"wp","href":"https:\/\/api.w.org\/{rel}","templated":true}]}}