{"id":26918,"date":"2025-06-30T16:20:10","date_gmt":"2025-06-30T13:20:10","guid":{"rendered":"https:\/\/www.netbilisim-tr.com\/urun\/samsonite-kf9-09-006-17-3-mysight-rolling-notebook-sirt-cantasi-siyah\/"},"modified":"2026-03-17T16:42:45","modified_gmt":"2026-03-17T13:42:45","slug":"samsonite-kf9-09-006-17-3-mysight-rolling-notebook-sirt-cantasi-siyah","status":"publish","type":"product","link":"https:\/\/www.netbilisim-tr.com\/en\/urun\/samsonite-kf9-09-006-17-3-mysight-rolling-notebook-sirt-cantasi-siyah\/","title":{"rendered":"SAMSONITE KF9-09-006 17.3 Mysight Rolling Notebook S\u0131rt \u00c7antas\u0131 Siyah"},"content":{"rendered":"<p>Geri d\u00f6n\u00fc\u015ft\u00fcr\u00fclm\u00fc\u015f PET kuma\u015f kullan\u0131larak \u00fcretilmi\u015f \u00e7evre dostu d\u0131\u015f y\u00fczey<br \/>\n\u0130ki b\u00fcy\u00fck ve kolay hareket eden tekerlek ile rahat ta\u015f\u0131ma imk\u00e2n\u0131<br \/>\n\u00c7ekilebilir teleskopik sap ile bavul gibi kullan\u0131labilir tasar\u0131m<br \/>\nLaptop b\u00f6lmesi sayesinde elektronik cihazlar i\u00e7in g\u00fcvenli ta\u015f\u0131ma alan\u0131<br \/>\nAyarlanabilir ve dolgulu s\u0131rt \u00e7antas\u0131 ask\u0131lar\u0131 ile konforlu kullan\u0131m<br \/>\nSaklanabilir s\u0131rt ask\u0131lar\u0131 ile kolay tekerlekli mod ge\u00e7i\u015fi<br \/>\n\u00c7ok say\u0131da i\u00e7 ve d\u0131\u015f cep ile d\u00fczenli ve pratik e\u015fya yerle\u015fimi<br \/>\n10.5 in\u00e7&#8217;e kadar tablet uyumlu \u00f6zel korumal\u0131 b\u00f6lme<br \/>\n\u0130\u00e7 sabitleyici kemerler ile e\u015fyalar\u0131n sabit kalmas\u0131n\u0131 sa\u011flayan i\u00e7 tasar\u0131m<br \/>\nK\u0131yafet b\u00f6lmesi sayesinde k\u0131sa seyahatlerde ideal kullan\u0131m<br \/>\n\u00dcst ta\u015f\u0131ma sap\u0131 ile kolay elde ta\u015f\u0131ma se\u00e7ene\u011fi<br \/>\nD\u0131\u015f cep detaylar\u0131 sayesinde s\u0131k kullan\u0131lan e\u015fyalara h\u0131zl\u0131 eri\u015fim<br \/>\nKapanabilir tekerlek k\u0131l\u0131flar\u0131 ile s\u0131rt kullan\u0131m\u0131nda temizli\u011fi koruyan tasar\u0131m<br \/>\nDenge taban\u0131 ile \u00e7antan\u0131n devrilmesini \u00f6nleyen yap\u0131<br \/>\nUSB \u015farj giri\u015fi ile hareket halindeyken cihazlar\u0131 kolayca \u015farj etme imk\u00e2n\u0131<br \/>\n\u00d6l\u00e7\u00fcler: 32,5 x 48 x 18,5 cm<br \/>\nA\u011f\u0131rl\u0131k: 2,4  kg<br \/>\nHacim: 25,5 Litre<br \/>\nRenk: Siyah<\/p>\n","protected":false},"excerpt":{"rendered":"<table id=\"tablepress-1\" class=\"tablepress tablepress-id-1 dataTable no-footer\" role=\"grid\" aria-describedby=\"tablepress-1_info\">\n<tbody class=\"row-hover\">\n<tr class=\"row-2 even\" role=\"row\">\n<td class=\"column-1\">Marka:<\/td>\n<td class=\"column-2\">SAMSONITE<\/td>\n<\/tr>\n<tr class=\"row-7 odd\" role=\"row\">\n<td class=\"column-1\">\u00dcr\u00fcn Kategorisi:<\/td>\n<td class=\"column-2\">Seyahat \u00c7antalar\u0131<\/td>\n<\/tr>\n<tr class=\"row-3 odd\" role=\"row\">\n<td class=\"column-1\">Net \u00dcr\u00fcn Kodu:<\/td>\n<td class=\"column-2\">3395<\/td>\n<\/tr>\n<tr class=\"row-4 even\" role=\"row\">\n<td class=\"column-1\">\u00dcr\u00fcn Barkod:<\/td>\n<td class=\"column-2\">5400520091598<\/td>\n<\/tr>\n<tr class=\"row-5 odd\" role=\"row\">\n<td class=\"column-1\">Garanti S\u00fcresi:<\/td>\n<td class=\"column-2\">2 Y\u0131l<\/td>\n<\/tr>\n<\/tbody>\n<\/table>\n","protected":false},"featured_media":26919,"template":"","meta":[],"product_brand":[3191],"product_cat":[190,237],"product_tag":[],"class_list":{"0":"post-26918","1":"product","2":"type-product","3":"status-publish","4":"has-post-thumbnail","6":"product_brand-samsonite","7":"product_cat-samsonite","8":"product_cat-tekerlekli-cantalar","9":"pa_marka-samsonite","10":"pa_model-kf9-09-006","11":"pa_olcu-17-3","12":"pa_seri-mysight","13":"pa_tip-rolling-notebook-sirt-cantasi","15":"first","16":"instock","17":"shipping-taxable","18":"product-type-simple"},"_links":{"self":[{"href":"https:\/\/www.netbilisim-tr.com\/en\/wp-json\/wp\/v2\/product\/26918","targetHints":{"allow":["GET"]}}],"collection":[{"href":"https:\/\/www.netbilisim-tr.com\/en\/wp-json\/wp\/v2\/product"}],"about":[{"href":"https:\/\/www.netbilisim-tr.com\/en\/wp-json\/wp\/v2\/types\/product"}],"wp:featuredmedia":[{"embeddable":true,"href":"https:\/\/www.netbilisim-tr.com\/en\/wp-json\/wp\/v2\/media\/26919"}],"wp:attachment":[{"href":"https:\/\/www.netbilisim-tr.com\/en\/wp-json\/wp\/v2\/media?parent=26918"}],"wp:term":[{"taxonomy":"product_brand","embeddable":true,"href":"https:\/\/www.netbilisim-tr.com\/en\/wp-json\/wp\/v2\/product_brand?post=26918"},{"taxonomy":"product_cat","embeddable":true,"href":"https:\/\/www.netbilisim-tr.com\/en\/wp-json\/wp\/v2\/product_cat?post=26918"},{"taxonomy":"product_tag","embeddable":true,"href":"https:\/\/www.netbilisim-tr.com\/en\/wp-json\/wp\/v2\/product_tag?post=26918"}],"curies":[{"name":"wp","href":"https:\/\/api.w.org\/{rel}","templated":true}]}}