{"id":26953,"date":"2025-08-01T01:14:20","date_gmt":"2025-07-31T22:14:20","guid":{"rendered":"https:\/\/www.netbilisim-tr.com\/urun\/ion-mustang-lp-4-in-1-muzik-sistemi-siyah\/"},"modified":"2025-11-26T11:47:19","modified_gmt":"2025-11-26T08:47:19","slug":"ion-mustang-lp-4-in-1-muzik-sistemi-siyah","status":"publish","type":"product","link":"https:\/\/www.netbilisim-tr.com\/en\/urun\/ion-mustang-lp-4-in-1-muzik-sistemi-siyah\/","title":{"rendered":"ION MUSTANG LP 4-in-1 M\u00fczik Sistemi Siyah"},"content":{"rendered":"<p>4-in-1 music center.<br \/>\nFord Mustang Lisanl\u0131 \u00fcr\u00fcn.<br \/>\n\u015e\u0131k 65 model Mustang Kruvaz\u00f6r g\u00f6r\u00fcn\u00fcm\u00fc.<br \/>\n33 1\/3, 45 ve 78 RPM uyumlu plak \u00e7alar.<br \/>\nAM\/FM Radyo.<br \/>\nDahili stereo hoparl\u00f6r.<br \/>\nUSB Ba\u011flant\u0131s\u0131 sayesinde dijital m\u00fczik dosyalar\u0131n\u0131z\u0131 dinleyebilme (MP3, WAV, WMA) uyumlu.<br \/>\nUSB port sayesinde herhangi bir bilgisayar ba\u011flant\u0131s\u0131na gerek duymaks\u0131z\u0131n plaklar\u0131n\u0131z\u0131 dijital formata \u00e7evirebilme.<br \/>\n3.5&#8243; Aux Ba\u011flat\u0131.<br \/>\nRCA giri\u015f sayesinde harici anfi ve ses sistemine ba\u011flant\u0131 imkan\u0131.<br \/>\nBoyut: 34,29 x 37,59 x 10,41 cm<\/p>\n","protected":false},"excerpt":{"rendered":"<table id=\"tablepress-1\" class=\"tablepress tablepress-id-1 dataTable no-footer\" role=\"grid\" aria-describedby=\"tablepress-1_info\">\n<tbody class=\"row-hover\">\n<tr class=\"row-2 even\" role=\"row\">\n<td class=\"column-1\">Marka:<\/td>\n<td class=\"column-2\">ION<\/td>\n<\/tr>\n<tr class=\"row-7 odd\" role=\"row\">\n<td class=\"column-1\">\u00dcr\u00fcn Kategorisi:<\/td>\n<td class=\"column-2\">Plak\u00e7alarlar<\/td>\n<\/tr>\n<tr class=\"row-3 odd\" role=\"row\">\n<td class=\"column-1\">Net \u00dcr\u00fcn Kodu:<\/td>\n<td class=\"column-2\">2222<\/td>\n<\/tr>\n<tr class=\"row-4 even\" role=\"row\">\n<td class=\"column-1\">\u00dcr\u00fcn Barkod:<\/td>\n<td class=\"column-2\">0812715017347<\/td>\n<\/tr>\n<tr class=\"row-5 odd\" role=\"row\">\n<td class=\"column-1\">Garanti S\u00fcresi:<\/td>\n<td class=\"column-2\">2 Y\u0131l<\/td>\n<\/tr>\n<\/tbody>\n<\/table>\n","protected":false},"featured_media":26954,"template":"","meta":[],"product_brand":[3194],"product_cat":[270,271],"product_tag":[],"class_list":{"0":"post-26953","1":"product","2":"type-product","3":"status-publish","4":"has-post-thumbnail","6":"product_brand-ion","7":"product_cat-ion","8":"product_cat-plakcalarlar","9":"pa_marka-ion","10":"pa_model-mustang-lp","12":"first","13":"instock","14":"shipping-taxable","15":"product-type-simple"},"_links":{"self":[{"href":"https:\/\/www.netbilisim-tr.com\/en\/wp-json\/wp\/v2\/product\/26953","targetHints":{"allow":["GET"]}}],"collection":[{"href":"https:\/\/www.netbilisim-tr.com\/en\/wp-json\/wp\/v2\/product"}],"about":[{"href":"https:\/\/www.netbilisim-tr.com\/en\/wp-json\/wp\/v2\/types\/product"}],"wp:featuredmedia":[{"embeddable":true,"href":"https:\/\/www.netbilisim-tr.com\/en\/wp-json\/wp\/v2\/media\/26954"}],"wp:attachment":[{"href":"https:\/\/www.netbilisim-tr.com\/en\/wp-json\/wp\/v2\/media?parent=26953"}],"wp:term":[{"taxonomy":"product_brand","embeddable":true,"href":"https:\/\/www.netbilisim-tr.com\/en\/wp-json\/wp\/v2\/product_brand?post=26953"},{"taxonomy":"product_cat","embeddable":true,"href":"https:\/\/www.netbilisim-tr.com\/en\/wp-json\/wp\/v2\/product_cat?post=26953"},{"taxonomy":"product_tag","embeddable":true,"href":"https:\/\/www.netbilisim-tr.com\/en\/wp-json\/wp\/v2\/product_tag?post=26953"}],"curies":[{"name":"wp","href":"https:\/\/api.w.org\/{rel}","templated":true}]}}