{"id":27016,"date":"2025-08-18T20:15:19","date_gmt":"2025-08-18T17:15:19","guid":{"rendered":"https:\/\/www.netbilisim-tr.com\/urun\/mack-mcc-805-15-6-business-x-notebook-sirt-cantasi-siyah\/"},"modified":"2026-03-17T16:43:35","modified_gmt":"2026-03-17T13:43:35","slug":"mack-mcc-805-15-6-business-x-notebook-sirt-cantasi-siyah","status":"publish","type":"product","link":"https:\/\/www.netbilisim-tr.com\/en\/urun\/mack-mcc-805-15-6-business-x-notebook-sirt-cantasi-siyah\/","title":{"rendered":"MACK MCC-805 15.6 Business X Notebook S\u0131rt \u00c7antas\u0131 Siyah"},"content":{"rendered":"<p>Ergonomik ve \u015f\u0131k tasar\u0131m<br \/>\nY\u0131pranmaya ve suya kar\u015f\u0131 diren\u00e7li kuma\u015f yap\u0131s\u0131<br \/>\nT\u00fcm bile\u015fenleri Avrupa Birli\u011fi normlar\u0131na g\u00f6re yap\u0131lm\u0131\u015ft\u0131r<br \/>\nSabitleme kemeri ile desteklenmi\u015f maksimum koruma sa\u011flayan notebook b\u00f6l\u00fcm\u00fc<br \/>\nElektronik cihazlar\u0131n her an \u015farj edilmesini sa\u011flayan USB Portu.<br \/>\nGeni\u015f i\u00e7 hacim<br \/>\n\u00d6nde fermuarl\u0131 cep<br \/>\n\u00d6n b\u00f6lmede fermuarl\u0131 aksesuar cebi<br \/>\nYumu\u015fak yap\u0131da ayarlanabilir s\u0131rt ask\u0131lar\u0131<br \/>\nValiz ask\u0131s\u0131na uygun s\u0131rt ask\u0131s\u0131<br \/>\n\u00d6l\u00e7\u00fcler: 43*31*13 cm<br \/>\nA\u011f\u0131rl\u0131k: 0,84 kg<br \/>\nRenk: Siyah<br \/>\nHacim: 17 L<\/p>\n","protected":false},"excerpt":{"rendered":"<table id=\"tablepress-1\" class=\"tablepress tablepress-id-1 dataTable no-footer\" role=\"grid\" aria-describedby=\"tablepress-1_info\">\n<tbody class=\"row-hover\">\n<tr class=\"row-2 even\" role=\"row\">\n<td class=\"column-1\">Marka:<\/td>\n<td class=\"column-2\">MACK<\/td>\n<\/tr>\n<tr class=\"row-7 odd\" role=\"row\">\n<td class=\"column-1\">\u00dcr\u00fcn Kategorisi:<\/td>\n<td class=\"column-2\">Notebook S\u0131rt \u00c7antalar\u0131<\/td>\n<\/tr>\n<tr class=\"row-3 odd\" role=\"row\">\n<td class=\"column-1\">Net \u00dcr\u00fcn Kodu:<\/td>\n<td class=\"column-2\">3052<\/td>\n<\/tr>\n<tr class=\"row-4 even\" role=\"row\">\n<td class=\"column-1\">\u00dcr\u00fcn Barkod:<\/td>\n<td class=\"column-2\">8682998400608<\/td>\n<\/tr>\n<tr class=\"row-5 odd\" role=\"row\">\n<td class=\"column-1\">Garanti S\u00fcresi:<\/td>\n<td class=\"column-2\">2 Y\u0131l<\/td>\n<\/tr>\n<\/tbody>\n<\/table>\n","protected":false},"featured_media":27017,"template":"","meta":[],"product_brand":[3190],"product_cat":[280,762],"product_tag":[],"class_list":{"0":"post-27016","1":"product","2":"type-product","3":"status-publish","4":"has-post-thumbnail","6":"product_brand-mack","7":"product_cat-mack","8":"product_cat-notebook-sirt-cantalari-mack","9":"pa_marka-mack","10":"pa_model-mcc-805","11":"pa_olcu-15-6","12":"pa_seri-business-x","13":"pa_tip-notebook-sirt-cantasi","15":"first","16":"instock","17":"shipping-taxable","18":"product-type-simple"},"_links":{"self":[{"href":"https:\/\/www.netbilisim-tr.com\/en\/wp-json\/wp\/v2\/product\/27016","targetHints":{"allow":["GET"]}}],"collection":[{"href":"https:\/\/www.netbilisim-tr.com\/en\/wp-json\/wp\/v2\/product"}],"about":[{"href":"https:\/\/www.netbilisim-tr.com\/en\/wp-json\/wp\/v2\/types\/product"}],"wp:featuredmedia":[{"embeddable":true,"href":"https:\/\/www.netbilisim-tr.com\/en\/wp-json\/wp\/v2\/media\/27017"}],"wp:attachment":[{"href":"https:\/\/www.netbilisim-tr.com\/en\/wp-json\/wp\/v2\/media?parent=27016"}],"wp:term":[{"taxonomy":"product_brand","embeddable":true,"href":"https:\/\/www.netbilisim-tr.com\/en\/wp-json\/wp\/v2\/product_brand?post=27016"},{"taxonomy":"product_cat","embeddable":true,"href":"https:\/\/www.netbilisim-tr.com\/en\/wp-json\/wp\/v2\/product_cat?post=27016"},{"taxonomy":"product_tag","embeddable":true,"href":"https:\/\/www.netbilisim-tr.com\/en\/wp-json\/wp\/v2\/product_tag?post=27016"}],"curies":[{"name":"wp","href":"https:\/\/api.w.org\/{rel}","templated":true}]}}