{"id":27082,"date":"2025-09-03T23:08:01","date_gmt":"2025-09-03T20:08:01","guid":{"rendered":"https:\/\/www.netbilisim-tr.com\/urun\/samsonite-nu4-09-005-15-6-chiron-notebook-sirt-cantasi-siyah\/"},"modified":"2026-03-17T16:41:38","modified_gmt":"2026-03-17T13:41:38","slug":"samsonite-nu4-09-005-15-6-chiron-notebook-sirt-cantasi-siyah","status":"publish","type":"product","link":"https:\/\/www.netbilisim-tr.com\/en\/urun\/samsonite-nu4-09-005-15-6-chiron-notebook-sirt-cantasi-siyah\/","title":{"rendered":"SAMSONITE NU4-09-005 15.6 Chiron Notebook S\u0131rt \u00c7antas\u0131 Siyah"},"content":{"rendered":"<p>Geni\u015f i\u00e7 hacim ve tam a\u00e7\u0131labilir fermuarl\u0131 tasar\u0131m\u0131yla kolay kullan\u0131m<br \/>\n15.6&#8243; laptop b\u00f6lmesi ve belgeler i\u00e7in korumal\u0131 geni\u015f ana g\u00f6z<br \/>\n\u00d6nde ve yanlarda bulunan \u00e7ok say\u0131da fermuarl\u0131 cep ile maksimum organizasyon<br \/>\nEasy Pass:Kulakl\u0131k \u00e7\u0131k\u0131\u015f\u0131 ve USB port b\u00f6lmesiyle teknolojik aksesuarlarla uyumlu yap\u0131<br \/>\nS\u00fcnger dolgulu s\u0131rt paneli ve ayarlanabilir omuz ask\u0131lar\u0131yla konforlu ta\u015f\u0131ma<br \/>\nValiz sap\u0131na ge\u00e7irilebilir arka bant ile seyahate uygun tasar\u0131m<br \/>\nSuya kar\u015f\u0131 diren\u00e7li d\u0131\u015f kuma\u015f ve g\u00fc\u00e7lendirilmi\u015f alt panel<br \/>\n\u00d6l\u00e7\u00fcler: 46 x 31 x 19 cm<br \/>\nA\u011f\u0131rl\u0131k: 0,9 kg<br \/>\nHacim: 19 litre<br \/>\nRenk: Siyah<\/p>\n","protected":false},"excerpt":{"rendered":"<table id=\"tablepress-1\" class=\"tablepress tablepress-id-1 dataTable no-footer\" role=\"grid\" aria-describedby=\"tablepress-1_info\">\n<tbody class=\"row-hover\">\n<tr class=\"row-2 even\" role=\"row\">\n<td class=\"column-1\">Marka:<\/td>\n<td class=\"column-2\">SAMSONITE<\/td>\n<\/tr>\n<tr class=\"row-7 odd\" role=\"row\">\n<td class=\"column-1\">\u00dcr\u00fcn Kategorisi:<\/td>\n<td class=\"column-2\">Notebook S\u0131rt \u00c7antalar\u0131<\/td>\n<\/tr>\n<tr class=\"row-3 odd\" role=\"row\">\n<td class=\"column-1\">Net \u00dcr\u00fcn Kodu:<\/td>\n<td class=\"column-2\">3416<\/td>\n<\/tr>\n<tr class=\"row-4 even\" role=\"row\">\n<td class=\"column-1\">\u00dcr\u00fcn Barkod:<\/td>\n<td class=\"column-2\">5400520145161<\/td>\n<\/tr>\n<tr class=\"row-5 odd\" role=\"row\">\n<td class=\"column-1\">Garanti S\u00fcresi:<\/td>\n<td class=\"column-2\">2 Y\u0131l<\/td>\n<\/tr>\n<\/tbody>\n<\/table>\n","protected":false},"featured_media":27083,"template":"","meta":[],"product_brand":[3191],"product_cat":[201,190],"product_tag":[],"class_list":{"0":"post-27082","1":"product","2":"type-product","3":"status-publish","4":"has-post-thumbnail","6":"product_brand-samsonite","7":"product_cat-notebook-sirt-cantalari","8":"product_cat-samsonite","9":"pa_marka-samsonite","10":"pa_model-nu4-09-005","11":"pa_olcu-15-6","12":"pa_seri-chiron","13":"pa_tip-notebook-sirt-cantasi","15":"first","16":"instock","17":"shipping-taxable","18":"product-type-simple"},"_links":{"self":[{"href":"https:\/\/www.netbilisim-tr.com\/en\/wp-json\/wp\/v2\/product\/27082","targetHints":{"allow":["GET"]}}],"collection":[{"href":"https:\/\/www.netbilisim-tr.com\/en\/wp-json\/wp\/v2\/product"}],"about":[{"href":"https:\/\/www.netbilisim-tr.com\/en\/wp-json\/wp\/v2\/types\/product"}],"wp:featuredmedia":[{"embeddable":true,"href":"https:\/\/www.netbilisim-tr.com\/en\/wp-json\/wp\/v2\/media\/27083"}],"wp:attachment":[{"href":"https:\/\/www.netbilisim-tr.com\/en\/wp-json\/wp\/v2\/media?parent=27082"}],"wp:term":[{"taxonomy":"product_brand","embeddable":true,"href":"https:\/\/www.netbilisim-tr.com\/en\/wp-json\/wp\/v2\/product_brand?post=27082"},{"taxonomy":"product_cat","embeddable":true,"href":"https:\/\/www.netbilisim-tr.com\/en\/wp-json\/wp\/v2\/product_cat?post=27082"},{"taxonomy":"product_tag","embeddable":true,"href":"https:\/\/www.netbilisim-tr.com\/en\/wp-json\/wp\/v2\/product_tag?post=27082"}],"curies":[{"name":"wp","href":"https:\/\/api.w.org\/{rel}","templated":true}]}}